{"id":7803,"date":"2020-07-15T10:23:02","date_gmt":"2020-07-15T08:23:02","guid":{"rendered":"https:\/\/verket.se\/?page_id=7803"},"modified":"2020-07-15T10:23:36","modified_gmt":"2020-07-15T08:23:36","slug":"dataskyddspolicy","status":"publish","type":"page","link":"https:\/\/verket.se\/svenska\/dataskyddspolicy\/","title":{"rendered":"dataskyddspolicy"},"content":{"rendered":"\t\t<div data-elementor-type=\"wp-page\" data-elementor-id=\"7803\" class=\"elementor elementor-7803\" data-elementor-post-type=\"page\">\n\t\t\t\t\t\t<section class=\"elementor-section elementor-top-section elementor-element elementor-element-2bf7033 elementor-section-boxed elementor-section-height-default elementor-section-height-default\" data-id=\"2bf7033\" data-element_type=\"section\" data-e-type=\"section\">\n\t\t\t\t\t\t<div class=\"elementor-container elementor-column-gap-default\">\n\t\t\t\t\t<div class=\"elementor-column elementor-col-100 elementor-top-column elementor-element elementor-element-7a9f3d7\" data-id=\"7a9f3d7\" data-element_type=\"column\" data-e-type=\"column\">\n\t\t\t<div class=\"elementor-widget-wrap elementor-element-populated\">\n\t\t\t\t\t\t<div class=\"elementor-element elementor-element-41aed82 elementor-widget elementor-widget-text-editor\" data-id=\"41aed82\" data-element_type=\"widget\" data-e-type=\"widget\" data-widget_type=\"text-editor.default\">\n\t\t\t\t<div class=\"elementor-widget-container\">\n\t\t\t\t\t\t\t\t\t<p><strong><b>DATASKYDDSPOLICY<\/b><\/strong><strong><b><br \/><\/b><\/strong><em><i>Version: 2019-06-03<\/i><\/em><\/p><p>Vi v\u00e4rnar om skyddet av den enskildas r\u00e4ttigheter och personuppgifter. I Dataskyddspolicyn beskrivs hur vi samlar in, anv\u00e4nder och lagrar personuppgifter.<\/p><p>Genom att anv\u00e4nda v\u00e5ra digitala tj\u00e4nster och k\u00f6pa v\u00e5ra tj\u00e4nster, accepterar du v\u00e5r Dataskyddspolicy och v\u00e5r behandling av dina personuppgifter. Du godk\u00e4nner ocks\u00e5 att vi anv\u00e4nder olika metoder f\u00f6r kommunikation som t.ex. e-post, SMS, telefon eller datasystem f\u00f6r att skicka information till dig.\u00a0 Det \u00e4r viktigt att du l\u00e4ser och f\u00f6rst\u00e5r v\u00e5r Dataskyddspolicy innan du anv\u00e4nder v\u00e5ra tj\u00e4nster.<\/p><p>F\u00f6r att du skall kunna anv\u00e4nda v\u00e5ra tj\u00e4nster beh\u00f6ver vi lagra och behandla dina personuppgifter enligt nedan. Vi tar alltid st\u00f6rsta m\u00f6jliga h\u00e4nsyn till din integritet.<\/p><p><strong><b>\u00a0<\/b><\/strong><\/p><p><strong><b>Vilken information samlas in?<\/b><\/strong><\/p><p>Personuppgifter samlas i de flesta fall in fr\u00e5n v\u00e5ra kunder vid best\u00e4llning av en eller flera av v\u00e5ra tj\u00e4nster, eller genereras i samband med att du anv\u00e4nder v\u00e5ra tj\u00e4nster (t.ex. IP-adresser eller loggning av anv\u00e4ndare). De personuppgifter som vi samlar in kan delas in i f\u00f6ljande kategorier:<\/p><p><em><i>Identifiering<\/i><\/em>: Vanligtvis utg\u00f6rs detta av namn och e-postadress.<\/p><p><em><i>Kontakt<\/i><\/em>: Information som t.ex. e-post, kontaktuppgifter och telefonnummer. Detta \u00e4r viktigt f\u00f6r att kunna exempelvis erbjuda support, skicka fakturor eller kontakta dig med viktig information.<\/p><p><em><i>Historik<\/i><\/em>: Exempelvis inloggningshistorik, support\u00e4renden etc.<\/p><p><strong><b>R\u00e4ttslig grund till att behandla personuppgifter?<\/b><\/strong><\/p><p>Samtliga behandlingar utf\u00f6rs med st\u00f6d av avtal. F\u00f6r att vi ska kunna utf\u00f6ra v\u00e5ra \u00e5taganden gentemot dig som kund och f\u00f6lja till\u00e4mplig lagstiftning regleras detta i ditt godk\u00e4nnande av din best\u00e4llning.<\/p><p><strong><b>Vad g\u00f6r vi med information?<\/b><\/strong><\/p><p>All data anv\u00e4nds f\u00f6r att leverera, administrera och f\u00f6rb\u00e4ttra v\u00e5ra tj\u00e4nster. Informationen kr\u00e4vs f\u00f6r att vi ska kunna leverera v\u00e5ra tj\u00e4nster (exempelvis f\u00f6r fakturering och support). Vi anv\u00e4nder ocks\u00e5 detta f\u00f6r att kunna kommunicera med dig om viktig information.<\/p><p><strong><b>Vem kan vi komma att l\u00e4mna ut dina personuppgifter till?<\/b><\/strong><\/p><p>F\u00f6r att skydda och v\u00e4rna om v\u00e5ra kunders integritet l\u00e4mnas personuppgifter inte ut till extern part som ej angivits (se nedan) utan att du som kund har medgivit till detta.<\/p><p>Undantag till detta g\u00f6rs om en kund har brutit mot v\u00e5ra avtalsvillkor, om det f\u00f6religger r\u00e4ttsliga \u00e5tg\u00e4rder eller om myndighet beg\u00e4r detta med st\u00f6d i svensk lagstiftning.<\/p><p>Vi har ett bitr\u00e4desregister \u00f6ver underleverant\u00f6rer som utf\u00f6r behandlingar som r\u00f6r personuppgifter. Med dessa underleverant\u00f6rer har vi tecknat bitr\u00e4desavtal, dessa avtal innefattar best\u00e4mmelser om behandling av personuppgifter f\u00f6r v\u00e5r r\u00e4kning.<\/p><p>L\u00e4ngst ner i detta dokument finns en f\u00f6rteckning \u00f6ver samtliga bitr\u00e4den till oss som i vissa fall behandlar v\u00e5ra kunders personuppgifter d\u00e4r vi \u00e4r personuppgiftsansvarig.<\/p><p><strong><b>Var behandlar vi dina personuppgifter?<\/b><\/strong><\/p><p>Vi utf\u00f6ra alltid behandlingen inom EU\/EES. I vissa situationer (t.ex. e-post via Microsoft Office 365) kan dock informationen komma att \u00f6verf\u00f6ras till, och behandlas i, land utanf\u00f6r EU\/EES av n\u00e5gon av v\u00e5ra underleverant\u00f6rer. D\u00e5 vi alltid str\u00e4var efter att alltid skydda din information, kommer vi att vidta alla legala, tekniska och organisatoriska \u00e5tg\u00e4rder f\u00f6r att s\u00e4kerst\u00e4lla att din information hanteras s\u00e4kert och med en skyddsniv\u00e5 j\u00e4mf\u00f6rbar med och i samma niv\u00e5 som det skydd som erbjuds inom EU\/EES.<\/p><p><strong><b>Hur skyddar vi dina personuppgifter?<\/b><\/strong><\/p><p>Vi har ett omfattande system med flera s\u00e4kerhetsniv\u00e5er genom b\u00e5de logisk n\u00e4tbegr\u00e4nsning, access-niv\u00e5er, larm och intr\u00e5ngsskydd av olika slag.<\/p><p><strong><b>Vilken r\u00e4tt har du till dina uppgifter?<\/b><\/strong><\/p><p>Som registrerad person och kund hos oss har du speciella r\u00e4ttigheter r\u00f6rande de personuppgifter vi har om dig. Dessa \u00e4r:<\/p><p><em><i>Information<\/i><\/em>: Som kund kan man n\u00e4r som helst kontakta oss f\u00f6r att f\u00e5 ut vilken information vi har samlad. Vi str\u00e4var efter att genomf\u00f6ra detta utan f\u00f6rdr\u00f6jning.<\/p><p><em><i>R\u00e4ttelse<\/i><\/em>: F\u00f6r\u00e4ndring av registrerade uppgifter sker genom kontakt med v\u00e5r administration.<\/p><p><em><i>Begr\u00e4nsning<\/i><\/em>: Om du har inv\u00e4ndningar mot riktigheten i de uppgifter som vi har registrerade kan du beg\u00e4ra att vi begr\u00e4nsar behandlingen av dessa uppgifter till endast lagring. Vi kan d\u00e5 stoppa all annan behandling (vilket ocks\u00e5 inneb\u00e4r att vi m\u00e5ste stoppa leveransen av v\u00e5ra produkter) till dess att en korrigering har utf\u00f6rts eller tills det g\u00e5r att fastsl\u00e5 vad som \u00e4r korrekt och inte.<\/p><p><em><i>Dataportabilitet<\/i><\/em>: F\u00f6r personuppgifter som har behandlats och insamlats automatiserat (med st\u00f6d av samtycke\/avtal) har du av oss r\u00e4tt att f\u00e5 ut dessa i ett maskinl\u00e4sbart format.<\/p><p><em><i>Radering<\/i><\/em>: Under vissa omst\u00e4ndigheter har du r\u00e4tt att beg\u00e4ra radering av dina personuppgifter. Dessa kan vara t.ex.<\/p><ul><li>Om det saknas r\u00e4ttslig grund f\u00f6r behandlingen, eller behandlingen \u00e4r olaglig<\/li><li>Det saknas ett ber\u00e4ttigat sk\u00e4l f\u00f6r fortsatt behandling<\/li><li>Du inv\u00e4nder mot behandling f\u00f6r direkt marknadsf\u00f6ring<\/li><\/ul><p>En f\u00f6ruts\u00e4ttning f\u00f6r att vi skall kunna utf\u00f6ra ovan \u00e4r att vi erh\u00e5ller fullgoda underlag f\u00f6r identifikation fr\u00e5n dig som registrerad. Din beg\u00e4ran om att ut\u00f6va dina r\u00e4ttigheter ovan bed\u00f6ms fr\u00e5n fall till fall utifr\u00e5n r\u00e5dande omst\u00e4ndigheter. Vi kan ocks\u00e5 vara tvungna att beh\u00e5lla dina uppgifter om det beh\u00f6vs f\u00f6r att uppfylla r\u00e4ttsliga f\u00f6rpliktelser, h\u00e4vda ett r\u00e4ttsligt anspr\u00e5k eller genomdriva v\u00e5ra aktiva avtal.<\/p><p><strong><b>Automatiserat beslutsfattande <\/b><\/strong><\/p><p>Vi kan i vissa fall anv\u00e4nda oss av automatiserat beslutsfattande om du har l\u00e4mnat ditt uttryckliga samtycke eller om det \u00e4r n\u00f6dv\u00e4ndigt f\u00f6r att fullg\u00f6ra ett avtal.<\/p><p><strong><b>Cookies (kakor) p\u00e5 v\u00e5ra webbplatser<\/b><\/strong><\/p><p>Vi anv\u00e4nder cookies, en textfil som sparas p\u00e5 bes\u00f6karens dator, f\u00f6r att identifiera och optimera v\u00e5ra webbapplikationer f\u00f6r bes\u00f6kare och kunder. Om du inte vill att vi ska g\u00f6ra detta s\u00e5 kan du st\u00e4nga av cookies i din webbl\u00e4sare. Notera dock att funktionaliteten p\u00e5 v\u00e5r webbplats d\u00e5 kan begr\u00e4nsas.<\/p><p><strong><b>Hur l\u00e4nge beh\u00e5ller vi dina personuppgifter?<\/b><\/strong><\/p><p>Vi sparar uppgifter s\u00e5 l\u00e4nge som det \u00e4r n\u00f6dv\u00e4ndigt f\u00f6r att utf\u00f6ra v\u00e5ra \u00e5taganden som leverant\u00f6r, och s\u00e5 l\u00e4nge det kr\u00e4vs enligt lagstadgade lagringstider. N\u00e4r vi sparar data f\u00f6r andra syften \u00e4n f\u00f6r v\u00e5ra \u00e5taganden som f\u00f6retag, t.ex. f\u00f6r att uppfylla krav p\u00e5 bokf\u00f6ring och ekonomiska underlag, sparar vi endast informationen s\u00e5 l\u00e4nge som det beh\u00f6vs f\u00f6r respektive syfte.<\/p><p><strong><b>F\u00f6r\u00e4ndringar i denna dataskyddspolicy<\/b><\/strong><\/p><p>Inneh\u00e5llet i denna dataskyddspolicy kan komma att f\u00f6r\u00e4ndras med tiden. Vi kommer alltid h\u00e5lla v\u00e5ra kunders integritet h\u00f6gt, och f\u00f6ljer alla dataskyddslagar inom EU och Sverige. Om vi genomf\u00f6r st\u00f6rre f\u00f6r\u00e4ndringar kommer dessa kommuniceras via e-post. Vill du h\u00e5lla dig uppdaterad l\u00f6pande rekom-menderar vi att l\u00e4sa denna policy med j\u00e4mna mellanrum.<\/p><p><strong><b>Kontakta oss och dataskyddsmyndigheten<\/b><\/strong><\/p><p>Har du fr\u00e5gor eller synpunkter som r\u00f6r v\u00e5r dataskyddspolicy kan du v\u00e4nda dig till oss via e-post eller telefon. Kontaktinformation finns p\u00e5 v\u00e5r webbsida.<\/p><p>Du kan ocks\u00e5 l\u00e4mna ett klagom\u00e5l eller kontakta datainspektionen som fungerar som v\u00e5r tillsynsmyndighet. Kontaktuppgifter hittar du p\u00e5 https:\/\/www.datainspektionen.se<\/p><p><strong><b>\u00a0<\/b><\/strong><\/p><p><strong><b>Registerf\u00f6rteckning \u00f6ver v\u00e5ra personuppgiftsbitr\u00e4den<\/b><\/strong><\/p><p>I egenskap av personuppgiftsansvarig f\u00f6r dina personuppgifter som kund kan f\u00f6ljande leverant\u00f6rer anv\u00e4ndas som d\u00e4rigenom har tillg\u00e5ng till kunders personuppgifter.<\/p><table width=\"614\"><tbody><tr><td width=\"142\"><p><strong><b>Leverant\u00f6r<\/b><\/strong><\/p><\/td><td width=\"132\"><p><strong><b>Orsak<\/b><\/strong><\/p><\/td><td width=\"123\"><p><strong><b>Uppgifter<\/b><\/strong><\/p><\/td><td width=\"57\"><p><strong><b>Land<\/b><\/strong><\/p><\/td><td width=\"161\"><p><strong><b>Laglig grund<\/b><\/strong><\/p><\/td><\/tr><tr><td width=\"142\"><p>Web IT Solutions AB<\/p><\/td><td width=\"132\"><p>Webbhotell<\/p><p>Serverdrift<\/p><\/td><td width=\"123\"><p>Bokningssystem<\/p><p>Webbplats<\/p><\/td><td width=\"57\"><p>SE<\/p><\/td><td width=\"161\"><p>Avtal<\/p><\/td><\/tr><\/tbody><\/table><p>Vi kommer inte att l\u00e4mna ut eller s\u00e4lja dina personuppgifter till annan tredje part om vi inte har ditt skriftliga tillst\u00e5nd att g\u00f6ra det.<\/p>\t\t\t\t\t\t\t\t<\/div>\n\t\t\t\t<\/div>\n\t\t\t\t\t<\/div>\n\t\t<\/div>\n\t\t\t\t\t<\/div>\n\t\t<\/section>\n\t\t\t\t<\/div>\n\t\t","protected":false},"excerpt":{"rendered":"<p>DATASKYDDSPOLICYVersion: 2019-06-03 Vi v\u00e4rnar om skyddet av den enskildas r\u00e4ttigheter och personuppgifter. I Dataskyddspolicyn beskrivs hur vi samlar in, anv\u00e4nder och lagrar personuppgifter. Genom att anv\u00e4nda v\u00e5ra digitala tj\u00e4nster och k\u00f6pa v\u00e5ra tj\u00e4nster, accepterar du v\u00e5r Dataskyddspolicy och v\u00e5r behandling av dina personuppgifter. Du godk\u00e4nner ocks\u00e5 att vi anv\u00e4nder olika metoder f\u00f6r kommunikation som t.ex. [&hellip;]<\/p>\n","protected":false},"author":1,"featured_media":0,"parent":0,"menu_order":0,"comment_status":"closed","ping_status":"closed","template":"","meta":{"site-sidebar-layout":"no-sidebar","site-content-layout":"page-builder","ast-site-content-layout":"default","site-content-style":"default","site-sidebar-style":"default","ast-global-header-display":"","ast-banner-title-visibility":"","ast-main-header-display":"","ast-hfb-above-header-display":"","ast-hfb-below-header-display":"","ast-hfb-mobile-header-display":"","site-post-title":"disabled","ast-breadcrumbs-content":"","ast-featured-img":"disabled","footer-sml-layout":"","ast-disable-related-posts":"","theme-transparent-header-meta":"default","adv-header-id-meta":"","stick-header-meta":"","header-above-stick-meta":"","header-main-stick-meta":"","header-below-stick-meta":"","astra-migrate-meta-layouts":"default","ast-page-background-enabled":"default","ast-page-background-meta":{"desktop":{"background-color":"","background-image":"","background-repeat":"repeat","background-position":"center center","background-size":"auto","background-attachment":"scroll","background-type":"","background-media":"","overlay-type":"","overlay-color":"","overlay-opacity":"","overlay-gradient":""},"tablet":{"background-color":"","background-image":"","background-repeat":"repeat","background-position":"center center","background-size":"auto","background-attachment":"scroll","background-type":"","background-media":"","overlay-type":"","overlay-color":"","overlay-opacity":"","overlay-gradient":""},"mobile":{"background-color":"","background-image":"","background-repeat":"repeat","background-position":"center center","background-size":"auto","background-attachment":"scroll","background-type":"","background-media":"","overlay-type":"","overlay-color":"","overlay-opacity":"","overlay-gradient":""}},"ast-content-background-meta":{"desktop":{"background-color":"var(--ast-global-color-5)","background-image":"","background-repeat":"repeat","background-position":"center center","background-size":"auto","background-attachment":"scroll","background-type":"","background-media":"","overlay-type":"","overlay-color":"","overlay-opacity":"","overlay-gradient":""},"tablet":{"background-color":"var(--ast-global-color-5)","background-image":"","background-repeat":"repeat","background-position":"center center","background-size":"auto","background-attachment":"scroll","background-type":"","background-media":"","overlay-type":"","overlay-color":"","overlay-opacity":"","overlay-gradient":""},"mobile":{"background-color":"var(--ast-global-color-5)","background-image":"","background-repeat":"repeat","background-position":"center center","background-size":"auto","background-attachment":"scroll","background-type":"","background-media":"","overlay-type":"","overlay-color":"","overlay-opacity":"","overlay-gradient":""}},"footnotes":""},"class_list":["post-7803","page","type-page","status-publish","hentry"],"yoast_head":"<!-- This site is optimized with the Yoast SEO plugin v27.1 - https:\/\/yoast.com\/product\/yoast-seo-wordpress\/ -->\n<title>dataskyddspolicy | Verket<\/title>\n<meta name=\"robots\" content=\"index, follow, max-snippet:-1, max-image-preview:large, max-video-preview:-1\" \/>\n<link rel=\"canonical\" href=\"https:\/\/verket.se\/svenska\/dataskyddspolicy\/\" \/>\n<meta property=\"og:locale\" content=\"sv_SE\" \/>\n<meta property=\"og:type\" content=\"article\" \/>\n<meta property=\"og:title\" content=\"dataskyddspolicy | Verket\" \/>\n<meta property=\"og:description\" content=\"DATASKYDDSPOLICYVersion: 2019-06-03 Vi v\u00e4rnar om skyddet av den enskildas r\u00e4ttigheter och personuppgifter. I Dataskyddspolicyn beskrivs hur vi samlar in, anv\u00e4nder och lagrar personuppgifter. Genom att anv\u00e4nda v\u00e5ra digitala tj\u00e4nster och k\u00f6pa v\u00e5ra tj\u00e4nster, accepterar du v\u00e5r Dataskyddspolicy och v\u00e5r behandling av dina personuppgifter. Du godk\u00e4nner ocks\u00e5 att vi anv\u00e4nder olika metoder f\u00f6r kommunikation som t.ex. [&hellip;]\" \/>\n<meta property=\"og:url\" content=\"https:\/\/verket.se\/svenska\/dataskyddspolicy\/\" \/>\n<meta property=\"og:site_name\" content=\"Verket\" \/>\n<meta property=\"article:modified_time\" content=\"2020-07-15T08:23:36+00:00\" \/>\n<meta name=\"twitter:card\" content=\"summary_large_image\" \/>\n<meta name=\"twitter:label1\" content=\"Ber\u00e4knad l\u00e4stid\" \/>\n\t<meta name=\"twitter:data1\" content=\"7 minuter\" \/>\n<script type=\"application\/ld+json\" class=\"yoast-schema-graph\">{\"@context\":\"https:\/\/schema.org\",\"@graph\":[{\"@type\":\"WebPage\",\"@id\":\"https:\/\/verket.se\/en\/dataskyddspolicy\/\",\"url\":\"https:\/\/verket.se\/en\/dataskyddspolicy\/\",\"name\":\"dataskyddspolicy | Verket\",\"isPartOf\":{\"@id\":\"https:\/\/verket.se\/en\/#website\"},\"datePublished\":\"2020-07-15T08:23:02+00:00\",\"dateModified\":\"2020-07-15T08:23:36+00:00\",\"breadcrumb\":{\"@id\":\"https:\/\/verket.se\/en\/dataskyddspolicy\/#breadcrumb\"},\"inLanguage\":\"sv-SE\",\"potentialAction\":[{\"@type\":\"ReadAction\",\"target\":[\"https:\/\/verket.se\/en\/dataskyddspolicy\/\"]}]},{\"@type\":\"BreadcrumbList\",\"@id\":\"https:\/\/verket.se\/en\/dataskyddspolicy\/#breadcrumb\",\"itemListElement\":[{\"@type\":\"ListItem\",\"position\":1,\"name\":\"Hem\",\"item\":\"https:\/\/verket.se\/\"},{\"@type\":\"ListItem\",\"position\":2,\"name\":\"dataskyddspolicy\"}]},{\"@type\":\"WebSite\",\"@id\":\"https:\/\/verket.se\/en\/#website\",\"url\":\"https:\/\/verket.se\/en\/\",\"name\":\"Verket\",\"description\":\"En del av Sveriges historia\",\"publisher\":{\"@id\":\"https:\/\/verket.se\/en\/#organization\"},\"potentialAction\":[{\"@type\":\"SearchAction\",\"target\":{\"@type\":\"EntryPoint\",\"urlTemplate\":\"https:\/\/verket.se\/en\/?s={search_term_string}\"},\"query-input\":{\"@type\":\"PropertyValueSpecification\",\"valueRequired\":true,\"valueName\":\"search_term_string\"}}],\"inLanguage\":\"sv-SE\"},{\"@type\":\"Organization\",\"@id\":\"https:\/\/verket.se\/en\/#organization\",\"name\":\"Verket\",\"url\":\"https:\/\/verket.se\/en\/\",\"logo\":{\"@type\":\"ImageObject\",\"inLanguage\":\"sv-SE\",\"@id\":\"https:\/\/verket.se\/en\/#\/schema\/logo\/image\/\",\"url\":\"https:\/\/www1.verket.se\/wp-content\/uploads\/2016\/08\/verket.png\",\"contentUrl\":\"https:\/\/www1.verket.se\/wp-content\/uploads\/2016\/08\/verket.png\",\"width\":455,\"height\":166,\"caption\":\"Verket\"},\"image\":{\"@id\":\"https:\/\/verket.se\/en\/#\/schema\/logo\/image\/\"}}]}<\/script>\n<!-- \/ Yoast SEO plugin. -->","yoast_head_json":{"title":"dataskyddspolicy | Verket","robots":{"index":"index","follow":"follow","max-snippet":"max-snippet:-1","max-image-preview":"max-image-preview:large","max-video-preview":"max-video-preview:-1"},"canonical":"https:\/\/verket.se\/svenska\/dataskyddspolicy\/","og_locale":"sv_SE","og_type":"article","og_title":"dataskyddspolicy | Verket","og_description":"DATASKYDDSPOLICYVersion: 2019-06-03 Vi v\u00e4rnar om skyddet av den enskildas r\u00e4ttigheter och personuppgifter. I Dataskyddspolicyn beskrivs hur vi samlar in, anv\u00e4nder och lagrar personuppgifter. Genom att anv\u00e4nda v\u00e5ra digitala tj\u00e4nster och k\u00f6pa v\u00e5ra tj\u00e4nster, accepterar du v\u00e5r Dataskyddspolicy och v\u00e5r behandling av dina personuppgifter. Du godk\u00e4nner ocks\u00e5 att vi anv\u00e4nder olika metoder f\u00f6r kommunikation som t.ex. [&hellip;]","og_url":"https:\/\/verket.se\/svenska\/dataskyddspolicy\/","og_site_name":"Verket","article_modified_time":"2020-07-15T08:23:36+00:00","twitter_card":"summary_large_image","twitter_misc":{"Ber\u00e4knad l\u00e4stid":"7 minuter"},"schema":{"@context":"https:\/\/schema.org","@graph":[{"@type":"WebPage","@id":"https:\/\/verket.se\/en\/dataskyddspolicy\/","url":"https:\/\/verket.se\/en\/dataskyddspolicy\/","name":"dataskyddspolicy | Verket","isPartOf":{"@id":"https:\/\/verket.se\/en\/#website"},"datePublished":"2020-07-15T08:23:02+00:00","dateModified":"2020-07-15T08:23:36+00:00","breadcrumb":{"@id":"https:\/\/verket.se\/en\/dataskyddspolicy\/#breadcrumb"},"inLanguage":"sv-SE","potentialAction":[{"@type":"ReadAction","target":["https:\/\/verket.se\/en\/dataskyddspolicy\/"]}]},{"@type":"BreadcrumbList","@id":"https:\/\/verket.se\/en\/dataskyddspolicy\/#breadcrumb","itemListElement":[{"@type":"ListItem","position":1,"name":"Hem","item":"https:\/\/verket.se\/"},{"@type":"ListItem","position":2,"name":"dataskyddspolicy"}]},{"@type":"WebSite","@id":"https:\/\/verket.se\/en\/#website","url":"https:\/\/verket.se\/en\/","name":"Verket","description":"En del av Sveriges historia","publisher":{"@id":"https:\/\/verket.se\/en\/#organization"},"potentialAction":[{"@type":"SearchAction","target":{"@type":"EntryPoint","urlTemplate":"https:\/\/verket.se\/en\/?s={search_term_string}"},"query-input":{"@type":"PropertyValueSpecification","valueRequired":true,"valueName":"search_term_string"}}],"inLanguage":"sv-SE"},{"@type":"Organization","@id":"https:\/\/verket.se\/en\/#organization","name":"Verket","url":"https:\/\/verket.se\/en\/","logo":{"@type":"ImageObject","inLanguage":"sv-SE","@id":"https:\/\/verket.se\/en\/#\/schema\/logo\/image\/","url":"https:\/\/www1.verket.se\/wp-content\/uploads\/2016\/08\/verket.png","contentUrl":"https:\/\/www1.verket.se\/wp-content\/uploads\/2016\/08\/verket.png","width":455,"height":166,"caption":"Verket"},"image":{"@id":"https:\/\/verket.se\/en\/#\/schema\/logo\/image\/"}}]}},"_links":{"self":[{"href":"https:\/\/verket.se\/svenska\/wp-json\/wp\/v2\/pages\/7803","targetHints":{"allow":["GET"]}}],"collection":[{"href":"https:\/\/verket.se\/svenska\/wp-json\/wp\/v2\/pages"}],"about":[{"href":"https:\/\/verket.se\/svenska\/wp-json\/wp\/v2\/types\/page"}],"author":[{"embeddable":true,"href":"https:\/\/verket.se\/svenska\/wp-json\/wp\/v2\/users\/1"}],"replies":[{"embeddable":true,"href":"https:\/\/verket.se\/svenska\/wp-json\/wp\/v2\/comments?post=7803"}],"version-history":[{"count":2,"href":"https:\/\/verket.se\/svenska\/wp-json\/wp\/v2\/pages\/7803\/revisions"}],"predecessor-version":[{"id":7805,"href":"https:\/\/verket.se\/svenska\/wp-json\/wp\/v2\/pages\/7803\/revisions\/7805"}],"wp:attachment":[{"href":"https:\/\/verket.se\/svenska\/wp-json\/wp\/v2\/media?parent=7803"}],"curies":[{"name":"wp","href":"https:\/\/api.w.org\/{rel}","templated":true}]}}