{"id":5819,"date":"2019-02-15T10:03:48","date_gmt":"2019-02-15T09:03:48","guid":{"rendered":"http:\/\/verket.utvsajt.se\/?page_id=5819"},"modified":"2024-05-30T13:43:47","modified_gmt":"2024-05-30T11:43:47","slug":"hitta-till-verket","status":"publish","type":"page","link":"https:\/\/verket.se\/svenska\/hitta-till-verket\/","title":{"rendered":"Hitta till verket"},"content":{"rendered":"\t\t<div data-elementor-type=\"wp-post\" data-elementor-id=\"5819\" class=\"elementor elementor-5819\" data-elementor-post-type=\"page\">\n\t\t\t\t\t\t<section class=\"elementor-section elementor-top-section elementor-element elementor-element-4fa8e147 elementor-section-boxed elementor-section-height-default elementor-section-height-default\" data-id=\"4fa8e147\" data-element_type=\"section\" data-e-type=\"section\">\n\t\t\t\t\t\t<div class=\"elementor-container elementor-column-gap-default\">\n\t\t\t\t\t<div class=\"elementor-column elementor-col-100 elementor-top-column elementor-element elementor-element-4a4f80ac\" data-id=\"4a4f80ac\" data-element_type=\"column\" data-e-type=\"column\" data-settings=\"{&quot;background_background&quot;:&quot;classic&quot;}\">\n\t\t\t<div class=\"elementor-widget-wrap elementor-element-populated\">\n\t\t\t\t\t\t<div class=\"elementor-element elementor-element-37f334bb elementor-widget elementor-widget-heading\" data-id=\"37f334bb\" data-element_type=\"widget\" data-e-type=\"widget\" data-widget_type=\"heading.default\">\n\t\t\t\t<div class=\"elementor-widget-container\">\n\t\t\t\t\t<h2 class=\"elementor-heading-title elementor-size-default\">Hitta till Verket<\/h2>\t\t\t\t<\/div>\n\t\t\t\t<\/div>\n\t\t\t\t\t<\/div>\n\t\t<\/div>\n\t\t\t\t\t<\/div>\n\t\t<\/section>\n\t\t\t\t<section class=\"elementor-section elementor-top-section elementor-element elementor-element-34d4cb91 elementor-section-boxed elementor-section-height-default elementor-section-height-default\" data-id=\"34d4cb91\" data-element_type=\"section\" data-e-type=\"section\">\n\t\t\t\t\t\t<div class=\"elementor-container elementor-column-gap-default\">\n\t\t\t\t\t<div class=\"elementor-column elementor-col-50 elementor-top-column elementor-element elementor-element-71c8e8c5\" data-id=\"71c8e8c5\" data-element_type=\"column\" data-e-type=\"column\" data-settings=\"{&quot;background_background&quot;:&quot;classic&quot;}\">\n\t\t\t<div class=\"elementor-widget-wrap elementor-element-populated\">\n\t\t\t\t\t\t<div class=\"elementor-element elementor-element-8b94ac5 elementor-widget elementor-widget-text-editor\" data-id=\"8b94ac5\" data-element_type=\"widget\" data-e-type=\"widget\" data-widget_type=\"text-editor.default\">\n\t\t\t\t<div class=\"elementor-widget-container\">\n\t\t\t\t\t\t\t\t\t<p><strong>Var ligger Verket?<\/strong><br \/>Verket ligger centralt bel\u00e4get i Avesta, i det gamla bevarade industriomr\u00e5det Koppardalen. Tar du dig hit f\u00f6r egen maskin, ligger Verket endast ett par minuter fr\u00e5n riksv\u00e4g 70 och 68. Du tar dig \u00e4ven l\u00e4tt hit med b\u00e5de t\u00e5g och buss. Promenadavst\u00e5ndet fr\u00e5n busstationen i centrum \u00f6ver g\u00e5ngbron till Koppardalen, \u00e4r knappt 10 minuter.<\/p><p>F\u00f6lj de bruna turistskyltarna med vit text \u201dVerket\/Avesta art\u201d.<br \/>Fr\u00e5n riksv\u00e4g 70 norrut; sv\u00e4ng av vid Dalah\u00e4stmotet och h\u00e5ll rakt fram \u00f6ver bron. Direkt efter bron, h\u00e5ll mot Koppardalen och sv\u00e4ng h\u00f6ger. Sv\u00e4ng h\u00f6ger igen in p\u00e5 Koppardalsomr\u00e5det och f\u00f6lj v\u00e4gen rakt fram. Efter andra rondellen, sv\u00e4ng h\u00f6ger efter ca 100m\u00a0in mot skyltad P-plats, och mot Verket.<\/p><p><strong>Fr\u00e5n riksv\u00e4g 70 s\u00f6derut<\/strong> sv\u00e4ng av h\u00f6ger vid f\u00f6rsta avfarten skyltad Skogsbo. D\u00e4refter h\u00f6ger mot Koppardalen. F\u00f6lj v\u00e4gen rakt fram nerf\u00f6r M\u00e5nsbo backen och \u00f6ver bron. (h\u00e4r kan du skymta Verket till h\u00f6ger om \u00e4lven och kraftstationen). Innan j\u00e4rnv\u00e4gskorsningen, direkt efter v\u00e4gbulan, sv\u00e4ng v\u00e4nster mot Koppardalen. F\u00f6lj v\u00e4gen ca 200m, sv\u00e4ng v\u00e4nster in mot skyltad P-plats och Verket.<\/p><p><strong>Fr\u00e5n riksv\u00e4g 68<\/strong> h\u00e5ll rakt fram efter St\u00e5lrondellen, mot riksv\u00e4g 70, 100 m efter rondellen, direkt efter viadukten, sv\u00e4ng h\u00f6ger mot sjukhuset och Koppardalen. H\u00e5ll rakt fram in p\u00e5 Koppardalsomr\u00e5det. Efter andra rondellen, ca 100 m, sv\u00e4ng h\u00f6ger mot skyltad P-plats och Verket.<\/p><p>\u00a0<\/p>\t\t\t\t\t\t\t\t<\/div>\n\t\t\t\t<\/div>\n\t\t\t\t<div class=\"elementor-element elementor-element-79e3d24 elementor-widget elementor-widget-heading\" data-id=\"79e3d24\" data-element_type=\"widget\" data-e-type=\"widget\" data-widget_type=\"heading.default\">\n\t\t\t\t<div class=\"elementor-widget-container\">\n\t\t\t\t\t<h2 class=\"elementor-heading-title elementor-size-default\">Koppardalsbron \u00e4r avst\u00e4ngd! G\u00e5ngtrafikanter och cyklister h\u00e4nvisas till j\u00e4rnv\u00e4gs\u00f6verg\u00e5ngen vid Gamla byn tillsvidare<\/h2>\t\t\t\t<\/div>\n\t\t\t\t<\/div>\n\t\t\t\t<div class=\"elementor-element elementor-element-45a65db elementor-widget elementor-widget-text-editor\" data-id=\"45a65db\" data-element_type=\"widget\" data-e-type=\"widget\" data-widget_type=\"text-editor.default\">\n\t\t\t\t<div class=\"elementor-widget-container\">\n\t\t\t\t\t\t\t\t\t<p><strong><span style=\"color: #000000;\">Med t\u00e5g eller buss och till fots. <\/span><\/strong><span style=\"color: #000000;\">Kommer du med t\u00e5g till Avesta\/Krylbo, tar du f\u00f6rsta b\u00e4sta buss till Avesta Centrum. <\/span><span style=\"color: #000000;\">Kommer du med buss stiger du av i Avesta centrum. <\/span><span style=\"color: #000000;\">Vidare d\u00e4rifr\u00e5n g\u00e5r du rakt ner mot centrum. Passera stadshuset och parken med Visenten p\u00e5 v\u00e4nster sida och Avesta Gallerian. G\u00e5 rakt fram, ca 300 m, mot g\u00e5ngbron som tar dig ner till Koppardalsomr\u00e5det. N\u00e4r du \u00e4r p\u00e5 g\u00e5ngbron ser du Verkets tv\u00e5 stora skorstenspipor rakt fram. N\u00e4r du kommit ner f\u00f6r trapporna g\u00e5r du bara rakt fram mot Verket.<\/span><\/p>\t\t\t\t\t\t\t\t<\/div>\n\t\t\t\t<\/div>\n\t\t\t\t\t<\/div>\n\t\t<\/div>\n\t\t\t\t<div class=\"elementor-column elementor-col-50 elementor-top-column elementor-element elementor-element-c02b36d\" data-id=\"c02b36d\" data-element_type=\"column\" data-e-type=\"column\">\n\t\t\t<div class=\"elementor-widget-wrap elementor-element-populated\">\n\t\t\t\t\t\t<div class=\"elementor-element elementor-element-13e0d18 elementor-widget elementor-widget-google_maps\" data-id=\"13e0d18\" data-element_type=\"widget\" data-e-type=\"widget\" data-widget_type=\"google_maps.default\">\n\t\t\t\t<div class=\"elementor-widget-container\">\n\t\t\t\t\t\t\t<div class=\"elementor-custom-embed\">\n\t\t\t<iframe loading=\"lazy\"\n\t\t\t\t\tsrc=\"https:\/\/maps.google.com\/maps?q=kanalv%C3%A4gen%201%20avesta&#038;t=m&#038;z=10&#038;output=embed&#038;iwloc=near\"\n\t\t\t\t\ttitle=\"kanalv\u00e4gen 1 avesta\"\n\t\t\t\t\taria-label=\"kanalv\u00e4gen 1 avesta\"\n\t\t\t><\/iframe>\n\t\t<\/div>\n\t\t\t\t\t\t<\/div>\n\t\t\t\t<\/div>\n\t\t\t\t\t<\/div>\n\t\t<\/div>\n\t\t\t\t\t<\/div>\n\t\t<\/section>\n\t\t\t\t<section class=\"elementor-section elementor-top-section elementor-element elementor-element-197971ff elementor-section-boxed elementor-section-height-default elementor-section-height-default\" data-id=\"197971ff\" data-element_type=\"section\" data-e-type=\"section\" data-settings=\"{&quot;background_background&quot;:&quot;classic&quot;}\">\n\t\t\t\t\t\t<div class=\"elementor-container elementor-column-gap-default\">\n\t\t\t\t\t<div class=\"elementor-column elementor-col-50 elementor-top-column elementor-element elementor-element-667ad32d\" data-id=\"667ad32d\" data-element_type=\"column\" data-e-type=\"column\" data-settings=\"{&quot;background_background&quot;:&quot;classic&quot;}\">\n\t\t\t<div class=\"elementor-widget-wrap elementor-element-populated\">\n\t\t\t\t\t\t<div class=\"elementor-element elementor-element-6fe10712 elementor-widget elementor-widget-heading\" data-id=\"6fe10712\" data-element_type=\"widget\" data-e-type=\"widget\" data-widget_type=\"heading.default\">\n\t\t\t\t<div class=\"elementor-widget-container\">\n\t\t\t\t\t<h2 class=\"elementor-heading-title elementor-size-default\">Barn och familj<\/h2>\t\t\t\t<\/div>\n\t\t\t\t<\/div>\n\t\t\t\t\t<\/div>\n\t\t<\/div>\n\t\t\t\t<div class=\"elementor-column elementor-col-50 elementor-top-column elementor-element elementor-element-4f7f1b85\" data-id=\"4f7f1b85\" data-element_type=\"column\" data-e-type=\"column\">\n\t\t\t<div class=\"elementor-widget-wrap elementor-element-populated\">\n\t\t\t\t\t\t<div class=\"elementor-element elementor-element-5f5e1535 elementor-widget elementor-widget-heading\" data-id=\"5f5e1535\" data-element_type=\"widget\" data-e-type=\"widget\" data-widget_type=\"heading.default\">\n\t\t\t\t<div class=\"elementor-widget-container\">\n\t\t\t\t\t<h2 class=\"elementor-heading-title elementor-size-default\">Barn och familj<\/h2>\t\t\t\t<\/div>\n\t\t\t\t<\/div>\n\t\t\t\t<div class=\"elementor-element elementor-element-883457a elementor-align-center elementor-widget elementor-widget-button\" data-id=\"883457a\" data-element_type=\"widget\" data-e-type=\"widget\" data-widget_type=\"button.default\">\n\t\t\t\t<div class=\"elementor-widget-container\">\n\t\t\t\t\t\t\t\t\t<div class=\"elementor-button-wrapper\">\n\t\t\t\t\t<a class=\"elementor-button elementor-button-link elementor-size-sm\" href=\"https:\/\/verket.se\/svenska\/barn-familj\/\">\n\t\t\t\t\t\t<span class=\"elementor-button-content-wrapper\">\n\t\t\t\t\t\t<span class=\"elementor-button-icon\">\n\t\t\t\t<i aria-hidden=\"true\" class=\"fas fa-long-arrow-alt-right\"><\/i>\t\t\t<\/span>\n\t\t\t\t\t\t\t\t\t<span class=\"elementor-button-text\">L\u00e4s mer<\/span>\n\t\t\t\t\t<\/span>\n\t\t\t\t\t<\/a>\n\t\t\t\t<\/div>\n\t\t\t\t\t\t\t\t<\/div>\n\t\t\t\t<\/div>\n\t\t\t\t\t<\/div>\n\t\t<\/div>\n\t\t\t\t\t<\/div>\n\t\t<\/section>\n\t\t\t\t<section class=\"elementor-section elementor-top-section elementor-element elementor-element-6bb6621d elementor-section-boxed elementor-section-height-default elementor-section-height-default\" data-id=\"6bb6621d\" data-element_type=\"section\" data-e-type=\"section\" data-settings=\"{&quot;background_background&quot;:&quot;classic&quot;}\">\n\t\t\t\t\t\t<div class=\"elementor-container elementor-column-gap-default\">\n\t\t\t\t\t<div class=\"elementor-column elementor-col-50 elementor-top-column elementor-element elementor-element-2921b142\" data-id=\"2921b142\" data-element_type=\"column\" data-e-type=\"column\" data-settings=\"{&quot;background_background&quot;:&quot;classic&quot;}\">\n\t\t\t<div class=\"elementor-widget-wrap elementor-element-populated\">\n\t\t\t\t\t\t<div class=\"elementor-element elementor-element-15b87f4b elementor-widget elementor-widget-heading\" data-id=\"15b87f4b\" data-element_type=\"widget\" data-e-type=\"widget\" data-widget_type=\"heading.default\">\n\t\t\t\t<div class=\"elementor-widget-container\">\n\t\t\t\t\t<h2 class=\"elementor-heading-title elementor-size-default\">Butik och cafe<\/h2>\t\t\t\t<\/div>\n\t\t\t\t<\/div>\n\t\t\t\t\t<\/div>\n\t\t<\/div>\n\t\t\t\t<div class=\"elementor-column elementor-col-50 elementor-top-column elementor-element elementor-element-3e655b0f\" data-id=\"3e655b0f\" data-element_type=\"column\" data-e-type=\"column\">\n\t\t\t<div class=\"elementor-widget-wrap elementor-element-populated\">\n\t\t\t\t\t\t<div class=\"elementor-element elementor-element-2da23afe elementor-widget elementor-widget-heading\" data-id=\"2da23afe\" data-element_type=\"widget\" data-e-type=\"widget\" data-widget_type=\"heading.default\">\n\t\t\t\t<div class=\"elementor-widget-container\">\n\t\t\t\t\t<h2 class=\"elementor-heading-title elementor-size-default\">Butik &amp; Cafe<\/h2>\t\t\t\t<\/div>\n\t\t\t\t<\/div>\n\t\t\t\t<div class=\"elementor-element elementor-element-1a8ff84c elementor-align-center elementor-widget elementor-widget-button\" data-id=\"1a8ff84c\" data-element_type=\"widget\" data-e-type=\"widget\" data-widget_type=\"button.default\">\n\t\t\t\t<div class=\"elementor-widget-container\">\n\t\t\t\t\t\t\t\t\t<div class=\"elementor-button-wrapper\">\n\t\t\t\t\t<a class=\"elementor-button elementor-button-link elementor-size-sm\" href=\"https:\/\/verket.se\/svenska\/butik-och-cafe\/\">\n\t\t\t\t\t\t<span class=\"elementor-button-content-wrapper\">\n\t\t\t\t\t\t<span class=\"elementor-button-icon\">\n\t\t\t\t<i aria-hidden=\"true\" class=\"fas fa-long-arrow-alt-right\"><\/i>\t\t\t<\/span>\n\t\t\t\t\t\t\t\t\t<span class=\"elementor-button-text\">L\u00e4s mer<\/span>\n\t\t\t\t\t<\/span>\n\t\t\t\t\t<\/a>\n\t\t\t\t<\/div>\n\t\t\t\t\t\t\t\t<\/div>\n\t\t\t\t<\/div>\n\t\t\t\t\t<\/div>\n\t\t<\/div>\n\t\t\t\t\t<\/div>\n\t\t<\/section>\n\t\t\t\t<\/div>\n\t\t","protected":false},"excerpt":{"rendered":"<p>Hitta till Verket Var ligger Verket?Verket ligger centralt bel\u00e4get i Avesta, i det gamla bevarade industriomr\u00e5det Koppardalen. Tar du dig hit f\u00f6r egen maskin, ligger Verket endast ett par minuter fr\u00e5n riksv\u00e4g 70 och 68. Du tar dig \u00e4ven l\u00e4tt hit med b\u00e5de t\u00e5g och buss. Promenadavst\u00e5ndet fr\u00e5n busstationen i centrum \u00f6ver g\u00e5ngbron till Koppardalen, [&hellip;]<\/p>\n","protected":false},"author":1,"featured_media":0,"parent":0,"menu_order":0,"comment_status":"closed","ping_status":"closed","template":"","meta":{"site-sidebar-layout":"no-sidebar","site-content-layout":"page-builder","ast-site-content-layout":"default","site-content-style":"default","site-sidebar-style":"default","ast-global-header-display":"","ast-banner-title-visibility":"","ast-main-header-display":"","ast-hfb-above-header-display":"","ast-hfb-below-header-display":"","ast-hfb-mobile-header-display":"","site-post-title":"disabled","ast-breadcrumbs-content":"","ast-featured-img":"disabled","footer-sml-layout":"","ast-disable-related-posts":"","theme-transparent-header-meta":"default","adv-header-id-meta":"","stick-header-meta":"","header-above-stick-meta":"","header-main-stick-meta":"","header-below-stick-meta":"","astra-migrate-meta-layouts":"default","ast-page-background-enabled":"default","ast-page-background-meta":{"desktop":{"background-color":"","background-image":"","background-repeat":"repeat","background-position":"center center","background-size":"auto","background-attachment":"scroll","background-type":"","background-media":"","overlay-type":"","overlay-color":"","overlay-opacity":"","overlay-gradient":""},"tablet":{"background-color":"","background-image":"","background-repeat":"repeat","background-position":"center center","background-size":"auto","background-attachment":"scroll","background-type":"","background-media":"","overlay-type":"","overlay-color":"","overlay-opacity":"","overlay-gradient":""},"mobile":{"background-color":"","background-image":"","background-repeat":"repeat","background-position":"center center","background-size":"auto","background-attachment":"scroll","background-type":"","background-media":"","overlay-type":"","overlay-color":"","overlay-opacity":"","overlay-gradient":""}},"ast-content-background-meta":{"desktop":{"background-color":"var(--ast-global-color-5)","background-image":"","background-repeat":"repeat","background-position":"center center","background-size":"auto","background-attachment":"scroll","background-type":"","background-media":"","overlay-type":"","overlay-color":"","overlay-opacity":"","overlay-gradient":""},"tablet":{"background-color":"var(--ast-global-color-5)","background-image":"","background-repeat":"repeat","background-position":"center center","background-size":"auto","background-attachment":"scroll","background-type":"","background-media":"","overlay-type":"","overlay-color":"","overlay-opacity":"","overlay-gradient":""},"mobile":{"background-color":"var(--ast-global-color-5)","background-image":"","background-repeat":"repeat","background-position":"center center","background-size":"auto","background-attachment":"scroll","background-type":"","background-media":"","overlay-type":"","overlay-color":"","overlay-opacity":"","overlay-gradient":""}},"footnotes":""},"class_list":["post-5819","page","type-page","status-publish","hentry"],"yoast_head":"<!-- This site is optimized with the Yoast SEO plugin v27.1 - https:\/\/yoast.com\/product\/yoast-seo-wordpress\/ -->\n<title>Hitta till Verket | Avesta art<\/title>\n<meta name=\"robots\" content=\"index, follow, max-snippet:-1, max-image-preview:large, max-video-preview:-1\" \/>\n<link rel=\"canonical\" href=\"https:\/\/verket.se\/svenska\/hitta-till-verket\/\" \/>\n<meta property=\"og:locale\" content=\"sv_SE\" \/>\n<meta property=\"og:type\" content=\"article\" \/>\n<meta property=\"og:title\" content=\"Hitta till Verket | Avesta art\" \/>\n<meta property=\"og:description\" content=\"Hitta till Verket Var ligger Verket?Verket ligger centralt bel\u00e4get i Avesta, i det gamla bevarade industriomr\u00e5det Koppardalen. Tar du dig hit f\u00f6r egen maskin, ligger Verket endast ett par minuter fr\u00e5n riksv\u00e4g 70 och 68. Du tar dig \u00e4ven l\u00e4tt hit med b\u00e5de t\u00e5g och buss. Promenadavst\u00e5ndet fr\u00e5n busstationen i centrum \u00f6ver g\u00e5ngbron till Koppardalen, [&hellip;]\" \/>\n<meta property=\"og:url\" content=\"https:\/\/verket.se\/svenska\/hitta-till-verket\/\" \/>\n<meta property=\"og:site_name\" content=\"Verket\" \/>\n<meta property=\"article:modified_time\" content=\"2024-05-30T11:43:47+00:00\" \/>\n<meta name=\"twitter:card\" content=\"summary_large_image\" \/>\n<meta name=\"twitter:label1\" content=\"Ber\u00e4knad l\u00e4stid\" \/>\n\t<meta name=\"twitter:data1\" content=\"2 minuter\" \/>\n<script type=\"application\/ld+json\" class=\"yoast-schema-graph\">{\"@context\":\"https:\/\/schema.org\",\"@graph\":[{\"@type\":\"WebPage\",\"@id\":\"https:\/\/verket.se\/en\/hitta-till-verket\/\",\"url\":\"https:\/\/verket.se\/en\/hitta-till-verket\/\",\"name\":\"Hitta till Verket | Avesta art\",\"isPartOf\":{\"@id\":\"https:\/\/verket.se\/en\/#website\"},\"datePublished\":\"2019-02-15T09:03:48+00:00\",\"dateModified\":\"2024-05-30T11:43:47+00:00\",\"breadcrumb\":{\"@id\":\"https:\/\/verket.se\/en\/hitta-till-verket\/#breadcrumb\"},\"inLanguage\":\"sv-SE\",\"potentialAction\":[{\"@type\":\"ReadAction\",\"target\":[\"https:\/\/verket.se\/en\/hitta-till-verket\/\"]}]},{\"@type\":\"BreadcrumbList\",\"@id\":\"https:\/\/verket.se\/en\/hitta-till-verket\/#breadcrumb\",\"itemListElement\":[{\"@type\":\"ListItem\",\"position\":1,\"name\":\"Hem\",\"item\":\"https:\/\/verket.se\/\"},{\"@type\":\"ListItem\",\"position\":2,\"name\":\"Hitta till verket\"}]},{\"@type\":\"WebSite\",\"@id\":\"https:\/\/verket.se\/en\/#website\",\"url\":\"https:\/\/verket.se\/en\/\",\"name\":\"Verket\",\"description\":\"En del av Sveriges historia\",\"publisher\":{\"@id\":\"https:\/\/verket.se\/en\/#organization\"},\"potentialAction\":[{\"@type\":\"SearchAction\",\"target\":{\"@type\":\"EntryPoint\",\"urlTemplate\":\"https:\/\/verket.se\/en\/?s={search_term_string}\"},\"query-input\":{\"@type\":\"PropertyValueSpecification\",\"valueRequired\":true,\"valueName\":\"search_term_string\"}}],\"inLanguage\":\"sv-SE\"},{\"@type\":\"Organization\",\"@id\":\"https:\/\/verket.se\/en\/#organization\",\"name\":\"Verket\",\"url\":\"https:\/\/verket.se\/en\/\",\"logo\":{\"@type\":\"ImageObject\",\"inLanguage\":\"sv-SE\",\"@id\":\"https:\/\/verket.se\/en\/#\/schema\/logo\/image\/\",\"url\":\"https:\/\/www1.verket.se\/wp-content\/uploads\/2016\/08\/verket.png\",\"contentUrl\":\"https:\/\/www1.verket.se\/wp-content\/uploads\/2016\/08\/verket.png\",\"width\":455,\"height\":166,\"caption\":\"Verket\"},\"image\":{\"@id\":\"https:\/\/verket.se\/en\/#\/schema\/logo\/image\/\"}}]}<\/script>\n<!-- \/ Yoast SEO plugin. -->","yoast_head_json":{"title":"Hitta till Verket | Avesta art","robots":{"index":"index","follow":"follow","max-snippet":"max-snippet:-1","max-image-preview":"max-image-preview:large","max-video-preview":"max-video-preview:-1"},"canonical":"https:\/\/verket.se\/svenska\/hitta-till-verket\/","og_locale":"sv_SE","og_type":"article","og_title":"Hitta till Verket | Avesta art","og_description":"Hitta till Verket Var ligger Verket?Verket ligger centralt bel\u00e4get i Avesta, i det gamla bevarade industriomr\u00e5det Koppardalen. Tar du dig hit f\u00f6r egen maskin, ligger Verket endast ett par minuter fr\u00e5n riksv\u00e4g 70 och 68. Du tar dig \u00e4ven l\u00e4tt hit med b\u00e5de t\u00e5g och buss. Promenadavst\u00e5ndet fr\u00e5n busstationen i centrum \u00f6ver g\u00e5ngbron till Koppardalen, [&hellip;]","og_url":"https:\/\/verket.se\/svenska\/hitta-till-verket\/","og_site_name":"Verket","article_modified_time":"2024-05-30T11:43:47+00:00","twitter_card":"summary_large_image","twitter_misc":{"Ber\u00e4knad l\u00e4stid":"2 minuter"},"schema":{"@context":"https:\/\/schema.org","@graph":[{"@type":"WebPage","@id":"https:\/\/verket.se\/en\/hitta-till-verket\/","url":"https:\/\/verket.se\/en\/hitta-till-verket\/","name":"Hitta till Verket | Avesta art","isPartOf":{"@id":"https:\/\/verket.se\/en\/#website"},"datePublished":"2019-02-15T09:03:48+00:00","dateModified":"2024-05-30T11:43:47+00:00","breadcrumb":{"@id":"https:\/\/verket.se\/en\/hitta-till-verket\/#breadcrumb"},"inLanguage":"sv-SE","potentialAction":[{"@type":"ReadAction","target":["https:\/\/verket.se\/en\/hitta-till-verket\/"]}]},{"@type":"BreadcrumbList","@id":"https:\/\/verket.se\/en\/hitta-till-verket\/#breadcrumb","itemListElement":[{"@type":"ListItem","position":1,"name":"Hem","item":"https:\/\/verket.se\/"},{"@type":"ListItem","position":2,"name":"Hitta till verket"}]},{"@type":"WebSite","@id":"https:\/\/verket.se\/en\/#website","url":"https:\/\/verket.se\/en\/","name":"Verket","description":"En del av Sveriges historia","publisher":{"@id":"https:\/\/verket.se\/en\/#organization"},"potentialAction":[{"@type":"SearchAction","target":{"@type":"EntryPoint","urlTemplate":"https:\/\/verket.se\/en\/?s={search_term_string}"},"query-input":{"@type":"PropertyValueSpecification","valueRequired":true,"valueName":"search_term_string"}}],"inLanguage":"sv-SE"},{"@type":"Organization","@id":"https:\/\/verket.se\/en\/#organization","name":"Verket","url":"https:\/\/verket.se\/en\/","logo":{"@type":"ImageObject","inLanguage":"sv-SE","@id":"https:\/\/verket.se\/en\/#\/schema\/logo\/image\/","url":"https:\/\/www1.verket.se\/wp-content\/uploads\/2016\/08\/verket.png","contentUrl":"https:\/\/www1.verket.se\/wp-content\/uploads\/2016\/08\/verket.png","width":455,"height":166,"caption":"Verket"},"image":{"@id":"https:\/\/verket.se\/en\/#\/schema\/logo\/image\/"}}]}},"_links":{"self":[{"href":"https:\/\/verket.se\/svenska\/wp-json\/wp\/v2\/pages\/5819","targetHints":{"allow":["GET"]}}],"collection":[{"href":"https:\/\/verket.se\/svenska\/wp-json\/wp\/v2\/pages"}],"about":[{"href":"https:\/\/verket.se\/svenska\/wp-json\/wp\/v2\/types\/page"}],"author":[{"embeddable":true,"href":"https:\/\/verket.se\/svenska\/wp-json\/wp\/v2\/users\/1"}],"replies":[{"embeddable":true,"href":"https:\/\/verket.se\/svenska\/wp-json\/wp\/v2\/comments?post=5819"}],"version-history":[{"count":41,"href":"https:\/\/verket.se\/svenska\/wp-json\/wp\/v2\/pages\/5819\/revisions"}],"predecessor-version":[{"id":18538,"href":"https:\/\/verket.se\/svenska\/wp-json\/wp\/v2\/pages\/5819\/revisions\/18538"}],"wp:attachment":[{"href":"https:\/\/verket.se\/svenska\/wp-json\/wp\/v2\/media?parent=5819"}],"curies":[{"name":"wp","href":"https:\/\/api.w.org\/{rel}","templated":true}]}}