{"id":5726,"date":"2019-02-14T11:47:15","date_gmt":"2019-02-14T10:47:15","guid":{"rendered":"http:\/\/verket.utvsajt.se\/?page_id=5726"},"modified":"2026-01-15T14:37:39","modified_gmt":"2026-01-15T13:37:39","slug":"om-verket","status":"publish","type":"page","link":"https:\/\/verket.se\/svenska\/om-verket\/","title":{"rendered":"Om Verket"},"content":{"rendered":"\t\t<div data-elementor-type=\"wp-post\" data-elementor-id=\"5726\" class=\"elementor elementor-5726\" data-elementor-post-type=\"page\">\n\t\t\t\t\t\t<section class=\"elementor-section elementor-top-section elementor-element elementor-element-2a2aeb40 elementor-section-boxed elementor-section-height-default elementor-section-height-default\" data-id=\"2a2aeb40\" data-element_type=\"section\" data-e-type=\"section\">\n\t\t\t\t\t\t<div class=\"elementor-container elementor-column-gap-default\">\n\t\t\t\t\t<div class=\"elementor-column elementor-col-100 elementor-top-column elementor-element elementor-element-4439b6f0\" data-id=\"4439b6f0\" data-element_type=\"column\" data-e-type=\"column\" data-settings=\"{&quot;background_background&quot;:&quot;classic&quot;}\">\n\t\t\t<div class=\"elementor-widget-wrap elementor-element-populated\">\n\t\t\t\t\t\t<div class=\"elementor-element elementor-element-6fa3f118 elementor-widget elementor-widget-heading\" data-id=\"6fa3f118\" data-element_type=\"widget\" data-e-type=\"widget\" data-widget_type=\"heading.default\">\n\t\t\t\t<div class=\"elementor-widget-container\">\n\t\t\t\t\t<h2 class=\"elementor-heading-title elementor-size-default\">Om Verket<\/h2>\t\t\t\t<\/div>\n\t\t\t\t<\/div>\n\t\t\t\t\t<\/div>\n\t\t<\/div>\n\t\t\t\t\t<\/div>\n\t\t<\/section>\n\t\t\t\t<section class=\"elementor-section elementor-top-section elementor-element elementor-element-27d76c4 elementor-section-boxed elementor-section-height-default elementor-section-height-default\" data-id=\"27d76c4\" data-element_type=\"section\" data-e-type=\"section\">\n\t\t\t\t\t\t<div class=\"elementor-container elementor-column-gap-default\">\n\t\t\t\t\t<div class=\"elementor-column elementor-col-100 elementor-top-column elementor-element elementor-element-50eedde\" data-id=\"50eedde\" data-element_type=\"column\" data-e-type=\"column\" data-settings=\"{&quot;background_background&quot;:&quot;classic&quot;}\">\n\t\t\t<div class=\"elementor-widget-wrap elementor-element-populated\">\n\t\t\t\t\t\t<div class=\"elementor-element elementor-element-7e8020a elementor-widget elementor-widget-text-editor\" data-id=\"7e8020a\" data-element_type=\"widget\" data-e-type=\"widget\" data-widget_type=\"text-editor.default\">\n\t\t\t\t<div class=\"elementor-widget-container\">\n\t\t\t\t\t\t\t\t\t<h3><strong>Vad \u00e4r Verket?<\/strong><\/h3><p>De st\u00e5tliga gamla j\u00e4rnverksbyggnaderna i Avesta \u00e4r idag ett museum och en kulturarena som inte liknar m\u00e5nga andra, fyllt med unika upplevelser. Verket bjuder sina bes\u00f6kare p\u00e5 en mix av historia, teknik, konst och kultur i den ovanligt v\u00e4lbevarade industrimilj\u00f6n. H\u00e4r ryms b\u00e5de permanenta konstinstallationer integrerade i de suggestivt ljussatta byggnaderna och tillf\u00e4lliga evenemang med musik, teater och f\u00f6rel\u00e4sningar.<\/p><p>Bruket i Avesta \u00e4r ett industriarv av riksintresse. Det \u00e4r en ovanligt komplett j\u00e4rnbruksanl\u00e4ggning, \u00e4ven i internationellt perspektiv. I Verket finns idag film, ljud och teknologi som p\u00e5 ett lekfullt s\u00e4tt g\u00f6r g\u00e5rdagens verklighet gripbar och bes\u00f6kare kan f\u00f6lja j\u00e4rnmalmens v\u00e4g till j\u00e4rn och st\u00e5l. Varje sommar \u00e4r Verket hem f\u00f6r Avesta Art som samlar svensk och internationell samtidskonst i v\u00e4rldsklass, med ny utst\u00e4llning varje \u00e5r. Allm\u00e4nna guidade visningar av konstutst\u00e4llningen varje dag och p\u00e5 l\u00f6rdagar och s\u00f6ndagar \u00e4ven industrihistoriska visningar. Grupper kan \u00e4ven boka enskilda visningar.<\/p>\t\t\t\t\t\t\t\t<\/div>\n\t\t\t\t<\/div>\n\t\t\t\t<div class=\"elementor-element elementor-element-593f151 elementor-widget elementor-widget-button\" data-id=\"593f151\" data-element_type=\"widget\" data-e-type=\"widget\" data-widget_type=\"button.default\">\n\t\t\t\t<div class=\"elementor-widget-container\">\n\t\t\t\t\t\t\t\t\t<div class=\"elementor-button-wrapper\">\n\t\t\t\t\t<a class=\"elementor-button elementor-button-link elementor-size-sm\" href=\"https:\/\/verket.se\/besoksinformation\/\">\n\t\t\t\t\t\t<span class=\"elementor-button-content-wrapper\">\n\t\t\t\t\t\t<span class=\"elementor-button-icon\">\n\t\t\t\t<i aria-hidden=\"true\" class=\"fas fa-long-arrow-alt-right\"><\/i>\t\t\t<\/span>\n\t\t\t\t\t\t\t\t\t<span class=\"elementor-button-text\">Bes\u00f6ksinformation<\/span>\n\t\t\t\t\t<\/span>\n\t\t\t\t\t<\/a>\n\t\t\t\t<\/div>\n\t\t\t\t\t\t\t\t<\/div>\n\t\t\t\t<\/div>\n\t\t\t\t<div class=\"elementor-element elementor-element-9b2d0e0 elementor-widget elementor-widget-text-editor\" data-id=\"9b2d0e0\" data-element_type=\"widget\" data-e-type=\"widget\" data-widget_type=\"text-editor.default\">\n\t\t\t\t<div class=\"elementor-widget-container\">\n\t\t\t\t\t\t\t\t\t<h3><strong>\u00c4r Avesta Art och Verket samma sak?<\/strong><\/h3><p>Nej!<\/p><p>Verket \u00e4r museet och v\u00e4rd f\u00f6r konstutst\u00e4llningen Avesta Art.\u00a0\u00a0<\/p>\t\t\t\t\t\t\t\t<\/div>\n\t\t\t\t<\/div>\n\t\t\t\t<div class=\"elementor-element elementor-element-7b69f4d elementor-widget elementor-widget-text-editor\" data-id=\"7b69f4d\" data-element_type=\"widget\" data-e-type=\"widget\" data-widget_type=\"text-editor.default\">\n\t\t\t\t<div class=\"elementor-widget-container\">\n\t\t\t\t\t\t\t\t\t<h3><strong>Vad h\u00e4nder i Verket?<\/strong><\/h3><p>Guidade gruppvisningar av industrihistorien och permanent konst g\u00e5r att boka \u00e5ret runt f\u00f6r skolor, f\u00f6retag, organisationer och allm\u00e4nheten. \u00c5terkommande evenemang \u00e4r Lys &amp; Rys, H\u00f6stsalong, roliga och inspirerande skollovsaktiviteter och i december h\u00e5lls den popul\u00e4ra Tomtemarknaden. I Corneliussalen, Verkets moderna kreativa verkstad och l\u00e4randemilj\u00f6, erbjuds aktiviteter och workshops inom teknik, matematik och kreativt skapande under ledning av utbildade pedagoger.<\/p>\t\t\t\t\t\t\t\t<\/div>\n\t\t\t\t<\/div>\n\t\t\t\t<div class=\"elementor-element elementor-element-f972cc2 elementor-widget elementor-widget-button\" data-id=\"f972cc2\" data-element_type=\"widget\" data-e-type=\"widget\" data-widget_type=\"button.default\">\n\t\t\t\t<div class=\"elementor-widget-container\">\n\t\t\t\t\t\t\t\t\t<div class=\"elementor-button-wrapper\">\n\t\t\t\t\t<a class=\"elementor-button elementor-button-link elementor-size-sm\" href=\"https:\/\/verket.se\/svenska\/utstallningar\/\">\n\t\t\t\t\t\t<span class=\"elementor-button-content-wrapper\">\n\t\t\t\t\t\t<span class=\"elementor-button-icon\">\n\t\t\t\t<i aria-hidden=\"true\" class=\"fas fa-long-arrow-alt-right\"><\/i>\t\t\t<\/span>\n\t\t\t\t\t\t\t\t\t<span class=\"elementor-button-text\">Permanent konst<\/span>\n\t\t\t\t\t<\/span>\n\t\t\t\t\t<\/a>\n\t\t\t\t<\/div>\n\t\t\t\t\t\t\t\t<\/div>\n\t\t\t\t<\/div>\n\t\t\t\t\t<\/div>\n\t\t<\/div>\n\t\t\t\t\t<\/div>\n\t\t<\/section>\n\t\t\t\t<section class=\"elementor-section elementor-top-section elementor-element elementor-element-57a824a5 elementor-section-boxed elementor-section-height-default elementor-section-height-default\" data-id=\"57a824a5\" data-element_type=\"section\" data-e-type=\"section\" data-settings=\"{&quot;background_background&quot;:&quot;classic&quot;}\">\n\t\t\t\t\t\t<div class=\"elementor-container elementor-column-gap-default\">\n\t\t\t\t\t<div class=\"elementor-column elementor-col-50 elementor-top-column elementor-element elementor-element-310b7373\" data-id=\"310b7373\" data-element_type=\"column\" data-e-type=\"column\" data-settings=\"{&quot;background_background&quot;:&quot;classic&quot;}\">\n\t\t\t<div class=\"elementor-widget-wrap elementor-element-populated\">\n\t\t\t\t\t\t<div class=\"elementor-element elementor-element-6d8505f2 elementor-widget elementor-widget-heading\" data-id=\"6d8505f2\" data-element_type=\"widget\" data-e-type=\"widget\" data-widget_type=\"heading.default\">\n\t\t\t\t<div class=\"elementor-widget-container\">\n\t\t\t\t\t<h2 class=\"elementor-heading-title elementor-size-default\">Barn och familj<\/h2>\t\t\t\t<\/div>\n\t\t\t\t<\/div>\n\t\t\t\t\t<\/div>\n\t\t<\/div>\n\t\t\t\t<div class=\"elementor-column elementor-col-50 elementor-top-column elementor-element elementor-element-26713f6f\" data-id=\"26713f6f\" data-element_type=\"column\" data-e-type=\"column\" data-settings=\"{&quot;background_background&quot;:&quot;classic&quot;}\">\n\t\t\t<div class=\"elementor-widget-wrap elementor-element-populated\">\n\t\t\t\t\t\t<div class=\"elementor-element elementor-element-4703173 elementor-widget elementor-widget-heading\" data-id=\"4703173\" data-element_type=\"widget\" data-e-type=\"widget\" data-widget_type=\"heading.default\">\n\t\t\t\t<div class=\"elementor-widget-container\">\n\t\t\t\t\t<h2 class=\"elementor-heading-title elementor-size-default\">Verkets Historia<\/h2>\t\t\t\t<\/div>\n\t\t\t\t<\/div>\n\t\t\t\t<div class=\"elementor-element elementor-element-1aeca953 elementor-align-center elementor-widget elementor-widget-button\" data-id=\"1aeca953\" data-element_type=\"widget\" data-e-type=\"widget\" data-widget_type=\"button.default\">\n\t\t\t\t<div class=\"elementor-widget-container\">\n\t\t\t\t\t\t\t\t\t<div class=\"elementor-button-wrapper\">\n\t\t\t\t\t<a class=\"elementor-button elementor-button-link elementor-size-sm\" href=\"https:\/\/verket.se\/svenska\/historia\/\">\n\t\t\t\t\t\t<span class=\"elementor-button-content-wrapper\">\n\t\t\t\t\t\t<span class=\"elementor-button-icon\">\n\t\t\t\t\t\t\t\t\t<i class=\"fa fa-long-arrow-right\" aria-hidden=\"true\"><\/i>\n\t\t\t\t\t\t\t<\/span>\n\t\t\t\t\t\t\t\t\t<span class=\"elementor-button-text\">L\u00e4s mer<\/span>\n\t\t\t\t\t<\/span>\n\t\t\t\t\t<\/a>\n\t\t\t\t<\/div>\n\t\t\t\t\t\t\t\t<\/div>\n\t\t\t\t<\/div>\n\t\t\t\t\t<\/div>\n\t\t<\/div>\n\t\t\t\t\t<\/div>\n\t\t<\/section>\n\t\t\t\t<section class=\"elementor-section elementor-top-section elementor-element elementor-element-325b0a7d elementor-section-boxed elementor-section-height-default elementor-section-height-default\" data-id=\"325b0a7d\" data-element_type=\"section\" data-e-type=\"section\" data-settings=\"{&quot;background_background&quot;:&quot;classic&quot;}\">\n\t\t\t\t\t\t<div class=\"elementor-container elementor-column-gap-default\">\n\t\t\t\t\t<div class=\"elementor-column elementor-col-50 elementor-top-column elementor-element elementor-element-202e6ba9\" data-id=\"202e6ba9\" data-element_type=\"column\" data-e-type=\"column\" data-settings=\"{&quot;background_background&quot;:&quot;classic&quot;}\">\n\t\t\t<div class=\"elementor-widget-wrap elementor-element-populated\">\n\t\t\t\t\t\t<div class=\"elementor-element elementor-element-d4df53d elementor-widget elementor-widget-heading\" data-id=\"d4df53d\" data-element_type=\"widget\" data-e-type=\"widget\" data-widget_type=\"heading.default\">\n\t\t\t\t<div class=\"elementor-widget-container\">\n\t\t\t\t\t<h2 class=\"elementor-heading-title elementor-size-default\">Hitta till verket<\/h2>\t\t\t\t<\/div>\n\t\t\t\t<\/div>\n\t\t\t\t\t<\/div>\n\t\t<\/div>\n\t\t\t\t<div class=\"elementor-column elementor-col-50 elementor-top-column elementor-element elementor-element-618551bb\" data-id=\"618551bb\" data-element_type=\"column\" data-e-type=\"column\">\n\t\t\t<div class=\"elementor-widget-wrap elementor-element-populated\">\n\t\t\t\t\t\t<div class=\"elementor-element elementor-element-e1768ea elementor-widget elementor-widget-heading\" data-id=\"e1768ea\" data-element_type=\"widget\" data-e-type=\"widget\" data-widget_type=\"heading.default\">\n\t\t\t\t<div class=\"elementor-widget-container\">\n\t\t\t\t\t<h2 class=\"elementor-heading-title elementor-size-default\">Koppardalen<\/h2>\t\t\t\t<\/div>\n\t\t\t\t<\/div>\n\t\t\t\t<div class=\"elementor-element elementor-element-24d54b4b elementor-align-center elementor-widget elementor-widget-button\" data-id=\"24d54b4b\" data-element_type=\"widget\" data-e-type=\"widget\" data-widget_type=\"button.default\">\n\t\t\t\t<div class=\"elementor-widget-container\">\n\t\t\t\t\t\t\t\t\t<div class=\"elementor-button-wrapper\">\n\t\t\t\t\t<a class=\"elementor-button elementor-button-link elementor-size-sm\" href=\"https:\/\/verket.se\/svenska\/koppardalen\/\">\n\t\t\t\t\t\t<span class=\"elementor-button-content-wrapper\">\n\t\t\t\t\t\t<span class=\"elementor-button-icon\">\n\t\t\t\t\t\t\t\t\t<i class=\"fa fa-long-arrow-right\" aria-hidden=\"true\"><\/i>\n\t\t\t\t\t\t\t<\/span>\n\t\t\t\t\t\t\t\t\t<span class=\"elementor-button-text\">L\u00e4s mer<\/span>\n\t\t\t\t\t<\/span>\n\t\t\t\t\t<\/a>\n\t\t\t\t<\/div>\n\t\t\t\t\t\t\t\t<\/div>\n\t\t\t\t<\/div>\n\t\t\t\t\t<\/div>\n\t\t<\/div>\n\t\t\t\t\t<\/div>\n\t\t<\/section>\n\t\t\t\t<\/div>\n\t\t","protected":false},"excerpt":{"rendered":"<p>Om Verket Vad \u00e4r Verket? De st\u00e5tliga gamla j\u00e4rnverksbyggnaderna i Avesta \u00e4r idag ett museum och en kulturarena som inte liknar m\u00e5nga andra, fyllt med unika upplevelser. Verket bjuder sina bes\u00f6kare p\u00e5 en mix av historia, teknik, konst och kultur i den ovanligt v\u00e4lbevarade industrimilj\u00f6n. H\u00e4r ryms b\u00e5de permanenta konstinstallationer integrerade i de suggestivt ljussatta [&hellip;]<\/p>\n","protected":false},"author":1,"featured_media":0,"parent":0,"menu_order":0,"comment_status":"closed","ping_status":"closed","template":"","meta":{"site-sidebar-layout":"no-sidebar","site-content-layout":"page-builder","ast-site-content-layout":"default","site-content-style":"default","site-sidebar-style":"default","ast-global-header-display":"","ast-banner-title-visibility":"","ast-main-header-display":"","ast-hfb-above-header-display":"","ast-hfb-below-header-display":"","ast-hfb-mobile-header-display":"","site-post-title":"disabled","ast-breadcrumbs-content":"","ast-featured-img":"disabled","footer-sml-layout":"","ast-disable-related-posts":"","theme-transparent-header-meta":"default","adv-header-id-meta":"","stick-header-meta":"","header-above-stick-meta":"","header-main-stick-meta":"","header-below-stick-meta":"","astra-migrate-meta-layouts":"default","ast-page-background-enabled":"default","ast-page-background-meta":{"desktop":{"background-color":"","background-image":"","background-repeat":"repeat","background-position":"center center","background-size":"auto","background-attachment":"scroll","background-type":"","background-media":"","overlay-type":"","overlay-color":"","overlay-opacity":"","overlay-gradient":""},"tablet":{"background-color":"","background-image":"","background-repeat":"repeat","background-position":"center center","background-size":"auto","background-attachment":"scroll","background-type":"","background-media":"","overlay-type":"","overlay-color":"","overlay-opacity":"","overlay-gradient":""},"mobile":{"background-color":"","background-image":"","background-repeat":"repeat","background-position":"center center","background-size":"auto","background-attachment":"scroll","background-type":"","background-media":"","overlay-type":"","overlay-color":"","overlay-opacity":"","overlay-gradient":""}},"ast-content-background-meta":{"desktop":{"background-color":"var(--ast-global-color-5)","background-image":"","background-repeat":"repeat","background-position":"center center","background-size":"auto","background-attachment":"scroll","background-type":"","background-media":"","overlay-type":"","overlay-color":"","overlay-opacity":"","overlay-gradient":""},"tablet":{"background-color":"var(--ast-global-color-5)","background-image":"","background-repeat":"repeat","background-position":"center center","background-size":"auto","background-attachment":"scroll","background-type":"","background-media":"","overlay-type":"","overlay-color":"","overlay-opacity":"","overlay-gradient":""},"mobile":{"background-color":"var(--ast-global-color-5)","background-image":"","background-repeat":"repeat","background-position":"center center","background-size":"auto","background-attachment":"scroll","background-type":"","background-media":"","overlay-type":"","overlay-color":"","overlay-opacity":"","overlay-gradient":""}},"footnotes":""},"class_list":["post-5726","page","type-page","status-publish","hentry"],"yoast_head":"<!-- This site is optimized with the Yoast SEO plugin v27.1 - https:\/\/yoast.com\/product\/yoast-seo-wordpress\/ -->\n<title>Om Verket | Avesta Art<\/title>\n<meta name=\"description\" content=\"De st\u00e5tliga gamla j\u00e4rnverksbyggnaderna i Avesta \u00e4r idag ett museum och en kulturarena som inte liknar m\u00e5nga andra, fyllt med unika upplevelser. Verket bjuder sina bes\u00f6kare p\u00e5 en mix av historia, teknik, konst och kultur i den ovanligt v\u00e4lbevarade industrimilj\u00f6n.\" \/>\n<meta name=\"robots\" content=\"index, follow, max-snippet:-1, max-image-preview:large, max-video-preview:-1\" \/>\n<link rel=\"canonical\" href=\"https:\/\/verket.se\/svenska\/om-verket\/\" \/>\n<meta property=\"og:locale\" content=\"sv_SE\" \/>\n<meta property=\"og:type\" content=\"article\" \/>\n<meta property=\"og:title\" content=\"Om Verket | Avesta Art\" \/>\n<meta property=\"og:description\" content=\"De st\u00e5tliga gamla j\u00e4rnverksbyggnaderna i Avesta \u00e4r idag ett museum och en kulturarena som inte liknar m\u00e5nga andra, fyllt med unika upplevelser. Verket bjuder sina bes\u00f6kare p\u00e5 en mix av historia, teknik, konst och kultur i den ovanligt v\u00e4lbevarade industrimilj\u00f6n.\" \/>\n<meta property=\"og:url\" content=\"https:\/\/verket.se\/svenska\/om-verket\/\" \/>\n<meta property=\"og:site_name\" content=\"Verket\" \/>\n<meta property=\"article:modified_time\" content=\"2026-01-15T13:37:39+00:00\" \/>\n<meta name=\"twitter:card\" content=\"summary_large_image\" \/>\n<meta name=\"twitter:label1\" content=\"Ber\u00e4knad l\u00e4stid\" \/>\n\t<meta name=\"twitter:data1\" content=\"2 minuter\" \/>\n<script type=\"application\/ld+json\" class=\"yoast-schema-graph\">{\"@context\":\"https:\/\/schema.org\",\"@graph\":[{\"@type\":\"WebPage\",\"@id\":\"https:\/\/verket.se\/om-verket\/\",\"url\":\"https:\/\/verket.se\/om-verket\/\",\"name\":\"Om Verket | Avesta Art\",\"isPartOf\":{\"@id\":\"https:\/\/verket.se\/en\/#website\"},\"datePublished\":\"2019-02-14T10:47:15+00:00\",\"dateModified\":\"2026-01-15T13:37:39+00:00\",\"description\":\"De st\u00e5tliga gamla j\u00e4rnverksbyggnaderna i Avesta \u00e4r idag ett museum och en kulturarena som inte liknar m\u00e5nga andra, fyllt med unika upplevelser. Verket bjuder sina bes\u00f6kare p\u00e5 en mix av historia, teknik, konst och kultur i den ovanligt v\u00e4lbevarade industrimilj\u00f6n.\",\"breadcrumb\":{\"@id\":\"https:\/\/verket.se\/om-verket\/#breadcrumb\"},\"inLanguage\":\"sv-SE\",\"potentialAction\":[{\"@type\":\"ReadAction\",\"target\":[\"https:\/\/verket.se\/om-verket\/\"]}]},{\"@type\":\"BreadcrumbList\",\"@id\":\"https:\/\/verket.se\/om-verket\/#breadcrumb\",\"itemListElement\":[{\"@type\":\"ListItem\",\"position\":1,\"name\":\"Hem\",\"item\":\"https:\/\/verket.se\/\"},{\"@type\":\"ListItem\",\"position\":2,\"name\":\"Om Verket\"}]},{\"@type\":\"WebSite\",\"@id\":\"https:\/\/verket.se\/en\/#website\",\"url\":\"https:\/\/verket.se\/en\/\",\"name\":\"Verket\",\"description\":\"En del av Sveriges historia\",\"publisher\":{\"@id\":\"https:\/\/verket.se\/en\/#organization\"},\"potentialAction\":[{\"@type\":\"SearchAction\",\"target\":{\"@type\":\"EntryPoint\",\"urlTemplate\":\"https:\/\/verket.se\/en\/?s={search_term_string}\"},\"query-input\":{\"@type\":\"PropertyValueSpecification\",\"valueRequired\":true,\"valueName\":\"search_term_string\"}}],\"inLanguage\":\"sv-SE\"},{\"@type\":\"Organization\",\"@id\":\"https:\/\/verket.se\/en\/#organization\",\"name\":\"Verket\",\"url\":\"https:\/\/verket.se\/en\/\",\"logo\":{\"@type\":\"ImageObject\",\"inLanguage\":\"sv-SE\",\"@id\":\"https:\/\/verket.se\/en\/#\/schema\/logo\/image\/\",\"url\":\"https:\/\/www1.verket.se\/wp-content\/uploads\/2016\/08\/verket.png\",\"contentUrl\":\"https:\/\/www1.verket.se\/wp-content\/uploads\/2016\/08\/verket.png\",\"width\":455,\"height\":166,\"caption\":\"Verket\"},\"image\":{\"@id\":\"https:\/\/verket.se\/en\/#\/schema\/logo\/image\/\"}}]}<\/script>\n<!-- \/ Yoast SEO plugin. -->","yoast_head_json":{"title":"Om Verket | Avesta Art","description":"De st\u00e5tliga gamla j\u00e4rnverksbyggnaderna i Avesta \u00e4r idag ett museum och en kulturarena som inte liknar m\u00e5nga andra, fyllt med unika upplevelser. Verket bjuder sina bes\u00f6kare p\u00e5 en mix av historia, teknik, konst och kultur i den ovanligt v\u00e4lbevarade industrimilj\u00f6n.","robots":{"index":"index","follow":"follow","max-snippet":"max-snippet:-1","max-image-preview":"max-image-preview:large","max-video-preview":"max-video-preview:-1"},"canonical":"https:\/\/verket.se\/svenska\/om-verket\/","og_locale":"sv_SE","og_type":"article","og_title":"Om Verket | Avesta Art","og_description":"De st\u00e5tliga gamla j\u00e4rnverksbyggnaderna i Avesta \u00e4r idag ett museum och en kulturarena som inte liknar m\u00e5nga andra, fyllt med unika upplevelser. Verket bjuder sina bes\u00f6kare p\u00e5 en mix av historia, teknik, konst och kultur i den ovanligt v\u00e4lbevarade industrimilj\u00f6n.","og_url":"https:\/\/verket.se\/svenska\/om-verket\/","og_site_name":"Verket","article_modified_time":"2026-01-15T13:37:39+00:00","twitter_card":"summary_large_image","twitter_misc":{"Ber\u00e4knad l\u00e4stid":"2 minuter"},"schema":{"@context":"https:\/\/schema.org","@graph":[{"@type":"WebPage","@id":"https:\/\/verket.se\/om-verket\/","url":"https:\/\/verket.se\/om-verket\/","name":"Om Verket | Avesta Art","isPartOf":{"@id":"https:\/\/verket.se\/en\/#website"},"datePublished":"2019-02-14T10:47:15+00:00","dateModified":"2026-01-15T13:37:39+00:00","description":"De st\u00e5tliga gamla j\u00e4rnverksbyggnaderna i Avesta \u00e4r idag ett museum och en kulturarena som inte liknar m\u00e5nga andra, fyllt med unika upplevelser. Verket bjuder sina bes\u00f6kare p\u00e5 en mix av historia, teknik, konst och kultur i den ovanligt v\u00e4lbevarade industrimilj\u00f6n.","breadcrumb":{"@id":"https:\/\/verket.se\/om-verket\/#breadcrumb"},"inLanguage":"sv-SE","potentialAction":[{"@type":"ReadAction","target":["https:\/\/verket.se\/om-verket\/"]}]},{"@type":"BreadcrumbList","@id":"https:\/\/verket.se\/om-verket\/#breadcrumb","itemListElement":[{"@type":"ListItem","position":1,"name":"Hem","item":"https:\/\/verket.se\/"},{"@type":"ListItem","position":2,"name":"Om Verket"}]},{"@type":"WebSite","@id":"https:\/\/verket.se\/en\/#website","url":"https:\/\/verket.se\/en\/","name":"Verket","description":"En del av Sveriges historia","publisher":{"@id":"https:\/\/verket.se\/en\/#organization"},"potentialAction":[{"@type":"SearchAction","target":{"@type":"EntryPoint","urlTemplate":"https:\/\/verket.se\/en\/?s={search_term_string}"},"query-input":{"@type":"PropertyValueSpecification","valueRequired":true,"valueName":"search_term_string"}}],"inLanguage":"sv-SE"},{"@type":"Organization","@id":"https:\/\/verket.se\/en\/#organization","name":"Verket","url":"https:\/\/verket.se\/en\/","logo":{"@type":"ImageObject","inLanguage":"sv-SE","@id":"https:\/\/verket.se\/en\/#\/schema\/logo\/image\/","url":"https:\/\/www1.verket.se\/wp-content\/uploads\/2016\/08\/verket.png","contentUrl":"https:\/\/www1.verket.se\/wp-content\/uploads\/2016\/08\/verket.png","width":455,"height":166,"caption":"Verket"},"image":{"@id":"https:\/\/verket.se\/en\/#\/schema\/logo\/image\/"}}]}},"_links":{"self":[{"href":"https:\/\/verket.se\/svenska\/wp-json\/wp\/v2\/pages\/5726","targetHints":{"allow":["GET"]}}],"collection":[{"href":"https:\/\/verket.se\/svenska\/wp-json\/wp\/v2\/pages"}],"about":[{"href":"https:\/\/verket.se\/svenska\/wp-json\/wp\/v2\/types\/page"}],"author":[{"embeddable":true,"href":"https:\/\/verket.se\/svenska\/wp-json\/wp\/v2\/users\/1"}],"replies":[{"embeddable":true,"href":"https:\/\/verket.se\/svenska\/wp-json\/wp\/v2\/comments?post=5726"}],"version-history":[{"count":5,"href":"https:\/\/verket.se\/svenska\/wp-json\/wp\/v2\/pages\/5726\/revisions"}],"predecessor-version":[{"id":23443,"href":"https:\/\/verket.se\/svenska\/wp-json\/wp\/v2\/pages\/5726\/revisions\/23443"}],"wp:attachment":[{"href":"https:\/\/verket.se\/svenska\/wp-json\/wp\/v2\/media?parent=5726"}],"curies":[{"name":"wp","href":"https:\/\/api.w.org\/{rel}","templated":true}]}}