{"id":23232,"date":"2025-11-18T15:07:02","date_gmt":"2025-11-18T14:07:02","guid":{"rendered":"https:\/\/verket.se\/?page_id=23232"},"modified":"2026-02-11T13:41:52","modified_gmt":"2026-02-11T12:41:52","slug":"bussresearrangorer","status":"publish","type":"page","link":"https:\/\/verket.se\/svenska\/bussresearrangorer\/","title":{"rendered":"Bussresearrang\u00f6rer"},"content":{"rendered":"\t\t<div data-elementor-type=\"wp-page\" data-elementor-id=\"23232\" class=\"elementor elementor-23232\" data-elementor-post-type=\"page\">\n\t\t\t\t\t\t<section class=\"elementor-section elementor-top-section elementor-element elementor-element-515f55b elementor-section-boxed elementor-section-height-default elementor-section-height-default\" data-id=\"515f55b\" data-element_type=\"section\" data-e-type=\"section\">\n\t\t\t\t\t\t<div class=\"elementor-container elementor-column-gap-default\">\n\t\t\t\t\t<div class=\"elementor-column elementor-col-100 elementor-top-column elementor-element elementor-element-a688cbf\" data-id=\"a688cbf\" data-element_type=\"column\" data-e-type=\"column\">\n\t\t\t<div class=\"elementor-widget-wrap elementor-element-populated\">\n\t\t\t\t\t\t<div class=\"elementor-element elementor-element-aa837e7 elementor-widget elementor-widget-heading\" data-id=\"aa837e7\" data-element_type=\"widget\" data-e-type=\"widget\" data-widget_type=\"heading.default\">\n\t\t\t\t<div class=\"elementor-widget-container\">\n\t\t\t\t\t<h2 class=\"elementor-heading-title elementor-size-default\">F\u00f6r bussresearrang\u00f6rer<\/h2>\t\t\t\t<\/div>\n\t\t\t\t<\/div>\n\t\t\t\t<div class=\"elementor-element elementor-element-b3e7bd3 elementor-widget elementor-widget-spacer\" data-id=\"b3e7bd3\" data-element_type=\"widget\" data-e-type=\"widget\" data-widget_type=\"spacer.default\">\n\t\t\t\t<div class=\"elementor-widget-container\">\n\t\t\t\t\t\t\t<div class=\"elementor-spacer\">\n\t\t\t<div class=\"elementor-spacer-inner\"><\/div>\n\t\t<\/div>\n\t\t\t\t\t\t<\/div>\n\t\t\t\t<\/div>\n\t\t\t\t<div class=\"elementor-element elementor-element-21c8741 elementor-widget elementor-widget-text-editor\" data-id=\"21c8741\" data-element_type=\"widget\" data-e-type=\"widget\" data-widget_type=\"text-editor.default\">\n\t\t\t\t<div class=\"elementor-widget-container\">\n\t\t\t\t\t\t\t\t\t<p><span style=\"color: #000000;\">Att kliva in i Verket \u00e4r som att stiga rakt in i historien \u2013 en m\u00e4ktig industrimilj\u00f6 fr\u00e5n 1874 som idag \u00e4r ett industrimuseum med samtidskonstutst\u00e4llningen Avesta Art som p\u00e5g\u00e5r fr\u00e5n mitten av maj till mitten av september. De r\u00e5a industriv\u00e4ggarna och samtidskonst skapar en unik kombination som fascinerar b\u00e5de vana kulturresen\u00e4rer och f\u00f6rstag\u00e5ngsbes\u00f6kare.<\/span><\/p><p><span style=\"color: #000000;\">F\u00f6r att hinna uppleva allt i lugn och ro rekommenderar vi att man avs\u00e4tter ungef\u00e4r 1,5 timme \u2013 det \u00e4r stora ytor att utforska!<\/span><\/p>\t\t\t\t\t\t\t\t<\/div>\n\t\t\t\t<\/div>\n\t\t\t\t<section class=\"elementor-section elementor-inner-section elementor-element elementor-element-19bee40 elementor-section-boxed elementor-section-height-default elementor-section-height-default\" data-id=\"19bee40\" data-element_type=\"section\" data-e-type=\"section\">\n\t\t\t\t\t\t<div class=\"elementor-container elementor-column-gap-default\">\n\t\t\t\t\t<div class=\"elementor-column elementor-col-50 elementor-inner-column elementor-element elementor-element-3752192\" data-id=\"3752192\" data-element_type=\"column\" data-e-type=\"column\">\n\t\t\t<div class=\"elementor-widget-wrap elementor-element-populated\">\n\t\t\t\t\t\t<div class=\"elementor-element elementor-element-fb84fe5 elementor-widget elementor-widget-text-editor\" data-id=\"fb84fe5\" data-element_type=\"widget\" data-e-type=\"widget\" data-widget_type=\"text-editor.default\">\n\t\t\t\t<div class=\"elementor-widget-container\">\n\t\t\t\t\t\t\t\t\t<p><strong><span style=\"color: #000000;\">Guidade visningar<\/span><\/strong><\/p><p><span style=\"color: #000000;\">V\u00e5ra guidade visningar tar vanligtvis 75-90 minuter. Max 25 personer per grupp. Vid st\u00f6rre grupper delade i fler grupper samtidigt entr\u00e9pris+ 900 kr f\u00f6r f\u00f6rsta guiden och 700 kr per \u00f6vrig guide. Entr\u00e9priset \u00e4r d\u00e5 90 kr\/per person i st\u00e4llet f\u00f6r 150\/100 kr. V\u00e5ra guider anv\u00e4nder Strong Voice, ett tr\u00e5dl\u00f6st r\u00f6stf\u00f6rst\u00e4rkningssystem. Busschauff\u00f6ren\/reseledaren f\u00e5r g\u00e5 med kostnadsfritt och erbjuds kaffe om man vill ha.<\/span><\/p><p><strong><span style=\"color: #000000;\">Tillg\u00e4nglighet<\/span><\/strong><\/p><p><span style=\"color: #000000;\">Verket \u00e4r en antikvariskt bevarad industrimilj\u00f6 fr\u00e5n dess verksamhetstid. Vissa delar \u00e4r anpassade men det mesta \u00e4r i ursprungligt skick. Det betyder att varje bes\u00f6kare m\u00e5ste vara f\u00f6rsiktig och t\u00e4nka p\u00e5 f\u00f6ljande: Oj\u00e4mna golvytor, Branta trappor, Dunkel belysning, Dammig milj\u00f6, Kyla, fukt och isbel\u00e4ggningar (h\u00f6st, vinter, v\u00e5r). P\u00e5 v\u00e5ning 1 finns tv\u00e5 rullstolar f\u00f6r utl\u00e5ning. B\u00e4rbara f\u00e4llstolar finns f\u00f6r utl\u00e5ning, fr\u00e5ga i entr\u00e9n. Hiss mellan samtliga v\u00e5ningsplan.<\/span><\/p>\t\t\t\t\t\t\t\t<\/div>\n\t\t\t\t<\/div>\n\t\t\t\t<div class=\"elementor-element elementor-element-3f10d98 elementor-widget elementor-widget-image\" data-id=\"3f10d98\" data-element_type=\"widget\" data-e-type=\"widget\" data-widget_type=\"image.default\">\n\t\t\t\t<div class=\"elementor-widget-container\">\n\t\t\t\t\t\t\t\t\t\t\t\t\t\t\t<img fetchpriority=\"high\" decoding=\"async\" width=\"768\" height=\"1024\" src=\"https:\/\/verket.se\/wp-content\/uploads\/Bussfoto-framfor-Verket-768x1024.jpg\" class=\"attachment-medium_large size-medium_large wp-image-23237\" alt=\"Bussfoto framf\u00f6r Verket\" srcset=\"https:\/\/verket.se\/wp-content\/uploads\/Bussfoto-framfor-Verket-768x1024.jpg 768w, https:\/\/verket.se\/wp-content\/uploads\/Bussfoto-framfor-Verket-225x300.jpg 225w, https:\/\/verket.se\/wp-content\/uploads\/Bussfoto-framfor-Verket-1152x1536.jpg 1152w, https:\/\/verket.se\/wp-content\/uploads\/Bussfoto-framfor-Verket-1536x2048.jpg 1536w, https:\/\/verket.se\/wp-content\/uploads\/Bussfoto-framfor-Verket-9x12.jpg 9w, https:\/\/verket.se\/wp-content\/uploads\/Bussfoto-framfor-Verket-scaled.jpg 1920w\" sizes=\"(max-width: 768px) 100vw, 768px\" \/>\t\t\t\t\t\t\t\t\t\t\t\t\t\t\t<\/div>\n\t\t\t\t<\/div>\n\t\t\t\t\t<\/div>\n\t\t<\/div>\n\t\t\t\t<div class=\"elementor-column elementor-col-50 elementor-inner-column elementor-element elementor-element-eb7b83f\" data-id=\"eb7b83f\" data-element_type=\"column\" data-e-type=\"column\">\n\t\t\t<div class=\"elementor-widget-wrap elementor-element-populated\">\n\t\t\t\t\t\t<div class=\"elementor-element elementor-element-f83501d elementor-widget elementor-widget-text-editor\" data-id=\"f83501d\" data-element_type=\"widget\" data-e-type=\"widget\" data-widget_type=\"text-editor.default\">\n\t\t\t\t<div class=\"elementor-widget-container\">\n\t\t\t\t\t\t\t\t\t<p><strong><span style=\"color: #000000;\">Toaletter<\/span><\/strong><\/p><p><span style=\"color: #000000;\">Sju toaletter, varav tv\u00e5 handikappanpassade med sk\u00f6tbord, v\u00e5ning 1 och v\u00e5ning 00.<\/span><\/p><p><strong><span style=\"color: #000000;\">Caf\u00e9<\/span><\/strong><\/p><p><span style=\"color: #000000;\">I v\u00e5rt Caf\u00e9 som finns i direkt anslutning till entr\u00e9n kan ni best\u00e4lla fikabr\u00f6d\/sm\u00f6rg\u00e5sar som \u00e4r fri fr\u00e5n laktos, gluten och mj\u00f6lk.<\/span><\/p><p><strong><span style=\"color: #000000;\">Parkering<\/span><\/strong><\/p><p><span style=\"color: #000000;\">Gratis bussparkering i direkt anslutning till Verket. Det g\u00e5r bra att l\u00e5ta resen\u00e4rerna kliva av framf\u00f6r v\u00e5r huvudentr\u00e9 och f\u00f6r bes\u00f6kare med funktionsneds\u00e4ttning finns ing\u00e5ng p\u00e5 sidan av byggnaden.<\/span><\/p><p><strong><span style=\"color: #000000;\">\u00d6vrigt<\/span><\/strong><\/p><p><span style=\"color: #000000;\">40 l\u00e5sbara f\u00f6rvaringssk\u00e5p. Gratis att nyttja, mynt h\u00e4mtas i entr\u00e9n.<\/span><\/p><p><span style=\"color: #000000;\">Fri Wi-Fi.<\/span><\/p><p><strong><span style=\"color: #000000;\">Bokning<\/span><\/strong><\/p><p><span style=\"color: #000000;\">Avbokningsregler: Kostnadsfri avbokning senast 24 tim innan avtalat bes\u00f6k. Efter det debiteras guidekostnaden med 100%. Betalning kan ske p\u00e5 plats eller via fakturering.<\/span><\/p><p><span style=\"color: #000000;\">F\u00f6r bokning och fr\u00e5gor, kontakta oss p\u00e5: verket@avesta.se eller 0226-64 51 62\u00a0<\/span><\/p>\t\t\t\t\t\t\t\t<\/div>\n\t\t\t\t<\/div>\n\t\t\t\t\t<\/div>\n\t\t<\/div>\n\t\t\t\t\t<\/div>\n\t\t<\/section>\n\t\t\t\t\t<\/div>\n\t\t<\/div>\n\t\t\t\t\t<\/div>\n\t\t<\/section>\n\t\t\t\t<\/div>\n\t\t","protected":false},"excerpt":{"rendered":"<p>F\u00f6r bussresearrang\u00f6rer Att kliva in i Verket \u00e4r som att stiga rakt in i historien \u2013 en m\u00e4ktig industrimilj\u00f6 fr\u00e5n 1874 som idag \u00e4r ett industrimuseum med samtidskonstutst\u00e4llningen Avesta Art som p\u00e5g\u00e5r fr\u00e5n mitten av maj till mitten av september. De r\u00e5a industriv\u00e4ggarna och samtidskonst skapar en unik kombination som fascinerar b\u00e5de vana kulturresen\u00e4rer och [&hellip;]<\/p>\n","protected":false},"author":2,"featured_media":23237,"parent":0,"menu_order":0,"comment_status":"closed","ping_status":"closed","template":"","meta":{"site-sidebar-layout":"no-sidebar","site-content-layout":"page-builder","ast-site-content-layout":"full-width-container","site-content-style":"default","site-sidebar-style":"default","ast-global-header-display":"","ast-banner-title-visibility":"","ast-main-header-display":"","ast-hfb-above-header-display":"","ast-hfb-below-header-display":"","ast-hfb-mobile-header-display":"","site-post-title":"disabled","ast-breadcrumbs-content":"","ast-featured-img":"disabled","footer-sml-layout":"","ast-disable-related-posts":"","theme-transparent-header-meta":"","adv-header-id-meta":"","stick-header-meta":"","header-above-stick-meta":"","header-main-stick-meta":"","header-below-stick-meta":"","astra-migrate-meta-layouts":"set","ast-page-background-enabled":"default","ast-page-background-meta":{"desktop":{"background-color":"","background-image":"","background-repeat":"repeat","background-position":"center center","background-size":"auto","background-attachment":"scroll","background-type":"","background-media":"","overlay-type":"","overlay-color":"","overlay-opacity":"","overlay-gradient":""},"tablet":{"background-color":"","background-image":"","background-repeat":"repeat","background-position":"center center","background-size":"auto","background-attachment":"scroll","background-type":"","background-media":"","overlay-type":"","overlay-color":"","overlay-opacity":"","overlay-gradient":""},"mobile":{"background-color":"","background-image":"","background-repeat":"repeat","background-position":"center center","background-size":"auto","background-attachment":"scroll","background-type":"","background-media":"","overlay-type":"","overlay-color":"","overlay-opacity":"","overlay-gradient":""}},"ast-content-background-meta":{"desktop":{"background-color":"var(--ast-global-color-5)","background-image":"","background-repeat":"repeat","background-position":"center center","background-size":"auto","background-attachment":"scroll","background-type":"","background-media":"","overlay-type":"","overlay-color":"","overlay-opacity":"","overlay-gradient":""},"tablet":{"background-color":"var(--ast-global-color-5)","background-image":"","background-repeat":"repeat","background-position":"center center","background-size":"auto","background-attachment":"scroll","background-type":"","background-media":"","overlay-type":"","overlay-color":"","overlay-opacity":"","overlay-gradient":""},"mobile":{"background-color":"var(--ast-global-color-5)","background-image":"","background-repeat":"repeat","background-position":"center center","background-size":"auto","background-attachment":"scroll","background-type":"","background-media":"","overlay-type":"","overlay-color":"","overlay-opacity":"","overlay-gradient":""}},"footnotes":""},"class_list":["post-23232","page","type-page","status-publish","has-post-thumbnail","hentry"],"yoast_head":"<!-- This site is optimized with the Yoast SEO plugin v27.1 - https:\/\/yoast.com\/product\/yoast-seo-wordpress\/ -->\n<title>Bussresearrang\u00f6rer | Verket<\/title>\n<meta name=\"description\" content=\"Verket\/Avesta Art - f\u00f6r bussresearrang\u00f6rer Att kliva in i Verket \u00e4r som att stiga rakt in i historien \u2013 en m\u00e4ktig industrimilj\u00f6 fr\u00e5n 1874 som idag \u00e4r ett industrimuseum med samtidskonstutst\u00e4llningen Avesta Art som p\u00e5g\u00e5r fr\u00e5n mitten av maj till mitten av september. De r\u00e5a industriv\u00e4ggarna och samtidskonst skapar en unik kombination som fascinerar b\u00e5de vana kulturresen\u00e4rer och f\u00f6rstag\u00e5ngsbes\u00f6kare. F\u00f6r att hinna uppleva allt i lugn och ro rekommenderar vi att man avs\u00e4tter ungef\u00e4r 1,5 timme \u2013 det \u00e4r stora ytor att utforska! F\u00f6r bokning och fr\u00e5gor, kontakta oss p\u00e5: verket@avesta.se eller 0226-64 51 62 webb: https:\/\/verket.se\/svenska\/\" \/>\n<meta name=\"robots\" content=\"index, follow, max-snippet:-1, max-image-preview:large, max-video-preview:-1\" \/>\n<link rel=\"canonical\" href=\"https:\/\/verket.se\/svenska\/bussresearrangorer\/\" \/>\n<meta property=\"og:locale\" content=\"sv_SE\" \/>\n<meta property=\"og:type\" content=\"article\" \/>\n<meta property=\"og:title\" content=\"Bussresearrang\u00f6rer | Verket\" \/>\n<meta property=\"og:description\" content=\"Verket\/Avesta Art - f\u00f6r bussresearrang\u00f6rer Att kliva in i Verket \u00e4r som att stiga rakt in i historien \u2013 en m\u00e4ktig industrimilj\u00f6 fr\u00e5n 1874 som idag \u00e4r ett industrimuseum med samtidskonstutst\u00e4llningen Avesta Art som p\u00e5g\u00e5r fr\u00e5n mitten av maj till mitten av september. De r\u00e5a industriv\u00e4ggarna och samtidskonst skapar en unik kombination som fascinerar b\u00e5de vana kulturresen\u00e4rer och f\u00f6rstag\u00e5ngsbes\u00f6kare. F\u00f6r att hinna uppleva allt i lugn och ro rekommenderar vi att man avs\u00e4tter ungef\u00e4r 1,5 timme \u2013 det \u00e4r stora ytor att utforska! F\u00f6r bokning och fr\u00e5gor, kontakta oss p\u00e5: verket@avesta.se eller 0226-64 51 62 webb: https:\/\/verket.se\/svenska\/\" \/>\n<meta property=\"og:url\" content=\"https:\/\/verket.se\/svenska\/bussresearrangorer\/\" \/>\n<meta property=\"og:site_name\" content=\"Verket\" \/>\n<meta property=\"article:modified_time\" content=\"2026-02-11T12:41:52+00:00\" \/>\n<meta property=\"og:image\" content=\"https:\/\/verket.se\/wp-content\/uploads\/Bussfoto-framfor-Verket-scaled.jpg\" \/>\n\t<meta property=\"og:image:width\" content=\"1920\" \/>\n\t<meta property=\"og:image:height\" content=\"2560\" \/>\n\t<meta property=\"og:image:type\" content=\"image\/jpeg\" \/>\n<meta name=\"twitter:card\" content=\"summary_large_image\" \/>\n<meta name=\"twitter:label1\" content=\"Ber\u00e4knad l\u00e4stid\" \/>\n\t<meta name=\"twitter:data1\" content=\"2 minuter\" \/>\n<script type=\"application\/ld+json\" class=\"yoast-schema-graph\">{\"@context\":\"https:\/\/schema.org\",\"@graph\":[{\"@type\":\"WebPage\",\"@id\":\"https:\/\/verket.se\/bussresearrangorer\/\",\"url\":\"https:\/\/verket.se\/bussresearrangorer\/\",\"name\":\"Bussresearrang\u00f6rer | Verket\",\"isPartOf\":{\"@id\":\"https:\/\/verket.se\/en\/#website\"},\"primaryImageOfPage\":{\"@id\":\"https:\/\/verket.se\/bussresearrangorer\/#primaryimage\"},\"image\":{\"@id\":\"https:\/\/verket.se\/bussresearrangorer\/#primaryimage\"},\"thumbnailUrl\":\"https:\/\/verket.se\/wp-content\/uploads\/Bussfoto-framfor-Verket-scaled.jpg\",\"datePublished\":\"2025-11-18T14:07:02+00:00\",\"dateModified\":\"2026-02-11T12:41:52+00:00\",\"description\":\"Verket\/Avesta Art - f\u00f6r bussresearrang\u00f6rer Att kliva in i Verket \u00e4r som att stiga rakt in i historien \u2013 en m\u00e4ktig industrimilj\u00f6 fr\u00e5n 1874 som idag \u00e4r ett industrimuseum med samtidskonstutst\u00e4llningen Avesta Art som p\u00e5g\u00e5r fr\u00e5n mitten av maj till mitten av september. De r\u00e5a industriv\u00e4ggarna och samtidskonst skapar en unik kombination som fascinerar b\u00e5de vana kulturresen\u00e4rer och f\u00f6rstag\u00e5ngsbes\u00f6kare. F\u00f6r att hinna uppleva allt i lugn och ro rekommenderar vi att man avs\u00e4tter ungef\u00e4r 1,5 timme \u2013 det \u00e4r stora ytor att utforska! F\u00f6r bokning och fr\u00e5gor, kontakta oss p\u00e5: verket@avesta.se eller 0226-64 51 62 webb: https:\/\/verket.se\/svenska\/\",\"breadcrumb\":{\"@id\":\"https:\/\/verket.se\/bussresearrangorer\/#breadcrumb\"},\"inLanguage\":\"sv-SE\",\"potentialAction\":[{\"@type\":\"ReadAction\",\"target\":[\"https:\/\/verket.se\/bussresearrangorer\/\"]}]},{\"@type\":\"ImageObject\",\"inLanguage\":\"sv-SE\",\"@id\":\"https:\/\/verket.se\/bussresearrangorer\/#primaryimage\",\"url\":\"https:\/\/verket.se\/wp-content\/uploads\/Bussfoto-framfor-Verket-scaled.jpg\",\"contentUrl\":\"https:\/\/verket.se\/wp-content\/uploads\/Bussfoto-framfor-Verket-scaled.jpg\",\"width\":1920,\"height\":2560,\"caption\":\"Bussresor\"},{\"@type\":\"BreadcrumbList\",\"@id\":\"https:\/\/verket.se\/bussresearrangorer\/#breadcrumb\",\"itemListElement\":[{\"@type\":\"ListItem\",\"position\":1,\"name\":\"Hem\",\"item\":\"https:\/\/verket.se\/\"},{\"@type\":\"ListItem\",\"position\":2,\"name\":\"Bussresearrang\u00f6rer\"}]},{\"@type\":\"WebSite\",\"@id\":\"https:\/\/verket.se\/en\/#website\",\"url\":\"https:\/\/verket.se\/en\/\",\"name\":\"Verket\",\"description\":\"En del av Sveriges historia\",\"publisher\":{\"@id\":\"https:\/\/verket.se\/en\/#organization\"},\"potentialAction\":[{\"@type\":\"SearchAction\",\"target\":{\"@type\":\"EntryPoint\",\"urlTemplate\":\"https:\/\/verket.se\/en\/?s={search_term_string}\"},\"query-input\":{\"@type\":\"PropertyValueSpecification\",\"valueRequired\":true,\"valueName\":\"search_term_string\"}}],\"inLanguage\":\"sv-SE\"},{\"@type\":\"Organization\",\"@id\":\"https:\/\/verket.se\/en\/#organization\",\"name\":\"Verket\",\"url\":\"https:\/\/verket.se\/en\/\",\"logo\":{\"@type\":\"ImageObject\",\"inLanguage\":\"sv-SE\",\"@id\":\"https:\/\/verket.se\/en\/#\/schema\/logo\/image\/\",\"url\":\"https:\/\/www1.verket.se\/wp-content\/uploads\/2016\/08\/verket.png\",\"contentUrl\":\"https:\/\/www1.verket.se\/wp-content\/uploads\/2016\/08\/verket.png\",\"width\":455,\"height\":166,\"caption\":\"Verket\"},\"image\":{\"@id\":\"https:\/\/verket.se\/en\/#\/schema\/logo\/image\/\"}}]}<\/script>\n<!-- \/ Yoast SEO plugin. -->","yoast_head_json":{"title":"Bussresearrang\u00f6rer | Verket","description":"Verket\/Avesta Art - f\u00f6r bussresearrang\u00f6rer Att kliva in i Verket \u00e4r som att stiga rakt in i historien \u2013 en m\u00e4ktig industrimilj\u00f6 fr\u00e5n 1874 som idag \u00e4r ett industrimuseum med samtidskonstutst\u00e4llningen Avesta Art som p\u00e5g\u00e5r fr\u00e5n mitten av maj till mitten av september. De r\u00e5a industriv\u00e4ggarna och samtidskonst skapar en unik kombination som fascinerar b\u00e5de vana kulturresen\u00e4rer och f\u00f6rstag\u00e5ngsbes\u00f6kare. F\u00f6r att hinna uppleva allt i lugn och ro rekommenderar vi att man avs\u00e4tter ungef\u00e4r 1,5 timme \u2013 det \u00e4r stora ytor att utforska! F\u00f6r bokning och fr\u00e5gor, kontakta oss p\u00e5: verket@avesta.se eller 0226-64 51 62 webb: https:\/\/verket.se\/svenska\/","robots":{"index":"index","follow":"follow","max-snippet":"max-snippet:-1","max-image-preview":"max-image-preview:large","max-video-preview":"max-video-preview:-1"},"canonical":"https:\/\/verket.se\/svenska\/bussresearrangorer\/","og_locale":"sv_SE","og_type":"article","og_title":"Bussresearrang\u00f6rer | Verket","og_description":"Verket\/Avesta Art - f\u00f6r bussresearrang\u00f6rer Att kliva in i Verket \u00e4r som att stiga rakt in i historien \u2013 en m\u00e4ktig industrimilj\u00f6 fr\u00e5n 1874 som idag \u00e4r ett industrimuseum med samtidskonstutst\u00e4llningen Avesta Art som p\u00e5g\u00e5r fr\u00e5n mitten av maj till mitten av september. De r\u00e5a industriv\u00e4ggarna och samtidskonst skapar en unik kombination som fascinerar b\u00e5de vana kulturresen\u00e4rer och f\u00f6rstag\u00e5ngsbes\u00f6kare. F\u00f6r att hinna uppleva allt i lugn och ro rekommenderar vi att man avs\u00e4tter ungef\u00e4r 1,5 timme \u2013 det \u00e4r stora ytor att utforska! F\u00f6r bokning och fr\u00e5gor, kontakta oss p\u00e5: verket@avesta.se eller 0226-64 51 62 webb: https:\/\/verket.se\/svenska\/","og_url":"https:\/\/verket.se\/svenska\/bussresearrangorer\/","og_site_name":"Verket","article_modified_time":"2026-02-11T12:41:52+00:00","og_image":[{"width":1920,"height":2560,"url":"https:\/\/verket.se\/wp-content\/uploads\/Bussfoto-framfor-Verket-scaled.jpg","type":"image\/jpeg"}],"twitter_card":"summary_large_image","twitter_misc":{"Ber\u00e4knad l\u00e4stid":"2 minuter"},"schema":{"@context":"https:\/\/schema.org","@graph":[{"@type":"WebPage","@id":"https:\/\/verket.se\/bussresearrangorer\/","url":"https:\/\/verket.se\/bussresearrangorer\/","name":"Bussresearrang\u00f6rer | Verket","isPartOf":{"@id":"https:\/\/verket.se\/en\/#website"},"primaryImageOfPage":{"@id":"https:\/\/verket.se\/bussresearrangorer\/#primaryimage"},"image":{"@id":"https:\/\/verket.se\/bussresearrangorer\/#primaryimage"},"thumbnailUrl":"https:\/\/verket.se\/wp-content\/uploads\/Bussfoto-framfor-Verket-scaled.jpg","datePublished":"2025-11-18T14:07:02+00:00","dateModified":"2026-02-11T12:41:52+00:00","description":"Verket\/Avesta Art - f\u00f6r bussresearrang\u00f6rer Att kliva in i Verket \u00e4r som att stiga rakt in i historien \u2013 en m\u00e4ktig industrimilj\u00f6 fr\u00e5n 1874 som idag \u00e4r ett industrimuseum med samtidskonstutst\u00e4llningen Avesta Art som p\u00e5g\u00e5r fr\u00e5n mitten av maj till mitten av september. De r\u00e5a industriv\u00e4ggarna och samtidskonst skapar en unik kombination som fascinerar b\u00e5de vana kulturresen\u00e4rer och f\u00f6rstag\u00e5ngsbes\u00f6kare. F\u00f6r att hinna uppleva allt i lugn och ro rekommenderar vi att man avs\u00e4tter ungef\u00e4r 1,5 timme \u2013 det \u00e4r stora ytor att utforska! F\u00f6r bokning och fr\u00e5gor, kontakta oss p\u00e5: verket@avesta.se eller 0226-64 51 62 webb: https:\/\/verket.se\/svenska\/","breadcrumb":{"@id":"https:\/\/verket.se\/bussresearrangorer\/#breadcrumb"},"inLanguage":"sv-SE","potentialAction":[{"@type":"ReadAction","target":["https:\/\/verket.se\/bussresearrangorer\/"]}]},{"@type":"ImageObject","inLanguage":"sv-SE","@id":"https:\/\/verket.se\/bussresearrangorer\/#primaryimage","url":"https:\/\/verket.se\/wp-content\/uploads\/Bussfoto-framfor-Verket-scaled.jpg","contentUrl":"https:\/\/verket.se\/wp-content\/uploads\/Bussfoto-framfor-Verket-scaled.jpg","width":1920,"height":2560,"caption":"Bussresor"},{"@type":"BreadcrumbList","@id":"https:\/\/verket.se\/bussresearrangorer\/#breadcrumb","itemListElement":[{"@type":"ListItem","position":1,"name":"Hem","item":"https:\/\/verket.se\/"},{"@type":"ListItem","position":2,"name":"Bussresearrang\u00f6rer"}]},{"@type":"WebSite","@id":"https:\/\/verket.se\/en\/#website","url":"https:\/\/verket.se\/en\/","name":"Verket","description":"En del av Sveriges historia","publisher":{"@id":"https:\/\/verket.se\/en\/#organization"},"potentialAction":[{"@type":"SearchAction","target":{"@type":"EntryPoint","urlTemplate":"https:\/\/verket.se\/en\/?s={search_term_string}"},"query-input":{"@type":"PropertyValueSpecification","valueRequired":true,"valueName":"search_term_string"}}],"inLanguage":"sv-SE"},{"@type":"Organization","@id":"https:\/\/verket.se\/en\/#organization","name":"Verket","url":"https:\/\/verket.se\/en\/","logo":{"@type":"ImageObject","inLanguage":"sv-SE","@id":"https:\/\/verket.se\/en\/#\/schema\/logo\/image\/","url":"https:\/\/www1.verket.se\/wp-content\/uploads\/2016\/08\/verket.png","contentUrl":"https:\/\/www1.verket.se\/wp-content\/uploads\/2016\/08\/verket.png","width":455,"height":166,"caption":"Verket"},"image":{"@id":"https:\/\/verket.se\/en\/#\/schema\/logo\/image\/"}}]}},"_links":{"self":[{"href":"https:\/\/verket.se\/svenska\/wp-json\/wp\/v2\/pages\/23232","targetHints":{"allow":["GET"]}}],"collection":[{"href":"https:\/\/verket.se\/svenska\/wp-json\/wp\/v2\/pages"}],"about":[{"href":"https:\/\/verket.se\/svenska\/wp-json\/wp\/v2\/types\/page"}],"author":[{"embeddable":true,"href":"https:\/\/verket.se\/svenska\/wp-json\/wp\/v2\/users\/2"}],"replies":[{"embeddable":true,"href":"https:\/\/verket.se\/svenska\/wp-json\/wp\/v2\/comments?post=23232"}],"version-history":[{"count":5,"href":"https:\/\/verket.se\/svenska\/wp-json\/wp\/v2\/pages\/23232\/revisions"}],"predecessor-version":[{"id":23870,"href":"https:\/\/verket.se\/svenska\/wp-json\/wp\/v2\/pages\/23232\/revisions\/23870"}],"wp:featuredmedia":[{"embeddable":true,"href":"https:\/\/verket.se\/svenska\/wp-json\/wp\/v2\/media\/23237"}],"wp:attachment":[{"href":"https:\/\/verket.se\/svenska\/wp-json\/wp\/v2\/media?parent=23232"}],"curies":[{"name":"wp","href":"https:\/\/api.w.org\/{rel}","templated":true}]}}