{"id":23024,"date":"2025-09-22T11:49:09","date_gmt":"2025-09-22T09:49:09","guid":{"rendered":"https:\/\/verket.se\/?page_id=23024"},"modified":"2025-09-23T10:00:13","modified_gmt":"2025-09-23T08:00:13","slug":"hantverkare-tomtemarknad","status":"publish","type":"page","link":"https:\/\/verket.se\/svenska\/hantverkare-tomtemarknad\/","title":{"rendered":"Hantverkare Tomtemarknad"},"content":{"rendered":"\t\t<div data-elementor-type=\"wp-page\" data-elementor-id=\"23024\" class=\"elementor elementor-23024\" data-elementor-post-type=\"page\">\n\t\t\t\t\t\t<section class=\"elementor-section elementor-top-section elementor-element elementor-element-b7b77ff elementor-section-boxed elementor-section-height-default elementor-section-height-default\" data-id=\"b7b77ff\" data-element_type=\"section\" data-e-type=\"section\">\n\t\t\t\t\t\t<div class=\"elementor-container elementor-column-gap-default\">\n\t\t\t\t\t<div class=\"elementor-column elementor-col-100 elementor-top-column elementor-element elementor-element-595aadc\" data-id=\"595aadc\" data-element_type=\"column\" data-e-type=\"column\" data-settings=\"{&quot;background_background&quot;:&quot;classic&quot;}\">\n\t\t\t<div class=\"elementor-widget-wrap elementor-element-populated\">\n\t\t\t\t\t\t<div class=\"elementor-element elementor-element-c835b84 elementor-widget elementor-widget-heading\" data-id=\"c835b84\" data-element_type=\"widget\" data-e-type=\"widget\" data-widget_type=\"heading.default\">\n\t\t\t\t<div class=\"elementor-widget-container\">\n\t\t\t\t\t<h2 class=\"elementor-heading-title elementor-size-xl\">Tomtemarknad i Verket<\/h2>\t\t\t\t<\/div>\n\t\t\t\t<\/div>\n\t\t\t\t\t<\/div>\n\t\t<\/div>\n\t\t\t\t\t<\/div>\n\t\t<\/section>\n\t\t\t\t<section class=\"elementor-section elementor-top-section elementor-element elementor-element-88f631b elementor-section-boxed elementor-section-height-default elementor-section-height-default\" data-id=\"88f631b\" data-element_type=\"section\" data-e-type=\"section\">\n\t\t\t\t\t\t<div class=\"elementor-container elementor-column-gap-default\">\n\t\t\t\t\t<div class=\"elementor-column elementor-col-100 elementor-top-column elementor-element elementor-element-4ce7ba3\" data-id=\"4ce7ba3\" data-element_type=\"column\" data-e-type=\"column\">\n\t\t\t<div class=\"elementor-widget-wrap elementor-element-populated\">\n\t\t\t\t\t\t<div class=\"elementor-element elementor-element-21b1dc4 elementor-widget elementor-widget-spacer\" data-id=\"21b1dc4\" data-element_type=\"widget\" data-e-type=\"widget\" data-widget_type=\"spacer.default\">\n\t\t\t\t<div class=\"elementor-widget-container\">\n\t\t\t\t\t\t\t<div class=\"elementor-spacer\">\n\t\t\t<div class=\"elementor-spacer-inner\"><\/div>\n\t\t<\/div>\n\t\t\t\t\t\t<\/div>\n\t\t\t\t<\/div>\n\t\t\t\t<div class=\"elementor-element elementor-element-f9dc401 elementor-widget elementor-widget-heading\" data-id=\"f9dc401\" data-element_type=\"widget\" data-e-type=\"widget\" data-widget_type=\"heading.default\">\n\t\t\t\t<div class=\"elementor-widget-container\">\n\t\t\t\t\t<h2 class=\"elementor-heading-title elementor-size-default\">Verket - Dalarnas mest spektakul\u00e4ra plats f\u00f6r julmarknad v\u00e4lkomnar er<\/h2>\t\t\t\t<\/div>\n\t\t\t\t<\/div>\n\t\t\t\t<div class=\"elementor-element elementor-element-d5aecc6 elementor-widget elementor-widget-heading\" data-id=\"d5aecc6\" data-element_type=\"widget\" data-e-type=\"widget\" data-widget_type=\"heading.default\">\n\t\t\t\t<div class=\"elementor-widget-container\">\n\t\t\t\t\t<h2 class=\"elementor-heading-title elementor-size-default\">13 - 14 december\u00a0 2025 <\/h2>\t\t\t\t<\/div>\n\t\t\t\t<\/div>\n\t\t\t\t<div class=\"elementor-element elementor-element-49d53ff elementor-widget elementor-widget-spacer\" data-id=\"49d53ff\" data-element_type=\"widget\" data-e-type=\"widget\" data-widget_type=\"spacer.default\">\n\t\t\t\t<div class=\"elementor-widget-container\">\n\t\t\t\t\t\t\t<div class=\"elementor-spacer\">\n\t\t\t<div class=\"elementor-spacer-inner\"><\/div>\n\t\t<\/div>\n\t\t\t\t\t\t<\/div>\n\t\t\t\t<\/div>\n\t\t\t\t<div class=\"elementor-element elementor-element-0341207 elementor-widget elementor-widget-text-editor\" data-id=\"0341207\" data-element_type=\"widget\" data-e-type=\"widget\" data-widget_type=\"text-editor.default\">\n\t\t\t\t<div class=\"elementor-widget-container\">\n\t\t\t\t\t\t\t\t\t<p style=\"text-align: center;\"><span style=\"color: #000000;\">Nu \u00e4r det \u00e4ntligen dags f\u00f6r att b\u00f6rja ladda inf\u00f6r \u00e5rets h\u00e4rligaste h\u00e4ndelse, Verkets Tomtemarknad!<\/span><\/p><p style=\"text-align: center;\"><span style=\"color: #000000;\">\u00c5rets marknad kommer att ha n\u00e5gra nyheter som \u00e4r viktiga att ni s\u00e4ljare tar del av, d\u00e4rav viktigt att s\u00e4ljare nya som gamla l\u00e4ser igenom alla sidor i det h\u00e4r dokumentet.<\/span><\/p><p style=\"text-align: center;\"><span style=\"color: #000000;\">Den som f\u00e5r plats kommer att f\u00e5 en bekr\u00e4ftelse senast torsdag 24 oktober och vi kommer att fakturera l\u00e4ngre fram, allts\u00e5 ingen betalning innan erh\u00e5llen faktura.<\/span><\/p><p style=\"text-align: center;\"><span style=\"color: #000000;\">F\u00f6r att g\u00f6ra det smidigast i fakturahanteringen \u00e4r det viktigt att du uppger ditt personnummer \u2013 10 siffror eller organisationsnummer i din ans\u00f6kan.<\/span><\/p><p style=\"text-align: center;\">\u00a0<\/p>\t\t\t\t\t\t\t\t<\/div>\n\t\t\t\t<\/div>\n\t\t\t\t\t<\/div>\n\t\t<\/div>\n\t\t\t\t\t<\/div>\n\t\t<\/section>\n\t\t\t\t<section class=\"elementor-section elementor-top-section elementor-element elementor-element-afb4b0d elementor-section-boxed elementor-section-height-default elementor-section-height-default\" data-id=\"afb4b0d\" data-element_type=\"section\" data-e-type=\"section\">\n\t\t\t\t\t\t<div class=\"elementor-container elementor-column-gap-default\">\n\t\t\t\t\t<div class=\"elementor-column elementor-col-100 elementor-top-column elementor-element elementor-element-3d51803\" data-id=\"3d51803\" data-element_type=\"column\" data-e-type=\"column\">\n\t\t\t<div class=\"elementor-widget-wrap elementor-element-populated\">\n\t\t\t\t\t\t<section class=\"elementor-section elementor-inner-section elementor-element elementor-element-6354cbc elementor-section-boxed elementor-section-height-default elementor-section-height-default\" data-id=\"6354cbc\" data-element_type=\"section\" data-e-type=\"section\">\n\t\t\t\t\t\t<div class=\"elementor-container elementor-column-gap-default\">\n\t\t\t\t\t<div class=\"elementor-column elementor-col-50 elementor-inner-column elementor-element elementor-element-77b8315\" data-id=\"77b8315\" data-element_type=\"column\" data-e-type=\"column\">\n\t\t\t<div class=\"elementor-widget-wrap elementor-element-populated\">\n\t\t\t\t\t\t<div class=\"elementor-element elementor-element-d4503fa elementor-widget elementor-widget-text-editor\" data-id=\"d4503fa\" data-element_type=\"widget\" data-e-type=\"widget\" data-widget_type=\"text-editor.default\">\n\t\t\t\t<div class=\"elementor-widget-container\">\n\t\t\t\t\t\t\t\t\t<p><span style=\"color: #000000;\">Kriterier f\u00f6r medverkan \u2013 Tomtemarknaden 2025 <\/span><br \/><span style=\"color: #000000;\">F\u00f6r att medverka som utst\u00e4llare p\u00e5 Tomtemarknaden i Verket kr\u00e4vs att du uppfyller f\u00f6ljande kriterier:<\/span><\/p><p><strong><span style=\"color: #000000;\">1. Hantverk och sm\u00e5skalig produktion <\/span><\/strong><br \/><span style=\"color: #000000;\">Produkterna ska vara egentillverkade eller baserade p\u00e5 eget hantverk\/konsthantverk. <\/span><br \/><span style=\"color: #000000;\">Vi prioriterar sm\u00e5skalig produktion, inte \u00e5terf\u00f6rs\u00e4ljning eller massproducerade varor.<\/span><\/p><p><strong><span style=\"color: #000000;\">2. H\u00f6g kvalitet och tydlig formgivning <\/span><\/strong><br \/><span style=\"color: #000000;\">Produkterna ska h\u00e5lla god kvalitet vad g\u00e4ller materialval, utf\u00f6rande och estetik. <\/span><br \/><span style=\"color: #000000;\">Du ska kunna beskriva din process och ditt hantverksm\u00e4ssiga arbetss\u00e4tt.<\/span><\/p><p><strong><span style=\"color: #000000;\">3. Lokalproducerat och regional f\u00f6rankring <\/span><\/strong><br \/><span style=\"color: #000000;\">Utst\u00e4llare fr\u00e5n Avesta, Dalarna och n\u00e4romr\u00e5det prioriteras, men \u00e4ven andra kan antas om de erbjuder n\u00e5got unikt.<\/span><\/p><p><strong><span style=\"color: #000000;\">4. Variation och balans i utbudet <\/span><\/strong><br \/><span style=\"color: #000000;\">F\u00f6r att skapa en attraktiv marknad f\u00f6r bes\u00f6karna efterstr\u00e4var vi variation i sortimentet. <\/span><br \/><span style=\"color: #000000;\">Vi str\u00e4var efter balans mellan t.ex. textil, tr\u00e4, livsmedel, smycken och dekoration.<\/span><\/p><p><strong><span style=\"color: #000000;\">5. N\u00e4rvaro b\u00e5da dagarna <\/span><\/strong><br \/><span style=\"color: #000000;\">Alla utst\u00e4llare f\u00f6rv\u00e4ntas kunna delta under b\u00e5da marknadsdagarna. <\/span><br \/><br \/><strong><span style=\"color: #000000;\">S\u00e5 g\u00f6rs urvalet <\/span><\/strong><br \/><span style=\"color: #000000;\">Urvalet g\u00f6rs av en arbetsgrupp inom Verket, baserat p\u00e5 f\u00f6ljande principer: <\/span><br \/><span style=\"color: #000000;\">1. Genomg\u00e5ng av alla inkomna anm\u00e4lningar \u2013 vi tittar p\u00e5 beskrivning av produkter, bilder och eventuell tidigare medverkan. <\/span><br \/><span style=\"color: #000000;\">2. Bed\u00f6mning enligt kriterierna ovan \u2013 vi granskar varje anm\u00e4lan utifr\u00e5n hantverksm\u00e4ssighet, kvalitet, lokal koppling och variation. <\/span><br \/><span style=\"color: #000000;\">3. Helhetsbed\u00f6mning \u2013 vi s\u00e4kerst\u00e4ller att det totala utbudet blir m\u00e5ngsidigt, relevant f\u00f6r bes\u00f6kare och h\u00e5ller h\u00f6g niv\u00e5. <\/span><br \/><span style=\"color: #000000;\">4. Tidigare medverkan \u2013 regelbunden tidigare medverkan garanterar inte plats, men tas med i helhetsbed\u00f6mningen. <\/span><br \/><span style=\"color: #000000;\">Du f\u00e5r besked i oktober. Blir du antagen skickar vi avtal, praktisk information och instruktioner f\u00f6r platsf\u00f6rdelning.<\/span> <\/p>\t\t\t\t\t\t\t\t<\/div>\n\t\t\t\t<\/div>\n\t\t\t\t\t<\/div>\n\t\t<\/div>\n\t\t\t\t<div class=\"elementor-column elementor-col-50 elementor-inner-column elementor-element elementor-element-7afad72\" data-id=\"7afad72\" data-element_type=\"column\" data-e-type=\"column\">\n\t\t\t<div class=\"elementor-widget-wrap elementor-element-populated\">\n\t\t\t\t\t\t<div class=\"elementor-element elementor-element-759e6ae elementor-widget elementor-widget-text-editor\" data-id=\"759e6ae\" data-element_type=\"widget\" data-e-type=\"widget\" data-widget_type=\"text-editor.default\">\n\t\t\t\t<div class=\"elementor-widget-container\">\n\t\t\t\t\t\t\t\t\t<p><span style=\"color: #000000;\"><strong>Nyheter Verkets Tomtemarknad 2025<\/strong><\/span><\/p><p><span style=\"color: #000000;\">Anm\u00e4lan till marknaden blir digital \u2013 F\u00f6r att underl\u00e4tta v\u00e5r hantering av uppgifter kommer anm\u00e4lan till tomtemarknaden att bli digital i \u00e5r. Vi kommer givetvis att vara behj\u00e4lpliga i anm\u00e4lningsprocessen ifall ni av n\u00e5gon anledning inte har tillg\u00e5ng till dator eller telefon.<\/span><\/p><p><span style=\"color: #000000;\"><strong> L\u00e4nk till anm\u00e4lan:<\/strong> <span style=\"color: #0000ff;\"><a style=\"color: #0000ff;\" href=\"https:\/\/forms.office.com\/e\/0GMw9gigH4\">https:\/\/forms.office.com\/e\/0GMw9gigH4 <\/a><\/span><\/span><\/p><p><span style=\"color: #000000;\">eller varf\u00f6r inte skanna av QR-koden h\u00e4r nedan med din kamera och kom till formul\u00e4ret direkt.<\/span><\/p>\t\t\t\t\t\t\t\t<\/div>\n\t\t\t\t<\/div>\n\t\t\t\t<div class=\"elementor-element elementor-element-d7abef1 elementor-widget elementor-widget-image\" data-id=\"d7abef1\" data-element_type=\"widget\" data-e-type=\"widget\" data-widget_type=\"image.default\">\n\t\t\t\t<div class=\"elementor-widget-container\">\n\t\t\t\t\t\t\t\t\t\t\t\t\t\t\t<img decoding=\"async\" width=\"150\" height=\"150\" src=\"https:\/\/verket.se\/wp-content\/uploads\/qr-kod-anmalan-till-Tomtemarknaden-150x150.jpg\" class=\"attachment-thumbnail size-thumbnail wp-image-23090\" alt=\"qr kod anm\u00e4lan till Tomtemarknaden\" srcset=\"https:\/\/verket.se\/wp-content\/uploads\/qr-kod-anmalan-till-Tomtemarknaden-150x150.jpg 150w, https:\/\/verket.se\/wp-content\/uploads\/qr-kod-anmalan-till-Tomtemarknaden-300x300.jpg 300w, https:\/\/verket.se\/wp-content\/uploads\/qr-kod-anmalan-till-Tomtemarknaden-12x12.jpg 12w, https:\/\/verket.se\/wp-content\/uploads\/qr-kod-anmalan-till-Tomtemarknaden.jpg 504w\" sizes=\"(max-width: 150px) 100vw, 150px\" \/>\t\t\t\t\t\t\t\t\t\t\t\t\t\t\t<\/div>\n\t\t\t\t<\/div>\n\t\t\t\t<div class=\"elementor-element elementor-element-b06710d elementor-widget elementor-widget-text-editor\" data-id=\"b06710d\" data-element_type=\"widget\" data-e-type=\"widget\" data-widget_type=\"text-editor.default\">\n\t\t\t\t<div class=\"elementor-widget-container\">\n\t\t\t\t\t\t\t\t\t<p><span style=\"color: #000000;\">Fr\u00e5gor kontakta Verket: verket@avesta.se eller 0226 &#8211; 64 51 62<\/span><\/p>\t\t\t\t\t\t\t\t<\/div>\n\t\t\t\t<\/div>\n\t\t\t\t\t<\/div>\n\t\t<\/div>\n\t\t\t\t\t<\/div>\n\t\t<\/section>\n\t\t\t\t\t<\/div>\n\t\t<\/div>\n\t\t\t\t\t<\/div>\n\t\t<\/section>\n\t\t\t\t<\/div>\n\t\t","protected":false},"excerpt":{"rendered":"<p>Tomtemarknad i Verket Verket &#8211; Dalarnas mest spektakul\u00e4ra plats f\u00f6r julmarknad v\u00e4lkomnar er 13 &#8211; 14 december\u00a0 2025 Nu \u00e4r det \u00e4ntligen dags f\u00f6r att b\u00f6rja ladda inf\u00f6r \u00e5rets h\u00e4rligaste h\u00e4ndelse, Verkets Tomtemarknad! \u00c5rets marknad kommer att ha n\u00e5gra nyheter som \u00e4r viktiga att ni s\u00e4ljare tar del av, d\u00e4rav viktigt att s\u00e4ljare nya som [&hellip;]<\/p>\n","protected":false},"author":2,"featured_media":19774,"parent":0,"menu_order":0,"comment_status":"closed","ping_status":"closed","template":"","meta":{"site-sidebar-layout":"no-sidebar","site-content-layout":"page-builder","ast-site-content-layout":"full-width-container","site-content-style":"default","site-sidebar-style":"default","ast-global-header-display":"","ast-banner-title-visibility":"","ast-main-header-display":"","ast-hfb-above-header-display":"","ast-hfb-below-header-display":"","ast-hfb-mobile-header-display":"","site-post-title":"disabled","ast-breadcrumbs-content":"","ast-featured-img":"disabled","footer-sml-layout":"","ast-disable-related-posts":"","theme-transparent-header-meta":"","adv-header-id-meta":"","stick-header-meta":"","header-above-stick-meta":"","header-main-stick-meta":"","header-below-stick-meta":"","astra-migrate-meta-layouts":"set","ast-page-background-enabled":"default","ast-page-background-meta":{"desktop":{"background-color":"","background-image":"","background-repeat":"repeat","background-position":"center center","background-size":"auto","background-attachment":"scroll","background-type":"","background-media":"","overlay-type":"","overlay-color":"","overlay-opacity":"","overlay-gradient":""},"tablet":{"background-color":"","background-image":"","background-repeat":"repeat","background-position":"center center","background-size":"auto","background-attachment":"scroll","background-type":"","background-media":"","overlay-type":"","overlay-color":"","overlay-opacity":"","overlay-gradient":""},"mobile":{"background-color":"","background-image":"","background-repeat":"repeat","background-position":"center center","background-size":"auto","background-attachment":"scroll","background-type":"","background-media":"","overlay-type":"","overlay-color":"","overlay-opacity":"","overlay-gradient":""}},"ast-content-background-meta":{"desktop":{"background-color":"var(--ast-global-color-5)","background-image":"","background-repeat":"repeat","background-position":"center center","background-size":"auto","background-attachment":"scroll","background-type":"","background-media":"","overlay-type":"","overlay-color":"","overlay-opacity":"","overlay-gradient":""},"tablet":{"background-color":"var(--ast-global-color-5)","background-image":"","background-repeat":"repeat","background-position":"center center","background-size":"auto","background-attachment":"scroll","background-type":"","background-media":"","overlay-type":"","overlay-color":"","overlay-opacity":"","overlay-gradient":""},"mobile":{"background-color":"var(--ast-global-color-5)","background-image":"","background-repeat":"repeat","background-position":"center center","background-size":"auto","background-attachment":"scroll","background-type":"","background-media":"","overlay-type":"","overlay-color":"","overlay-opacity":"","overlay-gradient":""}},"footnotes":""},"class_list":["post-23024","page","type-page","status-publish","has-post-thumbnail","hentry"],"yoast_head":"<!-- This site is optimized with the Yoast SEO plugin v27.1 - https:\/\/yoast.com\/product\/yoast-seo-wordpress\/ -->\n<title>Hantverkare Tomtemarknad | Verket<\/title>\n<meta name=\"description\" content=\"Hantverkare v\u00e4lkomna att ans\u00f6ka om plats f\u00f6r f\u00f6rs\u00e4ljning p\u00e5 v\u00e5r Tomtemarknad 13-14\/12 2025.\" \/>\n<meta name=\"robots\" content=\"index, follow, max-snippet:-1, max-image-preview:large, max-video-preview:-1\" \/>\n<link rel=\"canonical\" href=\"https:\/\/verket.se\/svenska\/hantverkare-tomtemarknad\/\" \/>\n<meta property=\"og:locale\" content=\"sv_SE\" \/>\n<meta property=\"og:type\" content=\"article\" \/>\n<meta property=\"og:title\" content=\"Hantverkare Tomtemarknad | Verket\" \/>\n<meta property=\"og:description\" content=\"Hantverkare v\u00e4lkomna att ans\u00f6ka om plats f\u00f6r f\u00f6rs\u00e4ljning p\u00e5 v\u00e5r Tomtemarknad 13-14\/12 2025.\" \/>\n<meta property=\"og:url\" content=\"https:\/\/verket.se\/svenska\/hantverkare-tomtemarknad\/\" \/>\n<meta property=\"og:site_name\" content=\"Verket\" \/>\n<meta property=\"article:modified_time\" content=\"2025-09-23T08:00:13+00:00\" \/>\n<meta property=\"og:image\" content=\"https:\/\/verket.se\/wp-content\/uploads\/Tomtemarknad-foto-Sussie-Carlzon.jpg\" \/>\n\t<meta property=\"og:image:width\" content=\"1920\" \/>\n\t<meta property=\"og:image:height\" content=\"1080\" \/>\n\t<meta property=\"og:image:type\" content=\"image\/jpeg\" \/>\n<meta name=\"twitter:card\" content=\"summary_large_image\" \/>\n<meta name=\"twitter:label1\" content=\"Ber\u00e4knad l\u00e4stid\" \/>\n\t<meta name=\"twitter:data1\" content=\"3 minuter\" \/>\n<script type=\"application\/ld+json\" class=\"yoast-schema-graph\">{\"@context\":\"https:\/\/schema.org\",\"@graph\":[{\"@type\":\"WebPage\",\"@id\":\"https:\/\/verket.se\/hantverkare-tomtemarknad\/\",\"url\":\"https:\/\/verket.se\/hantverkare-tomtemarknad\/\",\"name\":\"Hantverkare Tomtemarknad | Verket\",\"isPartOf\":{\"@id\":\"https:\/\/verket.se\/en\/#website\"},\"primaryImageOfPage\":{\"@id\":\"https:\/\/verket.se\/hantverkare-tomtemarknad\/#primaryimage\"},\"image\":{\"@id\":\"https:\/\/verket.se\/hantverkare-tomtemarknad\/#primaryimage\"},\"thumbnailUrl\":\"https:\/\/verket.se\/wp-content\/uploads\/Tomtemarknad-foto-Sussie-Carlzon.jpg\",\"datePublished\":\"2025-09-22T09:49:09+00:00\",\"dateModified\":\"2025-09-23T08:00:13+00:00\",\"description\":\"Hantverkare v\u00e4lkomna att ans\u00f6ka om plats f\u00f6r f\u00f6rs\u00e4ljning p\u00e5 v\u00e5r Tomtemarknad 13-14\/12 2025.\",\"breadcrumb\":{\"@id\":\"https:\/\/verket.se\/hantverkare-tomtemarknad\/#breadcrumb\"},\"inLanguage\":\"sv-SE\",\"potentialAction\":[{\"@type\":\"ReadAction\",\"target\":[\"https:\/\/verket.se\/hantverkare-tomtemarknad\/\"]}]},{\"@type\":\"ImageObject\",\"inLanguage\":\"sv-SE\",\"@id\":\"https:\/\/verket.se\/hantverkare-tomtemarknad\/#primaryimage\",\"url\":\"https:\/\/verket.se\/wp-content\/uploads\/Tomtemarknad-foto-Sussie-Carlzon.jpg\",\"contentUrl\":\"https:\/\/verket.se\/wp-content\/uploads\/Tomtemarknad-foto-Sussie-Carlzon.jpg\",\"width\":1920,\"height\":1080,\"caption\":\"Tomtemarknad foto Sussie Carlzon\"},{\"@type\":\"BreadcrumbList\",\"@id\":\"https:\/\/verket.se\/hantverkare-tomtemarknad\/#breadcrumb\",\"itemListElement\":[{\"@type\":\"ListItem\",\"position\":1,\"name\":\"Hem\",\"item\":\"https:\/\/verket.se\/\"},{\"@type\":\"ListItem\",\"position\":2,\"name\":\"Hantverkare Tomtemarknad\"}]},{\"@type\":\"WebSite\",\"@id\":\"https:\/\/verket.se\/en\/#website\",\"url\":\"https:\/\/verket.se\/en\/\",\"name\":\"Verket\",\"description\":\"En del av Sveriges historia\",\"publisher\":{\"@id\":\"https:\/\/verket.se\/en\/#organization\"},\"potentialAction\":[{\"@type\":\"SearchAction\",\"target\":{\"@type\":\"EntryPoint\",\"urlTemplate\":\"https:\/\/verket.se\/en\/?s={search_term_string}\"},\"query-input\":{\"@type\":\"PropertyValueSpecification\",\"valueRequired\":true,\"valueName\":\"search_term_string\"}}],\"inLanguage\":\"sv-SE\"},{\"@type\":\"Organization\",\"@id\":\"https:\/\/verket.se\/en\/#organization\",\"name\":\"Verket\",\"url\":\"https:\/\/verket.se\/en\/\",\"logo\":{\"@type\":\"ImageObject\",\"inLanguage\":\"sv-SE\",\"@id\":\"https:\/\/verket.se\/en\/#\/schema\/logo\/image\/\",\"url\":\"https:\/\/www1.verket.se\/wp-content\/uploads\/2016\/08\/verket.png\",\"contentUrl\":\"https:\/\/www1.verket.se\/wp-content\/uploads\/2016\/08\/verket.png\",\"width\":455,\"height\":166,\"caption\":\"Verket\"},\"image\":{\"@id\":\"https:\/\/verket.se\/en\/#\/schema\/logo\/image\/\"}}]}<\/script>\n<!-- \/ Yoast SEO plugin. -->","yoast_head_json":{"title":"Hantverkare Tomtemarknad | Verket","description":"Hantverkare v\u00e4lkomna att ans\u00f6ka om plats f\u00f6r f\u00f6rs\u00e4ljning p\u00e5 v\u00e5r Tomtemarknad 13-14\/12 2025.","robots":{"index":"index","follow":"follow","max-snippet":"max-snippet:-1","max-image-preview":"max-image-preview:large","max-video-preview":"max-video-preview:-1"},"canonical":"https:\/\/verket.se\/svenska\/hantverkare-tomtemarknad\/","og_locale":"sv_SE","og_type":"article","og_title":"Hantverkare Tomtemarknad | Verket","og_description":"Hantverkare v\u00e4lkomna att ans\u00f6ka om plats f\u00f6r f\u00f6rs\u00e4ljning p\u00e5 v\u00e5r Tomtemarknad 13-14\/12 2025.","og_url":"https:\/\/verket.se\/svenska\/hantverkare-tomtemarknad\/","og_site_name":"Verket","article_modified_time":"2025-09-23T08:00:13+00:00","og_image":[{"width":1920,"height":1080,"url":"https:\/\/verket.se\/wp-content\/uploads\/Tomtemarknad-foto-Sussie-Carlzon.jpg","type":"image\/jpeg"}],"twitter_card":"summary_large_image","twitter_misc":{"Ber\u00e4knad l\u00e4stid":"3 minuter"},"schema":{"@context":"https:\/\/schema.org","@graph":[{"@type":"WebPage","@id":"https:\/\/verket.se\/hantverkare-tomtemarknad\/","url":"https:\/\/verket.se\/hantverkare-tomtemarknad\/","name":"Hantverkare Tomtemarknad | Verket","isPartOf":{"@id":"https:\/\/verket.se\/en\/#website"},"primaryImageOfPage":{"@id":"https:\/\/verket.se\/hantverkare-tomtemarknad\/#primaryimage"},"image":{"@id":"https:\/\/verket.se\/hantverkare-tomtemarknad\/#primaryimage"},"thumbnailUrl":"https:\/\/verket.se\/wp-content\/uploads\/Tomtemarknad-foto-Sussie-Carlzon.jpg","datePublished":"2025-09-22T09:49:09+00:00","dateModified":"2025-09-23T08:00:13+00:00","description":"Hantverkare v\u00e4lkomna att ans\u00f6ka om plats f\u00f6r f\u00f6rs\u00e4ljning p\u00e5 v\u00e5r Tomtemarknad 13-14\/12 2025.","breadcrumb":{"@id":"https:\/\/verket.se\/hantverkare-tomtemarknad\/#breadcrumb"},"inLanguage":"sv-SE","potentialAction":[{"@type":"ReadAction","target":["https:\/\/verket.se\/hantverkare-tomtemarknad\/"]}]},{"@type":"ImageObject","inLanguage":"sv-SE","@id":"https:\/\/verket.se\/hantverkare-tomtemarknad\/#primaryimage","url":"https:\/\/verket.se\/wp-content\/uploads\/Tomtemarknad-foto-Sussie-Carlzon.jpg","contentUrl":"https:\/\/verket.se\/wp-content\/uploads\/Tomtemarknad-foto-Sussie-Carlzon.jpg","width":1920,"height":1080,"caption":"Tomtemarknad foto Sussie Carlzon"},{"@type":"BreadcrumbList","@id":"https:\/\/verket.se\/hantverkare-tomtemarknad\/#breadcrumb","itemListElement":[{"@type":"ListItem","position":1,"name":"Hem","item":"https:\/\/verket.se\/"},{"@type":"ListItem","position":2,"name":"Hantverkare Tomtemarknad"}]},{"@type":"WebSite","@id":"https:\/\/verket.se\/en\/#website","url":"https:\/\/verket.se\/en\/","name":"Verket","description":"En del av Sveriges historia","publisher":{"@id":"https:\/\/verket.se\/en\/#organization"},"potentialAction":[{"@type":"SearchAction","target":{"@type":"EntryPoint","urlTemplate":"https:\/\/verket.se\/en\/?s={search_term_string}"},"query-input":{"@type":"PropertyValueSpecification","valueRequired":true,"valueName":"search_term_string"}}],"inLanguage":"sv-SE"},{"@type":"Organization","@id":"https:\/\/verket.se\/en\/#organization","name":"Verket","url":"https:\/\/verket.se\/en\/","logo":{"@type":"ImageObject","inLanguage":"sv-SE","@id":"https:\/\/verket.se\/en\/#\/schema\/logo\/image\/","url":"https:\/\/www1.verket.se\/wp-content\/uploads\/2016\/08\/verket.png","contentUrl":"https:\/\/www1.verket.se\/wp-content\/uploads\/2016\/08\/verket.png","width":455,"height":166,"caption":"Verket"},"image":{"@id":"https:\/\/verket.se\/en\/#\/schema\/logo\/image\/"}}]}},"_links":{"self":[{"href":"https:\/\/verket.se\/svenska\/wp-json\/wp\/v2\/pages\/23024","targetHints":{"allow":["GET"]}}],"collection":[{"href":"https:\/\/verket.se\/svenska\/wp-json\/wp\/v2\/pages"}],"about":[{"href":"https:\/\/verket.se\/svenska\/wp-json\/wp\/v2\/types\/page"}],"author":[{"embeddable":true,"href":"https:\/\/verket.se\/svenska\/wp-json\/wp\/v2\/users\/2"}],"replies":[{"embeddable":true,"href":"https:\/\/verket.se\/svenska\/wp-json\/wp\/v2\/comments?post=23024"}],"version-history":[{"count":5,"href":"https:\/\/verket.se\/svenska\/wp-json\/wp\/v2\/pages\/23024\/revisions"}],"predecessor-version":[{"id":23099,"href":"https:\/\/verket.se\/svenska\/wp-json\/wp\/v2\/pages\/23024\/revisions\/23099"}],"wp:featuredmedia":[{"embeddable":true,"href":"https:\/\/verket.se\/svenska\/wp-json\/wp\/v2\/media\/19774"}],"wp:attachment":[{"href":"https:\/\/verket.se\/svenska\/wp-json\/wp\/v2\/media?parent=23024"}],"curies":[{"name":"wp","href":"https:\/\/api.w.org\/{rel}","templated":true}]}}