{"id":14877,"date":"2023-08-30T13:38:04","date_gmt":"2023-08-30T11:38:04","guid":{"rendered":"https:\/\/verket.se\/?page_id=14877"},"modified":"2026-01-15T09:41:13","modified_gmt":"2026-01-15T08:41:13","slug":"besoksinformation-2","status":"publish","type":"page","link":"https:\/\/verket.se\/svenska\/besoksinformation-2\/","title":{"rendered":"Bes\u00f6ksinformation"},"content":{"rendered":"\t\t<div data-elementor-type=\"wp-page\" data-elementor-id=\"14877\" class=\"elementor elementor-14877\" data-elementor-post-type=\"page\">\n\t\t\t\t\t\t<section class=\"elementor-section elementor-top-section elementor-element elementor-element-6e83c43 elementor-section-boxed elementor-section-height-default elementor-section-height-default\" data-id=\"6e83c43\" data-element_type=\"section\" data-e-type=\"section\">\n\t\t\t\t\t\t<div class=\"elementor-container elementor-column-gap-default\">\n\t\t\t\t\t<div class=\"elementor-column elementor-col-100 elementor-top-column elementor-element elementor-element-59fb821\" data-id=\"59fb821\" data-element_type=\"column\" data-e-type=\"column\">\n\t\t\t<div class=\"elementor-widget-wrap elementor-element-populated\">\n\t\t\t\t\t\t<section class=\"elementor-section elementor-inner-section elementor-element elementor-element-f87e6be elementor-section-boxed elementor-section-height-default elementor-section-height-default\" data-id=\"f87e6be\" data-element_type=\"section\" data-e-type=\"section\">\n\t\t\t\t\t\t<div class=\"elementor-container elementor-column-gap-default\">\n\t\t\t\t\t<div class=\"elementor-column elementor-col-50 elementor-inner-column elementor-element elementor-element-bd2d45a\" data-id=\"bd2d45a\" data-element_type=\"column\" data-e-type=\"column\">\n\t\t\t<div class=\"elementor-widget-wrap elementor-element-populated\">\n\t\t\t\t\t\t<div class=\"elementor-element elementor-element-a93ec67 elementor-widget elementor-widget-heading\" data-id=\"a93ec67\" data-element_type=\"widget\" data-e-type=\"widget\" data-widget_type=\"heading.default\">\n\t\t\t\t<div class=\"elementor-widget-container\">\n\t\t\t\t\t<h2 class=\"elementor-heading-title elementor-size-default\">Bes\u00f6ksinformation<\/h2>\t\t\t\t<\/div>\n\t\t\t\t<\/div>\n\t\t\t\t\t<\/div>\n\t\t<\/div>\n\t\t\t\t<div class=\"elementor-column elementor-col-50 elementor-inner-column elementor-element elementor-element-a726745\" data-id=\"a726745\" data-element_type=\"column\" data-e-type=\"column\">\n\t\t\t<div class=\"elementor-widget-wrap\">\n\t\t\t\t\t\t\t<\/div>\n\t\t<\/div>\n\t\t\t\t\t<\/div>\n\t\t<\/section>\n\t\t\t\t<section class=\"elementor-section elementor-inner-section elementor-element elementor-element-290d7a8 elementor-section-boxed elementor-section-height-default elementor-section-height-default\" data-id=\"290d7a8\" data-element_type=\"section\" data-e-type=\"section\">\n\t\t\t\t\t\t<div class=\"elementor-container elementor-column-gap-default\">\n\t\t\t\t\t<div class=\"elementor-column elementor-col-50 elementor-inner-column elementor-element elementor-element-25921e5\" data-id=\"25921e5\" data-element_type=\"column\" data-e-type=\"column\">\n\t\t\t<div class=\"elementor-widget-wrap elementor-element-populated\">\n\t\t\t\t\t\t<div class=\"elementor-element elementor-element-8dd84f3 elementor-tabs-view-vertical elementor-widget elementor-widget-tabs\" data-id=\"8dd84f3\" data-element_type=\"widget\" data-e-type=\"widget\" data-widget_type=\"tabs.default\">\n\t\t\t\t<div class=\"elementor-widget-container\">\n\t\t\t\t\t\t\t<div class=\"elementor-tabs\">\n\t\t\t<div class=\"elementor-tabs-wrapper\" role=\"tablist\" >\n\t\t\t\t\t\t\t\t\t<div id=\"elementor-tab-title-1481\" class=\"elementor-tab-title elementor-tab-desktop-title\" aria-selected=\"true\" data-tab=\"1\" role=\"tab\" tabindex=\"0\" aria-controls=\"elementor-tab-content-1481\" aria-expanded=\"false\">Inf\u00f6r bes\u00f6ket<\/div>\n\t\t\t\t\t\t\t\t\t<div id=\"elementor-tab-title-1482\" class=\"elementor-tab-title elementor-tab-desktop-title\" aria-selected=\"false\" data-tab=\"2\" role=\"tab\" tabindex=\"-1\" aria-controls=\"elementor-tab-content-1482\" aria-expanded=\"false\">Tillg\u00e4nglighet<\/div>\n\t\t\t\t\t\t\t\t\t<div id=\"elementor-tab-title-1483\" class=\"elementor-tab-title elementor-tab-desktop-title\" aria-selected=\"false\" data-tab=\"3\" role=\"tab\" tabindex=\"-1\" aria-controls=\"elementor-tab-content-1483\" aria-expanded=\"false\">Hitta hit<\/div>\n\t\t\t\t\t\t\t\t\t<div id=\"elementor-tab-title-1484\" class=\"elementor-tab-title elementor-tab-desktop-title\" aria-selected=\"false\" data-tab=\"4\" role=\"tab\" tabindex=\"-1\" aria-controls=\"elementor-tab-content-1484\" aria-expanded=\"false\">Parkering<\/div>\n\t\t\t\t\t\t\t\t\t<div id=\"elementor-tab-title-1485\" class=\"elementor-tab-title elementor-tab-desktop-title\" aria-selected=\"false\" data-tab=\"5\" role=\"tab\" tabindex=\"-1\" aria-controls=\"elementor-tab-content-1485\" aria-expanded=\"false\">Kontakta Verket<\/div>\n\t\t\t\t\t\t\t<\/div>\n\t\t\t<div class=\"elementor-tabs-content-wrapper\" role=\"tablist\" aria-orientation=\"vertical\">\n\t\t\t\t\t\t\t\t\t<div class=\"elementor-tab-title elementor-tab-mobile-title\" aria-selected=\"true\" data-tab=\"1\" role=\"tab\" tabindex=\"0\" aria-controls=\"elementor-tab-content-1481\" aria-expanded=\"false\">Inf\u00f6r bes\u00f6ket<\/div>\n\t\t\t\t\t<div id=\"elementor-tab-content-1481\" class=\"elementor-tab-content elementor-clearfix\" data-tab=\"1\" role=\"tabpanel\" aria-labelledby=\"elementor-tab-title-1481\" tabindex=\"0\" hidden=\"false\"><p>F\u00f6r att hinna uppleva allt i lugn och ro rekommenderar vi att du avs\u00e4tter ungef\u00e4r 1,5 timme \u2013 det \u00e4r stora ytor att utforska!<\/p><p>V\u00e5ra guidade visningar tar vanligtvis mellan 1 timme och 15 minuter och 1 timme och 30 minuter.<\/p><p><span style=\"color: #000000;\">Verket \u00e4r en antikvariskt bevarad industrimilj\u00f6 fr\u00e5n dess verksamhetstid. <\/span><\/p><p><span style=\"color: #000000;\">Vissa delar \u00e4r anpassade men det mesta \u00e4r i ursprungligt skick.<\/span><\/p><p><span style=\"color: #000000;\">Det betyder att varje bes\u00f6kare m\u00e5ste vara f\u00f6rsiktig och t\u00e4nka p\u00e5 f\u00f6ljande: <\/span><span style=\"color: #000000;\">Oj\u00e4mna golvytor, <\/span><span style=\"color: #000000;\">Branta trappor,\u00a0<\/span><span style=\"color: #000000;\">Dunkel belysning, Dammig milj\u00f6, <\/span><span style=\"color: #000000;\">Kyla, fukt och isbel\u00e4ggningar (h\u00f6st, vinter, v\u00e5r)<\/span><\/p><\/div>\n\t\t\t\t\t\t\t\t\t<div class=\"elementor-tab-title elementor-tab-mobile-title\" aria-selected=\"false\" data-tab=\"2\" role=\"tab\" tabindex=\"-1\" aria-controls=\"elementor-tab-content-1482\" aria-expanded=\"false\">Tillg\u00e4nglighet<\/div>\n\t\t\t\t\t<div id=\"elementor-tab-content-1482\" class=\"elementor-tab-content elementor-clearfix\" data-tab=\"2\" role=\"tabpanel\" aria-labelledby=\"elementor-tab-title-1482\" tabindex=\"0\" hidden=\"hidden\"><p><span style=\"color: #000000;\">40 l\u00e5sbara f\u00f6rvaringssk\u00e5p. Gratis att nyttja, mynt h\u00e4mtas i entr\u00e9n.<\/span><\/p><p><span style=\"color: #000000;\">Sju toaletter, varav tv\u00e5 handikappanpassade med sk\u00f6tbord, v\u00e5ning 1 och v\u00e5ning 00.<\/span><\/p><p><span style=\"color: #000000;\">P\u00e5 v\u00e5ning 1 finns tv\u00e5 rullstolar f\u00f6r utl\u00e5ning.<\/span><\/p><p><span style=\"color: #000000;\">B\u00e4rbara f\u00e4llstolar finns f\u00f6r utl\u00e5ning, fr\u00e5ga i entr\u00e9n.<\/span><\/p><p><span style=\"color: #000000;\">Hiss mellan samtliga v\u00e5ningsplan.<\/span><\/p><p><span style=\"color: #000000;\">Medf\u00f6ljande ledsagare har fri entr\u00e9.<\/span><\/p><p><span style=\"color: #000000;\">Fri Wi-Fi.<\/span><\/p><h4>Barnfamiljer<\/h4><p><span style=\"color: #000000;\">M\u00f6jlighet att v\u00e4rma medhavd barnmat finns.\u00a0<\/span><\/p><p><span style=\"color: #000000;\">Tv\u00e5 barnstolar finns i v\u00e5rt caf\u00e9.<\/span><\/p><p><span style=\"color: #000000;\">Tv\u00e5 sk\u00f6tbord, v\u00e5ning 1 och v\u00e5ning 00.<\/span><\/p><h5><span style=\"color: #000000;\">Hund\u00e4gare<\/span><\/h5><p><span style=\"color: #000000;\">Hundar \u00e4r ej till\u00e5tna inomhus p\u00e5 Verket\/Avesta Art. Hundar \u00e4r till\u00e5tna utomhus och p\u00e5 v\u00e5r uteservering men skall h\u00e5llas kopplade och under uppsikt. D\u00e4remot f\u00e5r man sj\u00e4lvklart ha med sig certifierad ledarhund eller servicehund.<\/span><\/p><h5><span style=\"color: #000000;\">R\u00f6kning<\/span><\/h5><p><span style=\"color: #000000;\">V\u00e4nligen notera att r\u00f6kning \u00e4r f\u00f6rbjudet vid Verkets huvudentr\u00e9.<\/span><\/p><h5><span style=\"color: #000000;\">Caf\u00e9<\/span><\/h5><p><span style=\"color: #000000;\">I v\u00e5rt Caf\u00e9 kan ni best\u00e4lla fikabr\u00f6d\/sm\u00f6rg\u00e5sar som\u00a0 \u00e4r fri fr\u00e5n laktos, gluten och mj\u00f6lk.<\/span><\/p><h5><span style=\"color: #000000;\">Mats\u00e4ck<\/span><\/h5><p><span style=\"color: #000000;\">Medhavd mats\u00e4ck kan f\u00f6rt\u00e4ras vid de bord som \u00e4r utmed kanalen. Medhavd mats\u00e4ck f\u00e5r inte f\u00f6rt\u00e4ras p\u00e5 Verkets uteservering eller i caf\u00e9et inomhus.<\/span><\/p><\/div>\n\t\t\t\t\t\t\t\t\t<div class=\"elementor-tab-title elementor-tab-mobile-title\" aria-selected=\"false\" data-tab=\"3\" role=\"tab\" tabindex=\"-1\" aria-controls=\"elementor-tab-content-1483\" aria-expanded=\"false\">Hitta hit<\/div>\n\t\t\t\t\t<div id=\"elementor-tab-content-1483\" class=\"elementor-tab-content elementor-clearfix\" data-tab=\"3\" role=\"tabpanel\" aria-labelledby=\"elementor-tab-title-1483\" tabindex=\"0\" hidden=\"hidden\"><p><strong><span style=\"color: #000000;\">Var ligger Verket?<\/span><\/strong><br \/><span style=\"color: #000000;\">Verket ligger centralt bel\u00e4get i Avesta, i det gamla bevarade industriomr\u00e5det Koppardalen. Tar du dig hit f\u00f6r egen maskin, ligger Verket endast ett par minuter fr\u00e5n riksv\u00e4g 70 och 68. Du tar dig \u00e4ven l\u00e4tt hit med b\u00e5de t\u00e5g och buss. Promenadavst\u00e5ndet fr\u00e5n busstationen i centrum \u00f6ver g\u00e5ngbron till Koppardalen, \u00e4r knappt 10 minuter.<\/span><\/p><p><span style=\"color: #000000;\">F\u00f6lj de bruna turistskyltarna med vit text \u201dVerket\/Avesta art\u201d.<\/span><br \/><span style=\"color: #000000;\"><strong>Fr\u00e5n riksv\u00e4g 70 norrut;<\/strong> sv\u00e4ng av vid Dalah\u00e4stmotet och h\u00e5ll rakt fram \u00f6ver bron. Direkt efter bron, h\u00e5ll mot Koppardalen och sv\u00e4ng h\u00f6ger. Sv\u00e4ng h\u00f6ger igen in p\u00e5 Koppardalsomr\u00e5det och f\u00f6lj v\u00e4gen rakt fram. Efter andra rondellen, sv\u00e4ng h\u00f6ger efter ca 100 m\u00a0in mot skyltad P-plats, och mot Verket.<\/span><\/p><p><span style=\"color: #000000;\"><strong>Fr\u00e5n riksv\u00e4g 70 s\u00f6derut<\/strong> sv\u00e4ng av h\u00f6ger vid f\u00f6rsta avfarten skyltad Skogsbo. D\u00e4refter h\u00f6ger mot Koppardalen. F\u00f6lj v\u00e4gen rakt fram nerf\u00f6r M\u00e5nsbo backen och \u00f6ver bron. (h\u00e4r kan du skymta Verket till h\u00f6ger om \u00e4lven och kraftstationen). Innan j\u00e4rnv\u00e4gskorsningen, direkt efter v\u00e4gbulan, sv\u00e4ng v\u00e4nster mot Koppardalen. F\u00f6lj v\u00e4gen ca 200m, sv\u00e4ng v\u00e4nster in mot skyltad P-plats och Verket.<\/span><\/p><p><span style=\"color: #000000;\"><strong>Fr\u00e5n riksv\u00e4g 68<\/strong> h\u00e5ll rakt fram efter St\u00e5lrondellen, mot riksv\u00e4g 70, 100 m efter rondellen, direkt efter viadukten, sv\u00e4ng h\u00f6ger mot sjukhuset och Koppardalen. H\u00e5ll rakt fram in p\u00e5 Koppardalsomr\u00e5det. Efter andra rondellen, ca 100 m, sv\u00e4ng h\u00f6ger mot skyltad P-plats och Verket.<\/span><\/p><h4><strong><span style=\"color: #000000;\">Koppardalsbron \u00e4r avst\u00e4ngd! G\u00e5ngtrafikanter och cyklister h\u00e4nvisas till j\u00e4rnv\u00e4gs\u00f6verg\u00e5ngen vid Gamla byn tills vidare.<\/span><\/strong><\/h4><p><span style=\"color: #000000;\"><strong>Med t\u00e5g eller buss och till fots.<\/strong> Kommer du med t\u00e5g till Avesta\/Krylbo, tar du f\u00f6rsta b\u00e4sta buss till Avesta Centrum.<\/span><br \/><span style=\"color: #000000;\">Kommer du med buss stiger du av i Avesta centrum.<\/span><br \/><span style=\"color: #000000;\">Vidare d\u00e4rifr\u00e5n g\u00e5r du rakt ner mot centrum. Passera stadshuset och parken med Visenten p\u00e5 v\u00e4nster sida och Avesta Gallerian. G\u00e5 rakt fram, ca 300 m, mot g\u00e5ngbron som tar dig ner till Koppardalsomr\u00e5det. N\u00e4r du \u00e4r p\u00e5 g\u00e5ngbron ser du Verkets tv\u00e5 stora skorstenspipor rakt fram. N\u00e4r du kommit ner f\u00f6r trapporna g\u00e5r du bara rakt fram mot Verket.<\/span><\/p><\/div>\n\t\t\t\t\t\t\t\t\t<div class=\"elementor-tab-title elementor-tab-mobile-title\" aria-selected=\"false\" data-tab=\"4\" role=\"tab\" tabindex=\"-1\" aria-controls=\"elementor-tab-content-1484\" aria-expanded=\"false\">Parkering<\/div>\n\t\t\t\t\t<div id=\"elementor-tab-content-1484\" class=\"elementor-tab-content elementor-clearfix\" data-tab=\"4\" role=\"tabpanel\" aria-labelledby=\"elementor-tab-title-1484\" tabindex=\"0\" hidden=\"hidden\"><p><span style=\"color: #000000;\">Kostnadsfri bes\u00f6ksparkering som ligger i anslutning till Verket. Det finns tv\u00e5 laddstolpar med fyra uttag. F\u00f6r bes\u00f6kare med funktionsneds\u00e4ttning finns l\u00e4ttillg\u00e4nglig parkering samt ing\u00e5ng p\u00e5 sidan av byggnaden, anv\u00e4nd ringklockan s\u00e5 \u00f6ppnar personalen.<\/span><\/p><\/div>\n\t\t\t\t\t\t\t\t\t<div class=\"elementor-tab-title elementor-tab-mobile-title\" aria-selected=\"false\" data-tab=\"5\" role=\"tab\" tabindex=\"-1\" aria-controls=\"elementor-tab-content-1485\" aria-expanded=\"false\">Kontakta Verket<\/div>\n\t\t\t\t\t<div id=\"elementor-tab-content-1485\" class=\"elementor-tab-content elementor-clearfix\" data-tab=\"5\" role=\"tabpanel\" aria-labelledby=\"elementor-tab-title-1485\" tabindex=\"0\" hidden=\"hidden\"><p><span style=\"color: #000000;\">Telefon: 0226 &#8211; 64 51 62<\/span><\/p><p><span style=\"color: #000000;\">Mejl: verket@avesta.se<\/span><\/p><p><span style=\"color: #000000;\">Bes\u00f6ksadress: Kanalv\u00e4gen 1, 774 41 Avesta<\/span><\/p><p><span style=\"color: #000000;\">Leveranser: Kanalv\u00e4gen 1, 774 41 Avesta<\/span><\/p><\/div>\n\t\t\t\t\t\t\t<\/div>\n\t\t<\/div>\n\t\t\t\t\t\t<\/div>\n\t\t\t\t<\/div>\n\t\t\t\t<div class=\"elementor-element elementor-element-7f886e3 elementor-widget elementor-widget-spacer\" data-id=\"7f886e3\" data-element_type=\"widget\" data-e-type=\"widget\" data-widget_type=\"spacer.default\">\n\t\t\t\t<div class=\"elementor-widget-container\">\n\t\t\t\t\t\t\t<div class=\"elementor-spacer\">\n\t\t\t<div class=\"elementor-spacer-inner\"><\/div>\n\t\t<\/div>\n\t\t\t\t\t\t<\/div>\n\t\t\t\t<\/div>\n\t\t\t\t\t<\/div>\n\t\t<\/div>\n\t\t\t\t<div class=\"elementor-column elementor-col-50 elementor-inner-column elementor-element elementor-element-f95486a\" data-id=\"f95486a\" data-element_type=\"column\" data-e-type=\"column\">\n\t\t\t<div class=\"elementor-widget-wrap elementor-element-populated\">\n\t\t\t\t\t\t<div class=\"elementor-element elementor-element-5968d8a elementor-widget elementor-widget-google_maps\" data-id=\"5968d8a\" data-element_type=\"widget\" data-e-type=\"widget\" data-widget_type=\"google_maps.default\">\n\t\t\t\t<div class=\"elementor-widget-container\">\n\t\t\t\t\t\t\t<div class=\"elementor-custom-embed\">\n\t\t\t<iframe loading=\"lazy\"\n\t\t\t\t\tsrc=\"https:\/\/maps.google.com\/maps?q=kanalv%C3%A4gen%201%20avesta&#038;t=m&#038;z=10&#038;output=embed&#038;iwloc=near\"\n\t\t\t\t\ttitle=\"kanalv\u00e4gen 1 avesta\"\n\t\t\t\t\taria-label=\"kanalv\u00e4gen 1 avesta\"\n\t\t\t><\/iframe>\n\t\t<\/div>\n\t\t\t\t\t\t<\/div>\n\t\t\t\t<\/div>\n\t\t\t\t\t<\/div>\n\t\t<\/div>\n\t\t\t\t\t<\/div>\n\t\t<\/section>\n\t\t\t\t\t<\/div>\n\t\t<\/div>\n\t\t\t\t\t<\/div>\n\t\t<\/section>\n\t\t\t\t<\/div>\n\t\t","protected":false},"excerpt":{"rendered":"<p>Bes\u00f6ksinformation Inf\u00f6r bes\u00f6ket Tillg\u00e4nglighet Hitta hit Parkering Kontakta Verket Inf\u00f6r bes\u00f6ket F\u00f6r att hinna uppleva allt i lugn och ro rekommenderar vi att du avs\u00e4tter ungef\u00e4r 1,5 timme \u2013 det \u00e4r stora ytor att utforska! V\u00e5ra guidade visningar tar vanligtvis mellan 1 timme och 15 minuter och 1 timme och 30 minuter. Verket \u00e4r en [&hellip;]<\/p>\n","protected":false},"author":2,"featured_media":0,"parent":0,"menu_order":0,"comment_status":"closed","ping_status":"closed","template":"","meta":{"site-sidebar-layout":"no-sidebar","site-content-layout":"page-builder","ast-site-content-layout":"default","site-content-style":"default","site-sidebar-style":"default","ast-global-header-display":"","ast-banner-title-visibility":"","ast-main-header-display":"","ast-hfb-above-header-display":"","ast-hfb-below-header-display":"","ast-hfb-mobile-header-display":"","site-post-title":"disabled","ast-breadcrumbs-content":"","ast-featured-img":"disabled","footer-sml-layout":"","ast-disable-related-posts":"","theme-transparent-header-meta":"","adv-header-id-meta":"","stick-header-meta":"","header-above-stick-meta":"","header-main-stick-meta":"","header-below-stick-meta":"","astra-migrate-meta-layouts":"default","ast-page-background-enabled":"default","ast-page-background-meta":{"desktop":{"background-color":"","background-image":"","background-repeat":"repeat","background-position":"center center","background-size":"auto","background-attachment":"scroll","background-type":"","background-media":"","overlay-type":"","overlay-color":"","overlay-opacity":"","overlay-gradient":""},"tablet":{"background-color":"","background-image":"","background-repeat":"repeat","background-position":"center center","background-size":"auto","background-attachment":"scroll","background-type":"","background-media":"","overlay-type":"","overlay-color":"","overlay-opacity":"","overlay-gradient":""},"mobile":{"background-color":"","background-image":"","background-repeat":"repeat","background-position":"center center","background-size":"auto","background-attachment":"scroll","background-type":"","background-media":"","overlay-type":"","overlay-color":"","overlay-opacity":"","overlay-gradient":""}},"ast-content-background-meta":{"desktop":{"background-color":"var(--ast-global-color-5)","background-image":"","background-repeat":"repeat","background-position":"center center","background-size":"auto","background-attachment":"scroll","background-type":"","background-media":"","overlay-type":"","overlay-color":"","overlay-opacity":"","overlay-gradient":""},"tablet":{"background-color":"var(--ast-global-color-5)","background-image":"","background-repeat":"repeat","background-position":"center center","background-size":"auto","background-attachment":"scroll","background-type":"","background-media":"","overlay-type":"","overlay-color":"","overlay-opacity":"","overlay-gradient":""},"mobile":{"background-color":"var(--ast-global-color-5)","background-image":"","background-repeat":"repeat","background-position":"center center","background-size":"auto","background-attachment":"scroll","background-type":"","background-media":"","overlay-type":"","overlay-color":"","overlay-opacity":"","overlay-gradient":""}},"footnotes":""},"class_list":["post-14877","page","type-page","status-publish","hentry"],"yoast_head":"<!-- This site is optimized with the Yoast SEO plugin v27.1 - https:\/\/yoast.com\/product\/yoast-seo-wordpress\/ -->\n<title>Bes\u00f6ksinformation | Verket<\/title>\n<meta name=\"robots\" content=\"index, follow, max-snippet:-1, max-image-preview:large, max-video-preview:-1\" \/>\n<link rel=\"canonical\" href=\"https:\/\/verket.se\/svenska\/besoksinformation-2\/\" \/>\n<meta property=\"og:locale\" content=\"sv_SE\" \/>\n<meta property=\"og:type\" content=\"article\" \/>\n<meta property=\"og:title\" content=\"Bes\u00f6ksinformation | Verket\" \/>\n<meta property=\"og:description\" content=\"Bes\u00f6ksinformation Inf\u00f6r bes\u00f6ket Tillg\u00e4nglighet Hitta hit Parkering Kontakta Verket Inf\u00f6r bes\u00f6ket F\u00f6r att hinna uppleva allt i lugn och ro rekommenderar vi att du avs\u00e4tter ungef\u00e4r 1,5 timme \u2013 det \u00e4r stora ytor att utforska! V\u00e5ra guidade visningar tar vanligtvis mellan 1 timme och 15 minuter och 1 timme och 30 minuter. Verket \u00e4r en [&hellip;]\" \/>\n<meta property=\"og:url\" content=\"https:\/\/verket.se\/svenska\/besoksinformation-2\/\" \/>\n<meta property=\"og:site_name\" content=\"Verket\" \/>\n<meta property=\"article:modified_time\" content=\"2026-01-15T08:41:13+00:00\" \/>\n<meta name=\"twitter:card\" content=\"summary_large_image\" \/>\n<meta name=\"twitter:label1\" content=\"Ber\u00e4knad l\u00e4stid\" \/>\n\t<meta name=\"twitter:data1\" content=\"4 minuter\" \/>\n<script type=\"application\/ld+json\" class=\"yoast-schema-graph\">{\"@context\":\"https:\/\/schema.org\",\"@graph\":[{\"@type\":\"WebPage\",\"@id\":\"https:\/\/verket.se\/besoksinformation-2\/\",\"url\":\"https:\/\/verket.se\/besoksinformation-2\/\",\"name\":\"Bes\u00f6ksinformation | Verket\",\"isPartOf\":{\"@id\":\"https:\/\/verket.se\/en\/#website\"},\"datePublished\":\"2023-08-30T11:38:04+00:00\",\"dateModified\":\"2026-01-15T08:41:13+00:00\",\"breadcrumb\":{\"@id\":\"https:\/\/verket.se\/besoksinformation-2\/#breadcrumb\"},\"inLanguage\":\"sv-SE\",\"potentialAction\":[{\"@type\":\"ReadAction\",\"target\":[\"https:\/\/verket.se\/besoksinformation-2\/\"]}]},{\"@type\":\"BreadcrumbList\",\"@id\":\"https:\/\/verket.se\/besoksinformation-2\/#breadcrumb\",\"itemListElement\":[{\"@type\":\"ListItem\",\"position\":1,\"name\":\"Hem\",\"item\":\"https:\/\/verket.se\/\"},{\"@type\":\"ListItem\",\"position\":2,\"name\":\"Bes\u00f6ksinformation\"}]},{\"@type\":\"WebSite\",\"@id\":\"https:\/\/verket.se\/en\/#website\",\"url\":\"https:\/\/verket.se\/en\/\",\"name\":\"Verket\",\"description\":\"En del av Sveriges historia\",\"publisher\":{\"@id\":\"https:\/\/verket.se\/en\/#organization\"},\"potentialAction\":[{\"@type\":\"SearchAction\",\"target\":{\"@type\":\"EntryPoint\",\"urlTemplate\":\"https:\/\/verket.se\/en\/?s={search_term_string}\"},\"query-input\":{\"@type\":\"PropertyValueSpecification\",\"valueRequired\":true,\"valueName\":\"search_term_string\"}}],\"inLanguage\":\"sv-SE\"},{\"@type\":\"Organization\",\"@id\":\"https:\/\/verket.se\/en\/#organization\",\"name\":\"Verket\",\"url\":\"https:\/\/verket.se\/en\/\",\"logo\":{\"@type\":\"ImageObject\",\"inLanguage\":\"sv-SE\",\"@id\":\"https:\/\/verket.se\/en\/#\/schema\/logo\/image\/\",\"url\":\"https:\/\/www1.verket.se\/wp-content\/uploads\/2016\/08\/verket.png\",\"contentUrl\":\"https:\/\/www1.verket.se\/wp-content\/uploads\/2016\/08\/verket.png\",\"width\":455,\"height\":166,\"caption\":\"Verket\"},\"image\":{\"@id\":\"https:\/\/verket.se\/en\/#\/schema\/logo\/image\/\"}}]}<\/script>\n<!-- \/ Yoast SEO plugin. -->","yoast_head_json":{"title":"Bes\u00f6ksinformation | Verket","robots":{"index":"index","follow":"follow","max-snippet":"max-snippet:-1","max-image-preview":"max-image-preview:large","max-video-preview":"max-video-preview:-1"},"canonical":"https:\/\/verket.se\/svenska\/besoksinformation-2\/","og_locale":"sv_SE","og_type":"article","og_title":"Bes\u00f6ksinformation | Verket","og_description":"Bes\u00f6ksinformation Inf\u00f6r bes\u00f6ket Tillg\u00e4nglighet Hitta hit Parkering Kontakta Verket Inf\u00f6r bes\u00f6ket F\u00f6r att hinna uppleva allt i lugn och ro rekommenderar vi att du avs\u00e4tter ungef\u00e4r 1,5 timme \u2013 det \u00e4r stora ytor att utforska! V\u00e5ra guidade visningar tar vanligtvis mellan 1 timme och 15 minuter och 1 timme och 30 minuter. Verket \u00e4r en [&hellip;]","og_url":"https:\/\/verket.se\/svenska\/besoksinformation-2\/","og_site_name":"Verket","article_modified_time":"2026-01-15T08:41:13+00:00","twitter_card":"summary_large_image","twitter_misc":{"Ber\u00e4knad l\u00e4stid":"4 minuter"},"schema":{"@context":"https:\/\/schema.org","@graph":[{"@type":"WebPage","@id":"https:\/\/verket.se\/besoksinformation-2\/","url":"https:\/\/verket.se\/besoksinformation-2\/","name":"Bes\u00f6ksinformation | Verket","isPartOf":{"@id":"https:\/\/verket.se\/en\/#website"},"datePublished":"2023-08-30T11:38:04+00:00","dateModified":"2026-01-15T08:41:13+00:00","breadcrumb":{"@id":"https:\/\/verket.se\/besoksinformation-2\/#breadcrumb"},"inLanguage":"sv-SE","potentialAction":[{"@type":"ReadAction","target":["https:\/\/verket.se\/besoksinformation-2\/"]}]},{"@type":"BreadcrumbList","@id":"https:\/\/verket.se\/besoksinformation-2\/#breadcrumb","itemListElement":[{"@type":"ListItem","position":1,"name":"Hem","item":"https:\/\/verket.se\/"},{"@type":"ListItem","position":2,"name":"Bes\u00f6ksinformation"}]},{"@type":"WebSite","@id":"https:\/\/verket.se\/en\/#website","url":"https:\/\/verket.se\/en\/","name":"Verket","description":"En del av Sveriges historia","publisher":{"@id":"https:\/\/verket.se\/en\/#organization"},"potentialAction":[{"@type":"SearchAction","target":{"@type":"EntryPoint","urlTemplate":"https:\/\/verket.se\/en\/?s={search_term_string}"},"query-input":{"@type":"PropertyValueSpecification","valueRequired":true,"valueName":"search_term_string"}}],"inLanguage":"sv-SE"},{"@type":"Organization","@id":"https:\/\/verket.se\/en\/#organization","name":"Verket","url":"https:\/\/verket.se\/en\/","logo":{"@type":"ImageObject","inLanguage":"sv-SE","@id":"https:\/\/verket.se\/en\/#\/schema\/logo\/image\/","url":"https:\/\/www1.verket.se\/wp-content\/uploads\/2016\/08\/verket.png","contentUrl":"https:\/\/www1.verket.se\/wp-content\/uploads\/2016\/08\/verket.png","width":455,"height":166,"caption":"Verket"},"image":{"@id":"https:\/\/verket.se\/en\/#\/schema\/logo\/image\/"}}]}},"_links":{"self":[{"href":"https:\/\/verket.se\/svenska\/wp-json\/wp\/v2\/pages\/14877","targetHints":{"allow":["GET"]}}],"collection":[{"href":"https:\/\/verket.se\/svenska\/wp-json\/wp\/v2\/pages"}],"about":[{"href":"https:\/\/verket.se\/svenska\/wp-json\/wp\/v2\/types\/page"}],"author":[{"embeddable":true,"href":"https:\/\/verket.se\/svenska\/wp-json\/wp\/v2\/users\/2"}],"replies":[{"embeddable":true,"href":"https:\/\/verket.se\/svenska\/wp-json\/wp\/v2\/comments?post=14877"}],"version-history":[{"count":5,"href":"https:\/\/verket.se\/svenska\/wp-json\/wp\/v2\/pages\/14877\/revisions"}],"predecessor-version":[{"id":23418,"href":"https:\/\/verket.se\/svenska\/wp-json\/wp\/v2\/pages\/14877\/revisions\/23418"}],"wp:attachment":[{"href":"https:\/\/verket.se\/svenska\/wp-json\/wp\/v2\/media?parent=14877"}],"curies":[{"name":"wp","href":"https:\/\/api.w.org\/{rel}","templated":true}]}}