{"id":9882,"date":"2022-02-10T15:58:12","date_gmt":"2022-02-10T14:58:12","guid":{"rendered":"https:\/\/verket.se\/?page_id=9882"},"modified":"2023-03-07T16:50:33","modified_gmt":"2023-03-07T15:50:33","slug":"tillganglighet","status":"publish","type":"page","link":"https:\/\/verket.se\/en\/tillganglighet\/","title":{"rendered":"Accessibility"},"content":{"rendered":"<div data-elementor-type=\"wp-page\" data-elementor-id=\"9882\" class=\"elementor elementor-9882\" data-elementor-post-type=\"page\">\n\t\t\t\t\t\t<section class=\"elementor-section elementor-top-section elementor-element elementor-element-5a09df8 elementor-section-boxed elementor-section-height-default elementor-section-height-default\" data-id=\"5a09df8\" data-element_type=\"section\" data-e-type=\"section\">\n\t\t\t\t\t\t<div class=\"elementor-container elementor-column-gap-default\">\n\t\t\t\t\t<div class=\"elementor-column elementor-col-100 elementor-top-column elementor-element elementor-element-bbb9de0\" data-id=\"bbb9de0\" data-element_type=\"column\" data-e-type=\"column\">\n\t\t\t<div class=\"elementor-widget-wrap elementor-element-populated\">\n\t\t\t\t\t\t<section class=\"elementor-section elementor-inner-section elementor-element elementor-element-bd4048f elementor-section-boxed elementor-section-height-default elementor-section-height-default\" data-id=\"bd4048f\" data-element_type=\"section\" data-e-type=\"section\">\n\t\t\t\t\t\t<div class=\"elementor-container elementor-column-gap-custom\">\n\t\t\t\t\t<div class=\"elementor-column elementor-col-50 elementor-inner-column elementor-element elementor-element-efbe088\" data-id=\"efbe088\" data-element_type=\"column\" data-e-type=\"column\">\n\t\t\t<div class=\"elementor-widget-wrap elementor-element-populated\">\n\t\t\t\t\t\t<div class=\"elementor-element elementor-element-e49a342 elementor-widget elementor-widget-text-editor\" data-id=\"e49a342\" data-element_type=\"widget\" data-e-type=\"widget\" data-widget_type=\"text-editor.default\">\n\t\t\t\t<div class=\"elementor-widget-container\">\n\t\t\t\t\t\t\t\t\t<h1><span style=\"color: #000000;\"><strong>Accessibility<\/strong><\/span><\/h1><h5><span style=\"color: #000000;\"><strong>Find us read more <span style=\"color: #0000ff;\"><a style=\"color: #0000ff;\" href=\"https:\/\/verket.se\/en\/hitta-till-verket\/\" target=\"_blank\" rel=\"noopener\">here<\/a><\/span><\/strong><\/span><\/h5><h5><span style=\"color: #000000;\"><strong>Parking<\/strong><\/span><\/h5><p><strong><span style=\"color: #000000;\">The visitor car park is adjacent to the plant and there are four outlets for electric cars. For visitors with disabilities, there is easily accessible parking and entrance on the side of the building, use the bell and the staff will open.<\/span><\/strong><\/p><h5><span style=\"color: #000000;\"><strong>Service<\/strong><\/span><\/h5><p><strong><span style=\"color: #000000;\">40 lockable storage lockers. Free to use, coins can be obtained at the entrance.<\/span><\/strong><\/p><h5><span style=\"color: #000000;\"><strong>Accessibility<\/strong><\/span><\/h5><p><strong><span style=\"color: #000000;\">Seven restrooms, two of which are handicap accessible with changing tables, on floor 1 and floor 00.<\/span><\/strong><\/p><p><strong><span style=\"color: #000000;\">On the first floor, there are two wheelchairs available for loan.<\/span><\/strong><\/p><p><strong><span style=\"color: #000000;\">Portable folding chairs are available for loan, please ask at the entrance.<\/span><\/strong><\/p><p><strong><span style=\"color: #000000;\">Elevator between all floors.<\/span><\/strong><\/p><p><strong><span style=\"color: #000000;\">Accompanying attendants have free admission.<\/span><\/strong><\/p>\t\t\t\t\t\t\t\t<\/div>\n\t\t\t\t<\/div>\n\t\t\t\t\t<\/div>\n\t\t<\/div>\n\t\t\t\t<div class=\"elementor-column elementor-col-50 elementor-inner-column elementor-element elementor-element-5b2f5e2\" data-id=\"5b2f5e2\" data-element_type=\"column\" data-e-type=\"column\">\n\t\t\t<div class=\"elementor-widget-wrap elementor-element-populated\">\n\t\t\t\t\t\t<div class=\"elementor-element elementor-element-b31f05b elementor-widget elementor-widget-spacer\" data-id=\"b31f05b\" data-element_type=\"widget\" data-e-type=\"widget\" data-widget_type=\"spacer.default\">\n\t\t\t\t<div class=\"elementor-widget-container\">\n\t\t\t\t\t\t\t<div class=\"elementor-spacer\">\n\t\t\t<div class=\"elementor-spacer-inner\"><\/div>\n\t\t<\/div>\n\t\t\t\t\t\t<\/div>\n\t\t\t\t<\/div>\n\t\t\t\t<div class=\"elementor-element elementor-element-41b2a24 elementor-widget elementor-widget-text-editor\" data-id=\"41b2a24\" data-element_type=\"widget\" data-e-type=\"widget\" data-widget_type=\"text-editor.default\">\n\t\t\t\t<div class=\"elementor-widget-container\">\n\t\t\t\t\t\t\t\t\t<h5><span style=\"color: #000000;\"><strong>Families with children<\/strong><\/span><\/h5><p><strong><span style=\"color: #000000;\">There is a possibility to heat brought baby food.\u00a0<\/span><\/strong><\/p><p><strong><span style=\"color: #000000;\">Two high chairs are available in our caf\u00e9.<\/span><\/strong><\/p><p><strong><span style=\"color: #000000;\">Two changing tables, floor 1 and floor 00.<\/span><\/strong><\/p><h5><span style=\"color: #000000;\"><strong>Dog owners<\/strong><\/span><\/h5><p><strong><span style=\"color: #000000;\">Dogs are not allowed indoors at Verket\/Avesta Art. Dogs are allowed outdoors and on our outdoor terrace but must be kept on a leash and under supervision. However, you are of course welcome to bring a certified guide dog or service dog<\/span><\/strong><\/p><h5><span style=\"color: #000000;\"><strong>Smoking<\/strong><\/span><\/h5><p><strong><span style=\"color: #000000;\">Please note that smoking is prohibited in the museum and at the main entrance.<\/span><\/strong><\/p><h5><span style=\"color: #000000;\"><strong>Caf\u00e9<\/strong><\/span><\/h5><p><strong><span style=\"color: #000000;\">In our caf\u00e9, you can order pastries\/sandwiches that are free from lactose, gluten, and dairy.<\/span><\/strong><\/p><h5><span style=\"color: #000000;\"><strong>Packed lunch<\/strong><\/span><\/h5><p><strong><span style=\"color: #000000;\">A packed lunch can be eaten at the tables along the canal. A packed lunch can not be consumed at the Verkets outdoor seating or in the caf\u00e9 indoors.<\/span><\/strong><\/p>\t\t\t\t\t\t\t\t<\/div>\n\t\t\t\t<\/div>\n\t\t\t\t\t<\/div>\n\t\t<\/div>\n\t\t\t\t\t<\/div>\n\t\t<\/section>\n\t\t\t\t\t<\/div>\n\t\t<\/div>\n\t\t\t\t\t<\/div>\n\t\t<\/section>\n\t\t\t\t<\/div>","protected":false},"excerpt":{"rendered":"<p>Tillg\u00e4nglighet Hitta hit l\u00e4s mer h\u00e4r Parkering Bes\u00f6ksparkeringen ligger i anslutning till Verket och det finns fyra uttag f\u00f6r elbilar. F\u00f6r bes\u00f6kare med funktionsneds\u00e4ttning finns l\u00e4ttillg\u00e4nglig parkering samt ing\u00e5ng p\u00e5 sidan av byggnaden, anv\u00e4nd ringklockan s\u00e5 \u00f6ppnar personalen. Service 40 l\u00e5sbara f\u00f6rvaringssk\u00e5p. Gratis att nyttja, mynt h\u00e4mtas i entr\u00e9n. Tillg\u00e4nglighet Sju toaletter, varav tv\u00e5 handikappanpassade [&hellip;]<\/p>\n","protected":false},"author":2,"featured_media":0,"parent":0,"menu_order":0,"comment_status":"closed","ping_status":"closed","template":"","meta":{"site-sidebar-layout":"no-sidebar","site-content-layout":"page-builder","ast-site-content-layout":"default","site-content-style":"default","site-sidebar-style":"default","ast-global-header-display":"","ast-banner-title-visibility":"","ast-main-header-display":"","ast-hfb-above-header-display":"","ast-hfb-below-header-display":"","ast-hfb-mobile-header-display":"","site-post-title":"disabled","ast-breadcrumbs-content":"","ast-featured-img":"disabled","footer-sml-layout":"","ast-disable-related-posts":"","theme-transparent-header-meta":"default","adv-header-id-meta":"","stick-header-meta":"","header-above-stick-meta":"","header-main-stick-meta":"","header-below-stick-meta":"","astra-migrate-meta-layouts":"default","ast-page-background-enabled":"default","ast-page-background-meta":{"desktop":{"background-color":"","background-image":"","background-repeat":"repeat","background-position":"center center","background-size":"auto","background-attachment":"scroll","background-type":"","background-media":"","overlay-type":"","overlay-color":"","overlay-opacity":"","overlay-gradient":""},"tablet":{"background-color":"","background-image":"","background-repeat":"repeat","background-position":"center center","background-size":"auto","background-attachment":"scroll","background-type":"","background-media":"","overlay-type":"","overlay-color":"","overlay-opacity":"","overlay-gradient":""},"mobile":{"background-color":"","background-image":"","background-repeat":"repeat","background-position":"center center","background-size":"auto","background-attachment":"scroll","background-type":"","background-media":"","overlay-type":"","overlay-color":"","overlay-opacity":"","overlay-gradient":""}},"ast-content-background-meta":{"desktop":{"background-color":"var(--ast-global-color-5)","background-image":"","background-repeat":"repeat","background-position":"center center","background-size":"auto","background-attachment":"scroll","background-type":"","background-media":"","overlay-type":"","overlay-color":"","overlay-opacity":"","overlay-gradient":""},"tablet":{"background-color":"var(--ast-global-color-5)","background-image":"","background-repeat":"repeat","background-position":"center center","background-size":"auto","background-attachment":"scroll","background-type":"","background-media":"","overlay-type":"","overlay-color":"","overlay-opacity":"","overlay-gradient":""},"mobile":{"background-color":"var(--ast-global-color-5)","background-image":"","background-repeat":"repeat","background-position":"center center","background-size":"auto","background-attachment":"scroll","background-type":"","background-media":"","overlay-type":"","overlay-color":"","overlay-opacity":"","overlay-gradient":""}},"footnotes":""},"class_list":["post-9882","page","type-page","status-publish","hentry"],"yoast_head":"<!-- This site is optimized with the Yoast SEO plugin v27.1 - https:\/\/yoast.com\/product\/yoast-seo-wordpress\/ -->\n<title>Tillg\u00e4nglighet | Verket<\/title>\n<meta name=\"description\" content=\"Tillg\u00e4nglighet i Verket.\" \/>\n<meta name=\"robots\" content=\"index, follow, max-snippet:-1, max-image-preview:large, max-video-preview:-1\" \/>\n<link rel=\"canonical\" href=\"https:\/\/verket.se\/en\/tillganglighet\/\" \/>\n<meta property=\"og:locale\" content=\"en_US\" \/>\n<meta property=\"og:type\" content=\"article\" \/>\n<meta property=\"og:title\" content=\"Tillg\u00e4nglighet | Verket\" \/>\n<meta property=\"og:description\" content=\"Tillg\u00e4nglighet i Verket.\" \/>\n<meta property=\"og:url\" content=\"https:\/\/verket.se\/en\/tillganglighet\/\" \/>\n<meta property=\"og:site_name\" content=\"Verket\" \/>\n<meta property=\"article:modified_time\" content=\"2023-03-07T15:50:33+00:00\" \/>\n<meta name=\"twitter:card\" content=\"summary_large_image\" \/>\n<meta name=\"twitter:label1\" content=\"Est. reading time\" \/>\n\t<meta name=\"twitter:data1\" content=\"1 minute\" \/>\n<script type=\"application\/ld+json\" class=\"yoast-schema-graph\">{\"@context\":\"https:\/\/schema.org\",\"@graph\":[{\"@type\":\"WebPage\",\"@id\":\"https:\/\/verket.se\/svenska\/tillganglighet\/\",\"url\":\"https:\/\/verket.se\/svenska\/tillganglighet\/\",\"name\":\"Tillg\u00e4nglighet | Verket\",\"isPartOf\":{\"@id\":\"https:\/\/verket.se\/en\/#website\"},\"datePublished\":\"2022-02-10T14:58:12+00:00\",\"dateModified\":\"2023-03-07T15:50:33+00:00\",\"description\":\"Tillg\u00e4nglighet i Verket.\",\"breadcrumb\":{\"@id\":\"https:\/\/verket.se\/svenska\/tillganglighet\/#breadcrumb\"},\"inLanguage\":\"en-US\",\"potentialAction\":[{\"@type\":\"ReadAction\",\"target\":[\"https:\/\/verket.se\/svenska\/tillganglighet\/\"]}]},{\"@type\":\"BreadcrumbList\",\"@id\":\"https:\/\/verket.se\/svenska\/tillganglighet\/#breadcrumb\",\"itemListElement\":[{\"@type\":\"ListItem\",\"position\":1,\"name\":\"Hem\",\"item\":\"https:\/\/verket.se\/\"},{\"@type\":\"ListItem\",\"position\":2,\"name\":\"Tillg\u00e4nglighet\"}]},{\"@type\":\"WebSite\",\"@id\":\"https:\/\/verket.se\/en\/#website\",\"url\":\"https:\/\/verket.se\/en\/\",\"name\":\"Verket\",\"description\":\"En del av Sveriges historia\",\"publisher\":{\"@id\":\"https:\/\/verket.se\/en\/#organization\"},\"potentialAction\":[{\"@type\":\"SearchAction\",\"target\":{\"@type\":\"EntryPoint\",\"urlTemplate\":\"https:\/\/verket.se\/en\/?s={search_term_string}\"},\"query-input\":{\"@type\":\"PropertyValueSpecification\",\"valueRequired\":true,\"valueName\":\"search_term_string\"}}],\"inLanguage\":\"en-US\"},{\"@type\":\"Organization\",\"@id\":\"https:\/\/verket.se\/en\/#organization\",\"name\":\"Verket\",\"url\":\"https:\/\/verket.se\/en\/\",\"logo\":{\"@type\":\"ImageObject\",\"inLanguage\":\"en-US\",\"@id\":\"https:\/\/verket.se\/en\/#\/schema\/logo\/image\/\",\"url\":\"https:\/\/www1.verket.se\/wp-content\/uploads\/2016\/08\/verket.png\",\"contentUrl\":\"https:\/\/www1.verket.se\/wp-content\/uploads\/2016\/08\/verket.png\",\"width\":455,\"height\":166,\"caption\":\"Verket\"},\"image\":{\"@id\":\"https:\/\/verket.se\/en\/#\/schema\/logo\/image\/\"}}]}<\/script>\n<!-- \/ Yoast SEO plugin. -->","yoast_head_json":{"title":"Tillg\u00e4nglighet | Verket","description":"Tillg\u00e4nglighet i Verket.","robots":{"index":"index","follow":"follow","max-snippet":"max-snippet:-1","max-image-preview":"max-image-preview:large","max-video-preview":"max-video-preview:-1"},"canonical":"https:\/\/verket.se\/en\/tillganglighet\/","og_locale":"en_US","og_type":"article","og_title":"Tillg\u00e4nglighet | Verket","og_description":"Tillg\u00e4nglighet i Verket.","og_url":"https:\/\/verket.se\/en\/tillganglighet\/","og_site_name":"Verket","article_modified_time":"2023-03-07T15:50:33+00:00","twitter_card":"summary_large_image","twitter_misc":{"Est. reading time":"1 minute"},"schema":{"@context":"https:\/\/schema.org","@graph":[{"@type":"WebPage","@id":"https:\/\/verket.se\/svenska\/tillganglighet\/","url":"https:\/\/verket.se\/svenska\/tillganglighet\/","name":"Tillg\u00e4nglighet | Verket","isPartOf":{"@id":"https:\/\/verket.se\/en\/#website"},"datePublished":"2022-02-10T14:58:12+00:00","dateModified":"2023-03-07T15:50:33+00:00","description":"Tillg\u00e4nglighet i Verket.","breadcrumb":{"@id":"https:\/\/verket.se\/svenska\/tillganglighet\/#breadcrumb"},"inLanguage":"en-US","potentialAction":[{"@type":"ReadAction","target":["https:\/\/verket.se\/svenska\/tillganglighet\/"]}]},{"@type":"BreadcrumbList","@id":"https:\/\/verket.se\/svenska\/tillganglighet\/#breadcrumb","itemListElement":[{"@type":"ListItem","position":1,"name":"Hem","item":"https:\/\/verket.se\/"},{"@type":"ListItem","position":2,"name":"Tillg\u00e4nglighet"}]},{"@type":"WebSite","@id":"https:\/\/verket.se\/en\/#website","url":"https:\/\/verket.se\/en\/","name":"The work","description":"A part of Sweden&#039;s history","publisher":{"@id":"https:\/\/verket.se\/en\/#organization"},"potentialAction":[{"@type":"SearchAction","target":{"@type":"EntryPoint","urlTemplate":"https:\/\/verket.se\/en\/?s={search_term_string}"},"query-input":{"@type":"PropertyValueSpecification","valueRequired":true,"valueName":"search_term_string"}}],"inLanguage":"en-US"},{"@type":"Organization","@id":"https:\/\/verket.se\/en\/#organization","name":"The work","url":"https:\/\/verket.se\/en\/","logo":{"@type":"ImageObject","inLanguage":"en-US","@id":"https:\/\/verket.se\/en\/#\/schema\/logo\/image\/","url":"https:\/\/www1.verket.se\/wp-content\/uploads\/2016\/08\/verket.png","contentUrl":"https:\/\/www1.verket.se\/wp-content\/uploads\/2016\/08\/verket.png","width":455,"height":166,"caption":"Verket"},"image":{"@id":"https:\/\/verket.se\/en\/#\/schema\/logo\/image\/"}}]}},"_links":{"self":[{"href":"https:\/\/verket.se\/en\/wp-json\/wp\/v2\/pages\/9882","targetHints":{"allow":["GET"]}}],"collection":[{"href":"https:\/\/verket.se\/en\/wp-json\/wp\/v2\/pages"}],"about":[{"href":"https:\/\/verket.se\/en\/wp-json\/wp\/v2\/types\/page"}],"author":[{"embeddable":true,"href":"https:\/\/verket.se\/en\/wp-json\/wp\/v2\/users\/2"}],"replies":[{"embeddable":true,"href":"https:\/\/verket.se\/en\/wp-json\/wp\/v2\/comments?post=9882"}],"version-history":[{"count":48,"href":"https:\/\/verket.se\/en\/wp-json\/wp\/v2\/pages\/9882\/revisions"}],"predecessor-version":[{"id":13653,"href":"https:\/\/verket.se\/en\/wp-json\/wp\/v2\/pages\/9882\/revisions\/13653"}],"wp:attachment":[{"href":"https:\/\/verket.se\/en\/wp-json\/wp\/v2\/media?parent=9882"}],"curies":[{"name":"wp","href":"https:\/\/api.w.org\/{rel}","templated":true}]}}