{"id":9593,"date":"2022-02-03T17:35:23","date_gmt":"2022-02-03T16:35:23","guid":{"rendered":"https:\/\/verket.se\/?page_id=9593"},"modified":"2026-01-15T13:55:22","modified_gmt":"2026-01-15T12:55:22","slug":"konst-och-industriguidningar","status":"publish","type":"page","link":"https:\/\/verket.se\/en\/konst-och-industriguidningar\/","title":{"rendered":"Art and industry tours"},"content":{"rendered":"<div data-elementor-type=\"wp-page\" data-elementor-id=\"9593\" class=\"elementor elementor-9593\" data-elementor-post-type=\"page\">\n\t\t\t\t\t\t<section class=\"elementor-section elementor-top-section elementor-element elementor-element-d419e5a elementor-section-boxed elementor-section-height-default elementor-section-height-default\" data-id=\"d419e5a\" data-element_type=\"section\" data-e-type=\"section\">\n\t\t\t\t\t\t<div class=\"elementor-container elementor-column-gap-default\">\n\t\t\t\t\t<div class=\"elementor-column elementor-col-100 elementor-top-column elementor-element elementor-element-5e0c00c\" data-id=\"5e0c00c\" data-element_type=\"column\" data-e-type=\"column\" data-settings=\"{&quot;background_background&quot;:&quot;classic&quot;}\">\n\t\t\t<div class=\"elementor-widget-wrap elementor-element-populated\">\n\t\t\t\t\t\t<section class=\"elementor-section elementor-inner-section elementor-element elementor-element-2d58f34 elementor-section-boxed elementor-section-height-default elementor-section-height-default\" data-id=\"2d58f34\" data-element_type=\"section\" data-e-type=\"section\">\n\t\t\t\t\t\t<div class=\"elementor-container elementor-column-gap-default\">\n\t\t\t\t\t<div class=\"elementor-column elementor-col-50 elementor-inner-column elementor-element elementor-element-c527f16\" data-id=\"c527f16\" data-element_type=\"column\" data-e-type=\"column\">\n\t\t\t<div class=\"elementor-widget-wrap elementor-element-populated\">\n\t\t\t\t\t\t<div class=\"elementor-element elementor-element-f1a860e elementor-widget elementor-widget-text-editor\" data-id=\"f1a860e\" data-element_type=\"widget\" data-e-type=\"widget\" data-widget_type=\"text-editor.default\">\n\t\t\t\t<div class=\"elementor-widget-container\">\n\t\t\t\t\t\t\t\t\t<h2 style=\"text-align: center;\"><span style=\"color: #000000;\">Art and industry tours<\/span><\/h2>\t\t\t\t\t\t\t\t<\/div>\n\t\t\t\t<\/div>\n\t\t\t\t<div class=\"elementor-element elementor-element-a92a0f3 elementor-widget elementor-widget-text-editor\" data-id=\"a92a0f3\" data-element_type=\"widget\" data-e-type=\"widget\" data-widget_type=\"text-editor.default\">\n\t\t\t\t<div class=\"elementor-widget-container\">\n\t\t\t\t\t\t\t\t\t<h5>\u00a0<span style=\"color: #000000;\">Would you and your group visit us and have a guided tour of the industrial environment or the art at Verket? Contact us by phone at 0226-64 51 62 or by email <span style=\"color: #0000ff;\"><a style=\"color: #0000ff;\" href=\"mailto:verket@avesta.se\">verket@avesta.se<\/a><\/span><\/span><\/h5>\t\t\t\t\t\t\t\t<\/div>\n\t\t\t\t<\/div>\n\t\t\t\t\t<\/div>\n\t\t<\/div>\n\t\t\t\t<div class=\"elementor-column elementor-col-50 elementor-inner-column elementor-element elementor-element-4067eb5\" data-id=\"4067eb5\" data-element_type=\"column\" data-e-type=\"column\">\n\t\t\t<div class=\"elementor-widget-wrap elementor-element-populated\">\n\t\t\t\t\t\t<div class=\"elementor-element elementor-element-44640b8 elementor-widget elementor-widget-image\" data-id=\"44640b8\" data-element_type=\"widget\" data-e-type=\"widget\" data-widget_type=\"image.default\">\n\t\t\t\t<div class=\"elementor-widget-container\">\n\t\t\t\t\t\t\t\t\t\t\t\t\t\t\t<img fetchpriority=\"high\" decoding=\"async\" width=\"300\" height=\"200\" src=\"https:\/\/verket.se\/wp-content\/uploads\/Saadia-Hussain-I-See-You-Through-Me-foto-Therese-Asplund-300x200.jpg\" class=\"attachment-medium size-medium wp-image-14262\" alt=\"Saadia Hussain I See You Through Me foto Therese Asplund\" srcset=\"https:\/\/verket.se\/wp-content\/uploads\/Saadia-Hussain-I-See-You-Through-Me-foto-Therese-Asplund-300x200.jpg 300w, https:\/\/verket.se\/wp-content\/uploads\/Saadia-Hussain-I-See-You-Through-Me-foto-Therese-Asplund-1024x682.jpg 1024w, https:\/\/verket.se\/wp-content\/uploads\/Saadia-Hussain-I-See-You-Through-Me-foto-Therese-Asplund-768x511.jpg 768w, https:\/\/verket.se\/wp-content\/uploads\/Saadia-Hussain-I-See-You-Through-Me-foto-Therese-Asplund-1536x1022.jpg 1536w, https:\/\/verket.se\/wp-content\/uploads\/Saadia-Hussain-I-See-You-Through-Me-foto-Therese-Asplund-2048x1363.jpg 2048w, https:\/\/verket.se\/wp-content\/uploads\/Saadia-Hussain-I-See-You-Through-Me-foto-Therese-Asplund-18x12.jpg 18w\" sizes=\"(max-width: 300px) 100vw, 300px\" \/>\t\t\t\t\t\t\t\t\t\t\t\t\t\t\t<\/div>\n\t\t\t\t<\/div>\n\t\t\t\t\t<\/div>\n\t\t<\/div>\n\t\t\t\t\t<\/div>\n\t\t<\/section>\n\t\t\t\t\t<\/div>\n\t\t<\/div>\n\t\t\t\t\t<\/div>\n\t\t<\/section>\n\t\t\t\t<section class=\"elementor-section elementor-top-section elementor-element elementor-element-62904f0 elementor-section-boxed elementor-section-height-default elementor-section-height-default\" data-id=\"62904f0\" data-element_type=\"section\" data-e-type=\"section\">\n\t\t\t\t\t\t<div class=\"elementor-container elementor-column-gap-default\">\n\t\t\t\t\t<div class=\"elementor-column elementor-col-100 elementor-top-column elementor-element elementor-element-90b4cad\" data-id=\"90b4cad\" data-element_type=\"column\" data-e-type=\"column\" data-settings=\"{&quot;background_background&quot;:&quot;classic&quot;}\">\n\t\t\t<div class=\"elementor-widget-wrap\">\n\t\t\t\t\t\t\t<\/div>\n\t\t<\/div>\n\t\t\t\t\t<\/div>\n\t\t<\/section>\n\t\t\t\t<\/div>","protected":false},"excerpt":{"rendered":"<p>Konst- och industriguidningar \u00a0Vill DU och din grupp bes\u00f6ka oss och f\u00e5 en visning av industrimilj\u00f6n eller konsten i Verket? Kontakta oss p\u00e5 telefon 0226-64 51 62 eller e-post verket@avesta.se<\/p>","protected":false},"author":2,"featured_media":0,"parent":0,"menu_order":0,"comment_status":"closed","ping_status":"closed","template":"","meta":{"site-sidebar-layout":"no-sidebar","site-content-layout":"page-builder","ast-site-content-layout":"default","site-content-style":"default","site-sidebar-style":"default","ast-global-header-display":"","ast-banner-title-visibility":"","ast-main-header-display":"","ast-hfb-above-header-display":"","ast-hfb-below-header-display":"","ast-hfb-mobile-header-display":"","site-post-title":"disabled","ast-breadcrumbs-content":"","ast-featured-img":"disabled","footer-sml-layout":"","ast-disable-related-posts":"","theme-transparent-header-meta":"default","adv-header-id-meta":"","stick-header-meta":"","header-above-stick-meta":"","header-main-stick-meta":"","header-below-stick-meta":"","astra-migrate-meta-layouts":"default","ast-page-background-enabled":"default","ast-page-background-meta":{"desktop":{"background-color":"","background-image":"","background-repeat":"repeat","background-position":"center center","background-size":"auto","background-attachment":"scroll","background-type":"","background-media":"","overlay-type":"","overlay-color":"","overlay-opacity":"","overlay-gradient":""},"tablet":{"background-color":"","background-image":"","background-repeat":"repeat","background-position":"center center","background-size":"auto","background-attachment":"scroll","background-type":"","background-media":"","overlay-type":"","overlay-color":"","overlay-opacity":"","overlay-gradient":""},"mobile":{"background-color":"","background-image":"","background-repeat":"repeat","background-position":"center center","background-size":"auto","background-attachment":"scroll","background-type":"","background-media":"","overlay-type":"","overlay-color":"","overlay-opacity":"","overlay-gradient":""}},"ast-content-background-meta":{"desktop":{"background-color":"var(--ast-global-color-5)","background-image":"","background-repeat":"repeat","background-position":"center center","background-size":"auto","background-attachment":"scroll","background-type":"","background-media":"","overlay-type":"","overlay-color":"","overlay-opacity":"","overlay-gradient":""},"tablet":{"background-color":"var(--ast-global-color-5)","background-image":"","background-repeat":"repeat","background-position":"center center","background-size":"auto","background-attachment":"scroll","background-type":"","background-media":"","overlay-type":"","overlay-color":"","overlay-opacity":"","overlay-gradient":""},"mobile":{"background-color":"var(--ast-global-color-5)","background-image":"","background-repeat":"repeat","background-position":"center center","background-size":"auto","background-attachment":"scroll","background-type":"","background-media":"","overlay-type":"","overlay-color":"","overlay-opacity":"","overlay-gradient":""}},"footnotes":""},"class_list":["post-9593","page","type-page","status-publish","hentry"],"yoast_head":"<!-- This site is optimized with the Yoast SEO plugin v27.1 - https:\/\/yoast.com\/product\/yoast-seo-wordpress\/ -->\n<title>Konst och industriguidningar | Boka g\u00e4rna guidad visning | Verket<\/title>\n<meta name=\"description\" content=\"Boka g\u00e4rna guidad visning. F\u00f6r v\u00e5ra guider lotsar er genom Verket p\u00e5 ett kompetent och underh\u00e5llande vis.\" \/>\n<meta name=\"robots\" content=\"index, follow, max-snippet:-1, max-image-preview:large, max-video-preview:-1\" \/>\n<link rel=\"canonical\" href=\"https:\/\/verket.se\/en\/konst-och-industriguidningar\/\" \/>\n<meta property=\"og:locale\" content=\"en_US\" \/>\n<meta property=\"og:type\" content=\"article\" \/>\n<meta property=\"og:title\" content=\"Konst och industriguidningar | Boka g\u00e4rna guidad visning | Verket\" \/>\n<meta property=\"og:description\" content=\"Boka g\u00e4rna guidad visning. F\u00f6r v\u00e5ra guider lotsar er genom Verket p\u00e5 ett kompetent och underh\u00e5llande vis.\" \/>\n<meta property=\"og:url\" content=\"https:\/\/verket.se\/en\/konst-och-industriguidningar\/\" \/>\n<meta property=\"og:site_name\" content=\"Verket\" \/>\n<meta property=\"article:modified_time\" content=\"2026-01-15T12:55:22+00:00\" \/>\n<meta property=\"og:image\" content=\"https:\/\/verket.se\/wp-content\/uploads\/Saadia-Hussain-I-See-You-Through-Me-foto-Therese-Asplund-scaled.jpg\" \/>\n\t<meta property=\"og:image:width\" content=\"2560\" \/>\n\t<meta property=\"og:image:height\" content=\"1704\" \/>\n\t<meta property=\"og:image:type\" content=\"image\/jpeg\" \/>\n<meta name=\"twitter:card\" content=\"summary_large_image\" \/>\n<meta name=\"twitter:label1\" content=\"Est. reading time\" \/>\n\t<meta name=\"twitter:data1\" content=\"1 minute\" \/>\n<script type=\"application\/ld+json\" class=\"yoast-schema-graph\">{\"@context\":\"https:\/\/schema.org\",\"@graph\":[{\"@type\":\"WebPage\",\"@id\":\"https:\/\/verket.se\/konst-och-industriguidningar\/\",\"url\":\"https:\/\/verket.se\/konst-och-industriguidningar\/\",\"name\":\"Konst och industriguidningar | Boka g\u00e4rna guidad visning | Verket\",\"isPartOf\":{\"@id\":\"https:\/\/verket.se\/en\/#website\"},\"primaryImageOfPage\":{\"@id\":\"https:\/\/verket.se\/konst-och-industriguidningar\/#primaryimage\"},\"image\":{\"@id\":\"https:\/\/verket.se\/konst-och-industriguidningar\/#primaryimage\"},\"thumbnailUrl\":\"https:\/\/verket.se\/wp-content\/uploads\/Saadia-Hussain-I-See-You-Through-Me-foto-Therese-Asplund-300x200.jpg\",\"datePublished\":\"2022-02-03T16:35:23+00:00\",\"dateModified\":\"2026-01-15T12:55:22+00:00\",\"description\":\"Boka g\u00e4rna guidad visning. F\u00f6r v\u00e5ra guider lotsar er genom Verket p\u00e5 ett kompetent och underh\u00e5llande vis.\",\"breadcrumb\":{\"@id\":\"https:\/\/verket.se\/konst-och-industriguidningar\/#breadcrumb\"},\"inLanguage\":\"en-US\",\"potentialAction\":[{\"@type\":\"ReadAction\",\"target\":[\"https:\/\/verket.se\/konst-och-industriguidningar\/\"]}]},{\"@type\":\"ImageObject\",\"inLanguage\":\"en-US\",\"@id\":\"https:\/\/verket.se\/konst-och-industriguidningar\/#primaryimage\",\"url\":\"https:\/\/verket.se\/wp-content\/uploads\/Saadia-Hussain-I-See-You-Through-Me-foto-Therese-Asplund-300x200.jpg\",\"contentUrl\":\"https:\/\/verket.se\/wp-content\/uploads\/Saadia-Hussain-I-See-You-Through-Me-foto-Therese-Asplund-300x200.jpg\"},{\"@type\":\"BreadcrumbList\",\"@id\":\"https:\/\/verket.se\/konst-och-industriguidningar\/#breadcrumb\",\"itemListElement\":[{\"@type\":\"ListItem\",\"position\":1,\"name\":\"Hem\",\"item\":\"https:\/\/verket.se\/\"},{\"@type\":\"ListItem\",\"position\":2,\"name\":\"Konst och industriguidningar\"}]},{\"@type\":\"WebSite\",\"@id\":\"https:\/\/verket.se\/en\/#website\",\"url\":\"https:\/\/verket.se\/en\/\",\"name\":\"Verket\",\"description\":\"En del av Sveriges historia\",\"publisher\":{\"@id\":\"https:\/\/verket.se\/en\/#organization\"},\"potentialAction\":[{\"@type\":\"SearchAction\",\"target\":{\"@type\":\"EntryPoint\",\"urlTemplate\":\"https:\/\/verket.se\/en\/?s={search_term_string}\"},\"query-input\":{\"@type\":\"PropertyValueSpecification\",\"valueRequired\":true,\"valueName\":\"search_term_string\"}}],\"inLanguage\":\"en-US\"},{\"@type\":\"Organization\",\"@id\":\"https:\/\/verket.se\/en\/#organization\",\"name\":\"Verket\",\"url\":\"https:\/\/verket.se\/en\/\",\"logo\":{\"@type\":\"ImageObject\",\"inLanguage\":\"en-US\",\"@id\":\"https:\/\/verket.se\/en\/#\/schema\/logo\/image\/\",\"url\":\"https:\/\/www1.verket.se\/wp-content\/uploads\/2016\/08\/verket.png\",\"contentUrl\":\"https:\/\/www1.verket.se\/wp-content\/uploads\/2016\/08\/verket.png\",\"width\":455,\"height\":166,\"caption\":\"Verket\"},\"image\":{\"@id\":\"https:\/\/verket.se\/en\/#\/schema\/logo\/image\/\"}}]}<\/script>\n<!-- \/ Yoast SEO plugin. -->","yoast_head_json":{"title":"Konst och industriguidningar | Boka g\u00e4rna guidad visning | Verket","description":"Boka g\u00e4rna guidad visning. F\u00f6r v\u00e5ra guider lotsar er genom Verket p\u00e5 ett kompetent och underh\u00e5llande vis.","robots":{"index":"index","follow":"follow","max-snippet":"max-snippet:-1","max-image-preview":"max-image-preview:large","max-video-preview":"max-video-preview:-1"},"canonical":"https:\/\/verket.se\/en\/konst-och-industriguidningar\/","og_locale":"en_US","og_type":"article","og_title":"Konst och industriguidningar | Boka g\u00e4rna guidad visning | Verket","og_description":"Boka g\u00e4rna guidad visning. F\u00f6r v\u00e5ra guider lotsar er genom Verket p\u00e5 ett kompetent och underh\u00e5llande vis.","og_url":"https:\/\/verket.se\/en\/konst-och-industriguidningar\/","og_site_name":"Verket","article_modified_time":"2026-01-15T12:55:22+00:00","og_image":[{"width":2560,"height":1704,"url":"https:\/\/verket.se\/wp-content\/uploads\/Saadia-Hussain-I-See-You-Through-Me-foto-Therese-Asplund-scaled.jpg","type":"image\/jpeg"}],"twitter_card":"summary_large_image","twitter_misc":{"Est. reading time":"1 minute"},"schema":{"@context":"https:\/\/schema.org","@graph":[{"@type":"WebPage","@id":"https:\/\/verket.se\/konst-och-industriguidningar\/","url":"https:\/\/verket.se\/konst-och-industriguidningar\/","name":"Konst och industriguidningar | Boka g\u00e4rna guidad visning | Verket","isPartOf":{"@id":"https:\/\/verket.se\/en\/#website"},"primaryImageOfPage":{"@id":"https:\/\/verket.se\/konst-och-industriguidningar\/#primaryimage"},"image":{"@id":"https:\/\/verket.se\/konst-och-industriguidningar\/#primaryimage"},"thumbnailUrl":"https:\/\/verket.se\/wp-content\/uploads\/Saadia-Hussain-I-See-You-Through-Me-foto-Therese-Asplund-300x200.jpg","datePublished":"2022-02-03T16:35:23+00:00","dateModified":"2026-01-15T12:55:22+00:00","description":"Boka g\u00e4rna guidad visning. F\u00f6r v\u00e5ra guider lotsar er genom Verket p\u00e5 ett kompetent och underh\u00e5llande vis.","breadcrumb":{"@id":"https:\/\/verket.se\/konst-och-industriguidningar\/#breadcrumb"},"inLanguage":"en-US","potentialAction":[{"@type":"ReadAction","target":["https:\/\/verket.se\/konst-och-industriguidningar\/"]}]},{"@type":"ImageObject","inLanguage":"en-US","@id":"https:\/\/verket.se\/konst-och-industriguidningar\/#primaryimage","url":"https:\/\/verket.se\/wp-content\/uploads\/Saadia-Hussain-I-See-You-Through-Me-foto-Therese-Asplund-300x200.jpg","contentUrl":"https:\/\/verket.se\/wp-content\/uploads\/Saadia-Hussain-I-See-You-Through-Me-foto-Therese-Asplund-300x200.jpg"},{"@type":"BreadcrumbList","@id":"https:\/\/verket.se\/konst-och-industriguidningar\/#breadcrumb","itemListElement":[{"@type":"ListItem","position":1,"name":"Hem","item":"https:\/\/verket.se\/"},{"@type":"ListItem","position":2,"name":"Konst och industriguidningar"}]},{"@type":"WebSite","@id":"https:\/\/verket.se\/en\/#website","url":"https:\/\/verket.se\/en\/","name":"The work","description":"A part of Sweden&#039;s history","publisher":{"@id":"https:\/\/verket.se\/en\/#organization"},"potentialAction":[{"@type":"SearchAction","target":{"@type":"EntryPoint","urlTemplate":"https:\/\/verket.se\/en\/?s={search_term_string}"},"query-input":{"@type":"PropertyValueSpecification","valueRequired":true,"valueName":"search_term_string"}}],"inLanguage":"en-US"},{"@type":"Organization","@id":"https:\/\/verket.se\/en\/#organization","name":"The work","url":"https:\/\/verket.se\/en\/","logo":{"@type":"ImageObject","inLanguage":"en-US","@id":"https:\/\/verket.se\/en\/#\/schema\/logo\/image\/","url":"https:\/\/www1.verket.se\/wp-content\/uploads\/2016\/08\/verket.png","contentUrl":"https:\/\/www1.verket.se\/wp-content\/uploads\/2016\/08\/verket.png","width":455,"height":166,"caption":"Verket"},"image":{"@id":"https:\/\/verket.se\/en\/#\/schema\/logo\/image\/"}}]}},"_links":{"self":[{"href":"https:\/\/verket.se\/en\/wp-json\/wp\/v2\/pages\/9593","targetHints":{"allow":["GET"]}}],"collection":[{"href":"https:\/\/verket.se\/en\/wp-json\/wp\/v2\/pages"}],"about":[{"href":"https:\/\/verket.se\/en\/wp-json\/wp\/v2\/types\/page"}],"author":[{"embeddable":true,"href":"https:\/\/verket.se\/en\/wp-json\/wp\/v2\/users\/2"}],"replies":[{"embeddable":true,"href":"https:\/\/verket.se\/en\/wp-json\/wp\/v2\/comments?post=9593"}],"version-history":[{"count":5,"href":"https:\/\/verket.se\/en\/wp-json\/wp\/v2\/pages\/9593\/revisions"}],"predecessor-version":[{"id":23424,"href":"https:\/\/verket.se\/en\/wp-json\/wp\/v2\/pages\/9593\/revisions\/23424"}],"wp:attachment":[{"href":"https:\/\/verket.se\/en\/wp-json\/wp\/v2\/media?parent=9593"}],"curies":[{"name":"wp","href":"https:\/\/api.w.org\/{rel}","templated":true}]}}