{"id":9589,"date":"2022-02-03T17:31:49","date_gmt":"2022-02-03T16:31:49","guid":{"rendered":"https:\/\/verket.se\/?page_id=9589"},"modified":"2026-03-11T11:54:00","modified_gmt":"2026-03-11T10:54:00","slug":"konferens-och-uthyrning","status":"publish","type":"page","link":"https:\/\/verket.se\/en\/konferens-och-uthyrning\/","title":{"rendered":"Conference and rental"},"content":{"rendered":"<div data-elementor-type=\"wp-page\" data-elementor-id=\"9589\" class=\"elementor elementor-9589\" data-elementor-post-type=\"page\">\n\t\t\t\t\t\t<section class=\"elementor-section elementor-top-section elementor-element elementor-element-75eab09 elementor-section-boxed elementor-section-height-default elementor-section-height-default\" data-id=\"75eab09\" data-element_type=\"section\" data-e-type=\"section\">\n\t\t\t\t\t\t<div class=\"elementor-container elementor-column-gap-default\">\n\t\t\t\t\t<div class=\"elementor-column elementor-col-100 elementor-top-column elementor-element elementor-element-fe06104\" data-id=\"fe06104\" data-element_type=\"column\" data-e-type=\"column\">\n\t\t\t<div class=\"elementor-widget-wrap elementor-element-populated\">\n\t\t\t\t\t\t<div class=\"elementor-element elementor-element-93509c3 elementor-widget elementor-widget-spacer\" data-id=\"93509c3\" data-element_type=\"widget\" data-e-type=\"widget\" data-widget_type=\"spacer.default\">\n\t\t\t\t<div class=\"elementor-widget-container\">\n\t\t\t\t\t\t\t<div class=\"elementor-spacer\">\n\t\t\t<div class=\"elementor-spacer-inner\"><\/div>\n\t\t<\/div>\n\t\t\t\t\t\t<\/div>\n\t\t\t\t<\/div>\n\t\t\t\t<div class=\"elementor-element elementor-element-7500342 elementor-widget elementor-widget-heading\" data-id=\"7500342\" data-element_type=\"widget\" data-e-type=\"widget\" data-widget_type=\"heading.default\">\n\t\t\t\t<div class=\"elementor-widget-container\">\n\t\t\t\t\t<h2 class=\"elementor-heading-title elementor-size-default\">Conference and rental<\/h2>\t\t\t\t<\/div>\n\t\t\t\t<\/div>\n\t\t\t\t<div class=\"elementor-element elementor-element-d1baf17 elementor-widget-divider--view-line elementor-widget elementor-widget-divider\" data-id=\"d1baf17\" data-element_type=\"widget\" data-e-type=\"widget\" data-widget_type=\"divider.default\">\n\t\t\t\t<div class=\"elementor-widget-container\">\n\t\t\t\t\t\t\t<div class=\"elementor-divider\">\n\t\t\t<span class=\"elementor-divider-separator\">\n\t\t\t\t\t\t<\/span>\n\t\t<\/div>\n\t\t\t\t\t\t<\/div>\n\t\t\t\t<\/div>\n\t\t\t\t<section class=\"elementor-section elementor-inner-section elementor-element elementor-element-04c1c97 elementor-section-boxed elementor-section-height-default elementor-section-height-default\" data-id=\"04c1c97\" data-element_type=\"section\" data-e-type=\"section\">\n\t\t\t\t\t\t<div class=\"elementor-container elementor-column-gap-default\">\n\t\t\t\t\t<div class=\"elementor-column elementor-col-50 elementor-inner-column elementor-element elementor-element-058b9e6\" data-id=\"058b9e6\" data-element_type=\"column\" data-e-type=\"column\">\n\t\t\t<div class=\"elementor-widget-wrap elementor-element-populated\">\n\t\t\t\t\t\t<div class=\"elementor-element elementor-element-b552eea elementor-widget elementor-widget-heading\" data-id=\"b552eea\" data-element_type=\"widget\" data-e-type=\"widget\" data-widget_type=\"heading.default\">\n\t\t\t\t<div class=\"elementor-widget-container\">\n\t\t\t\t\t<h2 class=\"elementor-heading-title elementor-size-default\">I lokalerna ing\u00e5r f\u00f6ljande utrustning<\/h2>\t\t\t\t<\/div>\n\t\t\t\t<\/div>\n\t\t\t\t<div class=\"elementor-element elementor-element-adedea1 elementor-widget elementor-widget-heading\" data-id=\"adedea1\" data-element_type=\"widget\" data-e-type=\"widget\" data-widget_type=\"heading.default\">\n\t\t\t\t<div class=\"elementor-widget-container\">\n\t\t\t\t\t<h2 class=\"elementor-heading-title elementor-size-default\">Hela Rosthuset\/Stora hallen i Rosthuset:<\/h2>\t\t\t\t<\/div>\n\t\t\t\t<\/div>\n\t\t\t\t<div class=\"elementor-element elementor-element-451d5c9 elementor-widget elementor-widget-text-editor\" data-id=\"451d5c9\" data-element_type=\"widget\" data-e-type=\"widget\" data-widget_type=\"text-editor.default\">\n\t\t\t\t<div class=\"elementor-widget-container\">\n\t\t\t\t\t\t\t\t\t<p style=\"text-align: center;\"><span style=\"color: #000000;\">Projektor, duk, 150 stolar, ljudanl\u00e4ggning f\u00f6r direktljud i lokalen via mikrofon och dator. Kapprum, toaletter. Tillg\u00e5ng till viss k\u00f6ksutrustning, kaffebryggare och kylsk\u00e5p. <\/span><span style=\"color: #000000;\">En konferensv\u00e4rd finns p\u00e5 plats.<\/span><\/p>\t\t\t\t\t\t\t\t<\/div>\n\t\t\t\t<\/div>\n\t\t\t\t<div class=\"elementor-element elementor-element-4f45058 elementor-widget elementor-widget-heading\" data-id=\"4f45058\" data-element_type=\"widget\" data-e-type=\"widget\" data-widget_type=\"heading.default\">\n\t\t\t\t<div class=\"elementor-widget-container\">\n\t\t\t\t\t<h2 class=\"elementor-heading-title elementor-size-default\">Corneliussalen - endast dagtid, vardagar<\/h2>\t\t\t\t<\/div>\n\t\t\t\t<\/div>\n\t\t\t\t<div class=\"elementor-element elementor-element-30ad983 elementor-widget elementor-widget-text-editor\" data-id=\"30ad983\" data-element_type=\"widget\" data-e-type=\"widget\" data-widget_type=\"text-editor.default\">\n\t\t\t\t<div class=\"elementor-widget-container\">\n\t\t\t\t\t\t\t\t\t<p><span style=\"color: #000000;\">Projektor. Tillg\u00e5ng till k\u00f6k och kaffebryggare. V\u00e4rd finns i byggnaden.<\/span><\/p>\t\t\t\t\t\t\t\t<\/div>\n\t\t\t\t<\/div>\n\t\t\t\t\t<\/div>\n\t\t<\/div>\n\t\t\t\t<div class=\"elementor-column elementor-col-50 elementor-inner-column elementor-element elementor-element-13bd265\" data-id=\"13bd265\" data-element_type=\"column\" data-e-type=\"column\">\n\t\t\t<div class=\"elementor-widget-wrap elementor-element-populated\">\n\t\t\t\t\t\t<div class=\"elementor-element elementor-element-46be04e elementor-widget elementor-widget-image\" data-id=\"46be04e\" data-element_type=\"widget\" data-e-type=\"widget\" data-widget_type=\"image.default\">\n\t\t\t\t<div class=\"elementor-widget-container\">\n\t\t\t\t\t\t\t\t\t\t\t\t\t\t\t<img fetchpriority=\"high\" decoding=\"async\" width=\"215\" height=\"300\" src=\"https:\/\/verket.se\/wp-content\/uploads\/IMG_0961-scaled-e1771340514129-215x300.jpeg\" class=\"attachment-medium size-medium wp-image-24800\" alt=\"Interi\u00f6r Rosthuset\" srcset=\"https:\/\/verket.se\/wp-content\/uploads\/IMG_0961-scaled-e1771340514129-215x300.jpeg 215w, https:\/\/verket.se\/wp-content\/uploads\/IMG_0961-scaled-e1771340514129-733x1024.jpeg 733w, https:\/\/verket.se\/wp-content\/uploads\/IMG_0961-scaled-e1771340514129-768x1073.jpeg 768w, https:\/\/verket.se\/wp-content\/uploads\/IMG_0961-scaled-e1771340514129-1099x1536.jpeg 1099w, https:\/\/verket.se\/wp-content\/uploads\/IMG_0961-scaled-e1771340514129-9x12.jpeg 9w, https:\/\/verket.se\/wp-content\/uploads\/IMG_0961-scaled-e1771340514129.jpeg 1374w\" sizes=\"(max-width: 215px) 100vw, 215px\" \/>\t\t\t\t\t\t\t\t\t\t\t\t\t\t\t<\/div>\n\t\t\t\t<\/div>\n\t\t\t\t\t<\/div>\n\t\t<\/div>\n\t\t\t\t\t<\/div>\n\t\t<\/section>\n\t\t\t\t\t<\/div>\n\t\t<\/div>\n\t\t\t\t\t<\/div>\n\t\t<\/section>\n\t\t\t\t<section class=\"elementor-section elementor-top-section elementor-element elementor-element-20991db elementor-section-full_width elementor-section-height-default elementor-section-height-default\" data-id=\"20991db\" data-element_type=\"section\" data-e-type=\"section\">\n\t\t\t\t\t\t<div class=\"elementor-container elementor-column-gap-default\">\n\t\t\t\t\t<div class=\"elementor-column elementor-col-100 elementor-top-column elementor-element elementor-element-4ec1d3b\" data-id=\"4ec1d3b\" data-element_type=\"column\" data-e-type=\"column\">\n\t\t\t<div class=\"elementor-widget-wrap elementor-element-populated\">\n\t\t\t\t\t\t<div class=\"elementor-element elementor-element-b4faffc elementor-widget-divider--view-line elementor-widget elementor-widget-divider\" data-id=\"b4faffc\" data-element_type=\"widget\" data-e-type=\"widget\" data-widget_type=\"divider.default\">\n\t\t\t\t<div class=\"elementor-widget-container\">\n\t\t\t\t\t\t\t<div class=\"elementor-divider\">\n\t\t\t<span class=\"elementor-divider-separator\">\n\t\t\t\t\t\t<\/span>\n\t\t<\/div>\n\t\t\t\t\t\t<\/div>\n\t\t\t\t<\/div>\n\t\t\t\t<div class=\"elementor-element elementor-element-f2e89af elementor-widget elementor-widget-text-editor\" data-id=\"f2e89af\" data-element_type=\"widget\" data-e-type=\"widget\" data-widget_type=\"text-editor.default\">\n\t\t\t\t<div class=\"elementor-widget-container\">\n\t\t\t\t\t\t\t\t\t\n<figure class=\"wp-block-table is-style-stripes\">\n<table class=\"has-fixed-layout\" style=\"height: 1578px;\" width=\"591\">\n<thead>\n<tr>\n<th>Lokal<\/th>\n<th>Privatpersoner<br \/>F\u00f6retag<\/th>\n<th>\u00a0<\/th>\n<th>F\u00f6reningar<\/th>\n<th>\u00a0<\/th>\n<\/tr>\n<\/thead>\n<tbody>\n<tr>\n<td><strong>Heldag vardag<\/strong><\/td>\n<td><strong>Pris inkl. gasol<\/strong><\/td>\n<td><strong>Pris exkl. gasol<\/strong><\/td>\n<td><strong>Pris inkl. gasol<\/strong><\/td>\n<td><strong>Pris exkl. gasol<\/strong><\/td>\n<\/tr>\n<tr>\n<td>Hela Rosthuset<\/td>\n<td>16 000<\/td>\n<td>10 000<\/td>\n<td>12 000<\/td>\n<td>6 000<\/td>\n<\/tr>\n<tr>\n<td>Stora hallen Rosthuset<\/td>\n<td>14 000<\/td>\n<td>8 000<\/td>\n<td>10 000<\/td>\n<td>4 000<\/td>\n<\/tr>\n<tr>\n<td>Cornelius Hall<\/td>\n<td>\u00a0<\/td>\n<td>6 000<\/td>\n<td>\u00a0<\/td>\n<td>2 000<\/td>\n<\/tr>\n<tr>\n<td>\u00a0<\/td>\n<td>\u00a0<\/td>\n<td>\u00a0<\/td>\n<td>\u00a0<\/td>\n<td>\u00a0<\/td>\n<\/tr>\n<tr>\n<td><strong>Halvdag<\/strong><\/td>\n<td>\u00a0<\/td>\n<td>\u00a0<\/td>\n<td>\u00a0<\/td>\n<td>\u00a0<\/td>\n<\/tr>\n<tr>\n<td>Hela Rosthuset<\/td>\n<td>12 000<\/td>\n<td>8 000<\/td>\n<td>8 000<\/td>\n<td>4 000<\/td>\n<\/tr>\n<tr>\n<td>Stora hallen Rosthuset<\/td>\n<td>10 000<\/td>\n<td>6 000<\/td>\n<td>6 000<\/td>\n<td>2 000<\/td>\n<\/tr>\n<tr>\n<td>\u00a0<\/td>\n<td>\u00a0<\/td>\n<td>\u00a0<\/td>\n<td>\u00a0<\/td>\n<td>\u00a0<\/td>\n<\/tr>\n<tr>\n<td><strong>Kv\u00e4ll<\/strong><\/td>\n<td>\u00a0<\/td>\n<td>\u00a0<\/td>\n<td>\u00a0<\/td>\n<td>\u00a0<\/td>\n<\/tr>\n<tr>\n<td>Hela Rosthuset<\/td>\n<td>12 000<\/td>\n<td>8 000<\/td>\n<td>8 000<\/td>\n<td>4 000<\/td>\n<\/tr>\n<tr>\n<td>Stora hallen Rosthuset<\/td>\n<td>10 000<\/td>\n<td>6 000<\/td>\n<td>6 000<\/td>\n<td>2 000<\/td>\n<\/tr>\n<tr>\n<td>\u00a0<\/td>\n<td>\u00a0<\/td>\n<td>\u00a0<\/td>\n<td>\u00a0<\/td>\n<td>\u00a0<\/td>\n<\/tr>\n<tr>\n<td><strong>Heldag helg<\/strong><\/td>\n<td>\u00a0<\/td>\n<td>\u00a0<\/td>\n<td>\u00a0<\/td>\n<td>\u00a0<\/td>\n<\/tr>\n<tr>\n<td>Hela Rosthuset<\/td>\n<td>20 000<\/td>\n<td>14 000<\/td>\n<td>14 000<\/td>\n<td>8 000<\/td>\n<\/tr>\n<tr>\n<td>Stora hallen Rosthuset<\/td>\n<td>16 000<\/td>\n<td>10 000<\/td>\n<td>11 000<\/td>\n<td>5 000<\/td>\n<\/tr>\n<\/tbody>\n<\/table>\n\t\t\t\t\t\t\t\t<\/div>\n\t\t\t\t<\/div>\n\t\t\t\t\t<\/div>\n\t\t<\/div>\n\t\t\t\t\t<\/div>\n\t\t<\/section>\n\t\t\t\t<\/div>","protected":false},"excerpt":{"rendered":"<p>Konferens och uthyrning I lokalerna ing\u00e5r f\u00f6ljande utrustning Hela Rosthuset\/Stora hallen i Rosthuset: Projektor, duk, 150 stolar, ljudanl\u00e4ggning f\u00f6r direktljud i lokalen via mikrofon och dator. Kapprum, toaletter. Tillg\u00e5ng till viss k\u00f6ksutrustning, kaffebryggare och kylsk\u00e5p. En konferensv\u00e4rd finns p\u00e5 plats. Corneliussalen &#8211; endast dagtid, vardagar Projektor. Tillg\u00e5ng till k\u00f6k och kaffebryggare. V\u00e4rd finns i byggnaden. [&hellip;]<\/p>\n","protected":false},"author":2,"featured_media":24800,"parent":0,"menu_order":0,"comment_status":"closed","ping_status":"closed","template":"","meta":{"site-sidebar-layout":"no-sidebar","site-content-layout":"page-builder","ast-site-content-layout":"full-width-container","site-content-style":"unboxed","site-sidebar-style":"unboxed","ast-global-header-display":"","ast-banner-title-visibility":"","ast-main-header-display":"","ast-hfb-above-header-display":"","ast-hfb-below-header-display":"","ast-hfb-mobile-header-display":"","site-post-title":"disabled","ast-breadcrumbs-content":"","ast-featured-img":"disabled","footer-sml-layout":"","ast-disable-related-posts":"","theme-transparent-header-meta":"default","adv-header-id-meta":"","stick-header-meta":"","header-above-stick-meta":"","header-main-stick-meta":"","header-below-stick-meta":"","astra-migrate-meta-layouts":"set","ast-page-background-enabled":"default","ast-page-background-meta":{"desktop":{"background-color":"","background-image":"","background-repeat":"repeat","background-position":"center center","background-size":"auto","background-attachment":"scroll","background-type":"","background-media":"","overlay-type":"","overlay-color":"","overlay-opacity":"","overlay-gradient":""},"tablet":{"background-color":"","background-image":"","background-repeat":"repeat","background-position":"center center","background-size":"auto","background-attachment":"scroll","background-type":"","background-media":"","overlay-type":"","overlay-color":"","overlay-opacity":"","overlay-gradient":""},"mobile":{"background-color":"","background-image":"","background-repeat":"repeat","background-position":"center center","background-size":"auto","background-attachment":"scroll","background-type":"","background-media":"","overlay-type":"","overlay-color":"","overlay-opacity":"","overlay-gradient":""}},"ast-content-background-meta":{"desktop":{"background-color":"var(--ast-global-color-5)","background-image":"","background-repeat":"repeat","background-position":"center center","background-size":"auto","background-attachment":"scroll","background-type":"","background-media":"","overlay-type":"","overlay-color":"","overlay-opacity":"","overlay-gradient":""},"tablet":{"background-color":"var(--ast-global-color-5)","background-image":"","background-repeat":"repeat","background-position":"center center","background-size":"auto","background-attachment":"scroll","background-type":"","background-media":"","overlay-type":"","overlay-color":"","overlay-opacity":"","overlay-gradient":""},"mobile":{"background-color":"var(--ast-global-color-5)","background-image":"","background-repeat":"repeat","background-position":"center center","background-size":"auto","background-attachment":"scroll","background-type":"","background-media":"","overlay-type":"","overlay-color":"","overlay-opacity":"","overlay-gradient":""}},"footnotes":""},"class_list":["post-9589","page","type-page","status-publish","has-post-thumbnail","hentry"],"yoast_head":"<!-- This site is optimized with the Yoast SEO plugin v27.1 - https:\/\/yoast.com\/product\/yoast-seo-wordpress\/ -->\n<title>Konferens och uthyrning | Verket<\/title>\n<meta name=\"description\" content=\"S\u00f6ker du en inspirerande &amp; annorlunda milj\u00f6 f\u00f6r vinterns m\u00f6ten? Under perioden oktober till mars finns m\u00f6jligheten att hyra Verkets karakt\u00e4rsfulla lokaler. En unik industrihistorisk milj\u00f6 - Boka Verket f\u00f6r er n\u00e4sta konferens!\" \/>\n<meta name=\"robots\" content=\"index, follow, max-snippet:-1, max-image-preview:large, max-video-preview:-1\" \/>\n<link rel=\"canonical\" href=\"https:\/\/verket.se\/en\/konferens-och-uthyrning\/\" \/>\n<meta property=\"og:locale\" content=\"en_US\" \/>\n<meta property=\"og:type\" content=\"article\" \/>\n<meta property=\"og:title\" content=\"Konferens och uthyrning | Verket\" \/>\n<meta property=\"og:description\" content=\"S\u00f6ker du en inspirerande &amp; annorlunda milj\u00f6 f\u00f6r vinterns m\u00f6ten? Under perioden oktober till mars finns m\u00f6jligheten att hyra Verkets karakt\u00e4rsfulla lokaler. En unik industrihistorisk milj\u00f6 - Boka Verket f\u00f6r er n\u00e4sta konferens!\" \/>\n<meta property=\"og:url\" content=\"https:\/\/verket.se\/en\/konferens-och-uthyrning\/\" \/>\n<meta property=\"og:site_name\" content=\"Verket\" \/>\n<meta property=\"article:modified_time\" content=\"2026-03-11T10:54:00+00:00\" \/>\n<meta property=\"og:image\" content=\"https:\/\/verket.se\/wp-content\/uploads\/IMG_0961-scaled-e1771340514129.jpeg\" \/>\n\t<meta property=\"og:image:width\" content=\"1374\" \/>\n\t<meta property=\"og:image:height\" content=\"1920\" \/>\n\t<meta property=\"og:image:type\" content=\"image\/jpeg\" \/>\n<meta name=\"twitter:card\" content=\"summary_large_image\" \/>\n<meta name=\"twitter:label1\" content=\"Est. reading time\" \/>\n\t<meta name=\"twitter:data1\" content=\"2 minutes\" \/>\n<script type=\"application\/ld+json\" class=\"yoast-schema-graph\">{\"@context\":\"https:\/\/schema.org\",\"@graph\":[{\"@type\":\"WebPage\",\"@id\":\"https:\/\/verket.se\/konferens-och-uthyrning\/\",\"url\":\"https:\/\/verket.se\/konferens-och-uthyrning\/\",\"name\":\"Konferens och uthyrning | Verket\",\"isPartOf\":{\"@id\":\"https:\/\/verket.se\/en\/#website\"},\"primaryImageOfPage\":{\"@id\":\"https:\/\/verket.se\/konferens-och-uthyrning\/#primaryimage\"},\"image\":{\"@id\":\"https:\/\/verket.se\/konferens-och-uthyrning\/#primaryimage\"},\"thumbnailUrl\":\"https:\/\/verket.se\/wp-content\/uploads\/IMG_0961-scaled-e1771340514129.jpeg\",\"datePublished\":\"2022-02-03T16:31:49+00:00\",\"dateModified\":\"2026-03-11T10:54:00+00:00\",\"description\":\"S\u00f6ker du en inspirerande & annorlunda milj\u00f6 f\u00f6r vinterns m\u00f6ten? Under perioden oktober till mars finns m\u00f6jligheten att hyra Verkets karakt\u00e4rsfulla lokaler. En unik industrihistorisk milj\u00f6 - Boka Verket f\u00f6r er n\u00e4sta konferens!\",\"breadcrumb\":{\"@id\":\"https:\/\/verket.se\/konferens-och-uthyrning\/#breadcrumb\"},\"inLanguage\":\"en-US\",\"potentialAction\":[{\"@type\":\"ReadAction\",\"target\":[\"https:\/\/verket.se\/konferens-och-uthyrning\/\"]}]},{\"@type\":\"ImageObject\",\"inLanguage\":\"en-US\",\"@id\":\"https:\/\/verket.se\/konferens-och-uthyrning\/#primaryimage\",\"url\":\"https:\/\/verket.se\/wp-content\/uploads\/IMG_0961-scaled-e1771340514129.jpeg\",\"contentUrl\":\"https:\/\/verket.se\/wp-content\/uploads\/IMG_0961-scaled-e1771340514129.jpeg\",\"width\":1374,\"height\":1920,\"caption\":\"Interi\u00f6r Rosthuset\"},{\"@type\":\"BreadcrumbList\",\"@id\":\"https:\/\/verket.se\/konferens-och-uthyrning\/#breadcrumb\",\"itemListElement\":[{\"@type\":\"ListItem\",\"position\":1,\"name\":\"Hem\",\"item\":\"https:\/\/verket.se\/\"},{\"@type\":\"ListItem\",\"position\":2,\"name\":\"Konferens och uthyrning\"}]},{\"@type\":\"WebSite\",\"@id\":\"https:\/\/verket.se\/en\/#website\",\"url\":\"https:\/\/verket.se\/en\/\",\"name\":\"Verket\",\"description\":\"En del av Sveriges historia\",\"publisher\":{\"@id\":\"https:\/\/verket.se\/en\/#organization\"},\"potentialAction\":[{\"@type\":\"SearchAction\",\"target\":{\"@type\":\"EntryPoint\",\"urlTemplate\":\"https:\/\/verket.se\/en\/?s={search_term_string}\"},\"query-input\":{\"@type\":\"PropertyValueSpecification\",\"valueRequired\":true,\"valueName\":\"search_term_string\"}}],\"inLanguage\":\"en-US\"},{\"@type\":\"Organization\",\"@id\":\"https:\/\/verket.se\/en\/#organization\",\"name\":\"Verket\",\"url\":\"https:\/\/verket.se\/en\/\",\"logo\":{\"@type\":\"ImageObject\",\"inLanguage\":\"en-US\",\"@id\":\"https:\/\/verket.se\/en\/#\/schema\/logo\/image\/\",\"url\":\"https:\/\/www1.verket.se\/wp-content\/uploads\/2016\/08\/verket.png\",\"contentUrl\":\"https:\/\/www1.verket.se\/wp-content\/uploads\/2016\/08\/verket.png\",\"width\":455,\"height\":166,\"caption\":\"Verket\"},\"image\":{\"@id\":\"https:\/\/verket.se\/en\/#\/schema\/logo\/image\/\"}}]}<\/script>\n<!-- \/ Yoast SEO plugin. -->","yoast_head_json":{"title":"Konferens och uthyrning | Verket","description":"S\u00f6ker du en inspirerande & annorlunda milj\u00f6 f\u00f6r vinterns m\u00f6ten? Under perioden oktober till mars finns m\u00f6jligheten att hyra Verkets karakt\u00e4rsfulla lokaler. En unik industrihistorisk milj\u00f6 - Boka Verket f\u00f6r er n\u00e4sta konferens!","robots":{"index":"index","follow":"follow","max-snippet":"max-snippet:-1","max-image-preview":"max-image-preview:large","max-video-preview":"max-video-preview:-1"},"canonical":"https:\/\/verket.se\/en\/konferens-och-uthyrning\/","og_locale":"en_US","og_type":"article","og_title":"Konferens och uthyrning | Verket","og_description":"S\u00f6ker du en inspirerande & annorlunda milj\u00f6 f\u00f6r vinterns m\u00f6ten? Under perioden oktober till mars finns m\u00f6jligheten att hyra Verkets karakt\u00e4rsfulla lokaler. En unik industrihistorisk milj\u00f6 - Boka Verket f\u00f6r er n\u00e4sta konferens!","og_url":"https:\/\/verket.se\/en\/konferens-och-uthyrning\/","og_site_name":"Verket","article_modified_time":"2026-03-11T10:54:00+00:00","og_image":[{"width":1374,"height":1920,"url":"https:\/\/verket.se\/wp-content\/uploads\/IMG_0961-scaled-e1771340514129.jpeg","type":"image\/jpeg"}],"twitter_card":"summary_large_image","twitter_misc":{"Est. reading time":"2 minutes"},"schema":{"@context":"https:\/\/schema.org","@graph":[{"@type":"WebPage","@id":"https:\/\/verket.se\/konferens-och-uthyrning\/","url":"https:\/\/verket.se\/konferens-och-uthyrning\/","name":"Konferens och uthyrning | Verket","isPartOf":{"@id":"https:\/\/verket.se\/en\/#website"},"primaryImageOfPage":{"@id":"https:\/\/verket.se\/konferens-och-uthyrning\/#primaryimage"},"image":{"@id":"https:\/\/verket.se\/konferens-och-uthyrning\/#primaryimage"},"thumbnailUrl":"https:\/\/verket.se\/wp-content\/uploads\/IMG_0961-scaled-e1771340514129.jpeg","datePublished":"2022-02-03T16:31:49+00:00","dateModified":"2026-03-11T10:54:00+00:00","description":"S\u00f6ker du en inspirerande & annorlunda milj\u00f6 f\u00f6r vinterns m\u00f6ten? Under perioden oktober till mars finns m\u00f6jligheten att hyra Verkets karakt\u00e4rsfulla lokaler. En unik industrihistorisk milj\u00f6 - Boka Verket f\u00f6r er n\u00e4sta konferens!","breadcrumb":{"@id":"https:\/\/verket.se\/konferens-och-uthyrning\/#breadcrumb"},"inLanguage":"en-US","potentialAction":[{"@type":"ReadAction","target":["https:\/\/verket.se\/konferens-och-uthyrning\/"]}]},{"@type":"ImageObject","inLanguage":"en-US","@id":"https:\/\/verket.se\/konferens-och-uthyrning\/#primaryimage","url":"https:\/\/verket.se\/wp-content\/uploads\/IMG_0961-scaled-e1771340514129.jpeg","contentUrl":"https:\/\/verket.se\/wp-content\/uploads\/IMG_0961-scaled-e1771340514129.jpeg","width":1374,"height":1920,"caption":"Interi\u00f6r Rosthuset"},{"@type":"BreadcrumbList","@id":"https:\/\/verket.se\/konferens-och-uthyrning\/#breadcrumb","itemListElement":[{"@type":"ListItem","position":1,"name":"Hem","item":"https:\/\/verket.se\/"},{"@type":"ListItem","position":2,"name":"Konferens och uthyrning"}]},{"@type":"WebSite","@id":"https:\/\/verket.se\/en\/#website","url":"https:\/\/verket.se\/en\/","name":"The work","description":"A part of Sweden&#039;s history","publisher":{"@id":"https:\/\/verket.se\/en\/#organization"},"potentialAction":[{"@type":"SearchAction","target":{"@type":"EntryPoint","urlTemplate":"https:\/\/verket.se\/en\/?s={search_term_string}"},"query-input":{"@type":"PropertyValueSpecification","valueRequired":true,"valueName":"search_term_string"}}],"inLanguage":"en-US"},{"@type":"Organization","@id":"https:\/\/verket.se\/en\/#organization","name":"The work","url":"https:\/\/verket.se\/en\/","logo":{"@type":"ImageObject","inLanguage":"en-US","@id":"https:\/\/verket.se\/en\/#\/schema\/logo\/image\/","url":"https:\/\/www1.verket.se\/wp-content\/uploads\/2016\/08\/verket.png","contentUrl":"https:\/\/www1.verket.se\/wp-content\/uploads\/2016\/08\/verket.png","width":455,"height":166,"caption":"Verket"},"image":{"@id":"https:\/\/verket.se\/en\/#\/schema\/logo\/image\/"}}]}},"_links":{"self":[{"href":"https:\/\/verket.se\/en\/wp-json\/wp\/v2\/pages\/9589","targetHints":{"allow":["GET"]}}],"collection":[{"href":"https:\/\/verket.se\/en\/wp-json\/wp\/v2\/pages"}],"about":[{"href":"https:\/\/verket.se\/en\/wp-json\/wp\/v2\/types\/page"}],"author":[{"embeddable":true,"href":"https:\/\/verket.se\/en\/wp-json\/wp\/v2\/users\/2"}],"replies":[{"embeddable":true,"href":"https:\/\/verket.se\/en\/wp-json\/wp\/v2\/comments?post=9589"}],"version-history":[{"count":5,"href":"https:\/\/verket.se\/en\/wp-json\/wp\/v2\/pages\/9589\/revisions"}],"predecessor-version":[{"id":25217,"href":"https:\/\/verket.se\/en\/wp-json\/wp\/v2\/pages\/9589\/revisions\/25217"}],"wp:featuredmedia":[{"embeddable":true,"href":"https:\/\/verket.se\/en\/wp-json\/wp\/v2\/media\/24800"}],"wp:attachment":[{"href":"https:\/\/verket.se\/en\/wp-json\/wp\/v2\/media?parent=9589"}],"curies":[{"name":"wp","href":"https:\/\/api.w.org\/{rel}","templated":true}]}}