{"id":9587,"date":"2022-02-03T17:30:51","date_gmt":"2022-02-03T16:30:51","guid":{"rendered":"https:\/\/verket.se\/?page_id=9587"},"modified":"2023-03-08T09:44:46","modified_gmt":"2023-03-08T08:44:46","slug":"skolbesok","status":"publish","type":"page","link":"https:\/\/verket.se\/en\/skolbesok\/","title":{"rendered":"School visitors"},"content":{"rendered":"<div data-elementor-type=\"wp-page\" data-elementor-id=\"9587\" class=\"elementor elementor-9587\" data-elementor-post-type=\"page\">\n\t\t\t\t\t\t<section class=\"elementor-section elementor-top-section elementor-element elementor-element-0593700 elementor-section-boxed elementor-section-height-default elementor-section-height-default\" data-id=\"0593700\" data-element_type=\"section\" data-e-type=\"section\">\n\t\t\t\t\t\t<div class=\"elementor-container elementor-column-gap-default\">\n\t\t\t\t\t<div class=\"elementor-column elementor-col-100 elementor-top-column elementor-element elementor-element-11feb26\" data-id=\"11feb26\" data-element_type=\"column\" data-e-type=\"column\" data-settings=\"{&quot;background_background&quot;:&quot;classic&quot;}\">\n\t\t\t<div class=\"elementor-widget-wrap elementor-element-populated\">\n\t\t\t\t\t\t<section class=\"elementor-section elementor-inner-section elementor-element elementor-element-15a43c0 elementor-section-boxed elementor-section-height-default elementor-section-height-default\" data-id=\"15a43c0\" data-element_type=\"section\" data-e-type=\"section\">\n\t\t\t\t\t\t<div class=\"elementor-container elementor-column-gap-default\">\n\t\t\t\t\t<div class=\"elementor-column elementor-col-50 elementor-inner-column elementor-element elementor-element-0462c40\" data-id=\"0462c40\" data-element_type=\"column\" data-e-type=\"column\" data-settings=\"{&quot;background_background&quot;:&quot;classic&quot;}\">\n\t\t\t<div class=\"elementor-widget-wrap elementor-element-populated\">\n\t\t\t\t\t\t<div class=\"elementor-element elementor-element-a24bfd7 elementor-widget elementor-widget-text-editor\" data-id=\"a24bfd7\" data-element_type=\"widget\" data-e-type=\"widget\" data-widget_type=\"text-editor.default\">\n\t\t\t\t<div class=\"elementor-widget-container\">\n\t\t\t\t\t\t\t\t\t<p><span style=\"color: #000000;\"><strong>Take the classroom into Verket - or vice versa!<br \/><\/strong>A school visit to Verket can be different from time to time, and create different impressions and memories. You can book a view of the work and the historical part, or of the current exhibition that is going on.<\/span><\/p><p><span style=\"color: #000000;\"><strong>The empathy environment - Verket!<br \/><\/strong>Among blast furnaces and martinverk, school classes are offered guided tours where, with presence and technical magic, we follow the iron's path from ore to steel.<\/span><\/p><p><span style=\"color: #000000;\"><strong>Creative learning<br \/><\/strong>The Corneliussalen offers ready-made learning environments, which have been built in the work to be a hub of the pedagogical development of the municipality, where one wants to benefit from Verkets inspiring environment for developing students' learning. The purpose is to put their creative ability in the foreground and to awaken the desire to learn.<\/span><\/p><p><span style=\"color: #000000;\"><strong>Other exhibitions and Avesta Art<br \/><\/strong>Adapted guided tour through the artistic landscape integrated into Verket. Here are different expressions and both Swedish and international exciting artists.<\/span><\/p><p><span style=\"color: #000000;\"><strong>Prices Verket \/ Avesta Art<br \/><\/strong>For guided tours:<\/span><br \/><span style=\"color: #000000;\">Avesta Art is free for Dalarna school students, other schools 20 SEK\/student.<\/span><\/p><p><span style=\"color: #000000;\"><strong>Food in Verket<br \/><\/strong>You can bring your own food bag and you can benefit from it<\/span><br \/><span style=\"color: #000000;\">eat in our cafe section.<\/span><\/p>\t\t\t\t\t\t\t\t<\/div>\n\t\t\t\t<\/div>\n\t\t\t\t\t<\/div>\n\t\t<\/div>\n\t\t\t\t<div class=\"elementor-column elementor-col-50 elementor-inner-column elementor-element elementor-element-1c182c1\" data-id=\"1c182c1\" data-element_type=\"column\" data-e-type=\"column\" data-settings=\"{&quot;background_background&quot;:&quot;classic&quot;}\">\n\t\t\t<div class=\"elementor-widget-wrap elementor-element-populated\">\n\t\t\t\t\t\t<div class=\"elementor-element elementor-element-e65a8d7 elementor-widget elementor-widget-image\" data-id=\"e65a8d7\" data-element_type=\"widget\" data-e-type=\"widget\" data-widget_type=\"image.default\">\n\t\t\t\t<div class=\"elementor-widget-container\">\n\t\t\t\t\t\t\t\t\t\t\t\t\t\t\t<img fetchpriority=\"high\" decoding=\"async\" width=\"300\" height=\"169\" src=\"https:\/\/verket.se\/wp-content\/uploads\/Tomas-Nordberg-Ett-stycke-tid-300x169.jpg\" class=\"attachment-medium size-medium wp-image-7516\" alt=\"Tomas Nordberg Ett stycke tid foto: Sussie Carlzon\" srcset=\"https:\/\/verket.se\/wp-content\/uploads\/Tomas-Nordberg-Ett-stycke-tid-300x169.jpg 300w, https:\/\/verket.se\/wp-content\/uploads\/Tomas-Nordberg-Ett-stycke-tid-1024x576.jpg 1024w, https:\/\/verket.se\/wp-content\/uploads\/Tomas-Nordberg-Ett-stycke-tid-768x432.jpg 768w, https:\/\/verket.se\/wp-content\/uploads\/Tomas-Nordberg-Ett-stycke-tid-1536x864.jpg 1536w, https:\/\/verket.se\/wp-content\/uploads\/Tomas-Nordberg-Ett-stycke-tid.jpg 1920w\" sizes=\"(max-width: 300px) 100vw, 300px\" \/>\t\t\t\t\t\t\t\t\t\t\t\t\t\t\t<\/div>\n\t\t\t\t<\/div>\n\t\t\t\t<div class=\"elementor-element elementor-element-315b546 elementor-widget elementor-widget-image\" data-id=\"315b546\" data-element_type=\"widget\" data-e-type=\"widget\" data-widget_type=\"image.default\">\n\t\t\t\t<div class=\"elementor-widget-container\">\n\t\t\t\t\t\t\t\t\t\t\t\t\t\t\t<img decoding=\"async\" width=\"300\" height=\"167\" src=\"https:\/\/verket.se\/wp-content\/uploads\/2019\/02\/optiktivoli-300x167-300x167.png\" class=\"attachment-medium size-medium wp-image-6005\" alt=\"optiktivoli Verket Avesta\" \/>\t\t\t\t\t\t\t\t\t\t\t\t\t\t\t<\/div>\n\t\t\t\t<\/div>\n\t\t\t\t\t<\/div>\n\t\t<\/div>\n\t\t\t\t\t<\/div>\n\t\t<\/section>\n\t\t\t\t\t<\/div>\n\t\t<\/div>\n\t\t\t\t\t<\/div>\n\t\t<\/section>\n\t\t\t\t<\/div>","protected":false},"excerpt":{"rendered":"<p>Ta med dig klassrummet in i Verket \u2013 eller tv\u00e4rtom!Ett skolbes\u00f6k i Verket kan vara annorlunda fr\u00e5n g\u00e5ng till g\u00e5ng, och skapa olika intryck och minnen. Du kan boka en visning\u00a0av Verket och den historiska delen, eller av den aktuella utst\u00e4llning som p\u00e5g\u00e5r. Inlevelsemilj\u00f6n \u2013 Verket!Bland masugnar och martinverk erbjuds skolklasser guidade turer d\u00e4r vi [&hellip;]<\/p>\n","protected":false},"author":2,"featured_media":0,"parent":0,"menu_order":0,"comment_status":"closed","ping_status":"closed","template":"","meta":{"site-sidebar-layout":"no-sidebar","site-content-layout":"page-builder","ast-site-content-layout":"default","site-content-style":"default","site-sidebar-style":"default","ast-global-header-display":"","ast-banner-title-visibility":"","ast-main-header-display":"","ast-hfb-above-header-display":"","ast-hfb-below-header-display":"","ast-hfb-mobile-header-display":"","site-post-title":"disabled","ast-breadcrumbs-content":"","ast-featured-img":"disabled","footer-sml-layout":"","ast-disable-related-posts":"","theme-transparent-header-meta":"default","adv-header-id-meta":"","stick-header-meta":"","header-above-stick-meta":"","header-main-stick-meta":"","header-below-stick-meta":"","astra-migrate-meta-layouts":"default","ast-page-background-enabled":"default","ast-page-background-meta":{"desktop":{"background-color":"","background-image":"","background-repeat":"repeat","background-position":"center center","background-size":"auto","background-attachment":"scroll","background-type":"","background-media":"","overlay-type":"","overlay-color":"","overlay-opacity":"","overlay-gradient":""},"tablet":{"background-color":"","background-image":"","background-repeat":"repeat","background-position":"center center","background-size":"auto","background-attachment":"scroll","background-type":"","background-media":"","overlay-type":"","overlay-color":"","overlay-opacity":"","overlay-gradient":""},"mobile":{"background-color":"","background-image":"","background-repeat":"repeat","background-position":"center center","background-size":"auto","background-attachment":"scroll","background-type":"","background-media":"","overlay-type":"","overlay-color":"","overlay-opacity":"","overlay-gradient":""}},"ast-content-background-meta":{"desktop":{"background-color":"var(--ast-global-color-5)","background-image":"","background-repeat":"repeat","background-position":"center center","background-size":"auto","background-attachment":"scroll","background-type":"","background-media":"","overlay-type":"","overlay-color":"","overlay-opacity":"","overlay-gradient":""},"tablet":{"background-color":"var(--ast-global-color-5)","background-image":"","background-repeat":"repeat","background-position":"center center","background-size":"auto","background-attachment":"scroll","background-type":"","background-media":"","overlay-type":"","overlay-color":"","overlay-opacity":"","overlay-gradient":""},"mobile":{"background-color":"var(--ast-global-color-5)","background-image":"","background-repeat":"repeat","background-position":"center center","background-size":"auto","background-attachment":"scroll","background-type":"","background-media":"","overlay-type":"","overlay-color":"","overlay-opacity":"","overlay-gradient":""}},"footnotes":""},"class_list":["post-9587","page","type-page","status-publish","hentry"],"yoast_head":"<!-- This site is optimized with the Yoast SEO plugin v27.1 - https:\/\/yoast.com\/product\/yoast-seo-wordpress\/ -->\n<title>Skolbes\u00f6k | Verket<\/title>\n<meta name=\"robots\" content=\"index, follow, max-snippet:-1, max-image-preview:large, max-video-preview:-1\" \/>\n<link rel=\"canonical\" href=\"https:\/\/verket.se\/en\/skolbesok\/\" \/>\n<meta property=\"og:locale\" content=\"en_US\" \/>\n<meta property=\"og:type\" content=\"article\" \/>\n<meta property=\"og:title\" content=\"Skolbes\u00f6k | Verket\" \/>\n<meta property=\"og:description\" content=\"Ta med dig klassrummet in i Verket \u2013 eller tv\u00e4rtom!Ett skolbes\u00f6k i Verket kan vara annorlunda fr\u00e5n g\u00e5ng till g\u00e5ng, och skapa olika intryck och minnen. Du kan boka en visning\u00a0av Verket och den historiska delen, eller av den aktuella utst\u00e4llning som p\u00e5g\u00e5r. Inlevelsemilj\u00f6n \u2013 Verket!Bland masugnar och martinverk erbjuds skolklasser guidade turer d\u00e4r vi [&hellip;]\" \/>\n<meta property=\"og:url\" content=\"https:\/\/verket.se\/en\/skolbesok\/\" \/>\n<meta property=\"og:site_name\" content=\"Verket\" \/>\n<meta property=\"article:modified_time\" content=\"2023-03-08T08:44:46+00:00\" \/>\n<meta property=\"og:image\" content=\"https:\/\/www1.verket.se\/wp-content\/uploads\/Tomas-Nordberg-Ett-stycke-tid-300x169.jpg\" \/>\n<meta name=\"twitter:card\" content=\"summary_large_image\" \/>\n<meta name=\"twitter:label1\" content=\"Est. reading time\" \/>\n\t<meta name=\"twitter:data1\" content=\"2 minutes\" \/>\n<script type=\"application\/ld+json\" class=\"yoast-schema-graph\">{\"@context\":\"https:\/\/schema.org\",\"@graph\":[{\"@type\":\"WebPage\",\"@id\":\"https:\/\/verket.se\/svenska\/skolbesok\/\",\"url\":\"https:\/\/verket.se\/svenska\/skolbesok\/\",\"name\":\"Skolbes\u00f6k | Verket\",\"isPartOf\":{\"@id\":\"https:\/\/verket.se\/en\/#website\"},\"primaryImageOfPage\":{\"@id\":\"https:\/\/verket.se\/svenska\/skolbesok\/#primaryimage\"},\"image\":{\"@id\":\"https:\/\/verket.se\/svenska\/skolbesok\/#primaryimage\"},\"thumbnailUrl\":\"https:\/\/www1.verket.se\/wp-content\/uploads\/Tomas-Nordberg-Ett-stycke-tid-300x169.jpg\",\"datePublished\":\"2022-02-03T16:30:51+00:00\",\"dateModified\":\"2023-03-08T08:44:46+00:00\",\"breadcrumb\":{\"@id\":\"https:\/\/verket.se\/svenska\/skolbesok\/#breadcrumb\"},\"inLanguage\":\"en-US\",\"potentialAction\":[{\"@type\":\"ReadAction\",\"target\":[\"https:\/\/verket.se\/svenska\/skolbesok\/\"]}]},{\"@type\":\"ImageObject\",\"inLanguage\":\"en-US\",\"@id\":\"https:\/\/verket.se\/svenska\/skolbesok\/#primaryimage\",\"url\":\"https:\/\/www1.verket.se\/wp-content\/uploads\/Tomas-Nordberg-Ett-stycke-tid-300x169.jpg\",\"contentUrl\":\"https:\/\/www1.verket.se\/wp-content\/uploads\/Tomas-Nordberg-Ett-stycke-tid-300x169.jpg\"},{\"@type\":\"BreadcrumbList\",\"@id\":\"https:\/\/verket.se\/svenska\/skolbesok\/#breadcrumb\",\"itemListElement\":[{\"@type\":\"ListItem\",\"position\":1,\"name\":\"Hem\",\"item\":\"https:\/\/verket.se\/\"},{\"@type\":\"ListItem\",\"position\":2,\"name\":\"Skolbes\u00f6k\"}]},{\"@type\":\"WebSite\",\"@id\":\"https:\/\/verket.se\/en\/#website\",\"url\":\"https:\/\/verket.se\/en\/\",\"name\":\"Verket\",\"description\":\"En del av Sveriges historia\",\"publisher\":{\"@id\":\"https:\/\/verket.se\/en\/#organization\"},\"potentialAction\":[{\"@type\":\"SearchAction\",\"target\":{\"@type\":\"EntryPoint\",\"urlTemplate\":\"https:\/\/verket.se\/en\/?s={search_term_string}\"},\"query-input\":{\"@type\":\"PropertyValueSpecification\",\"valueRequired\":true,\"valueName\":\"search_term_string\"}}],\"inLanguage\":\"en-US\"},{\"@type\":\"Organization\",\"@id\":\"https:\/\/verket.se\/en\/#organization\",\"name\":\"Verket\",\"url\":\"https:\/\/verket.se\/en\/\",\"logo\":{\"@type\":\"ImageObject\",\"inLanguage\":\"en-US\",\"@id\":\"https:\/\/verket.se\/en\/#\/schema\/logo\/image\/\",\"url\":\"https:\/\/www1.verket.se\/wp-content\/uploads\/2016\/08\/verket.png\",\"contentUrl\":\"https:\/\/www1.verket.se\/wp-content\/uploads\/2016\/08\/verket.png\",\"width\":455,\"height\":166,\"caption\":\"Verket\"},\"image\":{\"@id\":\"https:\/\/verket.se\/en\/#\/schema\/logo\/image\/\"}}]}<\/script>\n<!-- \/ Yoast SEO plugin. -->","yoast_head_json":{"title":"Skolbes\u00f6k | Verket","robots":{"index":"index","follow":"follow","max-snippet":"max-snippet:-1","max-image-preview":"max-image-preview:large","max-video-preview":"max-video-preview:-1"},"canonical":"https:\/\/verket.se\/en\/skolbesok\/","og_locale":"en_US","og_type":"article","og_title":"Skolbes\u00f6k | Verket","og_description":"Ta med dig klassrummet in i Verket \u2013 eller tv\u00e4rtom!Ett skolbes\u00f6k i Verket kan vara annorlunda fr\u00e5n g\u00e5ng till g\u00e5ng, och skapa olika intryck och minnen. Du kan boka en visning\u00a0av Verket och den historiska delen, eller av den aktuella utst\u00e4llning som p\u00e5g\u00e5r. Inlevelsemilj\u00f6n \u2013 Verket!Bland masugnar och martinverk erbjuds skolklasser guidade turer d\u00e4r vi [&hellip;]","og_url":"https:\/\/verket.se\/en\/skolbesok\/","og_site_name":"Verket","article_modified_time":"2023-03-08T08:44:46+00:00","og_image":[{"url":"https:\/\/www1.verket.se\/wp-content\/uploads\/Tomas-Nordberg-Ett-stycke-tid-300x169.jpg","type":"","width":"","height":""}],"twitter_card":"summary_large_image","twitter_misc":{"Est. reading time":"2 minutes"},"schema":{"@context":"https:\/\/schema.org","@graph":[{"@type":"WebPage","@id":"https:\/\/verket.se\/svenska\/skolbesok\/","url":"https:\/\/verket.se\/svenska\/skolbesok\/","name":"Skolbes\u00f6k | Verket","isPartOf":{"@id":"https:\/\/verket.se\/en\/#website"},"primaryImageOfPage":{"@id":"https:\/\/verket.se\/svenska\/skolbesok\/#primaryimage"},"image":{"@id":"https:\/\/verket.se\/svenska\/skolbesok\/#primaryimage"},"thumbnailUrl":"https:\/\/www1.verket.se\/wp-content\/uploads\/Tomas-Nordberg-Ett-stycke-tid-300x169.jpg","datePublished":"2022-02-03T16:30:51+00:00","dateModified":"2023-03-08T08:44:46+00:00","breadcrumb":{"@id":"https:\/\/verket.se\/svenska\/skolbesok\/#breadcrumb"},"inLanguage":"en-US","potentialAction":[{"@type":"ReadAction","target":["https:\/\/verket.se\/svenska\/skolbesok\/"]}]},{"@type":"ImageObject","inLanguage":"en-US","@id":"https:\/\/verket.se\/svenska\/skolbesok\/#primaryimage","url":"https:\/\/www1.verket.se\/wp-content\/uploads\/Tomas-Nordberg-Ett-stycke-tid-300x169.jpg","contentUrl":"https:\/\/www1.verket.se\/wp-content\/uploads\/Tomas-Nordberg-Ett-stycke-tid-300x169.jpg"},{"@type":"BreadcrumbList","@id":"https:\/\/verket.se\/svenska\/skolbesok\/#breadcrumb","itemListElement":[{"@type":"ListItem","position":1,"name":"Hem","item":"https:\/\/verket.se\/"},{"@type":"ListItem","position":2,"name":"Skolbes\u00f6k"}]},{"@type":"WebSite","@id":"https:\/\/verket.se\/en\/#website","url":"https:\/\/verket.se\/en\/","name":"The work","description":"A part of Sweden&#039;s history","publisher":{"@id":"https:\/\/verket.se\/en\/#organization"},"potentialAction":[{"@type":"SearchAction","target":{"@type":"EntryPoint","urlTemplate":"https:\/\/verket.se\/en\/?s={search_term_string}"},"query-input":{"@type":"PropertyValueSpecification","valueRequired":true,"valueName":"search_term_string"}}],"inLanguage":"en-US"},{"@type":"Organization","@id":"https:\/\/verket.se\/en\/#organization","name":"The work","url":"https:\/\/verket.se\/en\/","logo":{"@type":"ImageObject","inLanguage":"en-US","@id":"https:\/\/verket.se\/en\/#\/schema\/logo\/image\/","url":"https:\/\/www1.verket.se\/wp-content\/uploads\/2016\/08\/verket.png","contentUrl":"https:\/\/www1.verket.se\/wp-content\/uploads\/2016\/08\/verket.png","width":455,"height":166,"caption":"Verket"},"image":{"@id":"https:\/\/verket.se\/en\/#\/schema\/logo\/image\/"}}]}},"_links":{"self":[{"href":"https:\/\/verket.se\/en\/wp-json\/wp\/v2\/pages\/9587","targetHints":{"allow":["GET"]}}],"collection":[{"href":"https:\/\/verket.se\/en\/wp-json\/wp\/v2\/pages"}],"about":[{"href":"https:\/\/verket.se\/en\/wp-json\/wp\/v2\/types\/page"}],"author":[{"embeddable":true,"href":"https:\/\/verket.se\/en\/wp-json\/wp\/v2\/users\/2"}],"replies":[{"embeddable":true,"href":"https:\/\/verket.se\/en\/wp-json\/wp\/v2\/comments?post=9587"}],"version-history":[{"count":35,"href":"https:\/\/verket.se\/en\/wp-json\/wp\/v2\/pages\/9587\/revisions"}],"predecessor-version":[{"id":13668,"href":"https:\/\/verket.se\/en\/wp-json\/wp\/v2\/pages\/9587\/revisions\/13668"}],"wp:attachment":[{"href":"https:\/\/verket.se\/en\/wp-json\/wp\/v2\/media?parent=9587"}],"curies":[{"name":"wp","href":"https:\/\/api.w.org\/{rel}","templated":true}]}}