{"id":9536,"date":"2022-02-03T11:54:36","date_gmt":"2022-02-03T10:54:36","guid":{"rendered":"https:\/\/verket.se\/?page_id=9536"},"modified":"2023-03-02T14:03:53","modified_gmt":"2023-03-02T13:03:53","slug":"infor-besoket","status":"publish","type":"page","link":"https:\/\/verket.se\/en\/infor-besoket\/","title":{"rendered":"Before your visit"},"content":{"rendered":"<div data-elementor-type=\"wp-page\" data-elementor-id=\"9536\" class=\"elementor elementor-9536\" data-elementor-post-type=\"page\">\n\t\t\t\t\t\t<section class=\"elementor-section elementor-top-section elementor-element elementor-element-89b9f2e elementor-section-boxed elementor-section-height-default elementor-section-height-default\" data-id=\"89b9f2e\" data-element_type=\"section\" data-e-type=\"section\">\n\t\t\t\t\t\t<div class=\"elementor-container elementor-column-gap-default\">\n\t\t\t\t\t<div class=\"elementor-column elementor-col-100 elementor-top-column elementor-element elementor-element-5bc9b96\" data-id=\"5bc9b96\" data-element_type=\"column\" data-e-type=\"column\">\n\t\t\t<div class=\"elementor-widget-wrap elementor-element-populated\">\n\t\t\t\t\t\t<section class=\"elementor-section elementor-inner-section elementor-element elementor-element-625d2bb elementor-section-boxed elementor-section-height-default elementor-section-height-default\" data-id=\"625d2bb\" data-element_type=\"section\" data-e-type=\"section\">\n\t\t\t\t\t\t<div class=\"elementor-container elementor-column-gap-default\">\n\t\t\t\t\t<div class=\"elementor-column elementor-col-100 elementor-inner-column elementor-element elementor-element-882053d\" data-id=\"882053d\" data-element_type=\"column\" data-e-type=\"column\" data-settings=\"{&quot;background_background&quot;:&quot;classic&quot;}\">\n\t\t\t<div class=\"elementor-widget-wrap elementor-element-populated\">\n\t\t\t\t\t\t<div class=\"elementor-element elementor-element-81dcf7d elementor-widget elementor-widget-text-editor\" data-id=\"81dcf7d\" data-element_type=\"widget\" data-e-type=\"widget\" data-widget_type=\"text-editor.default\">\n\t\t\t\t<div class=\"elementor-widget-container\">\n\t\t\t\t\t\t\t\t\t<h1><span style=\"color: #000000;\"><strong>Before your visit<\/strong><\/span><\/h1><h5><strong><span style=\"color: #000000;\">Verket is a historically preserved industrial environment from its time of operation.\" <\/span><\/strong><\/h5><h5><strong><span style=\"color: #000000;\">Some parts have been adapted, but most of it is in its original condition.<\/span><\/strong><\/h5><p><span style=\"color: #000000;\"><strong>This means that every visitor must be careful and keep the following in mind: <\/strong><\/span><\/p><ul><li><strong><span style=\"color: #000000;\">Uneven floor surfaces<\/span><\/strong><\/li><li><strong><span style=\"color: #000000;\">Steep stairs<\/span><\/strong><\/li><li><strong><span style=\"color: #000000;\">Dim lighting<\/span><\/strong><\/li><li><strong><span style=\"color: #000000;\">Cold, moisture, and ice coverings<\/span><\/strong><\/li><li><strong><span style=\"color: #000000;\">Dusty environment<\/span><\/strong><\/li><\/ul>\t\t\t\t\t\t\t\t<\/div>\n\t\t\t\t<\/div>\n\t\t\t\t\t<\/div>\n\t\t<\/div>\n\t\t\t\t\t<\/div>\n\t\t<\/section>\n\t\t\t\t\t<\/div>\n\t\t<\/div>\n\t\t\t\t\t<\/div>\n\t\t<\/section>\n\t\t\t\t<\/div>","protected":false},"excerpt":{"rendered":"<p>Inf\u00f6r bes\u00f6ket Verket \u00e4r en antikvariskt bevarad industrimilj\u00f6 fr\u00e5n dess verksamhetstid. Vissa delar \u00e4r anpassade men det mesta \u00e4r i ursprungligt skick. Det betyder att varje bes\u00f6kare m\u00e5ste vara f\u00f6rsiktig och t\u00e4nka p\u00e5 f\u00f6ljande: Oj\u00e4mna golvytor Branta trappor Dunkel belysning Kyla, fukt och isbel\u00e4ggningar Dammig milj\u00f6<\/p>","protected":false},"author":2,"featured_media":0,"parent":0,"menu_order":0,"comment_status":"closed","ping_status":"closed","template":"","meta":{"site-sidebar-layout":"no-sidebar","site-content-layout":"page-builder","ast-site-content-layout":"default","site-content-style":"default","site-sidebar-style":"default","ast-global-header-display":"","ast-banner-title-visibility":"","ast-main-header-display":"","ast-hfb-above-header-display":"","ast-hfb-below-header-display":"","ast-hfb-mobile-header-display":"","site-post-title":"disabled","ast-breadcrumbs-content":"","ast-featured-img":"disabled","footer-sml-layout":"","ast-disable-related-posts":"","theme-transparent-header-meta":"default","adv-header-id-meta":"","stick-header-meta":"","header-above-stick-meta":"","header-main-stick-meta":"","header-below-stick-meta":"","astra-migrate-meta-layouts":"default","ast-page-background-enabled":"default","ast-page-background-meta":{"desktop":{"background-color":"","background-image":"","background-repeat":"repeat","background-position":"center center","background-size":"auto","background-attachment":"scroll","background-type":"","background-media":"","overlay-type":"","overlay-color":"","overlay-opacity":"","overlay-gradient":""},"tablet":{"background-color":"","background-image":"","background-repeat":"repeat","background-position":"center center","background-size":"auto","background-attachment":"scroll","background-type":"","background-media":"","overlay-type":"","overlay-color":"","overlay-opacity":"","overlay-gradient":""},"mobile":{"background-color":"","background-image":"","background-repeat":"repeat","background-position":"center center","background-size":"auto","background-attachment":"scroll","background-type":"","background-media":"","overlay-type":"","overlay-color":"","overlay-opacity":"","overlay-gradient":""}},"ast-content-background-meta":{"desktop":{"background-color":"var(--ast-global-color-5)","background-image":"","background-repeat":"repeat","background-position":"center center","background-size":"auto","background-attachment":"scroll","background-type":"","background-media":"","overlay-type":"","overlay-color":"","overlay-opacity":"","overlay-gradient":""},"tablet":{"background-color":"var(--ast-global-color-5)","background-image":"","background-repeat":"repeat","background-position":"center center","background-size":"auto","background-attachment":"scroll","background-type":"","background-media":"","overlay-type":"","overlay-color":"","overlay-opacity":"","overlay-gradient":""},"mobile":{"background-color":"var(--ast-global-color-5)","background-image":"","background-repeat":"repeat","background-position":"center center","background-size":"auto","background-attachment":"scroll","background-type":"","background-media":"","overlay-type":"","overlay-color":"","overlay-opacity":"","overlay-gradient":""}},"footnotes":""},"class_list":["post-9536","page","type-page","status-publish","hentry"],"yoast_head":"<!-- This site is optimized with the Yoast SEO plugin v27.1 - https:\/\/yoast.com\/product\/yoast-seo-wordpress\/ -->\n<title>Verket | Inf\u00f6r bes\u00f6ket | industrihistorisk milj\u00f6<\/title>\n<meta name=\"description\" content=\"Verket \u00e4r en antikvariskt bevarad industrimilj\u00f6 fr\u00e5n dess verksamhetstid. Vissa delar \u00e4r anpassade men det mesta \u00e4r i ursprungligt skick.\" \/>\n<meta name=\"robots\" content=\"index, follow, max-snippet:-1, max-image-preview:large, max-video-preview:-1\" \/>\n<link rel=\"canonical\" href=\"https:\/\/verket.se\/en\/infor-besoket\/\" \/>\n<meta property=\"og:locale\" content=\"en_US\" \/>\n<meta property=\"og:type\" content=\"article\" \/>\n<meta property=\"og:title\" content=\"Verket | Inf\u00f6r bes\u00f6ket | industrihistorisk milj\u00f6\" \/>\n<meta property=\"og:description\" content=\"Verket \u00e4r en antikvariskt bevarad industrimilj\u00f6 fr\u00e5n dess verksamhetstid. Vissa delar \u00e4r anpassade men det mesta \u00e4r i ursprungligt skick.\" \/>\n<meta property=\"og:url\" content=\"https:\/\/verket.se\/en\/infor-besoket\/\" \/>\n<meta property=\"og:site_name\" content=\"Verket\" \/>\n<meta property=\"article:modified_time\" content=\"2023-03-02T13:03:53+00:00\" \/>\n<meta name=\"twitter:card\" content=\"summary_large_image\" \/>\n<meta name=\"twitter:label1\" content=\"Est. reading time\" \/>\n\t<meta name=\"twitter:data1\" content=\"1 minute\" \/>\n<script type=\"application\/ld+json\" class=\"yoast-schema-graph\">{\"@context\":\"https:\/\/schema.org\",\"@graph\":[{\"@type\":\"WebPage\",\"@id\":\"https:\/\/verket.se\/svenska\/infor-besoket\/\",\"url\":\"https:\/\/verket.se\/svenska\/infor-besoket\/\",\"name\":\"Verket | Inf\u00f6r bes\u00f6ket | industrihistorisk milj\u00f6\",\"isPartOf\":{\"@id\":\"https:\/\/verket.se\/en\/#website\"},\"datePublished\":\"2022-02-03T10:54:36+00:00\",\"dateModified\":\"2023-03-02T13:03:53+00:00\",\"description\":\"Verket \u00e4r en antikvariskt bevarad industrimilj\u00f6 fr\u00e5n dess verksamhetstid. Vissa delar \u00e4r anpassade men det mesta \u00e4r i ursprungligt skick.\",\"breadcrumb\":{\"@id\":\"https:\/\/verket.se\/svenska\/infor-besoket\/#breadcrumb\"},\"inLanguage\":\"en-US\",\"potentialAction\":[{\"@type\":\"ReadAction\",\"target\":[\"https:\/\/verket.se\/svenska\/infor-besoket\/\"]}]},{\"@type\":\"BreadcrumbList\",\"@id\":\"https:\/\/verket.se\/svenska\/infor-besoket\/#breadcrumb\",\"itemListElement\":[{\"@type\":\"ListItem\",\"position\":1,\"name\":\"Hem\",\"item\":\"https:\/\/verket.se\/\"},{\"@type\":\"ListItem\",\"position\":2,\"name\":\"Inf\u00f6r bes\u00f6ket\"}]},{\"@type\":\"WebSite\",\"@id\":\"https:\/\/verket.se\/en\/#website\",\"url\":\"https:\/\/verket.se\/en\/\",\"name\":\"Verket\",\"description\":\"En del av Sveriges historia\",\"publisher\":{\"@id\":\"https:\/\/verket.se\/en\/#organization\"},\"potentialAction\":[{\"@type\":\"SearchAction\",\"target\":{\"@type\":\"EntryPoint\",\"urlTemplate\":\"https:\/\/verket.se\/en\/?s={search_term_string}\"},\"query-input\":{\"@type\":\"PropertyValueSpecification\",\"valueRequired\":true,\"valueName\":\"search_term_string\"}}],\"inLanguage\":\"en-US\"},{\"@type\":\"Organization\",\"@id\":\"https:\/\/verket.se\/en\/#organization\",\"name\":\"Verket\",\"url\":\"https:\/\/verket.se\/en\/\",\"logo\":{\"@type\":\"ImageObject\",\"inLanguage\":\"en-US\",\"@id\":\"https:\/\/verket.se\/en\/#\/schema\/logo\/image\/\",\"url\":\"https:\/\/www1.verket.se\/wp-content\/uploads\/2016\/08\/verket.png\",\"contentUrl\":\"https:\/\/www1.verket.se\/wp-content\/uploads\/2016\/08\/verket.png\",\"width\":455,\"height\":166,\"caption\":\"Verket\"},\"image\":{\"@id\":\"https:\/\/verket.se\/en\/#\/schema\/logo\/image\/\"}}]}<\/script>\n<!-- \/ Yoast SEO plugin. -->","yoast_head_json":{"title":"Verket | Inf\u00f6r bes\u00f6ket | industrihistorisk milj\u00f6","description":"Verket is an antiquarian preserved industrial environment from its business hours. Some parts are custom but most are in original condition.","robots":{"index":"index","follow":"follow","max-snippet":"max-snippet:-1","max-image-preview":"max-image-preview:large","max-video-preview":"max-video-preview:-1"},"canonical":"https:\/\/verket.se\/en\/infor-besoket\/","og_locale":"en_US","og_type":"article","og_title":"Verket | Inf\u00f6r bes\u00f6ket | industrihistorisk milj\u00f6","og_description":"Verket \u00e4r en antikvariskt bevarad industrimilj\u00f6 fr\u00e5n dess verksamhetstid. Vissa delar \u00e4r anpassade men det mesta \u00e4r i ursprungligt skick.","og_url":"https:\/\/verket.se\/en\/infor-besoket\/","og_site_name":"Verket","article_modified_time":"2023-03-02T13:03:53+00:00","twitter_card":"summary_large_image","twitter_misc":{"Est. reading time":"1 minute"},"schema":{"@context":"https:\/\/schema.org","@graph":[{"@type":"WebPage","@id":"https:\/\/verket.se\/svenska\/infor-besoket\/","url":"https:\/\/verket.se\/svenska\/infor-besoket\/","name":"Verket | Inf\u00f6r bes\u00f6ket | industrihistorisk milj\u00f6","isPartOf":{"@id":"https:\/\/verket.se\/en\/#website"},"datePublished":"2022-02-03T10:54:36+00:00","dateModified":"2023-03-02T13:03:53+00:00","description":"Verket is an antiquarian preserved industrial environment from its business hours. Some parts are custom but most are in original condition.","breadcrumb":{"@id":"https:\/\/verket.se\/svenska\/infor-besoket\/#breadcrumb"},"inLanguage":"en-US","potentialAction":[{"@type":"ReadAction","target":["https:\/\/verket.se\/svenska\/infor-besoket\/"]}]},{"@type":"BreadcrumbList","@id":"https:\/\/verket.se\/svenska\/infor-besoket\/#breadcrumb","itemListElement":[{"@type":"ListItem","position":1,"name":"Hem","item":"https:\/\/verket.se\/"},{"@type":"ListItem","position":2,"name":"Inf\u00f6r bes\u00f6ket"}]},{"@type":"WebSite","@id":"https:\/\/verket.se\/en\/#website","url":"https:\/\/verket.se\/en\/","name":"The work","description":"A part of Sweden&#039;s history","publisher":{"@id":"https:\/\/verket.se\/en\/#organization"},"potentialAction":[{"@type":"SearchAction","target":{"@type":"EntryPoint","urlTemplate":"https:\/\/verket.se\/en\/?s={search_term_string}"},"query-input":{"@type":"PropertyValueSpecification","valueRequired":true,"valueName":"search_term_string"}}],"inLanguage":"en-US"},{"@type":"Organization","@id":"https:\/\/verket.se\/en\/#organization","name":"The work","url":"https:\/\/verket.se\/en\/","logo":{"@type":"ImageObject","inLanguage":"en-US","@id":"https:\/\/verket.se\/en\/#\/schema\/logo\/image\/","url":"https:\/\/www1.verket.se\/wp-content\/uploads\/2016\/08\/verket.png","contentUrl":"https:\/\/www1.verket.se\/wp-content\/uploads\/2016\/08\/verket.png","width":455,"height":166,"caption":"Verket"},"image":{"@id":"https:\/\/verket.se\/en\/#\/schema\/logo\/image\/"}}]}},"_links":{"self":[{"href":"https:\/\/verket.se\/en\/wp-json\/wp\/v2\/pages\/9536","targetHints":{"allow":["GET"]}}],"collection":[{"href":"https:\/\/verket.se\/en\/wp-json\/wp\/v2\/pages"}],"about":[{"href":"https:\/\/verket.se\/en\/wp-json\/wp\/v2\/types\/page"}],"author":[{"embeddable":true,"href":"https:\/\/verket.se\/en\/wp-json\/wp\/v2\/users\/2"}],"replies":[{"embeddable":true,"href":"https:\/\/verket.se\/en\/wp-json\/wp\/v2\/comments?post=9536"}],"version-history":[{"count":59,"href":"https:\/\/verket.se\/en\/wp-json\/wp\/v2\/pages\/9536\/revisions"}],"predecessor-version":[{"id":13491,"href":"https:\/\/verket.se\/en\/wp-json\/wp\/v2\/pages\/9536\/revisions\/13491"}],"wp:attachment":[{"href":"https:\/\/verket.se\/en\/wp-json\/wp\/v2\/media?parent=9536"}],"curies":[{"name":"wp","href":"https:\/\/api.w.org\/{rel}","templated":true}]}}