{"id":6140,"date":"2019-02-20T11:12:38","date_gmt":"2019-02-20T10:12:38","guid":{"rendered":"http:\/\/verket.utvsajt.se\/?page_id=6140"},"modified":"2026-01-15T14:43:50","modified_gmt":"2026-01-15T13:43:50","slug":"vad-ar-avesta-art","status":"publish","type":"page","link":"https:\/\/verket.se\/en\/vad-ar-avesta-art\/","title":{"rendered":"What is the Avesta species?"},"content":{"rendered":"<div data-elementor-type=\"wp-post\" data-elementor-id=\"6140\" class=\"elementor elementor-6140\" data-elementor-post-type=\"page\">\n\t\t\t\t\t\t<section class=\"elementor-section elementor-top-section elementor-element elementor-element-3f5999f6 elementor-section-boxed elementor-section-height-default elementor-section-height-default\" data-id=\"3f5999f6\" data-element_type=\"section\" data-e-type=\"section\">\n\t\t\t\t\t\t<div class=\"elementor-container elementor-column-gap-default\">\n\t\t\t\t\t<div class=\"elementor-column elementor-col-100 elementor-top-column elementor-element elementor-element-7a00c9e6\" data-id=\"7a00c9e6\" data-element_type=\"column\" data-e-type=\"column\" data-settings=\"{&quot;background_background&quot;:&quot;classic&quot;}\">\n\t\t\t<div class=\"elementor-widget-wrap elementor-element-populated\">\n\t\t\t\t\t\t<div class=\"elementor-element elementor-element-5213eaf2 elementor-widget elementor-widget-heading\" data-id=\"5213eaf2\" data-element_type=\"widget\" data-e-type=\"widget\" data-widget_type=\"heading.default\">\n\t\t\t\t<div class=\"elementor-widget-container\">\n\t\t\t\t\t<h1 class=\"elementor-heading-title elementor-size-xxl\">What is Avesta Art?<\/h1>\t\t\t\t<\/div>\n\t\t\t\t<\/div>\n\t\t\t\t\t<\/div>\n\t\t<\/div>\n\t\t\t\t\t<\/div>\n\t\t<\/section>\n\t\t\t\t<section class=\"elementor-section elementor-top-section elementor-element elementor-element-21dbc81d elementor-section-boxed elementor-section-height-default elementor-section-height-default\" data-id=\"21dbc81d\" data-element_type=\"section\" data-e-type=\"section\">\n\t\t\t\t\t\t<div class=\"elementor-container elementor-column-gap-default\">\n\t\t\t\t\t<div class=\"elementor-column elementor-col-50 elementor-top-column elementor-element elementor-element-37d2eb68\" data-id=\"37d2eb68\" data-element_type=\"column\" data-e-type=\"column\" data-settings=\"{&quot;background_background&quot;:&quot;classic&quot;}\">\n\t\t\t<div class=\"elementor-widget-wrap elementor-element-populated\">\n\t\t\t\t\t\t<div class=\"elementor-element elementor-element-daac101 elementor-widget elementor-widget-heading\" data-id=\"daac101\" data-element_type=\"widget\" data-e-type=\"widget\" data-widget_type=\"heading.default\">\n\t\t\t\t<div class=\"elementor-widget-container\">\n\t\t\t\t\t<h3 class=\"elementor-heading-title elementor-size-default\">What is Avesta Art?<\/h3>\t\t\t\t<\/div>\n\t\t\t\t<\/div>\n\t\t\t\t<div class=\"elementor-element elementor-element-59651a7e elementor-widget elementor-widget-text-editor\" data-id=\"59651a7e\" data-element_type=\"widget\" data-e-type=\"widget\" data-widget_type=\"text-editor.default\">\n\t\t\t\t<div class=\"elementor-widget-container\">\n\t\t\t\t\t\t\t\t\t<p class=\"translation-block\">\"The art exhibition Avesta Art was introduced in 1995. The exhibition's name alone encompasses several dimensions. The art gallery is of a unique kind, where each artist faces the challenge of creating an interaction \u2013 either contrast or harmony \u2013 with the industrial heritage's strong expressions in materials and monumental architecture. With artistic interpretations added to an almost untouched industrial environment, the industrial heritage is also given a unique guide. Central to Avesta Art as an idea and event is the dialogue between industrial history and contemporary art.\"<\/p><p>Avesta Art was a biennial event between 1995 and 2010. Since 2011, Avesta Art has been held annually.<\/p><p>The exhibition's ambition is to attract new groups of visitors and to provide Sweden with an art attraction of international interest.\u00a0<\/p>\t\t\t\t\t\t\t\t<\/div>\n\t\t\t\t<\/div>\n\t\t\t\t\t<\/div>\n\t\t<\/div>\n\t\t\t\t<div class=\"elementor-column elementor-col-50 elementor-top-column elementor-element elementor-element-ff2a6d1\" data-id=\"ff2a6d1\" data-element_type=\"column\" data-e-type=\"column\" data-settings=\"{&quot;background_background&quot;:&quot;classic&quot;}\">\n\t\t\t<div class=\"elementor-widget-wrap elementor-element-populated\">\n\t\t\t\t\t\t<div class=\"elementor-element elementor-element-11bb064 elementor-widget elementor-widget-image\" data-id=\"11bb064\" data-element_type=\"widget\" data-e-type=\"widget\" data-widget_type=\"image.default\">\n\t\t\t\t<div class=\"elementor-widget-container\">\n\t\t\t\t\t\t\t\t\t\t\t\t\t\t\t<img fetchpriority=\"high\" decoding=\"async\" width=\"199\" height=\"300\" src=\"https:\/\/verket.se\/wp-content\/uploads\/Saadia-Hussain-I-See-You-Through-Me-Foto-Therese-Asplund--199x300.jpg\" class=\"attachment-medium size-medium wp-image-14264\" alt=\"Saadia Hussain, I See You Through Me Foto Therese Asplund\" srcset=\"https:\/\/verket.se\/wp-content\/uploads\/Saadia-Hussain-I-See-You-Through-Me-Foto-Therese-Asplund--199x300.jpg 199w, https:\/\/verket.se\/wp-content\/uploads\/Saadia-Hussain-I-See-You-Through-Me-Foto-Therese-Asplund--678x1024.jpg 678w, https:\/\/verket.se\/wp-content\/uploads\/Saadia-Hussain-I-See-You-Through-Me-Foto-Therese-Asplund--768x1159.jpg 768w, https:\/\/verket.se\/wp-content\/uploads\/Saadia-Hussain-I-See-You-Through-Me-Foto-Therese-Asplund--1018x1536.jpg 1018w, https:\/\/verket.se\/wp-content\/uploads\/Saadia-Hussain-I-See-You-Through-Me-Foto-Therese-Asplund--1357x2048.jpg 1357w, https:\/\/verket.se\/wp-content\/uploads\/Saadia-Hussain-I-See-You-Through-Me-Foto-Therese-Asplund--8x12.jpg 8w, https:\/\/verket.se\/wp-content\/uploads\/Saadia-Hussain-I-See-You-Through-Me-Foto-Therese-Asplund--scaled.jpg 1696w\" sizes=\"(max-width: 199px) 100vw, 199px\" \/>\t\t\t\t\t\t\t\t\t\t\t\t\t\t\t<\/div>\n\t\t\t\t<\/div>\n\t\t\t\t\t<\/div>\n\t\t<\/div>\n\t\t\t\t\t<\/div>\n\t\t<\/section>\n\t\t\t\t<section class=\"elementor-section elementor-top-section elementor-element elementor-element-d92c425 elementor-section-boxed elementor-section-height-default elementor-section-height-default\" data-id=\"d92c425\" data-element_type=\"section\" data-e-type=\"section\" data-settings=\"{&quot;background_background&quot;:&quot;classic&quot;}\">\n\t\t\t\t\t\t<div class=\"elementor-container elementor-column-gap-default\">\n\t\t\t\t\t<div class=\"elementor-column elementor-col-50 elementor-top-column elementor-element elementor-element-ef32075\" data-id=\"ef32075\" data-element_type=\"column\" data-e-type=\"column\" data-settings=\"{&quot;background_background&quot;:&quot;classic&quot;}\">\n\t\t\t<div class=\"elementor-widget-wrap elementor-element-populated\">\n\t\t\t\t\t\t<div class=\"elementor-element elementor-element-608ff1a elementor-widget elementor-widget-spacer\" data-id=\"608ff1a\" data-element_type=\"widget\" data-e-type=\"widget\" data-widget_type=\"spacer.default\">\n\t\t\t\t<div class=\"elementor-widget-container\">\n\t\t\t\t\t\t\t<div class=\"elementor-spacer\">\n\t\t\t<div class=\"elementor-spacer-inner\"><\/div>\n\t\t<\/div>\n\t\t\t\t\t\t<\/div>\n\t\t\t\t<\/div>\n\t\t\t\t\t<\/div>\n\t\t<\/div>\n\t\t\t\t<div class=\"elementor-column elementor-col-50 elementor-top-column elementor-element elementor-element-2f58f09\" data-id=\"2f58f09\" data-element_type=\"column\" data-e-type=\"column\">\n\t\t\t<div class=\"elementor-widget-wrap elementor-element-populated\">\n\t\t\t\t\t\t<div class=\"elementor-element elementor-element-f4e0ab2 elementor-widget elementor-widget-heading\" data-id=\"f4e0ab2\" data-element_type=\"widget\" data-e-type=\"widget\" data-widget_type=\"heading.default\">\n\t\t\t\t<div class=\"elementor-widget-container\">\n\t\t\t\t\t<h2 class=\"elementor-heading-title elementor-size-default\">Previous Avesta Art catalogues<\/h2>\t\t\t\t<\/div>\n\t\t\t\t<\/div>\n\t\t\t\t<div class=\"elementor-element elementor-element-e6ea1c1 elementor-align-center elementor-mobile-align-center elementor-widget elementor-widget-button\" data-id=\"e6ea1c1\" data-element_type=\"widget\" data-e-type=\"widget\" data-widget_type=\"button.default\">\n\t\t\t\t<div class=\"elementor-widget-container\">\n\t\t\t\t\t\t\t\t\t<div class=\"elementor-button-wrapper\">\n\t\t\t\t\t<a class=\"elementor-button elementor-button-link elementor-size-sm\" href=\"https:\/\/verket.se\/en\/tidigare-avesta-art\/\">\n\t\t\t\t\t\t<span class=\"elementor-button-content-wrapper\">\n\t\t\t\t\t\t<span class=\"elementor-button-icon\">\n\t\t\t\t<i aria-hidden=\"true\" class=\"fas fa-long-arrow-alt-right\"><\/i>\t\t\t<\/span>\n\t\t\t\t\t\t\t\t\t<span class=\"elementor-button-text\">Read more<\/span>\n\t\t\t\t\t<\/span>\n\t\t\t\t\t<\/a>\n\t\t\t\t<\/div>\n\t\t\t\t\t\t\t\t<\/div>\n\t\t\t\t<\/div>\n\t\t\t\t\t<\/div>\n\t\t<\/div>\n\t\t\t\t\t<\/div>\n\t\t<\/section>\n\t\t\t\t<\/div>","protected":false},"excerpt":{"rendered":"<p>Vad \u00e4r Avesta Art? Vad \u00e4r Avesta Art? Konstutst\u00e4llningen Avesta Art introducerades 1995.Redan utst\u00e4llningsnamnet rymmer flera dimensioner. Konsthallen \u00e4r av unik art, d\u00e4r varje konstn\u00e4r st\u00e5r inf\u00f6r utmaningen att skapa ett samspel \u2013 kontrast eller harmoni \u2013 med industriarvets egna starka uttryck i material och monumental arkitektur. Med konstn\u00e4rliga tolkningar som till\u00e4gg i en n\u00e4st [&hellip;]<\/p>\n","protected":false},"author":1,"featured_media":0,"parent":0,"menu_order":0,"comment_status":"closed","ping_status":"closed","template":"","meta":{"site-sidebar-layout":"no-sidebar","site-content-layout":"page-builder","ast-site-content-layout":"default","site-content-style":"default","site-sidebar-style":"default","ast-global-header-display":"","ast-banner-title-visibility":"","ast-main-header-display":"","ast-hfb-above-header-display":"","ast-hfb-below-header-display":"","ast-hfb-mobile-header-display":"","site-post-title":"disabled","ast-breadcrumbs-content":"","ast-featured-img":"disabled","footer-sml-layout":"","ast-disable-related-posts":"","theme-transparent-header-meta":"default","adv-header-id-meta":"","stick-header-meta":"","header-above-stick-meta":"","header-main-stick-meta":"","header-below-stick-meta":"","astra-migrate-meta-layouts":"default","ast-page-background-enabled":"default","ast-page-background-meta":{"desktop":{"background-color":"","background-image":"","background-repeat":"repeat","background-position":"center center","background-size":"auto","background-attachment":"scroll","background-type":"","background-media":"","overlay-type":"","overlay-color":"","overlay-opacity":"","overlay-gradient":""},"tablet":{"background-color":"","background-image":"","background-repeat":"repeat","background-position":"center center","background-size":"auto","background-attachment":"scroll","background-type":"","background-media":"","overlay-type":"","overlay-color":"","overlay-opacity":"","overlay-gradient":""},"mobile":{"background-color":"","background-image":"","background-repeat":"repeat","background-position":"center center","background-size":"auto","background-attachment":"scroll","background-type":"","background-media":"","overlay-type":"","overlay-color":"","overlay-opacity":"","overlay-gradient":""}},"ast-content-background-meta":{"desktop":{"background-color":"var(--ast-global-color-5)","background-image":"","background-repeat":"repeat","background-position":"center center","background-size":"auto","background-attachment":"scroll","background-type":"","background-media":"","overlay-type":"","overlay-color":"","overlay-opacity":"","overlay-gradient":""},"tablet":{"background-color":"var(--ast-global-color-5)","background-image":"","background-repeat":"repeat","background-position":"center center","background-size":"auto","background-attachment":"scroll","background-type":"","background-media":"","overlay-type":"","overlay-color":"","overlay-opacity":"","overlay-gradient":""},"mobile":{"background-color":"var(--ast-global-color-5)","background-image":"","background-repeat":"repeat","background-position":"center center","background-size":"auto","background-attachment":"scroll","background-type":"","background-media":"","overlay-type":"","overlay-color":"","overlay-opacity":"","overlay-gradient":""}},"footnotes":""},"class_list":["post-6140","page","type-page","status-publish","hentry"],"yoast_head":"<!-- This site is optimized with the Yoast SEO plugin v27.1 - https:\/\/yoast.com\/product\/yoast-seo-wordpress\/ -->\n<title>Vad \u00e4r avesta art | Verket<\/title>\n<meta name=\"description\" content=\"Vad \u00e4r Avesta Art\" \/>\n<meta name=\"robots\" content=\"index, follow, max-snippet:-1, max-image-preview:large, max-video-preview:-1\" \/>\n<link rel=\"canonical\" href=\"https:\/\/verket.se\/en\/vad-ar-avesta-art\/\" \/>\n<meta property=\"og:locale\" content=\"en_US\" \/>\n<meta property=\"og:type\" content=\"article\" \/>\n<meta property=\"og:title\" content=\"Vad \u00e4r avesta art | Verket\" \/>\n<meta property=\"og:description\" content=\"Vad \u00e4r Avesta Art\" \/>\n<meta property=\"og:url\" content=\"https:\/\/verket.se\/en\/vad-ar-avesta-art\/\" \/>\n<meta property=\"og:site_name\" content=\"Verket\" \/>\n<meta property=\"article:modified_time\" content=\"2026-01-15T13:43:50+00:00\" \/>\n<meta property=\"og:image\" content=\"https:\/\/verket.se\/wp-content\/uploads\/Saadia-Hussain-I-See-You-Through-Me-Foto-Therese-Asplund--scaled.jpg\" \/>\n\t<meta property=\"og:image:width\" content=\"1696\" \/>\n\t<meta property=\"og:image:height\" content=\"2560\" \/>\n\t<meta property=\"og:image:type\" content=\"image\/jpeg\" \/>\n<meta name=\"twitter:card\" content=\"summary_large_image\" \/>\n<meta name=\"twitter:label1\" content=\"Est. reading time\" \/>\n\t<meta name=\"twitter:data1\" content=\"1 minute\" \/>\n<script type=\"application\/ld+json\" class=\"yoast-schema-graph\">{\"@context\":\"https:\/\/schema.org\",\"@graph\":[{\"@type\":\"WebPage\",\"@id\":\"https:\/\/verket.se\/svenska\/vad-ar-avesta-art\/\",\"url\":\"https:\/\/verket.se\/svenska\/vad-ar-avesta-art\/\",\"name\":\"Vad \u00e4r avesta art | Verket\",\"isPartOf\":{\"@id\":\"https:\/\/verket.se\/en\/#website\"},\"primaryImageOfPage\":{\"@id\":\"https:\/\/verket.se\/svenska\/vad-ar-avesta-art\/#primaryimage\"},\"image\":{\"@id\":\"https:\/\/verket.se\/svenska\/vad-ar-avesta-art\/#primaryimage\"},\"thumbnailUrl\":\"https:\/\/verket.se\/wp-content\/uploads\/Saadia-Hussain-I-See-You-Through-Me-Foto-Therese-Asplund--199x300.jpg\",\"datePublished\":\"2019-02-20T10:12:38+00:00\",\"dateModified\":\"2026-01-15T13:43:50+00:00\",\"description\":\"Vad \u00e4r Avesta Art\",\"breadcrumb\":{\"@id\":\"https:\/\/verket.se\/svenska\/vad-ar-avesta-art\/#breadcrumb\"},\"inLanguage\":\"en-US\",\"potentialAction\":[{\"@type\":\"ReadAction\",\"target\":[\"https:\/\/verket.se\/svenska\/vad-ar-avesta-art\/\"]}]},{\"@type\":\"ImageObject\",\"inLanguage\":\"en-US\",\"@id\":\"https:\/\/verket.se\/svenska\/vad-ar-avesta-art\/#primaryimage\",\"url\":\"https:\/\/verket.se\/wp-content\/uploads\/Saadia-Hussain-I-See-You-Through-Me-Foto-Therese-Asplund--199x300.jpg\",\"contentUrl\":\"https:\/\/verket.se\/wp-content\/uploads\/Saadia-Hussain-I-See-You-Through-Me-Foto-Therese-Asplund--199x300.jpg\"},{\"@type\":\"BreadcrumbList\",\"@id\":\"https:\/\/verket.se\/svenska\/vad-ar-avesta-art\/#breadcrumb\",\"itemListElement\":[{\"@type\":\"ListItem\",\"position\":1,\"name\":\"Hem\",\"item\":\"https:\/\/verket.se\/\"},{\"@type\":\"ListItem\",\"position\":2,\"name\":\"Vad \u00e4r avesta art\"}]},{\"@type\":\"WebSite\",\"@id\":\"https:\/\/verket.se\/en\/#website\",\"url\":\"https:\/\/verket.se\/en\/\",\"name\":\"Verket\",\"description\":\"En del av Sveriges historia\",\"publisher\":{\"@id\":\"https:\/\/verket.se\/en\/#organization\"},\"potentialAction\":[{\"@type\":\"SearchAction\",\"target\":{\"@type\":\"EntryPoint\",\"urlTemplate\":\"https:\/\/verket.se\/en\/?s={search_term_string}\"},\"query-input\":{\"@type\":\"PropertyValueSpecification\",\"valueRequired\":true,\"valueName\":\"search_term_string\"}}],\"inLanguage\":\"en-US\"},{\"@type\":\"Organization\",\"@id\":\"https:\/\/verket.se\/en\/#organization\",\"name\":\"Verket\",\"url\":\"https:\/\/verket.se\/en\/\",\"logo\":{\"@type\":\"ImageObject\",\"inLanguage\":\"en-US\",\"@id\":\"https:\/\/verket.se\/en\/#\/schema\/logo\/image\/\",\"url\":\"https:\/\/www1.verket.se\/wp-content\/uploads\/2016\/08\/verket.png\",\"contentUrl\":\"https:\/\/www1.verket.se\/wp-content\/uploads\/2016\/08\/verket.png\",\"width\":455,\"height\":166,\"caption\":\"Verket\"},\"image\":{\"@id\":\"https:\/\/verket.se\/en\/#\/schema\/logo\/image\/\"}}]}<\/script>\n<!-- \/ Yoast SEO plugin. -->","yoast_head_json":{"title":"Vad \u00e4r avesta art | Verket","description":"What is Avesta Art?","robots":{"index":"index","follow":"follow","max-snippet":"max-snippet:-1","max-image-preview":"max-image-preview:large","max-video-preview":"max-video-preview:-1"},"canonical":"https:\/\/verket.se\/en\/vad-ar-avesta-art\/","og_locale":"en_US","og_type":"article","og_title":"Vad \u00e4r avesta art | Verket","og_description":"Vad \u00e4r Avesta Art","og_url":"https:\/\/verket.se\/en\/vad-ar-avesta-art\/","og_site_name":"Verket","article_modified_time":"2026-01-15T13:43:50+00:00","og_image":[{"width":1696,"height":2560,"url":"https:\/\/verket.se\/wp-content\/uploads\/Saadia-Hussain-I-See-You-Through-Me-Foto-Therese-Asplund--scaled.jpg","type":"image\/jpeg"}],"twitter_card":"summary_large_image","twitter_misc":{"Est. reading time":"1 minute"},"schema":{"@context":"https:\/\/schema.org","@graph":[{"@type":"WebPage","@id":"https:\/\/verket.se\/svenska\/vad-ar-avesta-art\/","url":"https:\/\/verket.se\/svenska\/vad-ar-avesta-art\/","name":"Vad \u00e4r avesta art | Verket","isPartOf":{"@id":"https:\/\/verket.se\/en\/#website"},"primaryImageOfPage":{"@id":"https:\/\/verket.se\/svenska\/vad-ar-avesta-art\/#primaryimage"},"image":{"@id":"https:\/\/verket.se\/svenska\/vad-ar-avesta-art\/#primaryimage"},"thumbnailUrl":"https:\/\/verket.se\/wp-content\/uploads\/Saadia-Hussain-I-See-You-Through-Me-Foto-Therese-Asplund--199x300.jpg","datePublished":"2019-02-20T10:12:38+00:00","dateModified":"2026-01-15T13:43:50+00:00","description":"What is Avesta Art?","breadcrumb":{"@id":"https:\/\/verket.se\/svenska\/vad-ar-avesta-art\/#breadcrumb"},"inLanguage":"en-US","potentialAction":[{"@type":"ReadAction","target":["https:\/\/verket.se\/svenska\/vad-ar-avesta-art\/"]}]},{"@type":"ImageObject","inLanguage":"en-US","@id":"https:\/\/verket.se\/svenska\/vad-ar-avesta-art\/#primaryimage","url":"https:\/\/verket.se\/wp-content\/uploads\/Saadia-Hussain-I-See-You-Through-Me-Foto-Therese-Asplund--199x300.jpg","contentUrl":"https:\/\/verket.se\/wp-content\/uploads\/Saadia-Hussain-I-See-You-Through-Me-Foto-Therese-Asplund--199x300.jpg"},{"@type":"BreadcrumbList","@id":"https:\/\/verket.se\/svenska\/vad-ar-avesta-art\/#breadcrumb","itemListElement":[{"@type":"ListItem","position":1,"name":"Hem","item":"https:\/\/verket.se\/"},{"@type":"ListItem","position":2,"name":"Vad \u00e4r avesta art"}]},{"@type":"WebSite","@id":"https:\/\/verket.se\/en\/#website","url":"https:\/\/verket.se\/en\/","name":"The work","description":"A part of Sweden&#039;s history","publisher":{"@id":"https:\/\/verket.se\/en\/#organization"},"potentialAction":[{"@type":"SearchAction","target":{"@type":"EntryPoint","urlTemplate":"https:\/\/verket.se\/en\/?s={search_term_string}"},"query-input":{"@type":"PropertyValueSpecification","valueRequired":true,"valueName":"search_term_string"}}],"inLanguage":"en-US"},{"@type":"Organization","@id":"https:\/\/verket.se\/en\/#organization","name":"The work","url":"https:\/\/verket.se\/en\/","logo":{"@type":"ImageObject","inLanguage":"en-US","@id":"https:\/\/verket.se\/en\/#\/schema\/logo\/image\/","url":"https:\/\/www1.verket.se\/wp-content\/uploads\/2016\/08\/verket.png","contentUrl":"https:\/\/www1.verket.se\/wp-content\/uploads\/2016\/08\/verket.png","width":455,"height":166,"caption":"Verket"},"image":{"@id":"https:\/\/verket.se\/en\/#\/schema\/logo\/image\/"}}]}},"_links":{"self":[{"href":"https:\/\/verket.se\/en\/wp-json\/wp\/v2\/pages\/6140","targetHints":{"allow":["GET"]}}],"collection":[{"href":"https:\/\/verket.se\/en\/wp-json\/wp\/v2\/pages"}],"about":[{"href":"https:\/\/verket.se\/en\/wp-json\/wp\/v2\/types\/page"}],"author":[{"embeddable":true,"href":"https:\/\/verket.se\/en\/wp-json\/wp\/v2\/users\/1"}],"replies":[{"embeddable":true,"href":"https:\/\/verket.se\/en\/wp-json\/wp\/v2\/comments?post=6140"}],"version-history":[{"count":5,"href":"https:\/\/verket.se\/en\/wp-json\/wp\/v2\/pages\/6140\/revisions"}],"predecessor-version":[{"id":23452,"href":"https:\/\/verket.se\/en\/wp-json\/wp\/v2\/pages\/6140\/revisions\/23452"}],"wp:attachment":[{"href":"https:\/\/verket.se\/en\/wp-json\/wp\/v2\/media?parent=6140"}],"curies":[{"name":"wp","href":"https:\/\/api.w.org\/{rel}","templated":true}]}}