{"id":5864,"date":"2019-02-15T13:51:15","date_gmt":"2019-02-15T12:51:15","guid":{"rendered":"http:\/\/verket.utvsajt.se\/?page_id=5864"},"modified":"2026-01-15T14:41:05","modified_gmt":"2026-01-15T13:41:05","slug":"koppardalen","status":"publish","type":"page","link":"https:\/\/verket.se\/en\/koppardalen\/","title":{"rendered":"Copper Valley"},"content":{"rendered":"<div data-elementor-type=\"wp-post\" data-elementor-id=\"5864\" class=\"elementor elementor-5864\" data-elementor-post-type=\"page\">\n\t\t\t\t\t\t<section class=\"elementor-section elementor-top-section elementor-element elementor-element-18ff4335 elementor-section-boxed elementor-section-height-default elementor-section-height-default\" data-id=\"18ff4335\" data-element_type=\"section\" data-e-type=\"section\">\n\t\t\t\t\t\t<div class=\"elementor-container elementor-column-gap-default\">\n\t\t\t\t\t<div class=\"elementor-column elementor-col-50 elementor-top-column elementor-element elementor-element-7a4087cd\" data-id=\"7a4087cd\" data-element_type=\"column\" data-e-type=\"column\">\n\t\t\t<div class=\"elementor-widget-wrap elementor-element-populated\">\n\t\t\t\t\t\t<div class=\"elementor-element elementor-element-1dc547d3 elementor-widget elementor-widget-heading\" data-id=\"1dc547d3\" data-element_type=\"widget\" data-e-type=\"widget\" data-widget_type=\"heading.default\">\n\t\t\t\t<div class=\"elementor-widget-container\">\n\t\t\t\t\t<h2 class=\"elementor-heading-title elementor-size-default\">Copper Valley<\/h2>\t\t\t\t<\/div>\n\t\t\t\t<\/div>\n\t\t\t\t<div class=\"elementor-element elementor-element-5d7d32bd elementor-widget elementor-widget-text-editor\" data-id=\"5d7d32bd\" data-element_type=\"widget\" data-e-type=\"widget\" data-widget_type=\"text-editor.default\">\n\t\t\t\t<div class=\"elementor-widget-container\">\n\t\t\t\t\t\t\t\t\t<p>It is a central area for business, culture, research and development.<br \/>The Copper Valley is an area of \u200b\u200buse dating back to the 17th century, which lies along the Dal\u00e4lven river, between the entrance routes to the center, from highway 70. Here, until 1938, an ironworks cabin with rust ovens and blast furnaces was operated by the Axel Johnsson Group. Over the years, the buildings in the area have been carefully preserved and equipped. The work is only part of the whole, and belongs to the first part of the Copper Valley area.<\/p><p>Next to Verket is Kopparhallen, the old sheet metal works, which has been transformed into a modern sports hall. The industrial historical traces have been carefully preserved as part of the interior, and it's the overhead crane in Kopparhallen's ceiling that you first notice when it's time for handball, floorball, and volleyball.\u00a0<\/p><p>The other part of Koppardalen consists of a business park, with an impressive diversity. Here you can find everything from Outokumpu Stainless AB's research and development department, OKQ8's customer service, Karl Hedins timber yard, Avesta Park, and Garden, among others.<\/p>\t\t\t\t\t\t\t\t<\/div>\n\t\t\t\t<\/div>\n\t\t\t\t\t<\/div>\n\t\t<\/div>\n\t\t\t\t<div class=\"elementor-column elementor-col-50 elementor-top-column elementor-element elementor-element-091ebbd\" data-id=\"091ebbd\" data-element_type=\"column\" data-e-type=\"column\">\n\t\t\t<div class=\"elementor-widget-wrap\">\n\t\t\t\t\t\t\t<\/div>\n\t\t<\/div>\n\t\t\t\t\t<\/div>\n\t\t<\/section>\n\t\t\t\t<section class=\"elementor-section elementor-top-section elementor-element elementor-element-49dc29c3 elementor-section-boxed elementor-section-height-default elementor-section-height-default\" data-id=\"49dc29c3\" data-element_type=\"section\" data-e-type=\"section\" data-settings=\"{&quot;background_background&quot;:&quot;classic&quot;}\">\n\t\t\t\t\t\t<div class=\"elementor-container elementor-column-gap-default\">\n\t\t\t\t\t<div class=\"elementor-column elementor-col-50 elementor-top-column elementor-element elementor-element-3818215b\" data-id=\"3818215b\" data-element_type=\"column\" data-e-type=\"column\" data-settings=\"{&quot;background_background&quot;:&quot;classic&quot;}\">\n\t\t\t<div class=\"elementor-widget-wrap elementor-element-populated\">\n\t\t\t\t\t\t<div class=\"elementor-element elementor-element-6f1b42b4 elementor-widget elementor-widget-heading\" data-id=\"6f1b42b4\" data-element_type=\"widget\" data-e-type=\"widget\" data-widget_type=\"heading.default\">\n\t\t\t\t<div class=\"elementor-widget-container\">\n\t\t\t\t\t<h2 class=\"elementor-heading-title elementor-size-default\">Store and caf\u00e9<\/h2>\t\t\t\t<\/div>\n\t\t\t\t<\/div>\n\t\t\t\t\t<\/div>\n\t\t<\/div>\n\t\t\t\t<div class=\"elementor-column elementor-col-50 elementor-top-column elementor-element elementor-element-e4c6bfc\" data-id=\"e4c6bfc\" data-element_type=\"column\" data-e-type=\"column\">\n\t\t\t<div class=\"elementor-widget-wrap elementor-element-populated\">\n\t\t\t\t\t\t<div class=\"elementor-element elementor-element-697e9dd2 elementor-widget elementor-widget-heading\" data-id=\"697e9dd2\" data-element_type=\"widget\" data-e-type=\"widget\" data-widget_type=\"heading.default\">\n\t\t\t\t<div class=\"elementor-widget-container\">\n\t\t\t\t\t<h2 class=\"elementor-heading-title elementor-size-default\">Verkets History<\/h2>\t\t\t\t<\/div>\n\t\t\t\t<\/div>\n\t\t\t\t<div class=\"elementor-element elementor-element-34c66f68 elementor-align-center elementor-widget elementor-widget-button\" data-id=\"34c66f68\" data-element_type=\"widget\" data-e-type=\"widget\" data-widget_type=\"button.default\">\n\t\t\t\t<div class=\"elementor-widget-container\">\n\t\t\t\t\t\t\t\t\t<div class=\"elementor-button-wrapper\">\n\t\t\t\t\t<a class=\"elementor-button elementor-button-link elementor-size-sm\" href=\"https:\/\/verket.se\/en\/historia\/\">\n\t\t\t\t\t\t<span class=\"elementor-button-content-wrapper\">\n\t\t\t\t\t\t<span class=\"elementor-button-icon\">\n\t\t\t\t<i aria-hidden=\"true\" class=\"fas fa-long-arrow-alt-right\"><\/i>\t\t\t<\/span>\n\t\t\t\t\t\t\t\t\t<span class=\"elementor-button-text\">Read more<\/span>\n\t\t\t\t\t<\/span>\n\t\t\t\t\t<\/a>\n\t\t\t\t<\/div>\n\t\t\t\t\t\t\t\t<\/div>\n\t\t\t\t<\/div>\n\t\t\t\t\t<\/div>\n\t\t<\/div>\n\t\t\t\t\t<\/div>\n\t\t<\/section>\n\t\t\t\t<\/div>","protected":false},"excerpt":{"rendered":"<p>Koppardalen Det \u00e4r ett centrumn\u00e4ra omr\u00e5de f\u00f6r n\u00e4ringsliv, kultur, forskning och utveckling.Koppardalen \u00e4r ett bruksomr\u00e5de med anor fr\u00e5n 1600-talet, som ligger l\u00e4ngs Dal\u00e4lven, mellan infartslederna mot centrum, fr\u00e5n riksv\u00e4g 70. H\u00e4r drevs fram till 1938 en j\u00e4rnbrukshytta med rostugnar och masugnar av Axel Johnsson koncernen. Med \u00e5ren har man varsamt bevarat och rustat upp byggnaderna [&hellip;]<\/p>\n","protected":false},"author":1,"featured_media":0,"parent":0,"menu_order":0,"comment_status":"closed","ping_status":"closed","template":"","meta":{"site-sidebar-layout":"no-sidebar","site-content-layout":"page-builder","ast-site-content-layout":"default","site-content-style":"default","site-sidebar-style":"default","ast-global-header-display":"","ast-banner-title-visibility":"","ast-main-header-display":"","ast-hfb-above-header-display":"","ast-hfb-below-header-display":"","ast-hfb-mobile-header-display":"","site-post-title":"disabled","ast-breadcrumbs-content":"","ast-featured-img":"disabled","footer-sml-layout":"","ast-disable-related-posts":"","theme-transparent-header-meta":"default","adv-header-id-meta":"","stick-header-meta":"","header-above-stick-meta":"","header-main-stick-meta":"","header-below-stick-meta":"","astra-migrate-meta-layouts":"default","ast-page-background-enabled":"default","ast-page-background-meta":{"desktop":{"background-color":"","background-image":"","background-repeat":"repeat","background-position":"center center","background-size":"auto","background-attachment":"scroll","background-type":"","background-media":"","overlay-type":"","overlay-color":"","overlay-opacity":"","overlay-gradient":""},"tablet":{"background-color":"","background-image":"","background-repeat":"repeat","background-position":"center center","background-size":"auto","background-attachment":"scroll","background-type":"","background-media":"","overlay-type":"","overlay-color":"","overlay-opacity":"","overlay-gradient":""},"mobile":{"background-color":"","background-image":"","background-repeat":"repeat","background-position":"center center","background-size":"auto","background-attachment":"scroll","background-type":"","background-media":"","overlay-type":"","overlay-color":"","overlay-opacity":"","overlay-gradient":""}},"ast-content-background-meta":{"desktop":{"background-color":"var(--ast-global-color-5)","background-image":"","background-repeat":"repeat","background-position":"center center","background-size":"auto","background-attachment":"scroll","background-type":"","background-media":"","overlay-type":"","overlay-color":"","overlay-opacity":"","overlay-gradient":""},"tablet":{"background-color":"var(--ast-global-color-5)","background-image":"","background-repeat":"repeat","background-position":"center center","background-size":"auto","background-attachment":"scroll","background-type":"","background-media":"","overlay-type":"","overlay-color":"","overlay-opacity":"","overlay-gradient":""},"mobile":{"background-color":"var(--ast-global-color-5)","background-image":"","background-repeat":"repeat","background-position":"center center","background-size":"auto","background-attachment":"scroll","background-type":"","background-media":"","overlay-type":"","overlay-color":"","overlay-opacity":"","overlay-gradient":""}},"footnotes":""},"class_list":["post-5864","page","type-page","status-publish","hentry"],"yoast_head":"<!-- This site is optimized with the Yoast SEO plugin v27.1 - https:\/\/yoast.com\/product\/yoast-seo-wordpress\/ -->\n<title>Koppardalen | Verket | Bruksomr\u00e5de<\/title>\n<meta name=\"description\" content=\"Ett centrumn\u00e4ra omr\u00e5de f\u00f6r n\u00e4ringsliv, kultur, forskning och utveckling. Koppardalen \u00e4r ett bruksomr\u00e5de med anor fr\u00e5n 1600-talet, som ligger l\u00e4ngs Dal\u00e4lven, mellan infartslederna mot centrum, fr\u00e5n riksv\u00e4g 70.\" \/>\n<meta name=\"robots\" content=\"index, follow, max-snippet:-1, max-image-preview:large, max-video-preview:-1\" \/>\n<link rel=\"canonical\" href=\"https:\/\/verket.se\/en\/koppardalen\/\" \/>\n<meta property=\"og:locale\" content=\"en_US\" \/>\n<meta property=\"og:type\" content=\"article\" \/>\n<meta property=\"og:title\" content=\"Koppardalen | Verket | Bruksomr\u00e5de\" \/>\n<meta property=\"og:description\" content=\"Ett centrumn\u00e4ra omr\u00e5de f\u00f6r n\u00e4ringsliv, kultur, forskning och utveckling. Koppardalen \u00e4r ett bruksomr\u00e5de med anor fr\u00e5n 1600-talet, som ligger l\u00e4ngs Dal\u00e4lven, mellan infartslederna mot centrum, fr\u00e5n riksv\u00e4g 70.\" \/>\n<meta property=\"og:url\" content=\"https:\/\/verket.se\/en\/koppardalen\/\" \/>\n<meta property=\"og:site_name\" content=\"Verket\" \/>\n<meta property=\"article:modified_time\" content=\"2026-01-15T13:41:05+00:00\" \/>\n<meta name=\"twitter:card\" content=\"summary_large_image\" \/>\n<meta name=\"twitter:label1\" content=\"Est. reading time\" \/>\n\t<meta name=\"twitter:data1\" content=\"1 minute\" \/>\n<script type=\"application\/ld+json\" class=\"yoast-schema-graph\">{\"@context\":\"https:\/\/schema.org\",\"@graph\":[{\"@type\":\"WebPage\",\"@id\":\"https:\/\/verket.se\/koppardalen\/\",\"url\":\"https:\/\/verket.se\/koppardalen\/\",\"name\":\"Koppardalen | Verket | Bruksomr\u00e5de\",\"isPartOf\":{\"@id\":\"https:\/\/verket.se\/en\/#website\"},\"datePublished\":\"2019-02-15T12:51:15+00:00\",\"dateModified\":\"2026-01-15T13:41:05+00:00\",\"description\":\"Ett centrumn\u00e4ra omr\u00e5de f\u00f6r n\u00e4ringsliv, kultur, forskning och utveckling. Koppardalen \u00e4r ett bruksomr\u00e5de med anor fr\u00e5n 1600-talet, som ligger l\u00e4ngs Dal\u00e4lven, mellan infartslederna mot centrum, fr\u00e5n riksv\u00e4g 70.\",\"breadcrumb\":{\"@id\":\"https:\/\/verket.se\/koppardalen\/#breadcrumb\"},\"inLanguage\":\"en-US\",\"potentialAction\":[{\"@type\":\"ReadAction\",\"target\":[\"https:\/\/verket.se\/koppardalen\/\"]}]},{\"@type\":\"BreadcrumbList\",\"@id\":\"https:\/\/verket.se\/koppardalen\/#breadcrumb\",\"itemListElement\":[{\"@type\":\"ListItem\",\"position\":1,\"name\":\"Hem\",\"item\":\"https:\/\/verket.se\/\"},{\"@type\":\"ListItem\",\"position\":2,\"name\":\"Koppardalen\"}]},{\"@type\":\"WebSite\",\"@id\":\"https:\/\/verket.se\/en\/#website\",\"url\":\"https:\/\/verket.se\/en\/\",\"name\":\"Verket\",\"description\":\"En del av Sveriges historia\",\"publisher\":{\"@id\":\"https:\/\/verket.se\/en\/#organization\"},\"potentialAction\":[{\"@type\":\"SearchAction\",\"target\":{\"@type\":\"EntryPoint\",\"urlTemplate\":\"https:\/\/verket.se\/en\/?s={search_term_string}\"},\"query-input\":{\"@type\":\"PropertyValueSpecification\",\"valueRequired\":true,\"valueName\":\"search_term_string\"}}],\"inLanguage\":\"en-US\"},{\"@type\":\"Organization\",\"@id\":\"https:\/\/verket.se\/en\/#organization\",\"name\":\"Verket\",\"url\":\"https:\/\/verket.se\/en\/\",\"logo\":{\"@type\":\"ImageObject\",\"inLanguage\":\"en-US\",\"@id\":\"https:\/\/verket.se\/en\/#\/schema\/logo\/image\/\",\"url\":\"https:\/\/www1.verket.se\/wp-content\/uploads\/2016\/08\/verket.png\",\"contentUrl\":\"https:\/\/www1.verket.se\/wp-content\/uploads\/2016\/08\/verket.png\",\"width\":455,\"height\":166,\"caption\":\"Verket\"},\"image\":{\"@id\":\"https:\/\/verket.se\/en\/#\/schema\/logo\/image\/\"}}]}<\/script>\n<!-- \/ Yoast SEO plugin. -->","yoast_head_json":{"title":"Koppardalen | Verket | Bruksomr\u00e5de","description":"Ett centrumn\u00e4ra omr\u00e5de f\u00f6r n\u00e4ringsliv, kultur, forskning och utveckling. Koppardalen \u00e4r ett bruksomr\u00e5de med anor fr\u00e5n 1600-talet, som ligger l\u00e4ngs Dal\u00e4lven, mellan infartslederna mot centrum, fr\u00e5n riksv\u00e4g 70.","robots":{"index":"index","follow":"follow","max-snippet":"max-snippet:-1","max-image-preview":"max-image-preview:large","max-video-preview":"max-video-preview:-1"},"canonical":"https:\/\/verket.se\/en\/koppardalen\/","og_locale":"en_US","og_type":"article","og_title":"Koppardalen | Verket | Bruksomr\u00e5de","og_description":"Ett centrumn\u00e4ra omr\u00e5de f\u00f6r n\u00e4ringsliv, kultur, forskning och utveckling. Koppardalen \u00e4r ett bruksomr\u00e5de med anor fr\u00e5n 1600-talet, som ligger l\u00e4ngs Dal\u00e4lven, mellan infartslederna mot centrum, fr\u00e5n riksv\u00e4g 70.","og_url":"https:\/\/verket.se\/en\/koppardalen\/","og_site_name":"Verket","article_modified_time":"2026-01-15T13:41:05+00:00","twitter_card":"summary_large_image","twitter_misc":{"Est. reading time":"1 minute"},"schema":{"@context":"https:\/\/schema.org","@graph":[{"@type":"WebPage","@id":"https:\/\/verket.se\/koppardalen\/","url":"https:\/\/verket.se\/koppardalen\/","name":"Koppardalen | Verket | Bruksomr\u00e5de","isPartOf":{"@id":"https:\/\/verket.se\/en\/#website"},"datePublished":"2019-02-15T12:51:15+00:00","dateModified":"2026-01-15T13:41:05+00:00","description":"Ett centrumn\u00e4ra omr\u00e5de f\u00f6r n\u00e4ringsliv, kultur, forskning och utveckling. Koppardalen \u00e4r ett bruksomr\u00e5de med anor fr\u00e5n 1600-talet, som ligger l\u00e4ngs Dal\u00e4lven, mellan infartslederna mot centrum, fr\u00e5n riksv\u00e4g 70.","breadcrumb":{"@id":"https:\/\/verket.se\/koppardalen\/#breadcrumb"},"inLanguage":"en-US","potentialAction":[{"@type":"ReadAction","target":["https:\/\/verket.se\/koppardalen\/"]}]},{"@type":"BreadcrumbList","@id":"https:\/\/verket.se\/koppardalen\/#breadcrumb","itemListElement":[{"@type":"ListItem","position":1,"name":"Hem","item":"https:\/\/verket.se\/"},{"@type":"ListItem","position":2,"name":"Koppardalen"}]},{"@type":"WebSite","@id":"https:\/\/verket.se\/en\/#website","url":"https:\/\/verket.se\/en\/","name":"The work","description":"A part of Sweden&#039;s history","publisher":{"@id":"https:\/\/verket.se\/en\/#organization"},"potentialAction":[{"@type":"SearchAction","target":{"@type":"EntryPoint","urlTemplate":"https:\/\/verket.se\/en\/?s={search_term_string}"},"query-input":{"@type":"PropertyValueSpecification","valueRequired":true,"valueName":"search_term_string"}}],"inLanguage":"en-US"},{"@type":"Organization","@id":"https:\/\/verket.se\/en\/#organization","name":"The work","url":"https:\/\/verket.se\/en\/","logo":{"@type":"ImageObject","inLanguage":"en-US","@id":"https:\/\/verket.se\/en\/#\/schema\/logo\/image\/","url":"https:\/\/www1.verket.se\/wp-content\/uploads\/2016\/08\/verket.png","contentUrl":"https:\/\/www1.verket.se\/wp-content\/uploads\/2016\/08\/verket.png","width":455,"height":166,"caption":"Verket"},"image":{"@id":"https:\/\/verket.se\/en\/#\/schema\/logo\/image\/"}}]}},"_links":{"self":[{"href":"https:\/\/verket.se\/en\/wp-json\/wp\/v2\/pages\/5864","targetHints":{"allow":["GET"]}}],"collection":[{"href":"https:\/\/verket.se\/en\/wp-json\/wp\/v2\/pages"}],"about":[{"href":"https:\/\/verket.se\/en\/wp-json\/wp\/v2\/types\/page"}],"author":[{"embeddable":true,"href":"https:\/\/verket.se\/en\/wp-json\/wp\/v2\/users\/1"}],"replies":[{"embeddable":true,"href":"https:\/\/verket.se\/en\/wp-json\/wp\/v2\/comments?post=5864"}],"version-history":[{"count":5,"href":"https:\/\/verket.se\/en\/wp-json\/wp\/v2\/pages\/5864\/revisions"}],"predecessor-version":[{"id":23449,"href":"https:\/\/verket.se\/en\/wp-json\/wp\/v2\/pages\/5864\/revisions\/23449"}],"wp:attachment":[{"href":"https:\/\/verket.se\/en\/wp-json\/wp\/v2\/media?parent=5864"}],"curies":[{"name":"wp","href":"https:\/\/api.w.org\/{rel}","templated":true}]}}