{"id":23232,"date":"2025-11-18T15:07:02","date_gmt":"2025-11-18T14:07:02","guid":{"rendered":"https:\/\/verket.se\/?page_id=23232"},"modified":"2026-02-11T13:41:52","modified_gmt":"2026-02-11T12:41:52","slug":"bussresearrangorer","status":"publish","type":"page","link":"https:\/\/verket.se\/en\/bussresearrangorer\/","title":{"rendered":"Bussresearrang\u00f6rer"},"content":{"rendered":"<div data-elementor-type=\"wp-page\" data-elementor-id=\"23232\" class=\"elementor elementor-23232\" data-elementor-post-type=\"page\">\n\t\t\t\t\t\t<section class=\"elementor-section elementor-top-section elementor-element elementor-element-515f55b elementor-section-boxed elementor-section-height-default elementor-section-height-default\" data-id=\"515f55b\" data-element_type=\"section\" data-e-type=\"section\">\n\t\t\t\t\t\t<div class=\"elementor-container elementor-column-gap-default\">\n\t\t\t\t\t<div class=\"elementor-column elementor-col-100 elementor-top-column elementor-element elementor-element-a688cbf\" data-id=\"a688cbf\" data-element_type=\"column\" data-e-type=\"column\">\n\t\t\t<div class=\"elementor-widget-wrap elementor-element-populated\">\n\t\t\t\t\t\t<div class=\"elementor-element elementor-element-aa837e7 elementor-widget elementor-widget-heading\" data-id=\"aa837e7\" data-element_type=\"widget\" data-e-type=\"widget\" data-widget_type=\"heading.default\">\n\t\t\t\t<div class=\"elementor-widget-container\">\n\t\t\t\t\t<h2 class=\"elementor-heading-title elementor-size-default\">For Bus Tour Operators<\/h2>\t\t\t\t<\/div>\n\t\t\t\t<\/div>\n\t\t\t\t<div class=\"elementor-element elementor-element-b3e7bd3 elementor-widget elementor-widget-spacer\" data-id=\"b3e7bd3\" data-element_type=\"widget\" data-e-type=\"widget\" data-widget_type=\"spacer.default\">\n\t\t\t\t<div class=\"elementor-widget-container\">\n\t\t\t\t\t\t\t<div class=\"elementor-spacer\">\n\t\t\t<div class=\"elementor-spacer-inner\"><\/div>\n\t\t<\/div>\n\t\t\t\t\t\t<\/div>\n\t\t\t\t<\/div>\n\t\t\t\t<div class=\"elementor-element elementor-element-21c8741 elementor-widget elementor-widget-text-editor\" data-id=\"21c8741\" data-element_type=\"widget\" data-e-type=\"widget\" data-widget_type=\"text-editor.default\">\n\t\t\t\t<div class=\"elementor-widget-container\">\n\t\t\t\t\t\t\t\t\t<p><span style=\"color: #000000;\">Stepping into Verket is like walking straight into history \u2013 a powerful industrial setting from 1874 that today serves as an industrial museum featuring the contemporary art exhibition Avesta Art, which runs from mid-May to mid-September. The raw industrial walls combined with contemporary art create a unique experience that fascinates both seasoned cultural travelers and first-time visitors.<\/span><\/p><p><span style=\"color: #000000;\">To experience everything at a relaxed pace, we recommend allowing about 1.5 hours \u2013 there is a lot of space to explore!<\/span><\/p>\t\t\t\t\t\t\t\t<\/div>\n\t\t\t\t<\/div>\n\t\t\t\t<section class=\"elementor-section elementor-inner-section elementor-element elementor-element-19bee40 elementor-section-boxed elementor-section-height-default elementor-section-height-default\" data-id=\"19bee40\" data-element_type=\"section\" data-e-type=\"section\">\n\t\t\t\t\t\t<div class=\"elementor-container elementor-column-gap-default\">\n\t\t\t\t\t<div class=\"elementor-column elementor-col-50 elementor-inner-column elementor-element elementor-element-3752192\" data-id=\"3752192\" data-element_type=\"column\" data-e-type=\"column\">\n\t\t\t<div class=\"elementor-widget-wrap elementor-element-populated\">\n\t\t\t\t\t\t<div class=\"elementor-element elementor-element-fb84fe5 elementor-widget elementor-widget-text-editor\" data-id=\"fb84fe5\" data-element_type=\"widget\" data-e-type=\"widget\" data-widget_type=\"text-editor.default\">\n\t\t\t\t<div class=\"elementor-widget-container\">\n\t\t\t\t\t\t\t\t\t<p><strong><span style=\"color: #000000;\">Guided tours<\/span><\/strong><\/p><p><span style=\"color: #000000;\">V\u00e5ra guidade visningar tar vanligtvis 75-90 minuter. Max 25 personer per grupp. Vid st\u00f6rre grupper delade i fler grupper samtidigt entr\u00e9pris+ 900 kr f\u00f6r f\u00f6rsta guiden och 700 kr per \u00f6vrig guide. Entr\u00e9priset \u00e4r d\u00e5 90 kr\/per person i st\u00e4llet f\u00f6r 150\/100 kr. V\u00e5ra guider anv\u00e4nder Strong Voice, ett tr\u00e5dl\u00f6st r\u00f6stf\u00f6rst\u00e4rkningssystem. Busschauff\u00f6ren\/reseledaren f\u00e5r g\u00e5 med kostnadsfritt och erbjuds kaffe om man vill ha.<\/span><\/p><p><strong><span style=\"color: #000000;\">Accessibility<\/span><\/strong><\/p><p><span style=\"color: #000000;\">Verket is a historically preserved industrial environment from its operational period. Some areas are adapted, but most remain in their original condition. This means every visitor must be careful and consider the following:\n\n*   Uneven floors\n*   Steep stairs\n*   Dim lighting\n*   Dusty environment\n*   Cold, damp, and icy surfaces (autumn, winter, spring)\n\nOn floor 1, there are two wheelchairs available for loan. Portable folding chairs are also available \u2013 ask at the entrance. Elevator access to all floors.<\/span><\/p>\t\t\t\t\t\t\t\t<\/div>\n\t\t\t\t<\/div>\n\t\t\t\t<div class=\"elementor-element elementor-element-3f10d98 elementor-widget elementor-widget-image\" data-id=\"3f10d98\" data-element_type=\"widget\" data-e-type=\"widget\" data-widget_type=\"image.default\">\n\t\t\t\t<div class=\"elementor-widget-container\">\n\t\t\t\t\t\t\t\t\t\t\t\t\t\t\t<img fetchpriority=\"high\" decoding=\"async\" width=\"768\" height=\"1024\" src=\"https:\/\/verket.se\/wp-content\/uploads\/Bussfoto-framfor-Verket-768x1024.jpg\" class=\"attachment-medium_large size-medium_large wp-image-23237\" alt=\"Bussfoto framf\u00f6r Verket\" srcset=\"https:\/\/verket.se\/wp-content\/uploads\/Bussfoto-framfor-Verket-768x1024.jpg 768w, https:\/\/verket.se\/wp-content\/uploads\/Bussfoto-framfor-Verket-225x300.jpg 225w, https:\/\/verket.se\/wp-content\/uploads\/Bussfoto-framfor-Verket-1152x1536.jpg 1152w, https:\/\/verket.se\/wp-content\/uploads\/Bussfoto-framfor-Verket-1536x2048.jpg 1536w, https:\/\/verket.se\/wp-content\/uploads\/Bussfoto-framfor-Verket-9x12.jpg 9w, https:\/\/verket.se\/wp-content\/uploads\/Bussfoto-framfor-Verket-scaled.jpg 1920w\" sizes=\"(max-width: 768px) 100vw, 768px\" \/>\t\t\t\t\t\t\t\t\t\t\t\t\t\t\t<\/div>\n\t\t\t\t<\/div>\n\t\t\t\t\t<\/div>\n\t\t<\/div>\n\t\t\t\t<div class=\"elementor-column elementor-col-50 elementor-inner-column elementor-element elementor-element-eb7b83f\" data-id=\"eb7b83f\" data-element_type=\"column\" data-e-type=\"column\">\n\t\t\t<div class=\"elementor-widget-wrap elementor-element-populated\">\n\t\t\t\t\t\t<div class=\"elementor-element elementor-element-f83501d elementor-widget elementor-widget-text-editor\" data-id=\"f83501d\" data-element_type=\"widget\" data-e-type=\"widget\" data-widget_type=\"text-editor.default\">\n\t\t\t\t<div class=\"elementor-widget-container\">\n\t\t\t\t\t\t\t\t\t<p><strong><span style=\"color: #000000;\">Restrooms<\/span><\/strong><\/p><p><span style=\"color: #000000;\">Seven restrooms, two of which are handicap accessible with changing tables, on floor 1 and floor 00.<\/span><\/p><p><strong><span style=\"color: #000000;\">Caf\u00e9<\/span><\/strong><\/p><p><span style=\"color: #000000;\">Our caf\u00e9, located directly by the entrance, offers pastries and sandwiches free from lactose, gluten, and milk.<\/span><\/p><p><strong><span style=\"color: #000000;\">Parking<\/span><\/strong><\/p><p><span style=\"color: #000000;\">Free bus parking directly adjacent to Verket. Passengers can disembark in front of the main entrance, and for visitors with disabilities, there is an entrance on the side of the building.<\/span><\/p><p><strong><span style=\"color: #000000;\">Good to know before the trip<\/span><\/strong><\/p><p><span style=\"color: #000000;\">40 lockable storage lockers. Free to use, coins can be obtained at the entrance.<\/span><\/p><p><span style=\"color: #000000;\">Free Wi-Fi.<\/span><\/p><p><strong><span style=\"color: #000000;\">Booking<\/span><\/strong><\/p><p><span style=\"color: #000000;\">Cancellation policy: Free cancellation up to 24 hours before the scheduled visit. After that, the guide fee will be charged at 100%. Payment can be made on-site or via invoice.<\/span><\/p><p><span style=\"color: #000000;\">For bookings and inquiries, contact us at:  \nEmail: verket@avesta.se\nPhone: +46 226 64 51 62\u00a0<\/span><\/p>\t\t\t\t\t\t\t\t<\/div>\n\t\t\t\t<\/div>\n\t\t\t\t\t<\/div>\n\t\t<\/div>\n\t\t\t\t\t<\/div>\n\t\t<\/section>\n\t\t\t\t\t<\/div>\n\t\t<\/div>\n\t\t\t\t\t<\/div>\n\t\t<\/section>\n\t\t\t\t<\/div>","protected":false},"excerpt":{"rendered":"<p>F\u00f6r bussresearrang\u00f6rer Att kliva in i Verket \u00e4r som att stiga rakt in i historien \u2013 en m\u00e4ktig industrimilj\u00f6 fr\u00e5n 1874 som idag \u00e4r ett industrimuseum med samtidskonstutst\u00e4llningen Avesta Art som p\u00e5g\u00e5r fr\u00e5n mitten av maj till mitten av september. De r\u00e5a industriv\u00e4ggarna och samtidskonst skapar en unik kombination som fascinerar b\u00e5de vana kulturresen\u00e4rer och [&hellip;]<\/p>\n","protected":false},"author":2,"featured_media":23237,"parent":0,"menu_order":0,"comment_status":"closed","ping_status":"closed","template":"","meta":{"site-sidebar-layout":"no-sidebar","site-content-layout":"page-builder","ast-site-content-layout":"full-width-container","site-content-style":"default","site-sidebar-style":"default","ast-global-header-display":"","ast-banner-title-visibility":"","ast-main-header-display":"","ast-hfb-above-header-display":"","ast-hfb-below-header-display":"","ast-hfb-mobile-header-display":"","site-post-title":"disabled","ast-breadcrumbs-content":"","ast-featured-img":"disabled","footer-sml-layout":"","ast-disable-related-posts":"","theme-transparent-header-meta":"","adv-header-id-meta":"","stick-header-meta":"","header-above-stick-meta":"","header-main-stick-meta":"","header-below-stick-meta":"","astra-migrate-meta-layouts":"set","ast-page-background-enabled":"default","ast-page-background-meta":{"desktop":{"background-color":"","background-image":"","background-repeat":"repeat","background-position":"center center","background-size":"auto","background-attachment":"scroll","background-type":"","background-media":"","overlay-type":"","overlay-color":"","overlay-opacity":"","overlay-gradient":""},"tablet":{"background-color":"","background-image":"","background-repeat":"repeat","background-position":"center center","background-size":"auto","background-attachment":"scroll","background-type":"","background-media":"","overlay-type":"","overlay-color":"","overlay-opacity":"","overlay-gradient":""},"mobile":{"background-color":"","background-image":"","background-repeat":"repeat","background-position":"center center","background-size":"auto","background-attachment":"scroll","background-type":"","background-media":"","overlay-type":"","overlay-color":"","overlay-opacity":"","overlay-gradient":""}},"ast-content-background-meta":{"desktop":{"background-color":"var(--ast-global-color-5)","background-image":"","background-repeat":"repeat","background-position":"center center","background-size":"auto","background-attachment":"scroll","background-type":"","background-media":"","overlay-type":"","overlay-color":"","overlay-opacity":"","overlay-gradient":""},"tablet":{"background-color":"var(--ast-global-color-5)","background-image":"","background-repeat":"repeat","background-position":"center center","background-size":"auto","background-attachment":"scroll","background-type":"","background-media":"","overlay-type":"","overlay-color":"","overlay-opacity":"","overlay-gradient":""},"mobile":{"background-color":"var(--ast-global-color-5)","background-image":"","background-repeat":"repeat","background-position":"center center","background-size":"auto","background-attachment":"scroll","background-type":"","background-media":"","overlay-type":"","overlay-color":"","overlay-opacity":"","overlay-gradient":""}},"footnotes":""},"class_list":["post-23232","page","type-page","status-publish","has-post-thumbnail","hentry"],"yoast_head":"<!-- This site is optimized with the Yoast SEO plugin v27.1 - https:\/\/yoast.com\/product\/yoast-seo-wordpress\/ -->\n<title>Bussresearrang\u00f6rer | Verket<\/title>\n<meta name=\"description\" content=\"Verket\/Avesta Art - f\u00f6r bussresearrang\u00f6rer Att kliva in i Verket \u00e4r som att stiga rakt in i historien \u2013 en m\u00e4ktig industrimilj\u00f6 fr\u00e5n 1874 som idag \u00e4r ett industrimuseum med samtidskonstutst\u00e4llningen Avesta Art som p\u00e5g\u00e5r fr\u00e5n mitten av maj till mitten av september. De r\u00e5a industriv\u00e4ggarna och samtidskonst skapar en unik kombination som fascinerar b\u00e5de vana kulturresen\u00e4rer och f\u00f6rstag\u00e5ngsbes\u00f6kare. F\u00f6r att hinna uppleva allt i lugn och ro rekommenderar vi att man avs\u00e4tter ungef\u00e4r 1,5 timme \u2013 det \u00e4r stora ytor att utforska! F\u00f6r bokning och fr\u00e5gor, kontakta oss p\u00e5: verket@avesta.se eller 0226-64 51 62 webb: https:\/\/verket.se\/svenska\/\" \/>\n<meta name=\"robots\" content=\"index, follow, max-snippet:-1, max-image-preview:large, max-video-preview:-1\" \/>\n<link rel=\"canonical\" href=\"https:\/\/verket.se\/en\/bussresearrangorer\/\" \/>\n<meta property=\"og:locale\" content=\"en_US\" \/>\n<meta property=\"og:type\" content=\"article\" \/>\n<meta property=\"og:title\" content=\"Bussresearrang\u00f6rer | Verket\" \/>\n<meta property=\"og:description\" content=\"Verket\/Avesta Art - f\u00f6r bussresearrang\u00f6rer Att kliva in i Verket \u00e4r som att stiga rakt in i historien \u2013 en m\u00e4ktig industrimilj\u00f6 fr\u00e5n 1874 som idag \u00e4r ett industrimuseum med samtidskonstutst\u00e4llningen Avesta Art som p\u00e5g\u00e5r fr\u00e5n mitten av maj till mitten av september. De r\u00e5a industriv\u00e4ggarna och samtidskonst skapar en unik kombination som fascinerar b\u00e5de vana kulturresen\u00e4rer och f\u00f6rstag\u00e5ngsbes\u00f6kare. F\u00f6r att hinna uppleva allt i lugn och ro rekommenderar vi att man avs\u00e4tter ungef\u00e4r 1,5 timme \u2013 det \u00e4r stora ytor att utforska! F\u00f6r bokning och fr\u00e5gor, kontakta oss p\u00e5: verket@avesta.se eller 0226-64 51 62 webb: https:\/\/verket.se\/svenska\/\" \/>\n<meta property=\"og:url\" content=\"https:\/\/verket.se\/en\/bussresearrangorer\/\" \/>\n<meta property=\"og:site_name\" content=\"Verket\" \/>\n<meta property=\"article:modified_time\" content=\"2026-02-11T12:41:52+00:00\" \/>\n<meta property=\"og:image\" content=\"https:\/\/verket.se\/wp-content\/uploads\/Bussfoto-framfor-Verket-scaled.jpg\" \/>\n\t<meta property=\"og:image:width\" content=\"1920\" \/>\n\t<meta property=\"og:image:height\" content=\"2560\" \/>\n\t<meta property=\"og:image:type\" content=\"image\/jpeg\" \/>\n<meta name=\"twitter:card\" content=\"summary_large_image\" \/>\n<meta name=\"twitter:label1\" content=\"Est. reading time\" \/>\n\t<meta name=\"twitter:data1\" content=\"2 minutes\" \/>\n<script type=\"application\/ld+json\" class=\"yoast-schema-graph\">{\"@context\":\"https:\/\/schema.org\",\"@graph\":[{\"@type\":\"WebPage\",\"@id\":\"https:\/\/verket.se\/bussresearrangorer\/\",\"url\":\"https:\/\/verket.se\/bussresearrangorer\/\",\"name\":\"Bussresearrang\u00f6rer | Verket\",\"isPartOf\":{\"@id\":\"https:\/\/verket.se\/en\/#website\"},\"primaryImageOfPage\":{\"@id\":\"https:\/\/verket.se\/bussresearrangorer\/#primaryimage\"},\"image\":{\"@id\":\"https:\/\/verket.se\/bussresearrangorer\/#primaryimage\"},\"thumbnailUrl\":\"https:\/\/verket.se\/wp-content\/uploads\/Bussfoto-framfor-Verket-scaled.jpg\",\"datePublished\":\"2025-11-18T14:07:02+00:00\",\"dateModified\":\"2026-02-11T12:41:52+00:00\",\"description\":\"Verket\/Avesta Art - f\u00f6r bussresearrang\u00f6rer Att kliva in i Verket \u00e4r som att stiga rakt in i historien \u2013 en m\u00e4ktig industrimilj\u00f6 fr\u00e5n 1874 som idag \u00e4r ett industrimuseum med samtidskonstutst\u00e4llningen Avesta Art som p\u00e5g\u00e5r fr\u00e5n mitten av maj till mitten av september. De r\u00e5a industriv\u00e4ggarna och samtidskonst skapar en unik kombination som fascinerar b\u00e5de vana kulturresen\u00e4rer och f\u00f6rstag\u00e5ngsbes\u00f6kare. F\u00f6r att hinna uppleva allt i lugn och ro rekommenderar vi att man avs\u00e4tter ungef\u00e4r 1,5 timme \u2013 det \u00e4r stora ytor att utforska! F\u00f6r bokning och fr\u00e5gor, kontakta oss p\u00e5: verket@avesta.se eller 0226-64 51 62 webb: https:\/\/verket.se\/svenska\/\",\"breadcrumb\":{\"@id\":\"https:\/\/verket.se\/bussresearrangorer\/#breadcrumb\"},\"inLanguage\":\"en-US\",\"potentialAction\":[{\"@type\":\"ReadAction\",\"target\":[\"https:\/\/verket.se\/bussresearrangorer\/\"]}]},{\"@type\":\"ImageObject\",\"inLanguage\":\"en-US\",\"@id\":\"https:\/\/verket.se\/bussresearrangorer\/#primaryimage\",\"url\":\"https:\/\/verket.se\/wp-content\/uploads\/Bussfoto-framfor-Verket-scaled.jpg\",\"contentUrl\":\"https:\/\/verket.se\/wp-content\/uploads\/Bussfoto-framfor-Verket-scaled.jpg\",\"width\":1920,\"height\":2560,\"caption\":\"Bussresor\"},{\"@type\":\"BreadcrumbList\",\"@id\":\"https:\/\/verket.se\/bussresearrangorer\/#breadcrumb\",\"itemListElement\":[{\"@type\":\"ListItem\",\"position\":1,\"name\":\"Hem\",\"item\":\"https:\/\/verket.se\/\"},{\"@type\":\"ListItem\",\"position\":2,\"name\":\"Bussresearrang\u00f6rer\"}]},{\"@type\":\"WebSite\",\"@id\":\"https:\/\/verket.se\/en\/#website\",\"url\":\"https:\/\/verket.se\/en\/\",\"name\":\"Verket\",\"description\":\"En del av Sveriges historia\",\"publisher\":{\"@id\":\"https:\/\/verket.se\/en\/#organization\"},\"potentialAction\":[{\"@type\":\"SearchAction\",\"target\":{\"@type\":\"EntryPoint\",\"urlTemplate\":\"https:\/\/verket.se\/en\/?s={search_term_string}\"},\"query-input\":{\"@type\":\"PropertyValueSpecification\",\"valueRequired\":true,\"valueName\":\"search_term_string\"}}],\"inLanguage\":\"en-US\"},{\"@type\":\"Organization\",\"@id\":\"https:\/\/verket.se\/en\/#organization\",\"name\":\"Verket\",\"url\":\"https:\/\/verket.se\/en\/\",\"logo\":{\"@type\":\"ImageObject\",\"inLanguage\":\"en-US\",\"@id\":\"https:\/\/verket.se\/en\/#\/schema\/logo\/image\/\",\"url\":\"https:\/\/www1.verket.se\/wp-content\/uploads\/2016\/08\/verket.png\",\"contentUrl\":\"https:\/\/www1.verket.se\/wp-content\/uploads\/2016\/08\/verket.png\",\"width\":455,\"height\":166,\"caption\":\"Verket\"},\"image\":{\"@id\":\"https:\/\/verket.se\/en\/#\/schema\/logo\/image\/\"}}]}<\/script>\n<!-- \/ Yoast SEO plugin. -->","yoast_head_json":{"title":"Bussresearrang\u00f6rer | Verket","description":"Verket\/Avesta Art - f\u00f6r bussresearrang\u00f6rer Att kliva in i Verket \u00e4r som att stiga rakt in i historien \u2013 en m\u00e4ktig industrimilj\u00f6 fr\u00e5n 1874 som idag \u00e4r ett industrimuseum med samtidskonstutst\u00e4llningen Avesta Art som p\u00e5g\u00e5r fr\u00e5n mitten av maj till mitten av september. De r\u00e5a industriv\u00e4ggarna och samtidskonst skapar en unik kombination som fascinerar b\u00e5de vana kulturresen\u00e4rer och f\u00f6rstag\u00e5ngsbes\u00f6kare. F\u00f6r att hinna uppleva allt i lugn och ro rekommenderar vi att man avs\u00e4tter ungef\u00e4r 1,5 timme \u2013 det \u00e4r stora ytor att utforska! F\u00f6r bokning och fr\u00e5gor, kontakta oss p\u00e5: verket@avesta.se eller 0226-64 51 62 webb: https:\/\/verket.se\/svenska\/","robots":{"index":"index","follow":"follow","max-snippet":"max-snippet:-1","max-image-preview":"max-image-preview:large","max-video-preview":"max-video-preview:-1"},"canonical":"https:\/\/verket.se\/en\/bussresearrangorer\/","og_locale":"en_US","og_type":"article","og_title":"Bussresearrang\u00f6rer | Verket","og_description":"Verket\/Avesta Art - f\u00f6r bussresearrang\u00f6rer Att kliva in i Verket \u00e4r som att stiga rakt in i historien \u2013 en m\u00e4ktig industrimilj\u00f6 fr\u00e5n 1874 som idag \u00e4r ett industrimuseum med samtidskonstutst\u00e4llningen Avesta Art som p\u00e5g\u00e5r fr\u00e5n mitten av maj till mitten av september. De r\u00e5a industriv\u00e4ggarna och samtidskonst skapar en unik kombination som fascinerar b\u00e5de vana kulturresen\u00e4rer och f\u00f6rstag\u00e5ngsbes\u00f6kare. F\u00f6r att hinna uppleva allt i lugn och ro rekommenderar vi att man avs\u00e4tter ungef\u00e4r 1,5 timme \u2013 det \u00e4r stora ytor att utforska! F\u00f6r bokning och fr\u00e5gor, kontakta oss p\u00e5: verket@avesta.se eller 0226-64 51 62 webb: https:\/\/verket.se\/svenska\/","og_url":"https:\/\/verket.se\/en\/bussresearrangorer\/","og_site_name":"Verket","article_modified_time":"2026-02-11T12:41:52+00:00","og_image":[{"width":1920,"height":2560,"url":"https:\/\/verket.se\/wp-content\/uploads\/Bussfoto-framfor-Verket-scaled.jpg","type":"image\/jpeg"}],"twitter_card":"summary_large_image","twitter_misc":{"Est. reading time":"2 minutes"},"schema":{"@context":"https:\/\/schema.org","@graph":[{"@type":"WebPage","@id":"https:\/\/verket.se\/bussresearrangorer\/","url":"https:\/\/verket.se\/bussresearrangorer\/","name":"Bussresearrang\u00f6rer | Verket","isPartOf":{"@id":"https:\/\/verket.se\/en\/#website"},"primaryImageOfPage":{"@id":"https:\/\/verket.se\/bussresearrangorer\/#primaryimage"},"image":{"@id":"https:\/\/verket.se\/bussresearrangorer\/#primaryimage"},"thumbnailUrl":"https:\/\/verket.se\/wp-content\/uploads\/Bussfoto-framfor-Verket-scaled.jpg","datePublished":"2025-11-18T14:07:02+00:00","dateModified":"2026-02-11T12:41:52+00:00","description":"Verket\/Avesta Art - f\u00f6r bussresearrang\u00f6rer Att kliva in i Verket \u00e4r som att stiga rakt in i historien \u2013 en m\u00e4ktig industrimilj\u00f6 fr\u00e5n 1874 som idag \u00e4r ett industrimuseum med samtidskonstutst\u00e4llningen Avesta Art som p\u00e5g\u00e5r fr\u00e5n mitten av maj till mitten av september. De r\u00e5a industriv\u00e4ggarna och samtidskonst skapar en unik kombination som fascinerar b\u00e5de vana kulturresen\u00e4rer och f\u00f6rstag\u00e5ngsbes\u00f6kare. F\u00f6r att hinna uppleva allt i lugn och ro rekommenderar vi att man avs\u00e4tter ungef\u00e4r 1,5 timme \u2013 det \u00e4r stora ytor att utforska! F\u00f6r bokning och fr\u00e5gor, kontakta oss p\u00e5: verket@avesta.se eller 0226-64 51 62 webb: https:\/\/verket.se\/svenska\/","breadcrumb":{"@id":"https:\/\/verket.se\/bussresearrangorer\/#breadcrumb"},"inLanguage":"en-US","potentialAction":[{"@type":"ReadAction","target":["https:\/\/verket.se\/bussresearrangorer\/"]}]},{"@type":"ImageObject","inLanguage":"en-US","@id":"https:\/\/verket.se\/bussresearrangorer\/#primaryimage","url":"https:\/\/verket.se\/wp-content\/uploads\/Bussfoto-framfor-Verket-scaled.jpg","contentUrl":"https:\/\/verket.se\/wp-content\/uploads\/Bussfoto-framfor-Verket-scaled.jpg","width":1920,"height":2560,"caption":"Bussresor"},{"@type":"BreadcrumbList","@id":"https:\/\/verket.se\/bussresearrangorer\/#breadcrumb","itemListElement":[{"@type":"ListItem","position":1,"name":"Hem","item":"https:\/\/verket.se\/"},{"@type":"ListItem","position":2,"name":"Bussresearrang\u00f6rer"}]},{"@type":"WebSite","@id":"https:\/\/verket.se\/en\/#website","url":"https:\/\/verket.se\/en\/","name":"The work","description":"A part of Sweden&#039;s history","publisher":{"@id":"https:\/\/verket.se\/en\/#organization"},"potentialAction":[{"@type":"SearchAction","target":{"@type":"EntryPoint","urlTemplate":"https:\/\/verket.se\/en\/?s={search_term_string}"},"query-input":{"@type":"PropertyValueSpecification","valueRequired":true,"valueName":"search_term_string"}}],"inLanguage":"en-US"},{"@type":"Organization","@id":"https:\/\/verket.se\/en\/#organization","name":"The work","url":"https:\/\/verket.se\/en\/","logo":{"@type":"ImageObject","inLanguage":"en-US","@id":"https:\/\/verket.se\/en\/#\/schema\/logo\/image\/","url":"https:\/\/www1.verket.se\/wp-content\/uploads\/2016\/08\/verket.png","contentUrl":"https:\/\/www1.verket.se\/wp-content\/uploads\/2016\/08\/verket.png","width":455,"height":166,"caption":"Verket"},"image":{"@id":"https:\/\/verket.se\/en\/#\/schema\/logo\/image\/"}}]}},"_links":{"self":[{"href":"https:\/\/verket.se\/en\/wp-json\/wp\/v2\/pages\/23232","targetHints":{"allow":["GET"]}}],"collection":[{"href":"https:\/\/verket.se\/en\/wp-json\/wp\/v2\/pages"}],"about":[{"href":"https:\/\/verket.se\/en\/wp-json\/wp\/v2\/types\/page"}],"author":[{"embeddable":true,"href":"https:\/\/verket.se\/en\/wp-json\/wp\/v2\/users\/2"}],"replies":[{"embeddable":true,"href":"https:\/\/verket.se\/en\/wp-json\/wp\/v2\/comments?post=23232"}],"version-history":[{"count":5,"href":"https:\/\/verket.se\/en\/wp-json\/wp\/v2\/pages\/23232\/revisions"}],"predecessor-version":[{"id":23870,"href":"https:\/\/verket.se\/en\/wp-json\/wp\/v2\/pages\/23232\/revisions\/23870"}],"wp:featuredmedia":[{"embeddable":true,"href":"https:\/\/verket.se\/en\/wp-json\/wp\/v2\/media\/23237"}],"wp:attachment":[{"href":"https:\/\/verket.se\/en\/wp-json\/wp\/v2\/media?parent=23232"}],"curies":[{"name":"wp","href":"https:\/\/api.w.org\/{rel}","templated":true}]}}