{"id":23022,"date":"2025-09-22T11:48:46","date_gmt":"2025-09-22T09:48:46","guid":{"rendered":"https:\/\/verket.se\/?page_id=23022"},"modified":"2025-12-08T09:12:39","modified_gmt":"2025-12-08T08:12:39","slug":"besokare-tomtemarknad","status":"publish","type":"page","link":"https:\/\/verket.se\/en\/besokare-tomtemarknad\/","title":{"rendered":"Bes\u00f6kare Tomtemarknad"},"content":{"rendered":"<div data-elementor-type=\"wp-page\" data-elementor-id=\"23022\" class=\"elementor elementor-23022\" data-elementor-post-type=\"page\">\n\t\t\t\t\t\t<section class=\"elementor-section elementor-top-section elementor-element elementor-element-33f837a elementor-section-boxed elementor-section-height-default elementor-section-height-default\" data-id=\"33f837a\" data-element_type=\"section\" data-e-type=\"section\">\n\t\t\t\t\t\t<div class=\"elementor-container elementor-column-gap-default\">\n\t\t\t\t\t<div class=\"elementor-column elementor-col-100 elementor-top-column elementor-element elementor-element-bc5aba3\" data-id=\"bc5aba3\" data-element_type=\"column\" data-e-type=\"column\">\n\t\t\t<div class=\"elementor-widget-wrap elementor-element-populated\">\n\t\t\t\t\t\t<div class=\"elementor-element elementor-element-4ac57b0 elementor-widget elementor-widget-heading\" data-id=\"4ac57b0\" data-element_type=\"widget\" data-e-type=\"widget\" data-widget_type=\"heading.default\">\n\t\t\t\t<div class=\"elementor-widget-container\">\n\t\t\t\t\t<h2 class=\"elementor-heading-title elementor-size-default\">Verket - Dalarnas mest spektakul\u00e4ra plats f\u00f6r julmarknad v\u00e4lkomnar er<\/h2>\t\t\t\t<\/div>\n\t\t\t\t<\/div>\n\t\t\t\t<div class=\"elementor-element elementor-element-c1dc11b elementor-widget elementor-widget-heading\" data-id=\"c1dc11b\" data-element_type=\"widget\" data-e-type=\"widget\" data-widget_type=\"heading.default\">\n\t\t\t\t<div class=\"elementor-widget-container\">\n\t\t\t\t\t<h2 class=\"elementor-heading-title elementor-size-default\">13 - 14 december\u00a0 2025 <\/h2>\t\t\t\t<\/div>\n\t\t\t\t<\/div>\n\t\t\t\t<section class=\"elementor-section elementor-inner-section elementor-element elementor-element-53c58e6 elementor-section-boxed elementor-section-height-default elementor-section-height-default\" data-id=\"53c58e6\" data-element_type=\"section\" data-e-type=\"section\">\n\t\t\t\t\t\t<div class=\"elementor-container elementor-column-gap-default\">\n\t\t\t\t\t<div class=\"elementor-column elementor-col-100 elementor-inner-column elementor-element elementor-element-3496037\" data-id=\"3496037\" data-element_type=\"column\" data-e-type=\"column\">\n\t\t\t<div class=\"elementor-widget-wrap elementor-element-populated\">\n\t\t\t\t\t\t<div class=\"elementor-element elementor-element-0f8b9b6 elementor-widget elementor-widget-text-editor\" data-id=\"0f8b9b6\" data-element_type=\"widget\" data-e-type=\"widget\" data-widget_type=\"text-editor.default\">\n\t\t\t\t<div class=\"elementor-widget-container\">\n\t\t\t\t\t\t\t\t\t<h5 style=\"text-align: center;\"><span style=\"color: #000000;\"> at: 11 am - 5 pm both days<\/span>\u00a0<\/h5><p style=\"text-align: center;\">Bring your family, friends, neighbors, or come as you are to experience the Christmas spirit together with us in a heartwarming community among sparkling lights.<\/p><p style=\"text-align: center;\">After strolling among the well-stocked market stalls in the frosty depths of the\nSanta's castle, you can warm yourself up with steaming mulled wine or hot chocolate.<\/p><h5 style=\"text-align: center;\">\u00a0<\/h5><h6 style=\"text-align: center;\"><span style=\"color: #000000;\">Entr\u00e9 70 kr. Barn till och med 15 \u00e5r fri entr\u00e9.\u00a0<\/span><\/h6><p style=\"text-align: center;\">\u00a0<\/p>\t\t\t\t\t\t\t\t<\/div>\n\t\t\t\t<\/div>\n\t\t\t\t\t<\/div>\n\t\t<\/div>\n\t\t\t\t\t<\/div>\n\t\t<\/section>\n\t\t\t\t<section class=\"elementor-section elementor-inner-section elementor-element elementor-element-bf70824 elementor-section-boxed elementor-section-height-default elementor-section-height-default\" data-id=\"bf70824\" data-element_type=\"section\" data-e-type=\"section\">\n\t\t\t\t\t\t<div class=\"elementor-container elementor-column-gap-default\">\n\t\t\t\t\t<div class=\"elementor-column elementor-col-50 elementor-inner-column elementor-element elementor-element-9fa1f64\" data-id=\"9fa1f64\" data-element_type=\"column\" data-e-type=\"column\">\n\t\t\t<div class=\"elementor-widget-wrap elementor-element-populated\">\n\t\t\t\t\t\t<div class=\"elementor-element elementor-element-a2140a3 elementor-widget elementor-widget-text-editor\" data-id=\"a2140a3\" data-element_type=\"widget\" data-e-type=\"widget\" data-widget_type=\"text-editor.default\">\n\t\t\t\t<div class=\"elementor-widget-container\">\n\t\t\t\t\t\t\t\t\t<p><span style=\"color: #000000;\">Hitta julens godsaker, delikatesser och hantverk bland utvalda hantverkare och entrepren\u00f6rer.<\/span><\/p><p><span style=\"color: #000000;\">L\u00f6rdag 13\/12 Avesta Folkdansgille kl: 14.15 och 15.00<\/span><\/p>\t\t\t\t\t\t\t\t<\/div>\n\t\t\t\t<\/div>\n\t\t\t\t\t<\/div>\n\t\t<\/div>\n\t\t\t\t<div class=\"elementor-column elementor-col-50 elementor-inner-column elementor-element elementor-element-f1c9c35\" data-id=\"f1c9c35\" data-element_type=\"column\" data-e-type=\"column\">\n\t\t\t<div class=\"elementor-widget-wrap elementor-element-populated\">\n\t\t\t\t\t\t<div class=\"elementor-element elementor-element-f19102e elementor-widget elementor-widget-text-editor\" data-id=\"f19102e\" data-element_type=\"widget\" data-e-type=\"widget\" data-widget_type=\"text-editor.default\">\n\t\t\t\t<div class=\"elementor-widget-container\">\n\t\t\t\t\t\t\t\t\t<p><span style=\"color: #000000;\">Caf\u00e9 Verket i Rosthuset, Plan 2 serverar vi fika med jultema. Kaffe, te, varm choklad, gl\u00f6gg, l\u00e4sk och festis, saffransbullar, pepparkakor och smarriga mackor.<\/span><\/p><p><span style=\"color: #000000;\">Gr\u00f6t serveras i Masugnshallen, Plan 0. Korv med br\u00f6d hittar ni i Martinhallen, Plan 00.<\/span><\/p>\t\t\t\t\t\t\t\t<\/div>\n\t\t\t\t<\/div>\n\t\t\t\t\t<\/div>\n\t\t<\/div>\n\t\t\t\t\t<\/div>\n\t\t<\/section>\n\t\t\t\t\t<\/div>\n\t\t<\/div>\n\t\t\t\t\t<\/div>\n\t\t<\/section>\n\t\t\t\t<section class=\"elementor-section elementor-top-section elementor-element elementor-element-f9f4cc3 elementor-section-boxed elementor-section-height-default elementor-section-height-default\" data-id=\"f9f4cc3\" data-element_type=\"section\" data-e-type=\"section\">\n\t\t\t\t\t\t<div class=\"elementor-container elementor-column-gap-default\">\n\t\t\t\t\t<div class=\"elementor-column elementor-col-100 elementor-top-column elementor-element elementor-element-02ecf90\" data-id=\"02ecf90\" data-element_type=\"column\" data-e-type=\"column\">\n\t\t\t<div class=\"elementor-widget-wrap elementor-element-populated\">\n\t\t\t\t\t\t<section class=\"elementor-section elementor-inner-section elementor-element elementor-element-1a7ad88 elementor-section-boxed elementor-section-height-default elementor-section-height-default\" data-id=\"1a7ad88\" data-element_type=\"section\" data-e-type=\"section\">\n\t\t\t\t\t\t<div class=\"elementor-container elementor-column-gap-default\">\n\t\t\t\t\t<div class=\"elementor-column elementor-col-50 elementor-inner-column elementor-element elementor-element-3f7a4cf\" data-id=\"3f7a4cf\" data-element_type=\"column\" data-e-type=\"column\">\n\t\t\t<div class=\"elementor-widget-wrap elementor-element-populated\">\n\t\t\t\t\t\t<div class=\"elementor-element elementor-element-5828a7b elementor-widget elementor-widget-text-editor\" data-id=\"5828a7b\" data-element_type=\"widget\" data-e-type=\"widget\" data-widget_type=\"text-editor.default\">\n\t\t\t\t<div class=\"elementor-widget-container\">\n\t\t\t\t\t\t\t\t\t<p><span style=\"color: #000000;\">AKTIVITETER<\/span><\/p><p><span style=\"color: #000000;\">(<\/span><span style=\"color: #000000;\">ing\u00e5r i entr\u00e9n)<\/span><\/p><p><span style=\"color: #000000;\">Tr\u00e4ffa Tomten b\u00e5da dagarna<\/span><\/p><p><span style=\"color: #000000;\">Sj\u00f6viks ensembler g\u00e4star\u00a0 med instrument och s\u00e5ng<\/span><\/p><p><span style=\"color: #000000;\">Bagdads matematik\u00a0<\/span><\/p><p><span style=\"color: #000000;\">Pysselverksta\u00b4n\u00a0<\/span><\/p><p><span style=\"color: #000000;\">Underh\u00e5llning med julmusik.<\/span><\/p>\t\t\t\t\t\t\t\t<\/div>\n\t\t\t\t<\/div>\n\t\t\t\t\t<\/div>\n\t\t<\/div>\n\t\t\t\t<div class=\"elementor-column elementor-col-50 elementor-inner-column elementor-element elementor-element-75bb2f3\" data-id=\"75bb2f3\" data-element_type=\"column\" data-e-type=\"column\">\n\t\t\t<div class=\"elementor-widget-wrap elementor-element-populated\">\n\t\t\t\t\t\t<div class=\"elementor-element elementor-element-203908a elementor-widget elementor-widget-image\" data-id=\"203908a\" data-element_type=\"widget\" data-e-type=\"widget\" data-widget_type=\"image.default\">\n\t\t\t\t<div class=\"elementor-widget-container\">\n\t\t\t\t\t\t\t\t\t\t\t\t\t\t\t<img fetchpriority=\"high\" decoding=\"async\" width=\"300\" height=\"169\" src=\"https:\/\/verket.se\/wp-content\/uploads\/Nissebyn-2023-foto-S-Carlzon-300x169.jpg\" class=\"attachment-medium size-medium wp-image-19690\" alt=\"Nissebyn 2023 foto S Carlzon\" srcset=\"https:\/\/verket.se\/wp-content\/uploads\/Nissebyn-2023-foto-S-Carlzon-300x169.jpg 300w, https:\/\/verket.se\/wp-content\/uploads\/Nissebyn-2023-foto-S-Carlzon-1024x576.jpg 1024w, https:\/\/verket.se\/wp-content\/uploads\/Nissebyn-2023-foto-S-Carlzon-768x432.jpg 768w, https:\/\/verket.se\/wp-content\/uploads\/Nissebyn-2023-foto-S-Carlzon-1536x864.jpg 1536w, https:\/\/verket.se\/wp-content\/uploads\/Nissebyn-2023-foto-S-Carlzon-18x10.jpg 18w, https:\/\/verket.se\/wp-content\/uploads\/Nissebyn-2023-foto-S-Carlzon.jpg 1920w\" sizes=\"(max-width: 300px) 100vw, 300px\" \/>\t\t\t\t\t\t\t\t\t\t\t\t\t\t\t<\/div>\n\t\t\t\t<\/div>\n\t\t\t\t\t<\/div>\n\t\t<\/div>\n\t\t\t\t\t<\/div>\n\t\t<\/section>\n\t\t\t\t\t<\/div>\n\t\t<\/div>\n\t\t\t\t\t<\/div>\n\t\t<\/section>\n\t\t\t\t<\/div>","protected":false},"excerpt":{"rendered":"<p>Verket &#8211; Dalarnas mest spektakul\u00e4ra plats f\u00f6r julmarknad v\u00e4lkomnar er 13 &#8211; 14 december\u00a0 2025 kl: 11 -17 b\u00e5da dagarna\u00a0 Ta med familj, v\u00e4nner, grannen eller kom som du \u00e4r f\u00f6r att tillsammans med oss uppleva julk\u00e4nsla i en hj\u00e4rtev\u00e4rmande gemenskap bland glittrande ljus. Efter att ha strosat bland de v\u00e4lfyllda marknadsst\u00e5nden i den frostiga [&hellip;]<\/p>\n","protected":false},"author":2,"featured_media":23018,"parent":0,"menu_order":0,"comment_status":"closed","ping_status":"closed","template":"","meta":{"site-sidebar-layout":"no-sidebar","site-content-layout":"page-builder","ast-site-content-layout":"full-width-container","site-content-style":"default","site-sidebar-style":"default","ast-global-header-display":"","ast-banner-title-visibility":"","ast-main-header-display":"","ast-hfb-above-header-display":"","ast-hfb-below-header-display":"","ast-hfb-mobile-header-display":"","site-post-title":"disabled","ast-breadcrumbs-content":"","ast-featured-img":"disabled","footer-sml-layout":"","ast-disable-related-posts":"","theme-transparent-header-meta":"","adv-header-id-meta":"","stick-header-meta":"","header-above-stick-meta":"","header-main-stick-meta":"","header-below-stick-meta":"","astra-migrate-meta-layouts":"set","ast-page-background-enabled":"default","ast-page-background-meta":{"desktop":{"background-color":"","background-image":"","background-repeat":"repeat","background-position":"center center","background-size":"auto","background-attachment":"scroll","background-type":"","background-media":"","overlay-type":"","overlay-color":"","overlay-opacity":"","overlay-gradient":""},"tablet":{"background-color":"","background-image":"","background-repeat":"repeat","background-position":"center center","background-size":"auto","background-attachment":"scroll","background-type":"","background-media":"","overlay-type":"","overlay-color":"","overlay-opacity":"","overlay-gradient":""},"mobile":{"background-color":"","background-image":"","background-repeat":"repeat","background-position":"center center","background-size":"auto","background-attachment":"scroll","background-type":"","background-media":"","overlay-type":"","overlay-color":"","overlay-opacity":"","overlay-gradient":""}},"ast-content-background-meta":{"desktop":{"background-color":"var(--ast-global-color-5)","background-image":"","background-repeat":"repeat","background-position":"center center","background-size":"auto","background-attachment":"scroll","background-type":"","background-media":"","overlay-type":"","overlay-color":"","overlay-opacity":"","overlay-gradient":""},"tablet":{"background-color":"var(--ast-global-color-5)","background-image":"","background-repeat":"repeat","background-position":"center center","background-size":"auto","background-attachment":"scroll","background-type":"","background-media":"","overlay-type":"","overlay-color":"","overlay-opacity":"","overlay-gradient":""},"mobile":{"background-color":"var(--ast-global-color-5)","background-image":"","background-repeat":"repeat","background-position":"center center","background-size":"auto","background-attachment":"scroll","background-type":"","background-media":"","overlay-type":"","overlay-color":"","overlay-opacity":"","overlay-gradient":""}},"footnotes":""},"class_list":["post-23022","page","type-page","status-publish","has-post-thumbnail","hentry"],"yoast_head":"<!-- This site is optimized with the Yoast SEO plugin v27.1 - https:\/\/yoast.com\/product\/yoast-seo-wordpress\/ -->\n<title>Bes\u00f6kare Tomtemarknad | Verket<\/title>\n<meta name=\"description\" content=\"Verket - Dalarnas mest spektakul\u00e4ra plats f\u00f6r julmarknad v\u00e4lkomnar bes\u00f6kare och hantverkare13 - 14 december\u00a0 2025 kl: 11 -17 b\u00e5da dagarna.\" \/>\n<meta name=\"robots\" content=\"index, follow, max-snippet:-1, max-image-preview:large, max-video-preview:-1\" \/>\n<link rel=\"canonical\" href=\"https:\/\/verket.se\/en\/besokare-tomtemarknad\/\" \/>\n<meta property=\"og:locale\" content=\"en_US\" \/>\n<meta property=\"og:type\" content=\"article\" \/>\n<meta property=\"og:title\" content=\"Bes\u00f6kare Tomtemarknad | Verket\" \/>\n<meta property=\"og:description\" content=\"Verket - Dalarnas mest spektakul\u00e4ra plats f\u00f6r julmarknad v\u00e4lkomnar bes\u00f6kare och hantverkare13 - 14 december\u00a0 2025 kl: 11 -17 b\u00e5da dagarna.\" \/>\n<meta property=\"og:url\" content=\"https:\/\/verket.se\/en\/besokare-tomtemarknad\/\" \/>\n<meta property=\"og:site_name\" content=\"Verket\" \/>\n<meta property=\"article:modified_time\" content=\"2025-12-08T08:12:39+00:00\" \/>\n<meta property=\"og:image\" content=\"https:\/\/verket.se\/wp-content\/uploads\/P1090179.jpg\" \/>\n\t<meta property=\"og:image:width\" content=\"1920\" \/>\n\t<meta property=\"og:image:height\" content=\"1080\" \/>\n\t<meta property=\"og:image:type\" content=\"image\/jpeg\" \/>\n<meta name=\"twitter:card\" content=\"summary_large_image\" \/>\n<meta name=\"twitter:label1\" content=\"Est. reading time\" \/>\n\t<meta name=\"twitter:data1\" content=\"1 minute\" \/>\n<script type=\"application\/ld+json\" class=\"yoast-schema-graph\">{\"@context\":\"https:\/\/schema.org\",\"@graph\":[{\"@type\":\"WebPage\",\"@id\":\"https:\/\/verket.se\/besokare-tomtemarknad\/\",\"url\":\"https:\/\/verket.se\/besokare-tomtemarknad\/\",\"name\":\"Bes\u00f6kare Tomtemarknad | Verket\",\"isPartOf\":{\"@id\":\"https:\/\/verket.se\/en\/#website\"},\"primaryImageOfPage\":{\"@id\":\"https:\/\/verket.se\/besokare-tomtemarknad\/#primaryimage\"},\"image\":{\"@id\":\"https:\/\/verket.se\/besokare-tomtemarknad\/#primaryimage\"},\"thumbnailUrl\":\"https:\/\/verket.se\/wp-content\/uploads\/P1090179.jpg\",\"datePublished\":\"2025-09-22T09:48:46+00:00\",\"dateModified\":\"2025-12-08T08:12:39+00:00\",\"description\":\"Verket - Dalarnas mest spektakul\u00e4ra plats f\u00f6r julmarknad v\u00e4lkomnar bes\u00f6kare och hantverkare13 - 14 december\u00a0 2025 kl: 11 -17 b\u00e5da dagarna.\",\"breadcrumb\":{\"@id\":\"https:\/\/verket.se\/besokare-tomtemarknad\/#breadcrumb\"},\"inLanguage\":\"en-US\",\"potentialAction\":[{\"@type\":\"ReadAction\",\"target\":[\"https:\/\/verket.se\/besokare-tomtemarknad\/\"]}]},{\"@type\":\"ImageObject\",\"inLanguage\":\"en-US\",\"@id\":\"https:\/\/verket.se\/besokare-tomtemarknad\/#primaryimage\",\"url\":\"https:\/\/verket.se\/wp-content\/uploads\/P1090179.jpg\",\"contentUrl\":\"https:\/\/verket.se\/wp-content\/uploads\/P1090179.jpg\",\"width\":1920,\"height\":1080,\"caption\":\"martinhallen tomtemarknad\"},{\"@type\":\"BreadcrumbList\",\"@id\":\"https:\/\/verket.se\/besokare-tomtemarknad\/#breadcrumb\",\"itemListElement\":[{\"@type\":\"ListItem\",\"position\":1,\"name\":\"Hem\",\"item\":\"https:\/\/verket.se\/\"},{\"@type\":\"ListItem\",\"position\":2,\"name\":\"Bes\u00f6kare Tomtemarknad\"}]},{\"@type\":\"WebSite\",\"@id\":\"https:\/\/verket.se\/en\/#website\",\"url\":\"https:\/\/verket.se\/en\/\",\"name\":\"Verket\",\"description\":\"En del av Sveriges historia\",\"publisher\":{\"@id\":\"https:\/\/verket.se\/en\/#organization\"},\"potentialAction\":[{\"@type\":\"SearchAction\",\"target\":{\"@type\":\"EntryPoint\",\"urlTemplate\":\"https:\/\/verket.se\/en\/?s={search_term_string}\"},\"query-input\":{\"@type\":\"PropertyValueSpecification\",\"valueRequired\":true,\"valueName\":\"search_term_string\"}}],\"inLanguage\":\"en-US\"},{\"@type\":\"Organization\",\"@id\":\"https:\/\/verket.se\/en\/#organization\",\"name\":\"Verket\",\"url\":\"https:\/\/verket.se\/en\/\",\"logo\":{\"@type\":\"ImageObject\",\"inLanguage\":\"en-US\",\"@id\":\"https:\/\/verket.se\/en\/#\/schema\/logo\/image\/\",\"url\":\"https:\/\/www1.verket.se\/wp-content\/uploads\/2016\/08\/verket.png\",\"contentUrl\":\"https:\/\/www1.verket.se\/wp-content\/uploads\/2016\/08\/verket.png\",\"width\":455,\"height\":166,\"caption\":\"Verket\"},\"image\":{\"@id\":\"https:\/\/verket.se\/en\/#\/schema\/logo\/image\/\"}}]}<\/script>\n<!-- \/ Yoast SEO plugin. -->","yoast_head_json":{"title":"Bes\u00f6kare Tomtemarknad | Verket","description":"Verket - Dalarnas mest spektakul\u00e4ra plats f\u00f6r julmarknad v\u00e4lkomnar bes\u00f6kare och hantverkare13 - 14 december\u00a0 2025 kl: 11 -17 b\u00e5da dagarna.","robots":{"index":"index","follow":"follow","max-snippet":"max-snippet:-1","max-image-preview":"max-image-preview:large","max-video-preview":"max-video-preview:-1"},"canonical":"https:\/\/verket.se\/en\/besokare-tomtemarknad\/","og_locale":"en_US","og_type":"article","og_title":"Bes\u00f6kare Tomtemarknad | Verket","og_description":"Verket - Dalarnas mest spektakul\u00e4ra plats f\u00f6r julmarknad v\u00e4lkomnar bes\u00f6kare och hantverkare13 - 14 december\u00a0 2025 kl: 11 -17 b\u00e5da dagarna.","og_url":"https:\/\/verket.se\/en\/besokare-tomtemarknad\/","og_site_name":"Verket","article_modified_time":"2025-12-08T08:12:39+00:00","og_image":[{"width":1920,"height":1080,"url":"https:\/\/verket.se\/wp-content\/uploads\/P1090179.jpg","type":"image\/jpeg"}],"twitter_card":"summary_large_image","twitter_misc":{"Est. reading time":"1 minute"},"schema":{"@context":"https:\/\/schema.org","@graph":[{"@type":"WebPage","@id":"https:\/\/verket.se\/besokare-tomtemarknad\/","url":"https:\/\/verket.se\/besokare-tomtemarknad\/","name":"Bes\u00f6kare Tomtemarknad | Verket","isPartOf":{"@id":"https:\/\/verket.se\/en\/#website"},"primaryImageOfPage":{"@id":"https:\/\/verket.se\/besokare-tomtemarknad\/#primaryimage"},"image":{"@id":"https:\/\/verket.se\/besokare-tomtemarknad\/#primaryimage"},"thumbnailUrl":"https:\/\/verket.se\/wp-content\/uploads\/P1090179.jpg","datePublished":"2025-09-22T09:48:46+00:00","dateModified":"2025-12-08T08:12:39+00:00","description":"Verket - Dalarnas mest spektakul\u00e4ra plats f\u00f6r julmarknad v\u00e4lkomnar bes\u00f6kare och hantverkare13 - 14 december\u00a0 2025 kl: 11 -17 b\u00e5da dagarna.","breadcrumb":{"@id":"https:\/\/verket.se\/besokare-tomtemarknad\/#breadcrumb"},"inLanguage":"en-US","potentialAction":[{"@type":"ReadAction","target":["https:\/\/verket.se\/besokare-tomtemarknad\/"]}]},{"@type":"ImageObject","inLanguage":"en-US","@id":"https:\/\/verket.se\/besokare-tomtemarknad\/#primaryimage","url":"https:\/\/verket.se\/wp-content\/uploads\/P1090179.jpg","contentUrl":"https:\/\/verket.se\/wp-content\/uploads\/P1090179.jpg","width":1920,"height":1080,"caption":"martinhallen tomtemarknad"},{"@type":"BreadcrumbList","@id":"https:\/\/verket.se\/besokare-tomtemarknad\/#breadcrumb","itemListElement":[{"@type":"ListItem","position":1,"name":"Hem","item":"https:\/\/verket.se\/"},{"@type":"ListItem","position":2,"name":"Bes\u00f6kare Tomtemarknad"}]},{"@type":"WebSite","@id":"https:\/\/verket.se\/en\/#website","url":"https:\/\/verket.se\/en\/","name":"The work","description":"A part of Sweden&#039;s history","publisher":{"@id":"https:\/\/verket.se\/en\/#organization"},"potentialAction":[{"@type":"SearchAction","target":{"@type":"EntryPoint","urlTemplate":"https:\/\/verket.se\/en\/?s={search_term_string}"},"query-input":{"@type":"PropertyValueSpecification","valueRequired":true,"valueName":"search_term_string"}}],"inLanguage":"en-US"},{"@type":"Organization","@id":"https:\/\/verket.se\/en\/#organization","name":"The work","url":"https:\/\/verket.se\/en\/","logo":{"@type":"ImageObject","inLanguage":"en-US","@id":"https:\/\/verket.se\/en\/#\/schema\/logo\/image\/","url":"https:\/\/www1.verket.se\/wp-content\/uploads\/2016\/08\/verket.png","contentUrl":"https:\/\/www1.verket.se\/wp-content\/uploads\/2016\/08\/verket.png","width":455,"height":166,"caption":"Verket"},"image":{"@id":"https:\/\/verket.se\/en\/#\/schema\/logo\/image\/"}}]}},"_links":{"self":[{"href":"https:\/\/verket.se\/en\/wp-json\/wp\/v2\/pages\/23022","targetHints":{"allow":["GET"]}}],"collection":[{"href":"https:\/\/verket.se\/en\/wp-json\/wp\/v2\/pages"}],"about":[{"href":"https:\/\/verket.se\/en\/wp-json\/wp\/v2\/types\/page"}],"author":[{"embeddable":true,"href":"https:\/\/verket.se\/en\/wp-json\/wp\/v2\/users\/2"}],"replies":[{"embeddable":true,"href":"https:\/\/verket.se\/en\/wp-json\/wp\/v2\/comments?post=23022"}],"version-history":[{"count":5,"href":"https:\/\/verket.se\/en\/wp-json\/wp\/v2\/pages\/23022\/revisions"}],"predecessor-version":[{"id":23343,"href":"https:\/\/verket.se\/en\/wp-json\/wp\/v2\/pages\/23022\/revisions\/23343"}],"wp:featuredmedia":[{"embeddable":true,"href":"https:\/\/verket.se\/en\/wp-json\/wp\/v2\/media\/23018"}],"wp:attachment":[{"href":"https:\/\/verket.se\/en\/wp-json\/wp\/v2\/media?parent=23022"}],"curies":[{"name":"wp","href":"https:\/\/api.w.org\/{rel}","templated":true}]}}