{"id":14877,"date":"2023-08-30T13:38:04","date_gmt":"2023-08-30T11:38:04","guid":{"rendered":"https:\/\/verket.se\/?page_id=14877"},"modified":"2026-01-15T09:41:13","modified_gmt":"2026-01-15T08:41:13","slug":"besoksinformation-2","status":"publish","type":"page","link":"https:\/\/verket.se\/en\/besoksinformation-2\/","title":{"rendered":"Visitor information"},"content":{"rendered":"<div data-elementor-type=\"wp-page\" data-elementor-id=\"14877\" class=\"elementor elementor-14877\" data-elementor-post-type=\"page\">\n\t\t\t\t\t\t<section class=\"elementor-section elementor-top-section elementor-element elementor-element-6e83c43 elementor-section-boxed elementor-section-height-default elementor-section-height-default\" data-id=\"6e83c43\" data-element_type=\"section\" data-e-type=\"section\">\n\t\t\t\t\t\t<div class=\"elementor-container elementor-column-gap-default\">\n\t\t\t\t\t<div class=\"elementor-column elementor-col-100 elementor-top-column elementor-element elementor-element-59fb821\" data-id=\"59fb821\" data-element_type=\"column\" data-e-type=\"column\">\n\t\t\t<div class=\"elementor-widget-wrap elementor-element-populated\">\n\t\t\t\t\t\t<section class=\"elementor-section elementor-inner-section elementor-element elementor-element-f87e6be elementor-section-boxed elementor-section-height-default elementor-section-height-default\" data-id=\"f87e6be\" data-element_type=\"section\" data-e-type=\"section\">\n\t\t\t\t\t\t<div class=\"elementor-container elementor-column-gap-default\">\n\t\t\t\t\t<div class=\"elementor-column elementor-col-50 elementor-inner-column elementor-element elementor-element-bd2d45a\" data-id=\"bd2d45a\" data-element_type=\"column\" data-e-type=\"column\">\n\t\t\t<div class=\"elementor-widget-wrap elementor-element-populated\">\n\t\t\t\t\t\t<div class=\"elementor-element elementor-element-a93ec67 elementor-widget elementor-widget-heading\" data-id=\"a93ec67\" data-element_type=\"widget\" data-e-type=\"widget\" data-widget_type=\"heading.default\">\n\t\t\t\t<div class=\"elementor-widget-container\">\n\t\t\t\t\t<h2 class=\"elementor-heading-title elementor-size-default\">Visitor information<\/h2>\t\t\t\t<\/div>\n\t\t\t\t<\/div>\n\t\t\t\t\t<\/div>\n\t\t<\/div>\n\t\t\t\t<div class=\"elementor-column elementor-col-50 elementor-inner-column elementor-element elementor-element-a726745\" data-id=\"a726745\" data-element_type=\"column\" data-e-type=\"column\">\n\t\t\t<div class=\"elementor-widget-wrap\">\n\t\t\t\t\t\t\t<\/div>\n\t\t<\/div>\n\t\t\t\t\t<\/div>\n\t\t<\/section>\n\t\t\t\t<section class=\"elementor-section elementor-inner-section elementor-element elementor-element-290d7a8 elementor-section-boxed elementor-section-height-default elementor-section-height-default\" data-id=\"290d7a8\" data-element_type=\"section\" data-e-type=\"section\">\n\t\t\t\t\t\t<div class=\"elementor-container elementor-column-gap-default\">\n\t\t\t\t\t<div class=\"elementor-column elementor-col-50 elementor-inner-column elementor-element elementor-element-25921e5\" data-id=\"25921e5\" data-element_type=\"column\" data-e-type=\"column\">\n\t\t\t<div class=\"elementor-widget-wrap elementor-element-populated\">\n\t\t\t\t\t\t<div class=\"elementor-element elementor-element-8dd84f3 elementor-tabs-view-vertical elementor-widget elementor-widget-tabs\" data-id=\"8dd84f3\" data-element_type=\"widget\" data-e-type=\"widget\" data-widget_type=\"tabs.default\">\n\t\t\t\t<div class=\"elementor-widget-container\">\n\t\t\t\t\t\t\t<div class=\"elementor-tabs\">\n\t\t\t<div class=\"elementor-tabs-wrapper\" role=\"tablist\" >\n\t\t\t\t\t\t\t\t\t<div id=\"elementor-tab-title-1481\" class=\"elementor-tab-title elementor-tab-desktop-title\" aria-selected=\"true\" data-tab=\"1\" role=\"tab\" tabindex=\"0\" aria-controls=\"elementor-tab-content-1481\" aria-expanded=\"false\">Before your visit<\/div>\n\t\t\t\t\t\t\t\t\t<div id=\"elementor-tab-title-1482\" class=\"elementor-tab-title elementor-tab-desktop-title\" aria-selected=\"false\" data-tab=\"2\" role=\"tab\" tabindex=\"-1\" aria-controls=\"elementor-tab-content-1482\" aria-expanded=\"false\">Accessibility<\/div>\n\t\t\t\t\t\t\t\t\t<div id=\"elementor-tab-title-1483\" class=\"elementor-tab-title elementor-tab-desktop-title\" aria-selected=\"false\" data-tab=\"3\" role=\"tab\" tabindex=\"-1\" aria-controls=\"elementor-tab-content-1483\" aria-expanded=\"false\">Find us<\/div>\n\t\t\t\t\t\t\t\t\t<div id=\"elementor-tab-title-1484\" class=\"elementor-tab-title elementor-tab-desktop-title\" aria-selected=\"false\" data-tab=\"4\" role=\"tab\" tabindex=\"-1\" aria-controls=\"elementor-tab-content-1484\" aria-expanded=\"false\">Parking<\/div>\n\t\t\t\t\t\t\t\t\t<div id=\"elementor-tab-title-1485\" class=\"elementor-tab-title elementor-tab-desktop-title\" aria-selected=\"false\" data-tab=\"5\" role=\"tab\" tabindex=\"-1\" aria-controls=\"elementor-tab-content-1485\" aria-expanded=\"false\">Contact Verket<\/div>\n\t\t\t\t\t\t\t<\/div>\n\t\t\t<div class=\"elementor-tabs-content-wrapper\" role=\"tablist\" aria-orientation=\"vertical\">\n\t\t\t\t\t\t\t\t\t<div class=\"elementor-tab-title elementor-tab-mobile-title\" aria-selected=\"true\" data-tab=\"1\" role=\"tab\" tabindex=\"0\" aria-controls=\"elementor-tab-content-1481\" aria-expanded=\"false\">Before your visit<\/div>\n\t\t\t\t\t<div id=\"elementor-tab-content-1481\" class=\"elementor-tab-content elementor-clearfix\" data-tab=\"1\" role=\"tabpanel\" aria-labelledby=\"elementor-tab-title-1481\" tabindex=\"0\" hidden=\"false\"><p>To experience everything in peace and quiet, we recommend that you set aside about 1.5 hours \u2013 there are large areas to explore!<\/p><p>Our guided tours usually take between 1 hour and 15 minutes and 1 hour and 30 minutes.<\/p><p><span style=\"color: #000000;\">Verket is a historically preserved industrial environment from its time of operation.\" <\/span><\/p><p><span style=\"color: #000000;\">Some parts have been adapted, but most of it is in its original condition.<\/span><\/p><p><span style=\"color: #000000;\">This means that every visitor must be careful and keep the following in mind: <\/span><span style=\"color: #000000;\">Uneven floor surfaces, <\/span><span style=\"color: #000000;\">Steep stairs,\u00a0<\/span><span style=\"color: #000000;\">Dim lighting, Dusty environment, <\/span><span style=\"color: #000000;\">Cold, damp and icy conditions (autumn, winter, spring)<\/span><\/p><\/div>\n\t\t\t\t\t\t\t\t\t<div class=\"elementor-tab-title elementor-tab-mobile-title\" aria-selected=\"false\" data-tab=\"2\" role=\"tab\" tabindex=\"-1\" aria-controls=\"elementor-tab-content-1482\" aria-expanded=\"false\">Accessibility<\/div>\n\t\t\t\t\t<div id=\"elementor-tab-content-1482\" class=\"elementor-tab-content elementor-clearfix\" data-tab=\"2\" role=\"tabpanel\" aria-labelledby=\"elementor-tab-title-1482\" tabindex=\"0\" hidden=\"hidden\"><p><span style=\"color: #000000;\">40 lockable storage lockers. Free to use, coins can be obtained at the entrance.<\/span><\/p><p><span style=\"color: #000000;\">Seven restrooms, two of which are handicap accessible with changing tables, on floor 1 and floor 00.<\/span><\/p><p><span style=\"color: #000000;\">On the first floor, there are two wheelchairs available for loan.<\/span><\/p><p><span style=\"color: #000000;\">Portable folding chairs are available for loan, please ask at the entrance.<\/span><\/p><p><span style=\"color: #000000;\">Elevator between all floors.<\/span><\/p><p><span style=\"color: #000000;\">Accompanying attendants have free admission.<\/span><\/p><p><span style=\"color: #000000;\">Free Wi-Fi.<\/span><\/p><h4>Families with children<\/h4><p><span style=\"color: #000000;\">There is a possibility to heat brought baby food.\u00a0<\/span><\/p><p><span style=\"color: #000000;\">Two high chairs are available in our caf\u00e9.<\/span><\/p><p><span style=\"color: #000000;\">Two changing tables, floor 1 and floor 00.<\/span><\/p><h5><span style=\"color: #000000;\">Dog owners<\/span><\/h5><p><span style=\"color: #000000;\">Hundar \u00e4r ej till\u00e5tna inomhus p\u00e5 Verket\/Avesta Art. Hundar \u00e4r till\u00e5tna utomhus och p\u00e5 v\u00e5r uteservering men skall h\u00e5llas kopplade och under uppsikt. D\u00e4remot f\u00e5r man sj\u00e4lvklart ha med sig certifierad ledarhund eller servicehund.<\/span><\/p><h5><span style=\"color: #000000;\">Smoking<\/span><\/h5><p><span style=\"color: #000000;\">Please note that smoking is prohibited in the museum and at the main entrance.<\/span><\/p><h5><span style=\"color: #000000;\">Caf\u00e9<\/span><\/h5><p><span style=\"color: #000000;\">In our caf\u00e9, you can order pastries\/sandwiches that are free from lactose, gluten, and dairy.<\/span><\/p><h5><span style=\"color: #000000;\">Packed lunch<\/span><\/h5><p><span style=\"color: #000000;\">Packed lunch can be consumed at the tables along the canal. Packed lunch is not allowed to be consumed at Verket's outdoor terrace or inside the caf\u00e9.<\/span><\/p><\/div>\n\t\t\t\t\t\t\t\t\t<div class=\"elementor-tab-title elementor-tab-mobile-title\" aria-selected=\"false\" data-tab=\"3\" role=\"tab\" tabindex=\"-1\" aria-controls=\"elementor-tab-content-1483\" aria-expanded=\"false\">Find us<\/div>\n\t\t\t\t\t<div id=\"elementor-tab-content-1483\" class=\"elementor-tab-content elementor-clearfix\" data-tab=\"3\" role=\"tabpanel\" aria-labelledby=\"elementor-tab-title-1483\" tabindex=\"0\" hidden=\"hidden\"><p><strong><span style=\"color: #000000;\">Where is Verket located?<\/span><\/strong><br \/><span style=\"color: #000000;\">Verket is centrally located in Avesta, in the old preserved industrial area of Koppardalen. If you're traveling by car, Verket is only a few minutes away from highways 70 and 68. You can also easily reach us by both train and bus. The walking distance from the bus station in the city center, to Koppardalen, is approximately 10 minutes.<\/span><\/p><p><span style=\"color: #000000;\">Follow the brown tourist signs with white text that say 'Verket\/Avesta Art'.<\/span><br \/><span style=\"color: #000000;\"><strong>From Highway 70 heading north;<\/strong> Take the exit at Dalah\u00e4stmotet and continue straight over the bridge. Immediately after the bridge, head towards Koppardalen and turn right. Turn right again into the Koppardal area and follow the road straight ahead. After the second roundabout, turn right after about 100 meters towards the marked parking area and towards Verket.<\/span><\/p><p><span style=\"color: #000000;\"><strong>From highway 70 heading south<\/strong> take the first exit to the right, marked Skogsbo. Then turn right towards Koppardalen. Follow the road straight ahead and across the bridge. (Here you can get a glimpse of Verket to the right of the river and power station). Before the railroad crossing, right after the speed bump, turn left towards Koppardalen. Follow the road for about 200 meters, then turn left into the marked parking area and towards Verket.<\/span><\/p><p><span style=\"color: #000000;\"><strong>From Highway 68<\/strong> Continue straight ahead after the roundabout, towards Highway 70. 100 meters after the roundabout, just after the viaduct, turn right towards the hospital and Koppardalen. Continue straight ahead into the Koppardal area. After the second roundabout, about 100 meters, turn right towards the marked parking area and Verket.<\/span><\/p><h4><strong><span style=\"color: #000000;\">Koppardalsbron \u00e4r avst\u00e4ngd! G\u00e5ngtrafikanter och cyklister h\u00e4nvisas till j\u00e4rnv\u00e4gs\u00f6verg\u00e5ngen vid Gamla byn tills vidare.<\/span><\/strong><\/h4><p><span style=\"color: #000000;\"><strong>By train or bus and on foot.<\/strong> If you arrive by train to Avesta\/Krylbo, take the first available bus to Avesta Centrum.<\/span><br \/><span style=\"color: #000000;\">If you arrive by bus, get off at Avesta Centrum.<\/span><br \/><span style=\"color: #000000;\">From there, walk straight down towards the city center. Pass the town hall and the park with the Bison on your left, and Avesta Galleria. Continue straight ahead for about 300 meters towards the pedestrian bridge that takes you down to the Koppardal area. Once on the bridge, you will see Verket's two large smokestacks straight ahead. When you reach the bottom of the stairs, just walk straight ahead towards Verket.<\/span><\/p><\/div>\n\t\t\t\t\t\t\t\t\t<div class=\"elementor-tab-title elementor-tab-mobile-title\" aria-selected=\"false\" data-tab=\"4\" role=\"tab\" tabindex=\"-1\" aria-controls=\"elementor-tab-content-1484\" aria-expanded=\"false\">Parking<\/div>\n\t\t\t\t\t<div id=\"elementor-tab-content-1484\" class=\"elementor-tab-content elementor-clearfix\" data-tab=\"4\" role=\"tabpanel\" aria-labelledby=\"elementor-tab-title-1484\" tabindex=\"0\" hidden=\"hidden\"><p><span style=\"color: #000000;\">Free visitor parking is available adjacent to Verket. There are two charging stations with four outlets. For visitors with disabilities, there is accessible parking and an entrance on the side of the building. Please use the doorbell, and the staff will open it.<\/span><\/p><\/div>\n\t\t\t\t\t\t\t\t\t<div class=\"elementor-tab-title elementor-tab-mobile-title\" aria-selected=\"false\" data-tab=\"5\" role=\"tab\" tabindex=\"-1\" aria-controls=\"elementor-tab-content-1485\" aria-expanded=\"false\">Contact Verket<\/div>\n\t\t\t\t\t<div id=\"elementor-tab-content-1485\" class=\"elementor-tab-content elementor-clearfix\" data-tab=\"5\" role=\"tabpanel\" aria-labelledby=\"elementor-tab-title-1485\" tabindex=\"0\" hidden=\"hidden\"><p><span style=\"color: #000000;\">Phone: 0226 - 64 51 62<\/span><\/p><p><span style=\"color: #000000;\">Email: verket@avesta.se<\/span><\/p><p><span style=\"color: #000000;\">Visiting address: Kanalv\u00e4gen 1, 774 41 Avesta<\/span><\/p><p><span style=\"color: #000000;\">Deliveries: Kanalv\u00e4gen 1, 774 41 Avesta<\/span><\/p><\/div>\n\t\t\t\t\t\t\t<\/div>\n\t\t<\/div>\n\t\t\t\t\t\t<\/div>\n\t\t\t\t<\/div>\n\t\t\t\t<div class=\"elementor-element elementor-element-7f886e3 elementor-widget elementor-widget-spacer\" data-id=\"7f886e3\" data-element_type=\"widget\" data-e-type=\"widget\" data-widget_type=\"spacer.default\">\n\t\t\t\t<div class=\"elementor-widget-container\">\n\t\t\t\t\t\t\t<div class=\"elementor-spacer\">\n\t\t\t<div class=\"elementor-spacer-inner\"><\/div>\n\t\t<\/div>\n\t\t\t\t\t\t<\/div>\n\t\t\t\t<\/div>\n\t\t\t\t\t<\/div>\n\t\t<\/div>\n\t\t\t\t<div class=\"elementor-column elementor-col-50 elementor-inner-column elementor-element elementor-element-f95486a\" data-id=\"f95486a\" data-element_type=\"column\" data-e-type=\"column\">\n\t\t\t<div class=\"elementor-widget-wrap elementor-element-populated\">\n\t\t\t\t\t\t<div class=\"elementor-element elementor-element-5968d8a elementor-widget elementor-widget-google_maps\" data-id=\"5968d8a\" data-element_type=\"widget\" data-e-type=\"widget\" data-widget_type=\"google_maps.default\">\n\t\t\t\t<div class=\"elementor-widget-container\">\n\t\t\t\t\t\t\t<div class=\"elementor-custom-embed\">\n\t\t\t<iframe loading=\"lazy\"\n\t\t\t\t\tsrc=\"https:\/\/maps.google.com\/maps?q=kanalv%C3%A4gen%201%20avesta&#038;t=m&#038;z=10&#038;output=embed&#038;iwloc=near\"\n\t\t\t\t\ttitle=\"canal road 1 avesta\"\n\t\t\t\t\taria-label=\"canal road 1 avesta\"\n\t\t\t><\/iframe>\n\t\t<\/div>\n\t\t\t\t\t\t<\/div>\n\t\t\t\t<\/div>\n\t\t\t\t\t<\/div>\n\t\t<\/div>\n\t\t\t\t\t<\/div>\n\t\t<\/section>\n\t\t\t\t\t<\/div>\n\t\t<\/div>\n\t\t\t\t\t<\/div>\n\t\t<\/section>\n\t\t\t\t<\/div>","protected":false},"excerpt":{"rendered":"<p>Bes\u00f6ksinformation Inf\u00f6r bes\u00f6ket Tillg\u00e4nglighet Hitta hit Parkering Kontakta Verket Inf\u00f6r bes\u00f6ket F\u00f6r att hinna uppleva allt i lugn och ro rekommenderar vi att du avs\u00e4tter ungef\u00e4r 1,5 timme \u2013 det \u00e4r stora ytor att utforska! V\u00e5ra guidade visningar tar vanligtvis mellan 1 timme och 15 minuter och 1 timme och 30 minuter. Verket \u00e4r en [&hellip;]<\/p>\n","protected":false},"author":2,"featured_media":0,"parent":0,"menu_order":0,"comment_status":"closed","ping_status":"closed","template":"","meta":{"site-sidebar-layout":"no-sidebar","site-content-layout":"page-builder","ast-site-content-layout":"default","site-content-style":"default","site-sidebar-style":"default","ast-global-header-display":"","ast-banner-title-visibility":"","ast-main-header-display":"","ast-hfb-above-header-display":"","ast-hfb-below-header-display":"","ast-hfb-mobile-header-display":"","site-post-title":"disabled","ast-breadcrumbs-content":"","ast-featured-img":"disabled","footer-sml-layout":"","ast-disable-related-posts":"","theme-transparent-header-meta":"","adv-header-id-meta":"","stick-header-meta":"","header-above-stick-meta":"","header-main-stick-meta":"","header-below-stick-meta":"","astra-migrate-meta-layouts":"default","ast-page-background-enabled":"default","ast-page-background-meta":{"desktop":{"background-color":"","background-image":"","background-repeat":"repeat","background-position":"center center","background-size":"auto","background-attachment":"scroll","background-type":"","background-media":"","overlay-type":"","overlay-color":"","overlay-opacity":"","overlay-gradient":""},"tablet":{"background-color":"","background-image":"","background-repeat":"repeat","background-position":"center center","background-size":"auto","background-attachment":"scroll","background-type":"","background-media":"","overlay-type":"","overlay-color":"","overlay-opacity":"","overlay-gradient":""},"mobile":{"background-color":"","background-image":"","background-repeat":"repeat","background-position":"center center","background-size":"auto","background-attachment":"scroll","background-type":"","background-media":"","overlay-type":"","overlay-color":"","overlay-opacity":"","overlay-gradient":""}},"ast-content-background-meta":{"desktop":{"background-color":"var(--ast-global-color-5)","background-image":"","background-repeat":"repeat","background-position":"center center","background-size":"auto","background-attachment":"scroll","background-type":"","background-media":"","overlay-type":"","overlay-color":"","overlay-opacity":"","overlay-gradient":""},"tablet":{"background-color":"var(--ast-global-color-5)","background-image":"","background-repeat":"repeat","background-position":"center center","background-size":"auto","background-attachment":"scroll","background-type":"","background-media":"","overlay-type":"","overlay-color":"","overlay-opacity":"","overlay-gradient":""},"mobile":{"background-color":"var(--ast-global-color-5)","background-image":"","background-repeat":"repeat","background-position":"center center","background-size":"auto","background-attachment":"scroll","background-type":"","background-media":"","overlay-type":"","overlay-color":"","overlay-opacity":"","overlay-gradient":""}},"footnotes":""},"class_list":["post-14877","page","type-page","status-publish","hentry"],"yoast_head":"<!-- This site is optimized with the Yoast SEO plugin v27.1 - https:\/\/yoast.com\/product\/yoast-seo-wordpress\/ -->\n<title>Bes\u00f6ksinformation | Verket<\/title>\n<meta name=\"robots\" content=\"index, follow, max-snippet:-1, max-image-preview:large, max-video-preview:-1\" \/>\n<link rel=\"canonical\" href=\"https:\/\/verket.se\/en\/besoksinformation-2\/\" \/>\n<meta property=\"og:locale\" content=\"en_US\" \/>\n<meta property=\"og:type\" content=\"article\" \/>\n<meta property=\"og:title\" content=\"Bes\u00f6ksinformation | Verket\" \/>\n<meta property=\"og:description\" content=\"Bes\u00f6ksinformation Inf\u00f6r bes\u00f6ket Tillg\u00e4nglighet Hitta hit Parkering Kontakta Verket Inf\u00f6r bes\u00f6ket F\u00f6r att hinna uppleva allt i lugn och ro rekommenderar vi att du avs\u00e4tter ungef\u00e4r 1,5 timme \u2013 det \u00e4r stora ytor att utforska! V\u00e5ra guidade visningar tar vanligtvis mellan 1 timme och 15 minuter och 1 timme och 30 minuter. Verket \u00e4r en [&hellip;]\" \/>\n<meta property=\"og:url\" content=\"https:\/\/verket.se\/en\/besoksinformation-2\/\" \/>\n<meta property=\"og:site_name\" content=\"Verket\" \/>\n<meta property=\"article:modified_time\" content=\"2026-01-15T08:41:13+00:00\" \/>\n<meta name=\"twitter:card\" content=\"summary_large_image\" \/>\n<meta name=\"twitter:label1\" content=\"Est. reading time\" \/>\n\t<meta name=\"twitter:data1\" content=\"4 minutes\" \/>\n<script type=\"application\/ld+json\" class=\"yoast-schema-graph\">{\"@context\":\"https:\/\/schema.org\",\"@graph\":[{\"@type\":\"WebPage\",\"@id\":\"https:\/\/verket.se\/besoksinformation-2\/\",\"url\":\"https:\/\/verket.se\/besoksinformation-2\/\",\"name\":\"Bes\u00f6ksinformation | Verket\",\"isPartOf\":{\"@id\":\"https:\/\/verket.se\/en\/#website\"},\"datePublished\":\"2023-08-30T11:38:04+00:00\",\"dateModified\":\"2026-01-15T08:41:13+00:00\",\"breadcrumb\":{\"@id\":\"https:\/\/verket.se\/besoksinformation-2\/#breadcrumb\"},\"inLanguage\":\"en-US\",\"potentialAction\":[{\"@type\":\"ReadAction\",\"target\":[\"https:\/\/verket.se\/besoksinformation-2\/\"]}]},{\"@type\":\"BreadcrumbList\",\"@id\":\"https:\/\/verket.se\/besoksinformation-2\/#breadcrumb\",\"itemListElement\":[{\"@type\":\"ListItem\",\"position\":1,\"name\":\"Hem\",\"item\":\"https:\/\/verket.se\/\"},{\"@type\":\"ListItem\",\"position\":2,\"name\":\"Bes\u00f6ksinformation\"}]},{\"@type\":\"WebSite\",\"@id\":\"https:\/\/verket.se\/en\/#website\",\"url\":\"https:\/\/verket.se\/en\/\",\"name\":\"Verket\",\"description\":\"En del av Sveriges historia\",\"publisher\":{\"@id\":\"https:\/\/verket.se\/en\/#organization\"},\"potentialAction\":[{\"@type\":\"SearchAction\",\"target\":{\"@type\":\"EntryPoint\",\"urlTemplate\":\"https:\/\/verket.se\/en\/?s={search_term_string}\"},\"query-input\":{\"@type\":\"PropertyValueSpecification\",\"valueRequired\":true,\"valueName\":\"search_term_string\"}}],\"inLanguage\":\"en-US\"},{\"@type\":\"Organization\",\"@id\":\"https:\/\/verket.se\/en\/#organization\",\"name\":\"Verket\",\"url\":\"https:\/\/verket.se\/en\/\",\"logo\":{\"@type\":\"ImageObject\",\"inLanguage\":\"en-US\",\"@id\":\"https:\/\/verket.se\/en\/#\/schema\/logo\/image\/\",\"url\":\"https:\/\/www1.verket.se\/wp-content\/uploads\/2016\/08\/verket.png\",\"contentUrl\":\"https:\/\/www1.verket.se\/wp-content\/uploads\/2016\/08\/verket.png\",\"width\":455,\"height\":166,\"caption\":\"Verket\"},\"image\":{\"@id\":\"https:\/\/verket.se\/en\/#\/schema\/logo\/image\/\"}}]}<\/script>\n<!-- \/ Yoast SEO plugin. -->","yoast_head_json":{"title":"Bes\u00f6ksinformation | Verket","robots":{"index":"index","follow":"follow","max-snippet":"max-snippet:-1","max-image-preview":"max-image-preview:large","max-video-preview":"max-video-preview:-1"},"canonical":"https:\/\/verket.se\/en\/besoksinformation-2\/","og_locale":"en_US","og_type":"article","og_title":"Bes\u00f6ksinformation | Verket","og_description":"Bes\u00f6ksinformation Inf\u00f6r bes\u00f6ket Tillg\u00e4nglighet Hitta hit Parkering Kontakta Verket Inf\u00f6r bes\u00f6ket F\u00f6r att hinna uppleva allt i lugn och ro rekommenderar vi att du avs\u00e4tter ungef\u00e4r 1,5 timme \u2013 det \u00e4r stora ytor att utforska! V\u00e5ra guidade visningar tar vanligtvis mellan 1 timme och 15 minuter och 1 timme och 30 minuter. Verket \u00e4r en [&hellip;]","og_url":"https:\/\/verket.se\/en\/besoksinformation-2\/","og_site_name":"Verket","article_modified_time":"2026-01-15T08:41:13+00:00","twitter_card":"summary_large_image","twitter_misc":{"Est. reading time":"4 minutes"},"schema":{"@context":"https:\/\/schema.org","@graph":[{"@type":"WebPage","@id":"https:\/\/verket.se\/besoksinformation-2\/","url":"https:\/\/verket.se\/besoksinformation-2\/","name":"Bes\u00f6ksinformation | Verket","isPartOf":{"@id":"https:\/\/verket.se\/en\/#website"},"datePublished":"2023-08-30T11:38:04+00:00","dateModified":"2026-01-15T08:41:13+00:00","breadcrumb":{"@id":"https:\/\/verket.se\/besoksinformation-2\/#breadcrumb"},"inLanguage":"en-US","potentialAction":[{"@type":"ReadAction","target":["https:\/\/verket.se\/besoksinformation-2\/"]}]},{"@type":"BreadcrumbList","@id":"https:\/\/verket.se\/besoksinformation-2\/#breadcrumb","itemListElement":[{"@type":"ListItem","position":1,"name":"Hem","item":"https:\/\/verket.se\/"},{"@type":"ListItem","position":2,"name":"Bes\u00f6ksinformation"}]},{"@type":"WebSite","@id":"https:\/\/verket.se\/en\/#website","url":"https:\/\/verket.se\/en\/","name":"The work","description":"A part of Sweden&#039;s history","publisher":{"@id":"https:\/\/verket.se\/en\/#organization"},"potentialAction":[{"@type":"SearchAction","target":{"@type":"EntryPoint","urlTemplate":"https:\/\/verket.se\/en\/?s={search_term_string}"},"query-input":{"@type":"PropertyValueSpecification","valueRequired":true,"valueName":"search_term_string"}}],"inLanguage":"en-US"},{"@type":"Organization","@id":"https:\/\/verket.se\/en\/#organization","name":"The work","url":"https:\/\/verket.se\/en\/","logo":{"@type":"ImageObject","inLanguage":"en-US","@id":"https:\/\/verket.se\/en\/#\/schema\/logo\/image\/","url":"https:\/\/www1.verket.se\/wp-content\/uploads\/2016\/08\/verket.png","contentUrl":"https:\/\/www1.verket.se\/wp-content\/uploads\/2016\/08\/verket.png","width":455,"height":166,"caption":"Verket"},"image":{"@id":"https:\/\/verket.se\/en\/#\/schema\/logo\/image\/"}}]}},"_links":{"self":[{"href":"https:\/\/verket.se\/en\/wp-json\/wp\/v2\/pages\/14877","targetHints":{"allow":["GET"]}}],"collection":[{"href":"https:\/\/verket.se\/en\/wp-json\/wp\/v2\/pages"}],"about":[{"href":"https:\/\/verket.se\/en\/wp-json\/wp\/v2\/types\/page"}],"author":[{"embeddable":true,"href":"https:\/\/verket.se\/en\/wp-json\/wp\/v2\/users\/2"}],"replies":[{"embeddable":true,"href":"https:\/\/verket.se\/en\/wp-json\/wp\/v2\/comments?post=14877"}],"version-history":[{"count":5,"href":"https:\/\/verket.se\/en\/wp-json\/wp\/v2\/pages\/14877\/revisions"}],"predecessor-version":[{"id":23418,"href":"https:\/\/verket.se\/en\/wp-json\/wp\/v2\/pages\/14877\/revisions\/23418"}],"wp:attachment":[{"href":"https:\/\/verket.se\/en\/wp-json\/wp\/v2\/media?parent=14877"}],"curies":[{"name":"wp","href":"https:\/\/api.w.org\/{rel}","templated":true}]}}